{"id":126460,"date":"2021-11-02T14:26:56","date_gmt":"2021-11-02T14:26:59","guid":{"rendered":"https:\/\/www.erresse-shop.it\/?post_type=product&#038;p=126460"},"modified":"2025-01-13T15:23:25","modified_gmt":"2025-01-13T15:23:25","slug":"sambonet-arthur-krupp-jeu-de-18-assiettes-neve","status":"publish","type":"product","link":"https:\/\/www.erresse-shop.it\/fr\/shop\/table-fr-2\/plats\/sambonet-arthur-krupp-jeu-de-18-assiettes-neve\/","title":{"rendered":"SAMBONET ARTHUR KRUPP Jeu de 18 Assiettes Neve"},"content":{"rendered":"<ul>\n<li>6 assiettes plates 25cm, 6 assiettes creuses 22cm, 6 assiettes \u00e0 dessert 21,5cm.<\/li>\n<li>Une porcelaine osseuse raffin\u00e9e qui donne de l&#8217;\u00e9l\u00e9gance \u00e0 la table pour mettre en valeur les pr\u00e9parations culinaires.<\/li>\n<li>Le professionnalisme d&#8217;Arthur Krupp et le raffinement de la porcelaine fine sont r\u00e9unis dans une collection fra\u00eeche et franche. Neve (Neige) doit son \u00e9l\u00e9gante puret\u00e9 \u00e0 la simplicit\u00e9 et \u00e0 la douceur de ses lignes, \u00e9quilibrant les larges couches d&#8217;assiettes et de tasses et la rondeur des caf\u00e9s assortis. La qualit\u00e9, la transparence et l&#8217;\u00e9paisseur des articles contribuent \u00e0 mettre en valeur les pr\u00e9parations culinaires des chefs exigeants et \u00e0 distinguer les buffets pour leur \u00e9l\u00e9gance et leur praticit\u00e9.<\/li>\n<\/ul>\n","protected":false},"excerpt":{"rendered":"<p>6 assiettes plates 25cm, 6 assiettes creuses 22cm, 6 assiettes \u00e0 dessert 21,5cm. Une porcelaine osseuse raffin\u00e9e qui donne de<\/p>\n","protected":false},"featured_media":126465,"template":"","meta":{"_acf_changed":false,"inline_featured_image":false},"product_cat":[12788,12782],"product_tag":[17242,13169,23690,25021,14261,24603,21821],"acf":[],"yoast_head":"<!-- This site is optimized with the Yoast SEO Premium plugin v18.6 (Yoast SEO v19.13) - https:\/\/yoast.com\/wordpress\/plugins\/seo\/ -->\n<title>SAMBONET ARTHUR KRUPP Jeu de 18 Assiettes Neve<\/title>\n<meta name=\"description\" content=\"D\u00e9couvrez SAMBONET ARTHUR KRUPP Jeu de 18 Assiettes Neve sur ErresseShop. Qualit\u00e9, prix r\u00e9duits et achat s\u00e9curis\u00e9 \u2013 commandez d\u00e8s maintenant en ligne !\" \/>\n<meta name=\"robots\" content=\"index, follow, max-snippet:-1, max-image-preview:large, max-video-preview:-1\" \/>\n<link rel=\"canonical\" href=\"https:\/\/www.erresse-shop.it\/fr\/shop\/table-fr-2\/plats\/sambonet-arthur-krupp-jeu-de-18-assiettes-neve\/\" \/>\n<meta property=\"og:locale\" content=\"fr_FR\" \/>\n<meta property=\"og:type\" content=\"article\" \/>\n<meta property=\"og:title\" content=\"SAMBONET ARTHUR KRUPP Jeu de 18 Assiettes Neve\" \/>\n<meta property=\"og:description\" content=\"D\u00e9couvrez SAMBONET ARTHUR KRUPP Jeu de 18 Assiettes Neve sur ErresseShop. Qualit\u00e9, prix r\u00e9duits et achat s\u00e9curis\u00e9 \u2013 commandez d\u00e8s maintenant en ligne !\" \/>\n<meta property=\"og:url\" content=\"https:\/\/www.erresse-shop.it\/fr\/shop\/table-fr-2\/plats\/sambonet-arthur-krupp-jeu-de-18-assiettes-neve\/\" \/>\n<meta property=\"og:site_name\" content=\"Erresse Shop\" \/>\n<meta property=\"article:modified_time\" content=\"2025-01-13T15:23:25+00:00\" \/>\n<meta property=\"og:image\" content=\"https:\/\/www.erresse-shop.it\/wp-content\/uploads\/2021\/11\/SAMBONET-ARTHUR-KRUPP-Set-18-Pezzi-Neve-2.jpg\" \/>\n\t<meta property=\"og:image:width\" content=\"1000\" \/>\n\t<meta property=\"og:image:height\" content=\"1000\" \/>\n\t<meta property=\"og:image:type\" content=\"image\/jpeg\" \/>\n<meta name=\"twitter:card\" content=\"summary_large_image\" \/>\n<script type=\"application\/ld+json\" class=\"yoast-schema-graph\">{\"@context\":\"https:\/\/schema.org\",\"@graph\":[{\"@type\":\"WebPage\",\"@id\":\"https:\/\/www.erresse-shop.it\/fr\/shop\/table-fr-2\/plats\/sambonet-arthur-krupp-jeu-de-18-assiettes-neve\/\",\"url\":\"https:\/\/www.erresse-shop.it\/fr\/shop\/table-fr-2\/plats\/sambonet-arthur-krupp-jeu-de-18-assiettes-neve\/\",\"name\":\"SAMBONET ARTHUR KRUPP Jeu de 18 Assiettes Neve\",\"isPartOf\":{\"@id\":\"https:\/\/www.erresse-shop.it\/fr\/#website\"},\"datePublished\":\"2021-11-02T14:26:59+00:00\",\"dateModified\":\"2025-01-13T15:23:25+00:00\",\"description\":\"D\u00e9couvrez SAMBONET ARTHUR KRUPP Jeu de 18 Assiettes Neve sur ErresseShop. Qualit\u00e9, prix r\u00e9duits et achat s\u00e9curis\u00e9 \u2013 commandez d\u00e8s maintenant en ligne !\",\"breadcrumb\":{\"@id\":\"https:\/\/www.erresse-shop.it\/fr\/shop\/table-fr-2\/plats\/sambonet-arthur-krupp-jeu-de-18-assiettes-neve\/#breadcrumb\"},\"inLanguage\":\"fr-FR\",\"potentialAction\":[{\"@type\":\"ReadAction\",\"target\":[\"https:\/\/www.erresse-shop.it\/fr\/shop\/table-fr-2\/plats\/sambonet-arthur-krupp-jeu-de-18-assiettes-neve\/\"]}]},{\"@type\":\"BreadcrumbList\",\"@id\":\"https:\/\/www.erresse-shop.it\/fr\/shop\/table-fr-2\/plats\/sambonet-arthur-krupp-jeu-de-18-assiettes-neve\/#breadcrumb\",\"itemListElement\":[{\"@type\":\"ListItem\",\"position\":1,\"name\":\"Home\",\"item\":\"https:\/\/www.erresse-shop.it\/fr\/\"},{\"@type\":\"ListItem\",\"position\":2,\"name\":\"Shop\",\"item\":\"https:\/\/www.erresse-shop.it\/fr\/shop\/\"},{\"@type\":\"ListItem\",\"position\":3,\"name\":\"SAMBONET ARTHUR KRUPP Jeu de 18 Assiettes Neve\"}]},{\"@type\":\"WebSite\",\"@id\":\"https:\/\/www.erresse-shop.it\/fr\/#website\",\"url\":\"https:\/\/www.erresse-shop.it\/fr\/\",\"name\":\"Erresse Shop\",\"description\":\"Articoli di qualit\u00e0 per la casa\",\"potentialAction\":[{\"@type\":\"SearchAction\",\"target\":{\"@type\":\"EntryPoint\",\"urlTemplate\":\"https:\/\/www.erresse-shop.it\/fr\/?s={search_term_string}\"},\"query-input\":\"required name=search_term_string\"}],\"inLanguage\":\"fr-FR\"}]}<\/script>\n<!-- \/ Yoast SEO Premium plugin. -->","yoast_head_json":{"title":"SAMBONET ARTHUR KRUPP Jeu de 18 Assiettes Neve","description":"D\u00e9couvrez SAMBONET ARTHUR KRUPP Jeu de 18 Assiettes Neve sur ErresseShop. Qualit\u00e9, prix r\u00e9duits et achat s\u00e9curis\u00e9 \u2013 commandez d\u00e8s maintenant en ligne !","robots":{"index":"index","follow":"follow","max-snippet":"max-snippet:-1","max-image-preview":"max-image-preview:large","max-video-preview":"max-video-preview:-1"},"canonical":"https:\/\/www.erresse-shop.it\/fr\/shop\/table-fr-2\/plats\/sambonet-arthur-krupp-jeu-de-18-assiettes-neve\/","og_locale":"fr_FR","og_type":"article","og_title":"SAMBONET ARTHUR KRUPP Jeu de 18 Assiettes Neve","og_description":"D\u00e9couvrez SAMBONET ARTHUR KRUPP Jeu de 18 Assiettes Neve sur ErresseShop. Qualit\u00e9, prix r\u00e9duits et achat s\u00e9curis\u00e9 \u2013 commandez d\u00e8s maintenant en ligne !","og_url":"https:\/\/www.erresse-shop.it\/fr\/shop\/table-fr-2\/plats\/sambonet-arthur-krupp-jeu-de-18-assiettes-neve\/","og_site_name":"Erresse Shop","article_modified_time":"2025-01-13T15:23:25+00:00","og_image":[{"width":1000,"height":1000,"url":"https:\/\/www.erresse-shop.it\/wp-content\/uploads\/2021\/11\/SAMBONET-ARTHUR-KRUPP-Set-18-Pezzi-Neve-2.jpg","type":"image\/jpeg"}],"twitter_card":"summary_large_image","schema":{"@context":"https:\/\/schema.org","@graph":[{"@type":"WebPage","@id":"https:\/\/www.erresse-shop.it\/fr\/shop\/table-fr-2\/plats\/sambonet-arthur-krupp-jeu-de-18-assiettes-neve\/","url":"https:\/\/www.erresse-shop.it\/fr\/shop\/table-fr-2\/plats\/sambonet-arthur-krupp-jeu-de-18-assiettes-neve\/","name":"SAMBONET ARTHUR KRUPP Jeu de 18 Assiettes Neve","isPartOf":{"@id":"https:\/\/www.erresse-shop.it\/fr\/#website"},"datePublished":"2021-11-02T14:26:59+00:00","dateModified":"2025-01-13T15:23:25+00:00","description":"D\u00e9couvrez SAMBONET ARTHUR KRUPP Jeu de 18 Assiettes Neve sur ErresseShop. Qualit\u00e9, prix r\u00e9duits et achat s\u00e9curis\u00e9 \u2013 commandez d\u00e8s maintenant en ligne !","breadcrumb":{"@id":"https:\/\/www.erresse-shop.it\/fr\/shop\/table-fr-2\/plats\/sambonet-arthur-krupp-jeu-de-18-assiettes-neve\/#breadcrumb"},"inLanguage":"fr-FR","potentialAction":[{"@type":"ReadAction","target":["https:\/\/www.erresse-shop.it\/fr\/shop\/table-fr-2\/plats\/sambonet-arthur-krupp-jeu-de-18-assiettes-neve\/"]}]},{"@type":"BreadcrumbList","@id":"https:\/\/www.erresse-shop.it\/fr\/shop\/table-fr-2\/plats\/sambonet-arthur-krupp-jeu-de-18-assiettes-neve\/#breadcrumb","itemListElement":[{"@type":"ListItem","position":1,"name":"Home","item":"https:\/\/www.erresse-shop.it\/fr\/"},{"@type":"ListItem","position":2,"name":"Shop","item":"https:\/\/www.erresse-shop.it\/fr\/shop\/"},{"@type":"ListItem","position":3,"name":"SAMBONET ARTHUR KRUPP Jeu de 18 Assiettes Neve"}]},{"@type":"WebSite","@id":"https:\/\/www.erresse-shop.it\/fr\/#website","url":"https:\/\/www.erresse-shop.it\/fr\/","name":"Erresse Shop","description":"Articoli di qualit\u00e0 per la casa","potentialAction":[{"@type":"SearchAction","target":{"@type":"EntryPoint","urlTemplate":"https:\/\/www.erresse-shop.it\/fr\/?s={search_term_string}"},"query-input":"required name=search_term_string"}],"inLanguage":"fr-FR"}]}},"df_price":69.5,"df_sale_price":69.5,"df_regular_price":139,"df_image_link":"https:\/\/www.erresse-shop.it\/wp-content\/uploads\/2021\/11\/SAMBONET-ARTHUR-KRUPP-Set-18-Pezzi-Neve-2-300x300.jpg","_links":{"self":[{"href":"https:\/\/www.erresse-shop.it\/fr\/wp-json\/wp\/v2\/product\/126460"}],"collection":[{"href":"https:\/\/www.erresse-shop.it\/fr\/wp-json\/wp\/v2\/product"}],"about":[{"href":"https:\/\/www.erresse-shop.it\/fr\/wp-json\/wp\/v2\/types\/product"}],"wp:featuredmedia":[{"embeddable":true,"href":"https:\/\/www.erresse-shop.it\/fr\/wp-json\/wp\/v2\/media\/126465"}],"wp:attachment":[{"href":"https:\/\/www.erresse-shop.it\/fr\/wp-json\/wp\/v2\/media?parent=126460"}],"wp:term":[{"taxonomy":"product_cat","embeddable":true,"href":"https:\/\/www.erresse-shop.it\/fr\/wp-json\/wp\/v2\/product_cat?post=126460"},{"taxonomy":"product_tag","embeddable":true,"href":"https:\/\/www.erresse-shop.it\/fr\/wp-json\/wp\/v2\/product_tag?post=126460"}],"curies":[{"name":"wp","href":"https:\/\/api.w.org\/{rel}","templated":true}]}}