{"id":126195,"date":"2021-10-29T14:42:21","date_gmt":"2021-10-29T14:42:26","guid":{"rendered":"https:\/\/www.erresse-shop.it\/?post_type=product&#038;p=126195"},"modified":"2025-01-13T15:23:12","modified_gmt":"2025-01-13T15:23:12","slug":"zafferano-olimpia-pro-lampe-de-table-chrome","status":"publish","type":"product","link":"https:\/\/www.erresse-shop.it\/fr\/shop\/ameublement-maison\/lampes\/zafferano-olimpia-pro-lampe-de-table-chrome\/","title":{"rendered":"ZAFFERANO Olimpia PRO Lampe de Table Chrom\u00e9"},"content":{"rendered":"<p><strong>Olimpia<\/strong> est une lampe de table portable et rechargeable fonctionnant sur batterie.<br \/>\nIl est \u00e9quip\u00e9 d&#8217;une base de recharge par contact, d&#8217;un variateur d&#8217;intensit\u00e9 tactile et d&#8217;un \u00e9l\u00e9ment accessoire ambr\u00e9 pour changer la couleur de la lumi\u00e8re (cache LED).<\/p>\n<p>Avec une simplicit\u00e9 qui semble \u00e9vidente, Olimpia est une lampe de table rechargeable qui peut agr\u00e9menter une table dress\u00e9e, une r\u00e9union d&#8217;amis en plein air pour un ap\u00e9ritif. Sa lumi\u00e8re diffuse est capable de cr\u00e9er une belle luminosit\u00e9 tout autour, gr\u00e2ce \u00e0 la forme circulaire du diffuseur et au flux de lumi\u00e8re \u00e9gal \u00e0 200 lumens, avec une temp\u00e9rature de couleur de 3000k, tendant vers le blanc.<\/p>\n<p><strong>DIMENSIONS<\/strong> \u00d8 15 x h 26 cm \/ \u00d8 5,9 x h 10,2 cm<\/p>\n<p><strong>SOURCE DE LUMI\u00c8RE LED<\/strong> 2,5 W 200 lm. 3000 K CRI&gt;80.<\/p>\n<p>Autonomie de la batterie 9 heures<\/p>\n","protected":false},"excerpt":{"rendered":"<p>Olimpia est une lampe de table portable et rechargeable fonctionnant sur batterie. Il est \u00e9quip\u00e9 d&#8217;une base de recharge par<\/p>\n","protected":false},"featured_media":126207,"template":"","meta":{"_acf_changed":false,"inline_featured_image":false},"product_cat":[12738,12741],"product_tag":[25026,13052,13053,23910,23690,13054,13055,25021,12793,12794,12795,12796,13056,21821,12797],"acf":[],"yoast_head":"<!-- This site is optimized with the Yoast SEO Premium plugin v18.6 (Yoast SEO v19.13) - https:\/\/yoast.com\/wordpress\/plugins\/seo\/ -->\n<title>ZAFFERANO Olimpia PRO Lampe de Table Chrom\u00e9<\/title>\n<meta name=\"description\" content=\"D\u00e9couvrez ZAFFERANO Olimpia PRO Lampe de Table Chrom\u00e9 sur ErresseShop. Qualit\u00e9, prix r\u00e9duits et achat s\u00e9curis\u00e9 \u2013 commandez d\u00e8s maintenant en ligne !\" \/>\n<meta name=\"robots\" content=\"index, follow, max-snippet:-1, max-image-preview:large, max-video-preview:-1\" \/>\n<link rel=\"canonical\" href=\"https:\/\/www.erresse-shop.it\/fr\/shop\/ameublement-maison\/lampes\/zafferano-olimpia-pro-lampe-de-table-chrome\/\" \/>\n<meta property=\"og:locale\" content=\"fr_FR\" \/>\n<meta property=\"og:type\" content=\"article\" \/>\n<meta property=\"og:title\" content=\"ZAFFERANO Olimpia PRO Lampe de Table Chrom\u00e9\" \/>\n<meta property=\"og:description\" content=\"D\u00e9couvrez ZAFFERANO Olimpia PRO Lampe de Table Chrom\u00e9 sur ErresseShop. Qualit\u00e9, prix r\u00e9duits et achat s\u00e9curis\u00e9 \u2013 commandez d\u00e8s maintenant en ligne !\" \/>\n<meta property=\"og:url\" content=\"https:\/\/www.erresse-shop.it\/fr\/shop\/ameublement-maison\/lampes\/zafferano-olimpia-pro-lampe-de-table-chrome\/\" \/>\n<meta property=\"og:site_name\" content=\"Erresse Shop\" \/>\n<meta property=\"article:modified_time\" content=\"2025-01-13T15:23:12+00:00\" \/>\n<meta property=\"og:image\" content=\"https:\/\/www.erresse-shop.it\/wp-content\/uploads\/2021\/10\/Zafferano-Olimpia-Pro-Cromo.jpg\" \/>\n\t<meta property=\"og:image:width\" content=\"500\" \/>\n\t<meta property=\"og:image:height\" content=\"583\" \/>\n\t<meta property=\"og:image:type\" content=\"image\/jpeg\" \/>\n<meta name=\"twitter:card\" content=\"summary_large_image\" \/>\n<script type=\"application\/ld+json\" class=\"yoast-schema-graph\">{\"@context\":\"https:\/\/schema.org\",\"@graph\":[{\"@type\":\"WebPage\",\"@id\":\"https:\/\/www.erresse-shop.it\/fr\/shop\/ameublement-maison\/lampes\/zafferano-olimpia-pro-lampe-de-table-chrome\/\",\"url\":\"https:\/\/www.erresse-shop.it\/fr\/shop\/ameublement-maison\/lampes\/zafferano-olimpia-pro-lampe-de-table-chrome\/\",\"name\":\"ZAFFERANO Olimpia PRO Lampe de Table Chrom\u00e9\",\"isPartOf\":{\"@id\":\"https:\/\/www.erresse-shop.it\/fr\/#website\"},\"datePublished\":\"2021-10-29T14:42:26+00:00\",\"dateModified\":\"2025-01-13T15:23:12+00:00\",\"description\":\"D\u00e9couvrez ZAFFERANO Olimpia PRO Lampe de Table Chrom\u00e9 sur ErresseShop. Qualit\u00e9, prix r\u00e9duits et achat s\u00e9curis\u00e9 \u2013 commandez d\u00e8s maintenant en ligne !\",\"breadcrumb\":{\"@id\":\"https:\/\/www.erresse-shop.it\/fr\/shop\/ameublement-maison\/lampes\/zafferano-olimpia-pro-lampe-de-table-chrome\/#breadcrumb\"},\"inLanguage\":\"fr-FR\",\"potentialAction\":[{\"@type\":\"ReadAction\",\"target\":[\"https:\/\/www.erresse-shop.it\/fr\/shop\/ameublement-maison\/lampes\/zafferano-olimpia-pro-lampe-de-table-chrome\/\"]}]},{\"@type\":\"BreadcrumbList\",\"@id\":\"https:\/\/www.erresse-shop.it\/fr\/shop\/ameublement-maison\/lampes\/zafferano-olimpia-pro-lampe-de-table-chrome\/#breadcrumb\",\"itemListElement\":[{\"@type\":\"ListItem\",\"position\":1,\"name\":\"Home\",\"item\":\"https:\/\/www.erresse-shop.it\/fr\/\"},{\"@type\":\"ListItem\",\"position\":2,\"name\":\"Shop\",\"item\":\"https:\/\/www.erresse-shop.it\/fr\/shop\/\"},{\"@type\":\"ListItem\",\"position\":3,\"name\":\"ZAFFERANO Olimpia PRO Lampe de Table Chrom\u00e9\"}]},{\"@type\":\"WebSite\",\"@id\":\"https:\/\/www.erresse-shop.it\/fr\/#website\",\"url\":\"https:\/\/www.erresse-shop.it\/fr\/\",\"name\":\"Erresse Shop\",\"description\":\"Articoli di qualit\u00e0 per la casa\",\"potentialAction\":[{\"@type\":\"SearchAction\",\"target\":{\"@type\":\"EntryPoint\",\"urlTemplate\":\"https:\/\/www.erresse-shop.it\/fr\/?s={search_term_string}\"},\"query-input\":\"required name=search_term_string\"}],\"inLanguage\":\"fr-FR\"}]}<\/script>\n<!-- \/ Yoast SEO Premium plugin. -->","yoast_head_json":{"title":"ZAFFERANO Olimpia PRO Lampe de Table Chrom\u00e9","description":"D\u00e9couvrez ZAFFERANO Olimpia PRO Lampe de Table Chrom\u00e9 sur ErresseShop. Qualit\u00e9, prix r\u00e9duits et achat s\u00e9curis\u00e9 \u2013 commandez d\u00e8s maintenant en ligne !","robots":{"index":"index","follow":"follow","max-snippet":"max-snippet:-1","max-image-preview":"max-image-preview:large","max-video-preview":"max-video-preview:-1"},"canonical":"https:\/\/www.erresse-shop.it\/fr\/shop\/ameublement-maison\/lampes\/zafferano-olimpia-pro-lampe-de-table-chrome\/","og_locale":"fr_FR","og_type":"article","og_title":"ZAFFERANO Olimpia PRO Lampe de Table Chrom\u00e9","og_description":"D\u00e9couvrez ZAFFERANO Olimpia PRO Lampe de Table Chrom\u00e9 sur ErresseShop. Qualit\u00e9, prix r\u00e9duits et achat s\u00e9curis\u00e9 \u2013 commandez d\u00e8s maintenant en ligne !","og_url":"https:\/\/www.erresse-shop.it\/fr\/shop\/ameublement-maison\/lampes\/zafferano-olimpia-pro-lampe-de-table-chrome\/","og_site_name":"Erresse Shop","article_modified_time":"2025-01-13T15:23:12+00:00","og_image":[{"width":500,"height":583,"url":"https:\/\/www.erresse-shop.it\/wp-content\/uploads\/2021\/10\/Zafferano-Olimpia-Pro-Cromo.jpg","type":"image\/jpeg"}],"twitter_card":"summary_large_image","schema":{"@context":"https:\/\/schema.org","@graph":[{"@type":"WebPage","@id":"https:\/\/www.erresse-shop.it\/fr\/shop\/ameublement-maison\/lampes\/zafferano-olimpia-pro-lampe-de-table-chrome\/","url":"https:\/\/www.erresse-shop.it\/fr\/shop\/ameublement-maison\/lampes\/zafferano-olimpia-pro-lampe-de-table-chrome\/","name":"ZAFFERANO Olimpia PRO Lampe de Table Chrom\u00e9","isPartOf":{"@id":"https:\/\/www.erresse-shop.it\/fr\/#website"},"datePublished":"2021-10-29T14:42:26+00:00","dateModified":"2025-01-13T15:23:12+00:00","description":"D\u00e9couvrez ZAFFERANO Olimpia PRO Lampe de Table Chrom\u00e9 sur ErresseShop. Qualit\u00e9, prix r\u00e9duits et achat s\u00e9curis\u00e9 \u2013 commandez d\u00e8s maintenant en ligne !","breadcrumb":{"@id":"https:\/\/www.erresse-shop.it\/fr\/shop\/ameublement-maison\/lampes\/zafferano-olimpia-pro-lampe-de-table-chrome\/#breadcrumb"},"inLanguage":"fr-FR","potentialAction":[{"@type":"ReadAction","target":["https:\/\/www.erresse-shop.it\/fr\/shop\/ameublement-maison\/lampes\/zafferano-olimpia-pro-lampe-de-table-chrome\/"]}]},{"@type":"BreadcrumbList","@id":"https:\/\/www.erresse-shop.it\/fr\/shop\/ameublement-maison\/lampes\/zafferano-olimpia-pro-lampe-de-table-chrome\/#breadcrumb","itemListElement":[{"@type":"ListItem","position":1,"name":"Home","item":"https:\/\/www.erresse-shop.it\/fr\/"},{"@type":"ListItem","position":2,"name":"Shop","item":"https:\/\/www.erresse-shop.it\/fr\/shop\/"},{"@type":"ListItem","position":3,"name":"ZAFFERANO Olimpia PRO Lampe de Table Chrom\u00e9"}]},{"@type":"WebSite","@id":"https:\/\/www.erresse-shop.it\/fr\/#website","url":"https:\/\/www.erresse-shop.it\/fr\/","name":"Erresse Shop","description":"Articoli di qualit\u00e0 per la casa","potentialAction":[{"@type":"SearchAction","target":{"@type":"EntryPoint","urlTemplate":"https:\/\/www.erresse-shop.it\/fr\/?s={search_term_string}"},"query-input":"required name=search_term_string"}],"inLanguage":"fr-FR"}]}},"df_price":69,"df_sale_price":69,"df_regular_price":189,"df_image_link":"https:\/\/www.erresse-shop.it\/wp-content\/uploads\/2021\/10\/Zafferano-Olimpia-Pro-Cromo-257x300.jpg","_links":{"self":[{"href":"https:\/\/www.erresse-shop.it\/fr\/wp-json\/wp\/v2\/product\/126195"}],"collection":[{"href":"https:\/\/www.erresse-shop.it\/fr\/wp-json\/wp\/v2\/product"}],"about":[{"href":"https:\/\/www.erresse-shop.it\/fr\/wp-json\/wp\/v2\/types\/product"}],"wp:featuredmedia":[{"embeddable":true,"href":"https:\/\/www.erresse-shop.it\/fr\/wp-json\/wp\/v2\/media\/126207"}],"wp:attachment":[{"href":"https:\/\/www.erresse-shop.it\/fr\/wp-json\/wp\/v2\/media?parent=126195"}],"wp:term":[{"taxonomy":"product_cat","embeddable":true,"href":"https:\/\/www.erresse-shop.it\/fr\/wp-json\/wp\/v2\/product_cat?post=126195"},{"taxonomy":"product_tag","embeddable":true,"href":"https:\/\/www.erresse-shop.it\/fr\/wp-json\/wp\/v2\/product_tag?post=126195"}],"curies":[{"name":"wp","href":"https:\/\/api.w.org\/{rel}","templated":true}]}}