{"id":125303,"date":"2021-11-01T00:05:59","date_gmt":"2021-07-01T00:05:59","guid":{"rendered":"https:\/\/www.erresse-shop.it\/?post_type=product&#038;p=125303"},"modified":"2022-04-01T10:01:52","modified_gmt":"2022-04-01T10:01:52","slug":"le-creuset-harry-potter-poudlard-express-bouilloire-rouge","status":"publish","type":"product","link":"https:\/\/www.erresse-shop.it\/fr\/shop\/cuisine\/le-creuset-harry-potter-poudlard-express-bouilloire-rouge\/","title":{"rendered":"LE CREUSET x Harry Potter\u2122 Poudlard\u2122 Express Bouilloire Rouge"},"content":{"rendered":"<p><strong>HARRY POTTER\u2122 BOUILLOIRE EXPRESS POUDLARD\u2122<\/strong><br \/>\nAussi \u00e9tonnante que le train iconique qui l&#8217;a inspir\u00e9e, la bouilloire Le Creuset Limited Edition Poudlard\u2122 Express est fabriqu\u00e9e en acier au carbone de haute qualit\u00e9 qui chauffe tr\u00e8s rapidement, avec une finition audacieuse en \u00e9mail vitreux Matt Black et Cherry. L&#8217;\u00e9mail vitrifi\u00e9 est r\u00e9sistant aux \u00e9clats et facile \u00e0 nettoyer.<\/p>\n<p>Dot\u00e9e d&#8217;un sifflet continu de couleur or, la bouilloire pr\u00e9sente des d\u00e9tails li\u00e9s \u00e0 Poudlard, comme le bouton dor\u00e9 du couvercle, qui porte le num\u00e9ro de la voie ferr\u00e9e la plus c\u00e9l\u00e8bre de la s\u00e9rie : 9 \u00be. Tout comme la piste magique, la bouilloire promet une \u00e9vasion rapide et une tasse de th\u00e9 fumante aux sorciers, sorci\u00e8res et Moldus.<\/p>\n<p><strong>LA MAGIE DE LA CUISINE<\/strong><br \/>\nL&#8217;\u00e9merveillement d&#8217;un monde plein de possibilit\u00e9s. La joie et la cr\u00e9ativit\u00e9 de deux marques embl\u00e9matiques. Le Creuset\u00ae et Harry Potter\u2122 sont ravis de vous pr\u00e9senter une nouvelle collection d&#8217;ustensiles de cuisine et d&#8217;accessoires inspir\u00e9s par le monde de la magie.<\/p>\n<p>Les chefs de tous les \u00e2ges et de tous les go\u00fbts aimeront cuisiner des casseroles inspir\u00e9es des personnages bien-aim\u00e9s de ces histoires et de leurs aventures. Transformez un plat ordinaire en un plat magique. Offrez un cadeau enchant\u00e9. Ou partagez votre fiert\u00e9 de la Maison de Poudlard avec vos amis et votre famille. Quelle que soit la fa\u00e7on dont vous choisissez d&#8217;utiliser la collection, de nombreuses aventures culinaires enchant\u00e9es vous attendent. Pr\u00e9parez votre baguette !<\/p>\n","protected":false},"excerpt":{"rendered":"<p>HARRY POTTER\u2122 BOUILLOIRE EXPRESS POUDLARD\u2122 Aussi \u00e9tonnante que le train iconique qui l&#8217;a inspir\u00e9e, la bouilloire Le Creuset Limited Edition<\/p>\n","protected":false},"featured_media":176539,"template":"","meta":{"_acf_changed":false,"inline_featured_image":false},"product_cat":[12748],"product_tag":[],"acf":[],"yoast_head":"<!-- This site is optimized with the Yoast SEO Premium plugin v18.6 (Yoast SEO v19.13) - https:\/\/yoast.com\/wordpress\/plugins\/seo\/ -->\n<title>LE CREUSET x Harry Potter\u2122 Poudlard\u2122 Express Bouilloire Rouge - Erresse Shop<\/title>\n<meta name=\"description\" content=\"HARRY POTTER\u2122 BOUILLOIRE EXPRESS POUDLARD\u2122 Aussi \u00e9tonnante que le train iconique qui l&#039;a inspir\u00e9e, la bouilloire Le Creuset Limited Edition Poudlard\u2122\" \/>\n<meta name=\"robots\" content=\"index, follow, max-snippet:-1, max-image-preview:large, max-video-preview:-1\" \/>\n<link rel=\"canonical\" href=\"https:\/\/www.erresse-shop.it\/fr\/shop\/cuisine\/le-creuset-harry-potter-poudlard-express-bouilloire-rouge\/\" \/>\n<meta property=\"og:locale\" content=\"fr_FR\" \/>\n<meta property=\"og:type\" content=\"article\" \/>\n<meta property=\"og:title\" content=\"LE CREUSET x Harry Potter\u2122 Poudlard\u2122 Express Bouilloire Rouge\" \/>\n<meta property=\"og:description\" content=\"HARRY POTTER\u2122 BOUILLOIRE EXPRESS POUDLARD\u2122 Aussi \u00e9tonnante que le train iconique qui l&#039;a inspir\u00e9e, la bouilloire Le Creuset Limited Edition Poudlard\u2122\" \/>\n<meta property=\"og:url\" content=\"https:\/\/www.erresse-shop.it\/fr\/shop\/cuisine\/le-creuset-harry-potter-poudlard-express-bouilloire-rouge\/\" \/>\n<meta property=\"og:site_name\" content=\"Erresse Shop\" \/>\n<meta property=\"article:modified_time\" content=\"2022-04-01T10:01:52+00:00\" \/>\n<meta property=\"og:image\" content=\"https:\/\/www.erresse-shop.it\/wp-content\/uploads\/2021\/11\/LE-CREUSET-Harry-Potter-Hogwarts-Express-Bollitore-Rosso-3.jpg\" \/>\n\t<meta property=\"og:image:width\" content=\"800\" \/>\n\t<meta property=\"og:image:height\" content=\"800\" \/>\n\t<meta property=\"og:image:type\" content=\"image\/jpeg\" \/>\n<meta name=\"twitter:card\" content=\"summary_large_image\" \/>\n<script type=\"application\/ld+json\" class=\"yoast-schema-graph\">{\"@context\":\"https:\/\/schema.org\",\"@graph\":[{\"@type\":\"WebPage\",\"@id\":\"https:\/\/www.erresse-shop.it\/fr\/shop\/cuisine\/le-creuset-harry-potter-poudlard-express-bouilloire-rouge\/\",\"url\":\"https:\/\/www.erresse-shop.it\/fr\/shop\/cuisine\/le-creuset-harry-potter-poudlard-express-bouilloire-rouge\/\",\"name\":\"LE CREUSET x Harry Potter\u2122 Poudlard\u2122 Express Bouilloire Rouge - Erresse Shop\",\"isPartOf\":{\"@id\":\"https:\/\/www.erresse-shop.it\/fr\/#website\"},\"datePublished\":\"2021-07-01T00:05:59+00:00\",\"dateModified\":\"2022-04-01T10:01:52+00:00\",\"description\":\"HARRY POTTER\u2122 BOUILLOIRE EXPRESS POUDLARD\u2122 Aussi \u00e9tonnante que le train iconique qui l'a inspir\u00e9e, la bouilloire Le Creuset Limited Edition Poudlard\u2122\",\"breadcrumb\":{\"@id\":\"https:\/\/www.erresse-shop.it\/fr\/shop\/cuisine\/le-creuset-harry-potter-poudlard-express-bouilloire-rouge\/#breadcrumb\"},\"inLanguage\":\"fr-FR\",\"potentialAction\":[{\"@type\":\"ReadAction\",\"target\":[\"https:\/\/www.erresse-shop.it\/fr\/shop\/cuisine\/le-creuset-harry-potter-poudlard-express-bouilloire-rouge\/\"]}]},{\"@type\":\"BreadcrumbList\",\"@id\":\"https:\/\/www.erresse-shop.it\/fr\/shop\/cuisine\/le-creuset-harry-potter-poudlard-express-bouilloire-rouge\/#breadcrumb\",\"itemListElement\":[{\"@type\":\"ListItem\",\"position\":1,\"name\":\"Home\",\"item\":\"https:\/\/www.erresse-shop.it\/fr\/\"},{\"@type\":\"ListItem\",\"position\":2,\"name\":\"Shop\",\"item\":\"https:\/\/www.erresse-shop.it\/fr\/shop\/\"},{\"@type\":\"ListItem\",\"position\":3,\"name\":\"LE CREUSET x Harry Potter\u2122 Poudlard\u2122 Express Bouilloire Rouge\"}]},{\"@type\":\"WebSite\",\"@id\":\"https:\/\/www.erresse-shop.it\/fr\/#website\",\"url\":\"https:\/\/www.erresse-shop.it\/fr\/\",\"name\":\"Erresse Shop\",\"description\":\"Articoli di qualit\u00e0 per la casa\",\"potentialAction\":[{\"@type\":\"SearchAction\",\"target\":{\"@type\":\"EntryPoint\",\"urlTemplate\":\"https:\/\/www.erresse-shop.it\/fr\/?s={search_term_string}\"},\"query-input\":\"required name=search_term_string\"}],\"inLanguage\":\"fr-FR\"}]}<\/script>\n<!-- \/ Yoast SEO Premium plugin. -->","yoast_head_json":{"title":"LE CREUSET x Harry Potter\u2122 Poudlard\u2122 Express Bouilloire Rouge - Erresse Shop","description":"HARRY POTTER\u2122 BOUILLOIRE EXPRESS POUDLARD\u2122 Aussi \u00e9tonnante que le train iconique qui l'a inspir\u00e9e, la bouilloire Le Creuset Limited Edition Poudlard\u2122","robots":{"index":"index","follow":"follow","max-snippet":"max-snippet:-1","max-image-preview":"max-image-preview:large","max-video-preview":"max-video-preview:-1"},"canonical":"https:\/\/www.erresse-shop.it\/fr\/shop\/cuisine\/le-creuset-harry-potter-poudlard-express-bouilloire-rouge\/","og_locale":"fr_FR","og_type":"article","og_title":"LE CREUSET x Harry Potter\u2122 Poudlard\u2122 Express Bouilloire Rouge","og_description":"HARRY POTTER\u2122 BOUILLOIRE EXPRESS POUDLARD\u2122 Aussi \u00e9tonnante que le train iconique qui l'a inspir\u00e9e, la bouilloire Le Creuset Limited Edition Poudlard\u2122","og_url":"https:\/\/www.erresse-shop.it\/fr\/shop\/cuisine\/le-creuset-harry-potter-poudlard-express-bouilloire-rouge\/","og_site_name":"Erresse Shop","article_modified_time":"2022-04-01T10:01:52+00:00","og_image":[{"width":800,"height":800,"url":"https:\/\/www.erresse-shop.it\/wp-content\/uploads\/2021\/11\/LE-CREUSET-Harry-Potter-Hogwarts-Express-Bollitore-Rosso-3.jpg","type":"image\/jpeg"}],"twitter_card":"summary_large_image","schema":{"@context":"https:\/\/schema.org","@graph":[{"@type":"WebPage","@id":"https:\/\/www.erresse-shop.it\/fr\/shop\/cuisine\/le-creuset-harry-potter-poudlard-express-bouilloire-rouge\/","url":"https:\/\/www.erresse-shop.it\/fr\/shop\/cuisine\/le-creuset-harry-potter-poudlard-express-bouilloire-rouge\/","name":"LE CREUSET x Harry Potter\u2122 Poudlard\u2122 Express Bouilloire Rouge - Erresse Shop","isPartOf":{"@id":"https:\/\/www.erresse-shop.it\/fr\/#website"},"datePublished":"2021-07-01T00:05:59+00:00","dateModified":"2022-04-01T10:01:52+00:00","description":"HARRY POTTER\u2122 BOUILLOIRE EXPRESS POUDLARD\u2122 Aussi \u00e9tonnante que le train iconique qui l'a inspir\u00e9e, la bouilloire Le Creuset Limited Edition Poudlard\u2122","breadcrumb":{"@id":"https:\/\/www.erresse-shop.it\/fr\/shop\/cuisine\/le-creuset-harry-potter-poudlard-express-bouilloire-rouge\/#breadcrumb"},"inLanguage":"fr-FR","potentialAction":[{"@type":"ReadAction","target":["https:\/\/www.erresse-shop.it\/fr\/shop\/cuisine\/le-creuset-harry-potter-poudlard-express-bouilloire-rouge\/"]}]},{"@type":"BreadcrumbList","@id":"https:\/\/www.erresse-shop.it\/fr\/shop\/cuisine\/le-creuset-harry-potter-poudlard-express-bouilloire-rouge\/#breadcrumb","itemListElement":[{"@type":"ListItem","position":1,"name":"Home","item":"https:\/\/www.erresse-shop.it\/fr\/"},{"@type":"ListItem","position":2,"name":"Shop","item":"https:\/\/www.erresse-shop.it\/fr\/shop\/"},{"@type":"ListItem","position":3,"name":"LE CREUSET x Harry Potter\u2122 Poudlard\u2122 Express Bouilloire Rouge"}]},{"@type":"WebSite","@id":"https:\/\/www.erresse-shop.it\/fr\/#website","url":"https:\/\/www.erresse-shop.it\/fr\/","name":"Erresse Shop","description":"Articoli di qualit\u00e0 per la casa","potentialAction":[{"@type":"SearchAction","target":{"@type":"EntryPoint","urlTemplate":"https:\/\/www.erresse-shop.it\/fr\/?s={search_term_string}"},"query-input":"required name=search_term_string"}],"inLanguage":"fr-FR"}]}},"df_price":139,"df_sale_price":139,"df_regular_price":139,"df_image_link":"https:\/\/www.erresse-shop.it\/wp-content\/uploads\/2021\/11\/LE-CREUSET-Harry-Potter-Hogwarts-Express-Bollitore-Rosso-3-300x300.jpg","_links":{"self":[{"href":"https:\/\/www.erresse-shop.it\/fr\/wp-json\/wp\/v2\/product\/125303"}],"collection":[{"href":"https:\/\/www.erresse-shop.it\/fr\/wp-json\/wp\/v2\/product"}],"about":[{"href":"https:\/\/www.erresse-shop.it\/fr\/wp-json\/wp\/v2\/types\/product"}],"wp:featuredmedia":[{"embeddable":true,"href":"https:\/\/www.erresse-shop.it\/fr\/wp-json\/wp\/v2\/media\/176539"}],"wp:attachment":[{"href":"https:\/\/www.erresse-shop.it\/fr\/wp-json\/wp\/v2\/media?parent=125303"}],"wp:term":[{"taxonomy":"product_cat","embeddable":true,"href":"https:\/\/www.erresse-shop.it\/fr\/wp-json\/wp\/v2\/product_cat?post=125303"},{"taxonomy":"product_tag","embeddable":true,"href":"https:\/\/www.erresse-shop.it\/fr\/wp-json\/wp\/v2\/product_tag?post=125303"}],"curies":[{"name":"wp","href":"https:\/\/api.w.org\/{rel}","templated":true}]}}