{"id":124742,"date":"2021-10-22T13:26:55","date_gmt":"2021-10-22T13:27:00","guid":{"rendered":"https:\/\/www.erresse-shop.it\/?post_type=product&#038;p=124742"},"modified":"2025-01-13T15:22:06","modified_gmt":"2025-01-13T15:22:06","slug":"toms-drag-hibou-hugo-l","status":"publish","type":"product","link":"https:\/\/www.erresse-shop.it\/fr\/shop\/ameublement-maison\/objets-de-decoration\/toms-drag-hibou-hugo-l\/","title":{"rendered":"TOM&#8217;S DRAG Hibou Hugo L"},"content":{"rendered":"<p><strong>Mat\u00e9riau :<\/strong> r\u00e9sine<br \/>\n<strong>Hauteur :<\/strong> 32 cm<\/p>\n<p><strong>HIBOU HUGO<\/strong><br \/>\nPour les collectionneurs et les amateurs de chouettes. Symbole de la sagesse. Avec son costume fantastique rempli d&#8217;ornements exotiques et de plumes d\u00e9coratives, il est d\u00e9cor\u00e9 comme pour un d\u00e9fil\u00e9 de carnaval et brille dans les couleurs de l&#8217;arc-en-ciel.<\/p>\n<p>Cet article est <strong>fait et peint \u00e0 la main<\/strong>, aussi les variations de couleur, de motif, de ton, les petites imperfections de colle ou de couleur et les irr\u00e9gularit\u00e9s sont une caract\u00e9ristique sp\u00e9cifique du produit et t\u00e9moignent de sa fabrication artisanale.<\/p>\n<p>Tous les animaux tra\u00eenants sont d\u00e9cor\u00e9s de costumes imaginatifs et d&#8217;ornements exotiques, comme s&#8217;ils \u00e9taient \u00e0 un d\u00e9fil\u00e9 de carnaval. Elles sont toutes aux couleurs de l&#8217;arc-en-ciel et reprennent l&#8217;ambiance joyeuse de l&#8217;une des chansons pr\u00e9f\u00e9r\u00e9es de Tom, &#8220;What a Wonderful World&#8221; de Louis Armstrong.<\/p>\n<p>Chaque article de Tom&#8217;s Drag commence par quelques croquis rapides, que l&#8217;artiste dessine et transforme rapidement en une image d\u00e9taill\u00e9e. \u00c0 ce stade, une figure brute est sculpt\u00e9e \u00e0 la main dans le bois, dont les dimensions et les proportions refl\u00e8tent celles de l&#8217;objet final. Celui-ci est ensuite peint \u00e0 la main par l&#8217;artiste et le prototype est cr\u00e9\u00e9 \u00e0 partir duquel la forme de la couverture est ensuite fabriqu\u00e9e. Cette forme en caoutchouc est la cl\u00e9 de toutes les \u0153uvres de Tom&#8217;s Drag, car du marmorino liquide, un m\u00e9lange de marbre broy\u00e9 et de r\u00e9sine synth\u00e9tique, y sera vers\u00e9 puis solidifi\u00e9. La pi\u00e8ce, d&#8217;abord de couleur blanche opaque, est ensuite peinte en blanc puis polie. \u00c0 ce stade, les bords des champs de couleur sont dessin\u00e9s au crayon afin de servir de r\u00e9f\u00e9rence \u00e0 l&#8217;artiste pour peindre l&#8217;objet. Le travail est compl\u00e9t\u00e9 par l&#8217;application d&#8217;une r\u00e9sine qui rend les couleurs r\u00e9sistantes.<\/p>\n","protected":false},"excerpt":{"rendered":"<p><br data-mce-bogus=\"1\"><\/p>\n","protected":false},"featured_media":124753,"template":"","meta":{"_acf_changed":false,"inline_featured_image":false},"product_cat":[12738,14441],"product_tag":[25036,25021,17024],"acf":[],"yoast_head":"<!-- This site is optimized with the Yoast SEO Premium plugin v18.6 (Yoast SEO v19.13) - https:\/\/yoast.com\/wordpress\/plugins\/seo\/ -->\n<title>TOM&#039;S DRAG Hibou Hugo L<\/title>\n<meta name=\"description\" content=\"D\u00e9couvrez TOM&#039;S DRAG Hibou Hugo L sur ErresseShop. Qualit\u00e9, prix r\u00e9duits et achat s\u00e9curis\u00e9 \u2013 commandez d\u00e8s maintenant en ligne !\" \/>\n<meta name=\"robots\" content=\"index, follow, max-snippet:-1, max-image-preview:large, max-video-preview:-1\" \/>\n<link rel=\"canonical\" href=\"https:\/\/www.erresse-shop.it\/fr\/shop\/ameublement-maison\/objets-de-decoration\/toms-drag-hibou-hugo-l\/\" \/>\n<meta property=\"og:locale\" content=\"fr_FR\" \/>\n<meta property=\"og:type\" content=\"article\" \/>\n<meta property=\"og:title\" content=\"TOM&#039;S DRAG Hibou Hugo L\" \/>\n<meta property=\"og:description\" content=\"D\u00e9couvrez TOM&#039;S DRAG Hibou Hugo L sur ErresseShop. Qualit\u00e9, prix r\u00e9duits et achat s\u00e9curis\u00e9 \u2013 commandez d\u00e8s maintenant en ligne !\" \/>\n<meta property=\"og:url\" content=\"https:\/\/www.erresse-shop.it\/fr\/shop\/ameublement-maison\/objets-de-decoration\/toms-drag-hibou-hugo-l\/\" \/>\n<meta property=\"og:site_name\" content=\"Erresse Shop\" \/>\n<meta property=\"article:modified_time\" content=\"2025-01-13T15:22:06+00:00\" \/>\n<meta property=\"og:image\" content=\"https:\/\/www.erresse-shop.it\/wp-content\/uploads\/2021\/10\/TOMS-DRAG-Gufo-Hugo-L-2.jpg\" \/>\n\t<meta property=\"og:image:width\" content=\"1000\" \/>\n\t<meta property=\"og:image:height\" content=\"1000\" \/>\n\t<meta property=\"og:image:type\" content=\"image\/jpeg\" \/>\n<meta name=\"twitter:card\" content=\"summary_large_image\" \/>\n<script type=\"application\/ld+json\" class=\"yoast-schema-graph\">{\"@context\":\"https:\/\/schema.org\",\"@graph\":[{\"@type\":\"WebPage\",\"@id\":\"https:\/\/www.erresse-shop.it\/fr\/shop\/ameublement-maison\/objets-de-decoration\/toms-drag-hibou-hugo-l\/\",\"url\":\"https:\/\/www.erresse-shop.it\/fr\/shop\/ameublement-maison\/objets-de-decoration\/toms-drag-hibou-hugo-l\/\",\"name\":\"TOM'S DRAG Hibou Hugo L\",\"isPartOf\":{\"@id\":\"https:\/\/www.erresse-shop.it\/fr\/#website\"},\"datePublished\":\"2021-10-22T13:27:00+00:00\",\"dateModified\":\"2025-01-13T15:22:06+00:00\",\"description\":\"D\u00e9couvrez TOM'S DRAG Hibou Hugo L sur ErresseShop. Qualit\u00e9, prix r\u00e9duits et achat s\u00e9curis\u00e9 \u2013 commandez d\u00e8s maintenant en ligne !\",\"breadcrumb\":{\"@id\":\"https:\/\/www.erresse-shop.it\/fr\/shop\/ameublement-maison\/objets-de-decoration\/toms-drag-hibou-hugo-l\/#breadcrumb\"},\"inLanguage\":\"fr-FR\",\"potentialAction\":[{\"@type\":\"ReadAction\",\"target\":[\"https:\/\/www.erresse-shop.it\/fr\/shop\/ameublement-maison\/objets-de-decoration\/toms-drag-hibou-hugo-l\/\"]}]},{\"@type\":\"BreadcrumbList\",\"@id\":\"https:\/\/www.erresse-shop.it\/fr\/shop\/ameublement-maison\/objets-de-decoration\/toms-drag-hibou-hugo-l\/#breadcrumb\",\"itemListElement\":[{\"@type\":\"ListItem\",\"position\":1,\"name\":\"Home\",\"item\":\"https:\/\/www.erresse-shop.it\/fr\/\"},{\"@type\":\"ListItem\",\"position\":2,\"name\":\"Shop\",\"item\":\"https:\/\/www.erresse-shop.it\/fr\/shop\/\"},{\"@type\":\"ListItem\",\"position\":3,\"name\":\"TOM&#8217;S DRAG Hibou Hugo L\"}]},{\"@type\":\"WebSite\",\"@id\":\"https:\/\/www.erresse-shop.it\/fr\/#website\",\"url\":\"https:\/\/www.erresse-shop.it\/fr\/\",\"name\":\"Erresse Shop\",\"description\":\"Articoli di qualit\u00e0 per la casa\",\"potentialAction\":[{\"@type\":\"SearchAction\",\"target\":{\"@type\":\"EntryPoint\",\"urlTemplate\":\"https:\/\/www.erresse-shop.it\/fr\/?s={search_term_string}\"},\"query-input\":\"required name=search_term_string\"}],\"inLanguage\":\"fr-FR\"}]}<\/script>\n<!-- \/ Yoast SEO Premium plugin. -->","yoast_head_json":{"title":"TOM'S DRAG Hibou Hugo L","description":"D\u00e9couvrez TOM'S DRAG Hibou Hugo L sur ErresseShop. Qualit\u00e9, prix r\u00e9duits et achat s\u00e9curis\u00e9 \u2013 commandez d\u00e8s maintenant en ligne !","robots":{"index":"index","follow":"follow","max-snippet":"max-snippet:-1","max-image-preview":"max-image-preview:large","max-video-preview":"max-video-preview:-1"},"canonical":"https:\/\/www.erresse-shop.it\/fr\/shop\/ameublement-maison\/objets-de-decoration\/toms-drag-hibou-hugo-l\/","og_locale":"fr_FR","og_type":"article","og_title":"TOM'S DRAG Hibou Hugo L","og_description":"D\u00e9couvrez TOM'S DRAG Hibou Hugo L sur ErresseShop. Qualit\u00e9, prix r\u00e9duits et achat s\u00e9curis\u00e9 \u2013 commandez d\u00e8s maintenant en ligne !","og_url":"https:\/\/www.erresse-shop.it\/fr\/shop\/ameublement-maison\/objets-de-decoration\/toms-drag-hibou-hugo-l\/","og_site_name":"Erresse Shop","article_modified_time":"2025-01-13T15:22:06+00:00","og_image":[{"width":1000,"height":1000,"url":"https:\/\/www.erresse-shop.it\/wp-content\/uploads\/2021\/10\/TOMS-DRAG-Gufo-Hugo-L-2.jpg","type":"image\/jpeg"}],"twitter_card":"summary_large_image","schema":{"@context":"https:\/\/schema.org","@graph":[{"@type":"WebPage","@id":"https:\/\/www.erresse-shop.it\/fr\/shop\/ameublement-maison\/objets-de-decoration\/toms-drag-hibou-hugo-l\/","url":"https:\/\/www.erresse-shop.it\/fr\/shop\/ameublement-maison\/objets-de-decoration\/toms-drag-hibou-hugo-l\/","name":"TOM'S DRAG Hibou Hugo L","isPartOf":{"@id":"https:\/\/www.erresse-shop.it\/fr\/#website"},"datePublished":"2021-10-22T13:27:00+00:00","dateModified":"2025-01-13T15:22:06+00:00","description":"D\u00e9couvrez TOM'S DRAG Hibou Hugo L sur ErresseShop. Qualit\u00e9, prix r\u00e9duits et achat s\u00e9curis\u00e9 \u2013 commandez d\u00e8s maintenant en ligne !","breadcrumb":{"@id":"https:\/\/www.erresse-shop.it\/fr\/shop\/ameublement-maison\/objets-de-decoration\/toms-drag-hibou-hugo-l\/#breadcrumb"},"inLanguage":"fr-FR","potentialAction":[{"@type":"ReadAction","target":["https:\/\/www.erresse-shop.it\/fr\/shop\/ameublement-maison\/objets-de-decoration\/toms-drag-hibou-hugo-l\/"]}]},{"@type":"BreadcrumbList","@id":"https:\/\/www.erresse-shop.it\/fr\/shop\/ameublement-maison\/objets-de-decoration\/toms-drag-hibou-hugo-l\/#breadcrumb","itemListElement":[{"@type":"ListItem","position":1,"name":"Home","item":"https:\/\/www.erresse-shop.it\/fr\/"},{"@type":"ListItem","position":2,"name":"Shop","item":"https:\/\/www.erresse-shop.it\/fr\/shop\/"},{"@type":"ListItem","position":3,"name":"TOM&#8217;S DRAG Hibou Hugo L"}]},{"@type":"WebSite","@id":"https:\/\/www.erresse-shop.it\/fr\/#website","url":"https:\/\/www.erresse-shop.it\/fr\/","name":"Erresse Shop","description":"Articoli di qualit\u00e0 per la casa","potentialAction":[{"@type":"SearchAction","target":{"@type":"EntryPoint","urlTemplate":"https:\/\/www.erresse-shop.it\/fr\/?s={search_term_string}"},"query-input":"required name=search_term_string"}],"inLanguage":"fr-FR"}]}},"df_price":126.95,"df_sale_price":126.95,"df_regular_price":188,"df_image_link":"https:\/\/www.erresse-shop.it\/wp-content\/uploads\/2021\/10\/TOMS-DRAG-Gufo-Hugo-L-2-300x300.jpg","_links":{"self":[{"href":"https:\/\/www.erresse-shop.it\/fr\/wp-json\/wp\/v2\/product\/124742"}],"collection":[{"href":"https:\/\/www.erresse-shop.it\/fr\/wp-json\/wp\/v2\/product"}],"about":[{"href":"https:\/\/www.erresse-shop.it\/fr\/wp-json\/wp\/v2\/types\/product"}],"wp:featuredmedia":[{"embeddable":true,"href":"https:\/\/www.erresse-shop.it\/fr\/wp-json\/wp\/v2\/media\/124753"}],"wp:attachment":[{"href":"https:\/\/www.erresse-shop.it\/fr\/wp-json\/wp\/v2\/media?parent=124742"}],"wp:term":[{"taxonomy":"product_cat","embeddable":true,"href":"https:\/\/www.erresse-shop.it\/fr\/wp-json\/wp\/v2\/product_cat?post=124742"},{"taxonomy":"product_tag","embeddable":true,"href":"https:\/\/www.erresse-shop.it\/fr\/wp-json\/wp\/v2\/product_tag?post=124742"}],"curies":[{"name":"wp","href":"https:\/\/api.w.org\/{rel}","templated":true}]}}