{"id":123574,"date":"2021-10-12T07:23:19","date_gmt":"2021-10-12T07:23:45","guid":{"rendered":"https:\/\/www.erresse-shop.it\/?post_type=product&#038;p=123574"},"modified":"2025-01-13T15:21:35","modified_gmt":"2025-01-13T15:21:35","slug":"marcato-ensemble-pour-biscuits-argent","status":"publish","type":"product","link":"https:\/\/www.erresse-shop.it\/fr\/shop\/cuisine\/machines-pour-pates\/marcato-ensemble-pour-biscuits-argent\/","title":{"rendered":"MARCATO Ensemble pour Biscuits Argent"},"content":{"rendered":"<p><strong>Jeu de biscuits<\/strong> con\u00e7u comme une id\u00e9e de cadeau pour les amateurs de p\u00e2tisserie. Il se compose des produits Biscuits et Dispenser, tous deux en argent. La cuisson de biscuits \u00e0 l&#8217;aide de Biscuits sera tr\u00e8s facile : avec une seule charge du cylindre, vous pouvez faire environ <strong>40 petits biscuits ou 30 plus grands<\/strong>. Gr\u00e2ce au r\u00e9gulateur \u00e0 2 positions, vous pouvez choisir la taille. Comprend 20 matrices diff\u00e9rentes pour r\u00e9aliser autant de formes diff\u00e9rentes de biscuits, du rond classique au c\u0153ur pour les occasions sp\u00e9ciales ou au sapin de No\u00ebl pour \u00e9gayer cette saison festive.<\/p>\n<p><strong>Color\u00e9, pour votre cuisine<\/strong><\/p>\n<p>Biscuits n&#8217;est pas une simple machine \u00e0 biscuits : nous avons imagin\u00e9 un design attrayant et agr\u00e9able \u00e0 utiliser. Il est fabriqu\u00e9 en aluminium anodis\u00e9 de qualit\u00e9 alimentaire, en 7 couleurs diff\u00e9rentes, avec des embouts en acier et des composants en ABS. Biscuits est solide \u00e0 utiliser et sans danger pour votre sant\u00e9.<\/p>\n<p><strong>Biscuits, au go\u00fbt classique<\/strong><\/p>\n<p>La version Classic de la machine \u00e0 biscuits conserve les m\u00eames qualit\u00e9s constructives, avec des lignes plus simples et un design qui s&#8217;adapte \u00e0 toutes les cuisines.<\/p>\n<p><span style=\"text-decoration: underline;\"><strong>Entretien :<\/strong> <\/span>Les biscuits ne vont pas au lave-vaisselle.<\/p>\n","protected":false},"excerpt":{"rendered":"<p>Jeu de biscuits con\u00e7u comme une id\u00e9e de cadeau pour les amateurs de p\u00e2tisserie. Il se compose des produits Biscuits<\/p>\n","protected":false},"featured_media":123579,"template":"","meta":{"_acf_changed":false,"inline_featured_image":false},"product_cat":[12748,12941],"product_tag":[],"acf":[],"yoast_head":"<!-- This site is optimized with the Yoast SEO Premium plugin v18.6 (Yoast SEO v19.13) - https:\/\/yoast.com\/wordpress\/plugins\/seo\/ -->\n<title>MARCATO Ensemble pour Biscuits Argent<\/title>\n<meta name=\"description\" content=\"D\u00e9couvrez MARCATO Ensemble pour Biscuits Argent sur ErresseShop. Qualit\u00e9, prix r\u00e9duits et achat s\u00e9curis\u00e9 \u2013 commandez d\u00e8s maintenant en ligne !\" \/>\n<meta name=\"robots\" content=\"index, follow, max-snippet:-1, max-image-preview:large, max-video-preview:-1\" \/>\n<link rel=\"canonical\" href=\"https:\/\/www.erresse-shop.it\/fr\/shop\/cuisine\/machines-pour-pates\/marcato-ensemble-pour-biscuits-argent\/\" \/>\n<meta property=\"og:locale\" content=\"fr_FR\" \/>\n<meta property=\"og:type\" content=\"article\" \/>\n<meta property=\"og:title\" content=\"MARCATO Ensemble pour Biscuits Argent\" \/>\n<meta property=\"og:description\" content=\"D\u00e9couvrez MARCATO Ensemble pour Biscuits Argent sur ErresseShop. Qualit\u00e9, prix r\u00e9duits et achat s\u00e9curis\u00e9 \u2013 commandez d\u00e8s maintenant en ligne !\" \/>\n<meta property=\"og:url\" content=\"https:\/\/www.erresse-shop.it\/fr\/shop\/cuisine\/machines-pour-pates\/marcato-ensemble-pour-biscuits-argent\/\" \/>\n<meta property=\"og:site_name\" content=\"Erresse Shop\" \/>\n<meta property=\"article:modified_time\" content=\"2025-01-13T15:21:35+00:00\" \/>\n<meta property=\"og:image\" content=\"https:\/\/www.erresse-shop.it\/wp-content\/uploads\/2021\/10\/Cookie-Set-Pack.jpg\" \/>\n\t<meta property=\"og:image:width\" content=\"1000\" \/>\n\t<meta property=\"og:image:height\" content=\"1000\" \/>\n\t<meta property=\"og:image:type\" content=\"image\/jpeg\" \/>\n<meta name=\"twitter:card\" content=\"summary_large_image\" \/>\n<script type=\"application\/ld+json\" class=\"yoast-schema-graph\">{\"@context\":\"https:\/\/schema.org\",\"@graph\":[{\"@type\":\"WebPage\",\"@id\":\"https:\/\/www.erresse-shop.it\/fr\/shop\/cuisine\/machines-pour-pates\/marcato-ensemble-pour-biscuits-argent\/\",\"url\":\"https:\/\/www.erresse-shop.it\/fr\/shop\/cuisine\/machines-pour-pates\/marcato-ensemble-pour-biscuits-argent\/\",\"name\":\"MARCATO Ensemble pour Biscuits Argent\",\"isPartOf\":{\"@id\":\"https:\/\/www.erresse-shop.it\/fr\/#website\"},\"datePublished\":\"2021-10-12T07:23:45+00:00\",\"dateModified\":\"2025-01-13T15:21:35+00:00\",\"description\":\"D\u00e9couvrez MARCATO Ensemble pour Biscuits Argent sur ErresseShop. Qualit\u00e9, prix r\u00e9duits et achat s\u00e9curis\u00e9 \u2013 commandez d\u00e8s maintenant en ligne !\",\"breadcrumb\":{\"@id\":\"https:\/\/www.erresse-shop.it\/fr\/shop\/cuisine\/machines-pour-pates\/marcato-ensemble-pour-biscuits-argent\/#breadcrumb\"},\"inLanguage\":\"fr-FR\",\"potentialAction\":[{\"@type\":\"ReadAction\",\"target\":[\"https:\/\/www.erresse-shop.it\/fr\/shop\/cuisine\/machines-pour-pates\/marcato-ensemble-pour-biscuits-argent\/\"]}]},{\"@type\":\"BreadcrumbList\",\"@id\":\"https:\/\/www.erresse-shop.it\/fr\/shop\/cuisine\/machines-pour-pates\/marcato-ensemble-pour-biscuits-argent\/#breadcrumb\",\"itemListElement\":[{\"@type\":\"ListItem\",\"position\":1,\"name\":\"Home\",\"item\":\"https:\/\/www.erresse-shop.it\/fr\/\"},{\"@type\":\"ListItem\",\"position\":2,\"name\":\"Shop\",\"item\":\"https:\/\/www.erresse-shop.it\/fr\/shop\/\"},{\"@type\":\"ListItem\",\"position\":3,\"name\":\"MARCATO Ensemble pour Biscuits Argent\"}]},{\"@type\":\"WebSite\",\"@id\":\"https:\/\/www.erresse-shop.it\/fr\/#website\",\"url\":\"https:\/\/www.erresse-shop.it\/fr\/\",\"name\":\"Erresse Shop\",\"description\":\"Articoli di qualit\u00e0 per la casa\",\"potentialAction\":[{\"@type\":\"SearchAction\",\"target\":{\"@type\":\"EntryPoint\",\"urlTemplate\":\"https:\/\/www.erresse-shop.it\/fr\/?s={search_term_string}\"},\"query-input\":\"required name=search_term_string\"}],\"inLanguage\":\"fr-FR\"}]}<\/script>\n<!-- \/ Yoast SEO Premium plugin. -->","yoast_head_json":{"title":"MARCATO Ensemble pour Biscuits Argent","description":"D\u00e9couvrez MARCATO Ensemble pour Biscuits Argent sur ErresseShop. Qualit\u00e9, prix r\u00e9duits et achat s\u00e9curis\u00e9 \u2013 commandez d\u00e8s maintenant en ligne !","robots":{"index":"index","follow":"follow","max-snippet":"max-snippet:-1","max-image-preview":"max-image-preview:large","max-video-preview":"max-video-preview:-1"},"canonical":"https:\/\/www.erresse-shop.it\/fr\/shop\/cuisine\/machines-pour-pates\/marcato-ensemble-pour-biscuits-argent\/","og_locale":"fr_FR","og_type":"article","og_title":"MARCATO Ensemble pour Biscuits Argent","og_description":"D\u00e9couvrez MARCATO Ensemble pour Biscuits Argent sur ErresseShop. Qualit\u00e9, prix r\u00e9duits et achat s\u00e9curis\u00e9 \u2013 commandez d\u00e8s maintenant en ligne !","og_url":"https:\/\/www.erresse-shop.it\/fr\/shop\/cuisine\/machines-pour-pates\/marcato-ensemble-pour-biscuits-argent\/","og_site_name":"Erresse Shop","article_modified_time":"2025-01-13T15:21:35+00:00","og_image":[{"width":1000,"height":1000,"url":"https:\/\/www.erresse-shop.it\/wp-content\/uploads\/2021\/10\/Cookie-Set-Pack.jpg","type":"image\/jpeg"}],"twitter_card":"summary_large_image","schema":{"@context":"https:\/\/schema.org","@graph":[{"@type":"WebPage","@id":"https:\/\/www.erresse-shop.it\/fr\/shop\/cuisine\/machines-pour-pates\/marcato-ensemble-pour-biscuits-argent\/","url":"https:\/\/www.erresse-shop.it\/fr\/shop\/cuisine\/machines-pour-pates\/marcato-ensemble-pour-biscuits-argent\/","name":"MARCATO Ensemble pour Biscuits Argent","isPartOf":{"@id":"https:\/\/www.erresse-shop.it\/fr\/#website"},"datePublished":"2021-10-12T07:23:45+00:00","dateModified":"2025-01-13T15:21:35+00:00","description":"D\u00e9couvrez MARCATO Ensemble pour Biscuits Argent sur ErresseShop. Qualit\u00e9, prix r\u00e9duits et achat s\u00e9curis\u00e9 \u2013 commandez d\u00e8s maintenant en ligne !","breadcrumb":{"@id":"https:\/\/www.erresse-shop.it\/fr\/shop\/cuisine\/machines-pour-pates\/marcato-ensemble-pour-biscuits-argent\/#breadcrumb"},"inLanguage":"fr-FR","potentialAction":[{"@type":"ReadAction","target":["https:\/\/www.erresse-shop.it\/fr\/shop\/cuisine\/machines-pour-pates\/marcato-ensemble-pour-biscuits-argent\/"]}]},{"@type":"BreadcrumbList","@id":"https:\/\/www.erresse-shop.it\/fr\/shop\/cuisine\/machines-pour-pates\/marcato-ensemble-pour-biscuits-argent\/#breadcrumb","itemListElement":[{"@type":"ListItem","position":1,"name":"Home","item":"https:\/\/www.erresse-shop.it\/fr\/"},{"@type":"ListItem","position":2,"name":"Shop","item":"https:\/\/www.erresse-shop.it\/fr\/shop\/"},{"@type":"ListItem","position":3,"name":"MARCATO Ensemble pour Biscuits Argent"}]},{"@type":"WebSite","@id":"https:\/\/www.erresse-shop.it\/fr\/#website","url":"https:\/\/www.erresse-shop.it\/fr\/","name":"Erresse Shop","description":"Articoli di qualit\u00e0 per la casa","potentialAction":[{"@type":"SearchAction","target":{"@type":"EntryPoint","urlTemplate":"https:\/\/www.erresse-shop.it\/fr\/?s={search_term_string}"},"query-input":"required name=search_term_string"}],"inLanguage":"fr-FR"}]}},"df_price":57.45,"df_sale_price":57.45,"df_regular_price":114.9,"df_image_link":"https:\/\/www.erresse-shop.it\/wp-content\/uploads\/2021\/10\/Cookie-Set-Pack-300x300.jpg","_links":{"self":[{"href":"https:\/\/www.erresse-shop.it\/fr\/wp-json\/wp\/v2\/product\/123574"}],"collection":[{"href":"https:\/\/www.erresse-shop.it\/fr\/wp-json\/wp\/v2\/product"}],"about":[{"href":"https:\/\/www.erresse-shop.it\/fr\/wp-json\/wp\/v2\/types\/product"}],"wp:featuredmedia":[{"embeddable":true,"href":"https:\/\/www.erresse-shop.it\/fr\/wp-json\/wp\/v2\/media\/123579"}],"wp:attachment":[{"href":"https:\/\/www.erresse-shop.it\/fr\/wp-json\/wp\/v2\/media?parent=123574"}],"wp:term":[{"taxonomy":"product_cat","embeddable":true,"href":"https:\/\/www.erresse-shop.it\/fr\/wp-json\/wp\/v2\/product_cat?post=123574"},{"taxonomy":"product_tag","embeddable":true,"href":"https:\/\/www.erresse-shop.it\/fr\/wp-json\/wp\/v2\/product_tag?post=123574"}],"curies":[{"name":"wp","href":"https:\/\/api.w.org\/{rel}","templated":true}]}}