{"id":123323,"date":"2021-10-08T13:52:37","date_gmt":"2021-10-08T13:52:41","guid":{"rendered":"https:\/\/www.erresse-shop.it\/?post_type=product&#038;p=123323"},"modified":"2025-04-25T07:40:07","modified_gmt":"2025-04-25T07:40:07","slug":"staub-sauteuse-23x17-cm-gris","status":"publish","type":"product","link":"https:\/\/www.erresse-shop.it\/fr\/shop\/poeles-pots\/sauteuses-et-faitout\/staub-sauteuse-23x17-cm-gris\/","title":{"rendered":"STAUB Sauteuse 23&#215;17 cm Gris"},"content":{"rendered":"<p>Ce plat de cuisson ovale avec couvercle est parfait pour les gratins sal\u00e9s et sucr\u00e9s et autres plats cuisin\u00e9s. Le plat est de couleur gris graphite fin, mesure 23 cm x 17 cm et peut contenir jusqu&#8217;\u00e0 1 litre. Il peut \u00eatre gard\u00e9 en s\u00e9curit\u00e9 gr\u00e2ce aux poign\u00e9es en fonte. La cocotte de la s\u00e9rie Crockery de Staub convient \u00e0 la fois pour la friture et la pr\u00e9cuisson des aliments sur la plaque de cuisson et au four. La fonte distribue la chaleur de mani\u00e8re homog\u00e8ne afin que vos aliments soient uniform\u00e9ment dor\u00e9s et croustillants. En outre, il retient la chaleur et favorise ainsi une cuisson efficace. Le couvercle prot\u00e8ge les aliments de la surchauffe, s&#8217;adapte parfaitement au plat ovale et poss\u00e8de un bouton argent\u00e9 brillant. Avec ce plat \u00e0 four Staub, vous pouvez servir des plats d\u00e9licieux en toute s\u00e9curit\u00e9, directement sur la table. Les plats, pr\u00e9par\u00e9s de mani\u00e8re tr\u00e8s efficace, sont mis en valeur par son design classique.<\/p>\n<ul>\n<li>Pour pr\u00e9parer et servir<\/li>\n<li>Poids net : 2,51 kg<\/li>\n<li>Capacit\u00e9 : 1,00 l<\/li>\n<li>Longueur du produit : 28,70 cm<\/li>\n<li>Largeur du produit : 18,00 cm<\/li>\n<li>Hauteur du produit : 9,50 cm<\/li>\n<li>Diam\u00e8tre sup\u00e9rieur : 23,00 cm<\/li>\n<li>Diam\u00e8tre sup\u00e9rieur 2 : 16,80 cm<\/li>\n<li>Diam\u00e8tre du fond : 19,30 cm<\/li>\n<\/ul>\n","protected":false},"excerpt":{"rendered":"<p>Ce plat de cuisson ovale avec couvercle est parfait pour les gratins sal\u00e9s et sucr\u00e9s et autres plats cuisin\u00e9s. Le<\/p>\n","protected":false},"featured_media":123310,"template":"","meta":{"_acf_changed":false,"inline_featured_image":false},"product_cat":[12458,14797],"product_tag":[12461,13179],"acf":[],"yoast_head":"<!-- This site is optimized with the Yoast SEO Premium plugin v18.6 (Yoast SEO v19.13) - https:\/\/yoast.com\/wordpress\/plugins\/seo\/ -->\n<title>STAUB Sauteuse 23x17 cm Gris - Erresse Shop<\/title>\n<meta name=\"description\" content=\"Ce plat de cuisson ovale avec couvercle est parfait pour les gratins sal\u00e9s et sucr\u00e9s et autres plats cuisin\u00e9s. Le plat est de couleur gris graphite fin,\" \/>\n<meta name=\"robots\" content=\"index, follow, max-snippet:-1, max-image-preview:large, max-video-preview:-1\" \/>\n<link rel=\"canonical\" href=\"https:\/\/www.erresse-shop.it\/fr\/shop\/poeles-pots\/sauteuses-et-faitout\/staub-sauteuse-23x17-cm-gris\/\" \/>\n<meta property=\"og:locale\" content=\"fr_FR\" \/>\n<meta property=\"og:type\" content=\"article\" \/>\n<meta property=\"og:title\" content=\"STAUB Sauteuse 23x17 cm Gris\" \/>\n<meta property=\"og:description\" content=\"Ce plat de cuisson ovale avec couvercle est parfait pour les gratins sal\u00e9s et sucr\u00e9s et autres plats cuisin\u00e9s. Le plat est de couleur gris graphite fin,\" \/>\n<meta property=\"og:url\" content=\"https:\/\/www.erresse-shop.it\/fr\/shop\/poeles-pots\/sauteuses-et-faitout\/staub-sauteuse-23x17-cm-gris\/\" \/>\n<meta property=\"og:site_name\" content=\"Erresse Shop\" \/>\n<meta property=\"article:modified_time\" content=\"2025-04-25T07:40:07+00:00\" \/>\n<meta property=\"og:image\" content=\"https:\/\/www.erresse-shop.it\/wp-content\/uploads\/2021\/10\/STAUB-Tegame-23x17-cm-Grigio.jpg\" \/>\n\t<meta property=\"og:image:width\" content=\"1350\" \/>\n\t<meta property=\"og:image:height\" content=\"1350\" \/>\n\t<meta property=\"og:image:type\" content=\"image\/jpeg\" \/>\n<meta name=\"twitter:card\" content=\"summary_large_image\" \/>\n<script type=\"application\/ld+json\" class=\"yoast-schema-graph\">{\"@context\":\"https:\/\/schema.org\",\"@graph\":[{\"@type\":\"WebPage\",\"@id\":\"https:\/\/www.erresse-shop.it\/fr\/shop\/poeles-pots\/sauteuses-et-faitout\/staub-sauteuse-23x17-cm-gris\/\",\"url\":\"https:\/\/www.erresse-shop.it\/fr\/shop\/poeles-pots\/sauteuses-et-faitout\/staub-sauteuse-23x17-cm-gris\/\",\"name\":\"STAUB Sauteuse 23x17 cm Gris - Erresse Shop\",\"isPartOf\":{\"@id\":\"https:\/\/www.erresse-shop.it\/fr\/#website\"},\"datePublished\":\"2021-10-08T13:52:41+00:00\",\"dateModified\":\"2025-04-25T07:40:07+00:00\",\"description\":\"Ce plat de cuisson ovale avec couvercle est parfait pour les gratins sal\u00e9s et sucr\u00e9s et autres plats cuisin\u00e9s. Le plat est de couleur gris graphite fin,\",\"breadcrumb\":{\"@id\":\"https:\/\/www.erresse-shop.it\/fr\/shop\/poeles-pots\/sauteuses-et-faitout\/staub-sauteuse-23x17-cm-gris\/#breadcrumb\"},\"inLanguage\":\"fr-FR\",\"potentialAction\":[{\"@type\":\"ReadAction\",\"target\":[\"https:\/\/www.erresse-shop.it\/fr\/shop\/poeles-pots\/sauteuses-et-faitout\/staub-sauteuse-23x17-cm-gris\/\"]}]},{\"@type\":\"BreadcrumbList\",\"@id\":\"https:\/\/www.erresse-shop.it\/fr\/shop\/poeles-pots\/sauteuses-et-faitout\/staub-sauteuse-23x17-cm-gris\/#breadcrumb\",\"itemListElement\":[{\"@type\":\"ListItem\",\"position\":1,\"name\":\"Home\",\"item\":\"https:\/\/www.erresse-shop.it\/fr\/\"},{\"@type\":\"ListItem\",\"position\":2,\"name\":\"Shop\",\"item\":\"https:\/\/www.erresse-shop.it\/fr\/shop\/\"},{\"@type\":\"ListItem\",\"position\":3,\"name\":\"STAUB Sauteuse 23&#215;17 cm Gris\"}]},{\"@type\":\"WebSite\",\"@id\":\"https:\/\/www.erresse-shop.it\/fr\/#website\",\"url\":\"https:\/\/www.erresse-shop.it\/fr\/\",\"name\":\"Erresse Shop\",\"description\":\"Articoli di qualit\u00e0 per la casa\",\"potentialAction\":[{\"@type\":\"SearchAction\",\"target\":{\"@type\":\"EntryPoint\",\"urlTemplate\":\"https:\/\/www.erresse-shop.it\/fr\/?s={search_term_string}\"},\"query-input\":\"required name=search_term_string\"}],\"inLanguage\":\"fr-FR\"}]}<\/script>\n<!-- \/ Yoast SEO Premium plugin. -->","yoast_head_json":{"title":"STAUB Sauteuse 23x17 cm Gris - Erresse Shop","description":"Ce plat de cuisson ovale avec couvercle est parfait pour les gratins sal\u00e9s et sucr\u00e9s et autres plats cuisin\u00e9s. Le plat est de couleur gris graphite fin,","robots":{"index":"index","follow":"follow","max-snippet":"max-snippet:-1","max-image-preview":"max-image-preview:large","max-video-preview":"max-video-preview:-1"},"canonical":"https:\/\/www.erresse-shop.it\/fr\/shop\/poeles-pots\/sauteuses-et-faitout\/staub-sauteuse-23x17-cm-gris\/","og_locale":"fr_FR","og_type":"article","og_title":"STAUB Sauteuse 23x17 cm Gris","og_description":"Ce plat de cuisson ovale avec couvercle est parfait pour les gratins sal\u00e9s et sucr\u00e9s et autres plats cuisin\u00e9s. Le plat est de couleur gris graphite fin,","og_url":"https:\/\/www.erresse-shop.it\/fr\/shop\/poeles-pots\/sauteuses-et-faitout\/staub-sauteuse-23x17-cm-gris\/","og_site_name":"Erresse Shop","article_modified_time":"2025-04-25T07:40:07+00:00","og_image":[{"width":1350,"height":1350,"url":"https:\/\/www.erresse-shop.it\/wp-content\/uploads\/2021\/10\/STAUB-Tegame-23x17-cm-Grigio.jpg","type":"image\/jpeg"}],"twitter_card":"summary_large_image","schema":{"@context":"https:\/\/schema.org","@graph":[{"@type":"WebPage","@id":"https:\/\/www.erresse-shop.it\/fr\/shop\/poeles-pots\/sauteuses-et-faitout\/staub-sauteuse-23x17-cm-gris\/","url":"https:\/\/www.erresse-shop.it\/fr\/shop\/poeles-pots\/sauteuses-et-faitout\/staub-sauteuse-23x17-cm-gris\/","name":"STAUB Sauteuse 23x17 cm Gris - Erresse Shop","isPartOf":{"@id":"https:\/\/www.erresse-shop.it\/fr\/#website"},"datePublished":"2021-10-08T13:52:41+00:00","dateModified":"2025-04-25T07:40:07+00:00","description":"Ce plat de cuisson ovale avec couvercle est parfait pour les gratins sal\u00e9s et sucr\u00e9s et autres plats cuisin\u00e9s. Le plat est de couleur gris graphite fin,","breadcrumb":{"@id":"https:\/\/www.erresse-shop.it\/fr\/shop\/poeles-pots\/sauteuses-et-faitout\/staub-sauteuse-23x17-cm-gris\/#breadcrumb"},"inLanguage":"fr-FR","potentialAction":[{"@type":"ReadAction","target":["https:\/\/www.erresse-shop.it\/fr\/shop\/poeles-pots\/sauteuses-et-faitout\/staub-sauteuse-23x17-cm-gris\/"]}]},{"@type":"BreadcrumbList","@id":"https:\/\/www.erresse-shop.it\/fr\/shop\/poeles-pots\/sauteuses-et-faitout\/staub-sauteuse-23x17-cm-gris\/#breadcrumb","itemListElement":[{"@type":"ListItem","position":1,"name":"Home","item":"https:\/\/www.erresse-shop.it\/fr\/"},{"@type":"ListItem","position":2,"name":"Shop","item":"https:\/\/www.erresse-shop.it\/fr\/shop\/"},{"@type":"ListItem","position":3,"name":"STAUB Sauteuse 23&#215;17 cm Gris"}]},{"@type":"WebSite","@id":"https:\/\/www.erresse-shop.it\/fr\/#website","url":"https:\/\/www.erresse-shop.it\/fr\/","name":"Erresse Shop","description":"Articoli di qualit\u00e0 per la casa","potentialAction":[{"@type":"SearchAction","target":{"@type":"EntryPoint","urlTemplate":"https:\/\/www.erresse-shop.it\/fr\/?s={search_term_string}"},"query-input":"required name=search_term_string"}],"inLanguage":"fr-FR"}]}},"df_price":69.5,"df_sale_price":69.5,"df_regular_price":139,"df_image_link":"https:\/\/www.erresse-shop.it\/wp-content\/uploads\/2021\/10\/STAUB-Tegame-23x17-cm-Grigio-300x300.jpg","_links":{"self":[{"href":"https:\/\/www.erresse-shop.it\/fr\/wp-json\/wp\/v2\/product\/123323"}],"collection":[{"href":"https:\/\/www.erresse-shop.it\/fr\/wp-json\/wp\/v2\/product"}],"about":[{"href":"https:\/\/www.erresse-shop.it\/fr\/wp-json\/wp\/v2\/types\/product"}],"wp:featuredmedia":[{"embeddable":true,"href":"https:\/\/www.erresse-shop.it\/fr\/wp-json\/wp\/v2\/media\/123310"}],"wp:attachment":[{"href":"https:\/\/www.erresse-shop.it\/fr\/wp-json\/wp\/v2\/media?parent=123323"}],"wp:term":[{"taxonomy":"product_cat","embeddable":true,"href":"https:\/\/www.erresse-shop.it\/fr\/wp-json\/wp\/v2\/product_cat?post=123323"},{"taxonomy":"product_tag","embeddable":true,"href":"https:\/\/www.erresse-shop.it\/fr\/wp-json\/wp\/v2\/product_tag?post=123323"}],"curies":[{"name":"wp","href":"https:\/\/api.w.org\/{rel}","templated":true}]}}