{"id":123186,"date":"2021-10-08T09:14:47","date_gmt":"2021-10-08T09:14:52","guid":{"rendered":"https:\/\/www.erresse-shop.it\/?post_type=product&#038;p=123186"},"modified":"2025-03-28T10:42:57","modified_gmt":"2025-03-28T10:42:57","slug":"staub-cocotte-rond-26-cm-cannelle","status":"publish","type":"product","link":"https:\/\/www.erresse-shop.it\/fr\/shop\/poeles-pots\/marmites-et-cocottes-poeles-pots\/staub-cocotte-rond-26-cm-cannelle\/","title":{"rendered":"STAUB Cocotte Rond 26 cm Cannelle"},"content":{"rendered":"<p>Cette cocotte ronde en fonte \u00e9maill\u00e9e STAUB Bleu intense de 30 cm est adapt\u00e9e pour 5 \u00e0 7 personnes, pour pr\u00e9parer des plats mijot\u00e9s, des r\u00f4tis, de la volaille et m\u00eame du pain ! Compatible tous feux et four, elle peut \u00e9galement s\u2019utiliser sur induction. La couleur bleu intense de l&#8217;\u00e9mail est obtenue avec la finition sp\u00e9ciale &#8220;Majolique&#8221;, une technique particuli\u00e8re appliqu\u00e9e \u00e0 l\u2019\u00e9mail permet d\u2019obtenir une brillance unique et une teinte d\u2019une profonde intensit\u00e9. V\u00e9ritable savoir-faire authentique de cr\u00e9ation fran\u00e7aise, cette cocotte est une pi\u00e8ce unique, issue d\u2019un processus de fabrication traditionnel. Avec son design \u00e9labor\u00e9 et son poids optimis\u00e9, son couvercle plat au contour marqu\u00e9 pr\u00e9sente d\u2019excellentes propri\u00e9t\u00e9s de r\u00e9tention de l\u2019humidit\u00e9 et assure gr\u00e2ce \u00e0 ses picots\u00ae, un arrosage homog\u00e8ne, une pluie d\u2019ar\u00f4mes, pour des plats qui mijotent longtemps. L\u2019int\u00e9rieur de cette cocotte est \u00e9maill\u00e9 noir mat, la marque de fabrique STAUB. Cet \u00e9mail de qualit\u00e9 sup\u00e9rieure permet d\u2019obtenir une meilleure r\u00e9sistance aux rayures et facilite l\u2019entretien. Il poss\u00e8de les propri\u00e9t\u00e9s id\u00e9ales pour saisir, r\u00f4tir et caram\u00e9liser les aliments. N\u00e9e en Alsace, la cocotte STAUB a su traverser le temps et les fronti\u00e8res. Pr\u00e9f\u00e9r\u00e9e aussi bien par les amateurs que les grands chefs, elle passe ais\u00e9ment de la cuisine \u00e0 la table. Quel que soit le plat que vous concoctez, avec la Cocotte STAUB vous avez l\u2019assurance de conserver toute l\u2019intensit\u00e9 et les saveurs, la viande restera tendre et les l\u00e9gumes moelleux. Compos\u00e9e de fonte, un alliage de fer riche en carbone, un des mat\u00e9riaux qui retiennent le mieux la chaleur, la diffuse lentement et la redistribue de mani\u00e8re parfaitement homog\u00e8ne. Une fois la fonte suffisamment chaude, ses propri\u00e9t\u00e9s de r\u00e9tention de la chaleur permettent de r\u00e9duire le feu au minimum, afin de laisser mijoter doucement les plats. La fonte conserve \u00e9galement le froid : la cocotte \u00e0 temp\u00e9rature ambiante peut \u00eatre plac\u00e9e au r\u00e9frig\u00e9rateur avant de servir afin de rester froide une fois \u00e0 table.<\/p>\n<p>&#8211; Id\u00e9al pour saisir, cuire ou laisser mijoter de la viande, du poisson ou des l\u00e9gumes<br \/>\n&#8211; Une cuisson juteuse et tendre gr\u00e2ce \u00e0 son couvercle sp\u00e9cial et ses picots\u00ae<br \/>\n&#8211; L&#8217;\u00e9maillage int\u00e9rieur noir mat tr\u00e8s r\u00e9sistant \u00e0 l&#8217;usure, convient particuli\u00e8rement pour saisir, r\u00f4tir et caram\u00e9liser les aliments<br \/>\n&#8211; Adapt\u00e9 pour toutes les sources de chaleur y compris induction, peut \u00eatre utilis\u00e9 aussi au four<br \/>\n&#8211; Couleur intense de l&#8217;\u00e9mail avec la finition sp\u00e9ciale &#8220;Majolique&#8221;<\/p>\n<p><strong>Caract\u00e9ristiques<\/strong><br \/>\n&#8211; R\u00e9sistance \u00e0 la chaleur (\u00b0C) : 240.00 \u00baC<br \/>\n&#8211; Mat\u00e9riau : fonte<br \/>\n&#8211; Couvercle existant : oui<br \/>\n&#8211; Induction : Oui<br \/>\n&#8211; Passe au four : Oui<br \/>\n&#8211; Convient pour le cong\u00e9lateur : Oui<br \/>\n&#8211; Peut \u00eatre utilis\u00e9 sur la cuisini\u00e8re : oui<br \/>\n&#8211; Lavable au lave-vaisselle : oui<\/p>\n<p><strong>Taille<\/strong><br \/>\n&#8211; Poids net : 6,90 kg<br \/>\n&#8211; Capacit\u00e9 : 6,70 l<br \/>\n&#8211; Longueur du produit : 35,20 cm<br \/>\n&#8211; Largeur du produit : 28,00 cm<br \/>\n&#8211; Hauteur du produit : 18,20 cm<br \/>\n&#8211; Hauteur sans couvercle : 13,20 cm<br \/>\n&#8211; Diam\u00e8tre du sommet : 28,00 cm<br \/>\n&#8211; Diam\u00e8tre du fond : 23,70 cm<br \/>\n&#8211; Longueur du manche : 3,50 cm<\/p>\n<p>Taille<br \/>\n&#8211; Poids net : 5,70 kg<br \/>\n&#8211; Capacit\u00e9 : 5,25 l<br \/>\n&#8211; Longueur du produit : 32,70 cm<br \/>\n&#8211; Largeur du produit : 26.00 cm<br \/>\n&#8211; Hauteur du produit : 16,70 cm<br \/>\n&#8211; Hauteur sans couvercle : 11,80 cm<br \/>\n&#8211; Diam\u00e8tre sup\u00e9rieur : 26,00 cm<br \/>\n&#8211; Diam\u00e8tre du fond : 21,70 cm<br \/>\n&#8211; Longueur de la poign\u00e9e : 3,30 cm<\/p>\n","protected":false},"excerpt":{"rendered":"<p>Cette cocotte ronde en fonte \u00e9maill\u00e9e STAUB Bleu intense de 30 cm est adapt\u00e9e pour 5 \u00e0 7 personnes, pour<\/p>\n","protected":false},"featured_media":123179,"template":"","meta":{"_acf_changed":false,"inline_featured_image":false},"product_cat":[12458,14792],"product_tag":[25086,25021,12994,12461,12465,12466,12468],"acf":[],"yoast_head":"<!-- This site is optimized with the Yoast SEO Premium plugin v18.6 (Yoast SEO v19.13) - https:\/\/yoast.com\/wordpress\/plugins\/seo\/ -->\n<title>STAUB Cocotte Rond 26 cm Cannelle<\/title>\n<meta name=\"description\" content=\"D\u00e9couvrez STAUB Cocotte Rond 26 cm Cannelle sur ErresseShop. Qualit\u00e9, prix r\u00e9duits et achat s\u00e9curis\u00e9 \u2013 commandez d\u00e8s maintenant en ligne !\" \/>\n<meta name=\"robots\" content=\"index, follow, max-snippet:-1, max-image-preview:large, max-video-preview:-1\" \/>\n<link rel=\"canonical\" href=\"https:\/\/www.erresse-shop.it\/fr\/shop\/poeles-pots\/marmites-et-cocottes-poeles-pots\/staub-cocotte-rond-26-cm-cannelle\/\" \/>\n<meta property=\"og:locale\" content=\"fr_FR\" \/>\n<meta property=\"og:type\" content=\"article\" \/>\n<meta property=\"og:title\" content=\"STAUB Cocotte Rond 26 cm Cannelle\" \/>\n<meta property=\"og:description\" content=\"D\u00e9couvrez STAUB Cocotte Rond 26 cm Cannelle sur ErresseShop. Qualit\u00e9, prix r\u00e9duits et achat s\u00e9curis\u00e9 \u2013 commandez d\u00e8s maintenant en ligne !\" \/>\n<meta property=\"og:url\" content=\"https:\/\/www.erresse-shop.it\/fr\/shop\/poeles-pots\/marmites-et-cocottes-poeles-pots\/staub-cocotte-rond-26-cm-cannelle\/\" \/>\n<meta property=\"og:site_name\" content=\"Erresse Shop\" \/>\n<meta property=\"article:modified_time\" content=\"2025-03-28T10:42:57+00:00\" \/>\n<meta property=\"og:image\" content=\"https:\/\/www.erresse-shop.it\/wp-content\/uploads\/2021\/10\/STAUB-Cocotte-Tonda-Cannella.jpg\" \/>\n\t<meta property=\"og:image:width\" content=\"1350\" \/>\n\t<meta property=\"og:image:height\" content=\"1350\" \/>\n\t<meta property=\"og:image:type\" content=\"image\/jpeg\" \/>\n<meta name=\"twitter:card\" content=\"summary_large_image\" \/>\n<script type=\"application\/ld+json\" class=\"yoast-schema-graph\">{\"@context\":\"https:\/\/schema.org\",\"@graph\":[{\"@type\":\"WebPage\",\"@id\":\"https:\/\/www.erresse-shop.it\/fr\/shop\/poeles-pots\/marmites-et-cocottes-poeles-pots\/staub-cocotte-rond-26-cm-cannelle\/\",\"url\":\"https:\/\/www.erresse-shop.it\/fr\/shop\/poeles-pots\/marmites-et-cocottes-poeles-pots\/staub-cocotte-rond-26-cm-cannelle\/\",\"name\":\"STAUB Cocotte Rond 26 cm Cannelle\",\"isPartOf\":{\"@id\":\"https:\/\/www.erresse-shop.it\/fr\/#website\"},\"datePublished\":\"2021-10-08T09:14:52+00:00\",\"dateModified\":\"2025-03-28T10:42:57+00:00\",\"description\":\"D\u00e9couvrez STAUB Cocotte Rond 26 cm Cannelle sur ErresseShop. Qualit\u00e9, prix r\u00e9duits et achat s\u00e9curis\u00e9 \u2013 commandez d\u00e8s maintenant en ligne !\",\"breadcrumb\":{\"@id\":\"https:\/\/www.erresse-shop.it\/fr\/shop\/poeles-pots\/marmites-et-cocottes-poeles-pots\/staub-cocotte-rond-26-cm-cannelle\/#breadcrumb\"},\"inLanguage\":\"fr-FR\",\"potentialAction\":[{\"@type\":\"ReadAction\",\"target\":[\"https:\/\/www.erresse-shop.it\/fr\/shop\/poeles-pots\/marmites-et-cocottes-poeles-pots\/staub-cocotte-rond-26-cm-cannelle\/\"]}]},{\"@type\":\"BreadcrumbList\",\"@id\":\"https:\/\/www.erresse-shop.it\/fr\/shop\/poeles-pots\/marmites-et-cocottes-poeles-pots\/staub-cocotte-rond-26-cm-cannelle\/#breadcrumb\",\"itemListElement\":[{\"@type\":\"ListItem\",\"position\":1,\"name\":\"Home\",\"item\":\"https:\/\/www.erresse-shop.it\/fr\/\"},{\"@type\":\"ListItem\",\"position\":2,\"name\":\"Shop\",\"item\":\"https:\/\/www.erresse-shop.it\/fr\/shop\/\"},{\"@type\":\"ListItem\",\"position\":3,\"name\":\"STAUB Cocotte Rond 26 cm Cannelle\"}]},{\"@type\":\"WebSite\",\"@id\":\"https:\/\/www.erresse-shop.it\/fr\/#website\",\"url\":\"https:\/\/www.erresse-shop.it\/fr\/\",\"name\":\"Erresse Shop\",\"description\":\"Articoli di qualit\u00e0 per la casa\",\"potentialAction\":[{\"@type\":\"SearchAction\",\"target\":{\"@type\":\"EntryPoint\",\"urlTemplate\":\"https:\/\/www.erresse-shop.it\/fr\/?s={search_term_string}\"},\"query-input\":\"required name=search_term_string\"}],\"inLanguage\":\"fr-FR\"}]}<\/script>\n<!-- \/ Yoast SEO Premium plugin. -->","yoast_head_json":{"title":"STAUB Cocotte Rond 26 cm Cannelle","description":"D\u00e9couvrez STAUB Cocotte Rond 26 cm Cannelle sur ErresseShop. Qualit\u00e9, prix r\u00e9duits et achat s\u00e9curis\u00e9 \u2013 commandez d\u00e8s maintenant en ligne !","robots":{"index":"index","follow":"follow","max-snippet":"max-snippet:-1","max-image-preview":"max-image-preview:large","max-video-preview":"max-video-preview:-1"},"canonical":"https:\/\/www.erresse-shop.it\/fr\/shop\/poeles-pots\/marmites-et-cocottes-poeles-pots\/staub-cocotte-rond-26-cm-cannelle\/","og_locale":"fr_FR","og_type":"article","og_title":"STAUB Cocotte Rond 26 cm Cannelle","og_description":"D\u00e9couvrez STAUB Cocotte Rond 26 cm Cannelle sur ErresseShop. Qualit\u00e9, prix r\u00e9duits et achat s\u00e9curis\u00e9 \u2013 commandez d\u00e8s maintenant en ligne !","og_url":"https:\/\/www.erresse-shop.it\/fr\/shop\/poeles-pots\/marmites-et-cocottes-poeles-pots\/staub-cocotte-rond-26-cm-cannelle\/","og_site_name":"Erresse Shop","article_modified_time":"2025-03-28T10:42:57+00:00","og_image":[{"width":1350,"height":1350,"url":"https:\/\/www.erresse-shop.it\/wp-content\/uploads\/2021\/10\/STAUB-Cocotte-Tonda-Cannella.jpg","type":"image\/jpeg"}],"twitter_card":"summary_large_image","schema":{"@context":"https:\/\/schema.org","@graph":[{"@type":"WebPage","@id":"https:\/\/www.erresse-shop.it\/fr\/shop\/poeles-pots\/marmites-et-cocottes-poeles-pots\/staub-cocotte-rond-26-cm-cannelle\/","url":"https:\/\/www.erresse-shop.it\/fr\/shop\/poeles-pots\/marmites-et-cocottes-poeles-pots\/staub-cocotte-rond-26-cm-cannelle\/","name":"STAUB Cocotte Rond 26 cm Cannelle","isPartOf":{"@id":"https:\/\/www.erresse-shop.it\/fr\/#website"},"datePublished":"2021-10-08T09:14:52+00:00","dateModified":"2025-03-28T10:42:57+00:00","description":"D\u00e9couvrez STAUB Cocotte Rond 26 cm Cannelle sur ErresseShop. Qualit\u00e9, prix r\u00e9duits et achat s\u00e9curis\u00e9 \u2013 commandez d\u00e8s maintenant en ligne !","breadcrumb":{"@id":"https:\/\/www.erresse-shop.it\/fr\/shop\/poeles-pots\/marmites-et-cocottes-poeles-pots\/staub-cocotte-rond-26-cm-cannelle\/#breadcrumb"},"inLanguage":"fr-FR","potentialAction":[{"@type":"ReadAction","target":["https:\/\/www.erresse-shop.it\/fr\/shop\/poeles-pots\/marmites-et-cocottes-poeles-pots\/staub-cocotte-rond-26-cm-cannelle\/"]}]},{"@type":"BreadcrumbList","@id":"https:\/\/www.erresse-shop.it\/fr\/shop\/poeles-pots\/marmites-et-cocottes-poeles-pots\/staub-cocotte-rond-26-cm-cannelle\/#breadcrumb","itemListElement":[{"@type":"ListItem","position":1,"name":"Home","item":"https:\/\/www.erresse-shop.it\/fr\/"},{"@type":"ListItem","position":2,"name":"Shop","item":"https:\/\/www.erresse-shop.it\/fr\/shop\/"},{"@type":"ListItem","position":3,"name":"STAUB Cocotte Rond 26 cm Cannelle"}]},{"@type":"WebSite","@id":"https:\/\/www.erresse-shop.it\/fr\/#website","url":"https:\/\/www.erresse-shop.it\/fr\/","name":"Erresse Shop","description":"Articoli di qualit\u00e0 per la casa","potentialAction":[{"@type":"SearchAction","target":{"@type":"EntryPoint","urlTemplate":"https:\/\/www.erresse-shop.it\/fr\/?s={search_term_string}"},"query-input":"required name=search_term_string"}],"inLanguage":"fr-FR"}]}},"df_price":169.5,"df_sale_price":169.5,"df_regular_price":339,"df_image_link":"https:\/\/www.erresse-shop.it\/wp-content\/uploads\/2021\/10\/STAUB-Cocotte-Tonda-Cannella-300x300.jpg","_links":{"self":[{"href":"https:\/\/www.erresse-shop.it\/fr\/wp-json\/wp\/v2\/product\/123186"}],"collection":[{"href":"https:\/\/www.erresse-shop.it\/fr\/wp-json\/wp\/v2\/product"}],"about":[{"href":"https:\/\/www.erresse-shop.it\/fr\/wp-json\/wp\/v2\/types\/product"}],"wp:featuredmedia":[{"embeddable":true,"href":"https:\/\/www.erresse-shop.it\/fr\/wp-json\/wp\/v2\/media\/123179"}],"wp:attachment":[{"href":"https:\/\/www.erresse-shop.it\/fr\/wp-json\/wp\/v2\/media?parent=123186"}],"wp:term":[{"taxonomy":"product_cat","embeddable":true,"href":"https:\/\/www.erresse-shop.it\/fr\/wp-json\/wp\/v2\/product_cat?post=123186"},{"taxonomy":"product_tag","embeddable":true,"href":"https:\/\/www.erresse-shop.it\/fr\/wp-json\/wp\/v2\/product_tag?post=123186"}],"curies":[{"name":"wp","href":"https:\/\/api.w.org\/{rel}","templated":true}]}}