{"id":122865,"date":"2021-10-07T09:46:21","date_gmt":"2021-10-07T09:46:24","guid":{"rendered":"https:\/\/www.erresse-shop.it\/?post_type=product&#038;p=122865"},"modified":"2025-01-13T15:21:08","modified_gmt":"2025-01-13T15:21:08","slug":"zwilling-emballage-sous-vide-m-l-freshsave-7-pieces","status":"publish","type":"product","link":"https:\/\/www.erresse-shop.it\/fr\/shop\/cuisine\/sous-vide\/zwilling-emballage-sous-vide-m-l-freshsave-7-pieces\/","title":{"rendered":"ZWILLING Emballage sous Vide M-L Fresh&#038;Save 7 Pi\u00e8ces"},"content":{"rendered":"<p><strong>LE BON SET POUR COMMENCER UN R\u00c9GIME SAIN ET DURABLE<\/strong><\/p>\n<p>Le jeu de plastique est l&#8217;occasion de mettre enfin les bonnes intentions en pratique. Mangez sainement, \u00e9conomisez du temps et de l&#8217;argent et jetez moins de nourriture \u00e0 la poubelle !<br \/>\nVoici comment : achetez autant de produits frais que vous le souhaitez et conservez-les au r\u00e9frig\u00e9rateur ou au cong\u00e9lateur en utilisant les conteneurs sous vide de cette gamme. Ou pr\u00e9parez vos repas aujourd&#8217;hui pour le reste de la semaine. Gr\u00e2ce \u00e0 la conservation sous vide, vos aliments resteront frais jusqu&#8217;\u00e0 cinq fois plus longtemps qu&#8217;avec les m\u00e9thodes conventionnelles de conservation sans vide !<br \/>\nLe stockage sous vide est un jeu d&#8217;enfant : placez la pompe \u00e0 vide pratique sur la valve des r\u00e9cipients et des sacs, puis, en appuyant sur un bouton, la pompe extrait l&#8217;air des r\u00e9cipients en quelques secondes. Le point fort : il s&#8217;arr\u00eate automatiquement d\u00e8s qu&#8217;un vide suffisant a \u00e9t\u00e9 g\u00e9n\u00e9r\u00e9. Les ar\u00f4mes et les nutriments sont pr\u00e9serv\u00e9s en toute s\u00e9curit\u00e9. En plus de la pompe \u00e0 vide, le kit comprend deux sacs \u00e0 vide de taille S et M et deux r\u00e9cipients en plastique d&#8217;une capacit\u00e9 de 1,1 et 2,3 litres.<br \/>\nLes r\u00e9cipients sous vide r\u00e9sistent au cong\u00e9lateur, au micro-ondes et au lave-vaisselle. Les sacs sous vide sont r\u00e9sistants \u00e0 la cong\u00e9lation et peuvent supporter des temp\u00e9ratures allant jusqu&#8217;\u00e0 100\u00b0C, ce qui les rend id\u00e9aux pour la cuisson sous vide.<br \/>\nPour une meilleure vue d&#8217;ensemble, scannez le code QR sur les couvercles des r\u00e9cipients et des sachets et suivez vos aliments dans <strong>l&#8217;application ZWILLING Culinary World<\/strong>. La fonction de rappel de l&#8217;application gratuite vous permet de savoir quand il est temps de consommer les aliments stock\u00e9s.<\/p>\n<ul>\n<li><strong>Fonction de mise sous vide :<\/strong> les aliments restent frais jusqu&#8217;\u00e0 cinq fois plus longtemps qu&#8217;avec les m\u00e9thodes de stockage classiques sans vide. Les saveurs et les nutriments sont pr\u00e9serv\u00e9s, tandis que les d\u00e9chets alimentaires sont r\u00e9duits.<\/li>\n<li><strong>Des r\u00e9cipients sous vide l\u00e9gers et indestructibles<\/strong> pour un stockage peu encombrant et empilable des aliments et des plats dans le r\u00e9frig\u00e9rateur et le cong\u00e9lateur. Lorsqu&#8217;ils ne sont pas utilis\u00e9s, les r\u00e9cipients en plastique peuvent \u00eatre rang\u00e9s les uns dans les autres dans un placard de cuisine.<\/li>\n<li><strong>Cong\u00e9lation s\u00fbre d&#8217;aliments et de plats cuisin\u00e9s<\/strong> (pas de br\u00fblures de cong\u00e9lation dues au vide) dans des r\u00e9cipients et des sacs sous vide.<\/li>\n<li><strong>Contenants sous vide allant au micro-ondes et au lave-vaisselle<\/strong><\/li>\n<li><strong>Sachets sous vide r\u00e9utilisables :<\/strong> r\u00e9sistants au cong\u00e9lateur, \u00e0 la chaleur (parfaits pour la cuisson sous vide) et au micro-ondes.<\/li>\n<li>L&#8217;ensemble comprend une pompe \u00e0 vide, 2 r\u00e9cipients en plastique, avec 2 sacs \u00e0 vide de taille S et 2 de taille M (capacit\u00e9 du r\u00e9cipient (sans couvercle) \/ niveau de remplissage max. : r\u00e9cipient M 1,1 l \/ 0,9 l ; r\u00e9cipient L 2,3 l \/ 2 L, sac \u00e0 vide : S 1,25 l \/ 4 l)<\/li>\n<li><strong>Mat\u00e9riaux :<\/strong> sans BPA, plastique (r\u00e9cipient, couvercle, sac, fermeture \u00e9clair), silicone (valve, joint)<\/li>\n<li><strong>Couvercle \u00e0 vide<\/strong> avec technologie innovante de double verrouillage et fonction d&#8217;indication de vide : si le couvercle int\u00e9rieur est abaiss\u00e9, la bo\u00eete est sous vide.<\/li>\n<li>Connexion facile des r\u00e9cipients gr\u00e2ce \u00e0 <strong>l&#8217;application ZWILLING Culinary World<\/strong> et au code QR sur le couvercle, ce qui est utile pour suivre les aliments et leur dur\u00e9e de conservation.<\/li>\n<li>L&#8217;application gratuite calcule la dur\u00e9e de conservation des aliments et des plats emball\u00e9s sous vide et la fonction de rappel vous informe quand il est temps de consommer les aliments stock\u00e9s. Les services de l&#8217;application sont compl\u00e9t\u00e9s par des recettes, une vid\u00e9o d&#8217;explication et une fonction de liste de courses.<\/li>\n<\/ul>\n<p><strong>CARACT\u00c9RISTIQUES<\/strong><\/p>\n<p><strong>Couleur :<\/strong> blanc<br \/>\n<strong>R\u00e9sistance \u00e0 la chaleur :<\/strong> 180.00 \u00baC<br \/>\n<strong>R\u00e9sistance au froid :<\/strong> -20.00 \u00baC<br \/>\n<strong>Mat\u00e9riau :<\/strong> plastique<br \/>\n<strong>Passe au micro-ondes :<\/strong> Oui<br \/>\n<strong>Convient pour le cong\u00e9lateur :<\/strong> Oui<br \/>\n<strong>Nombre de pi\u00e8ces :<\/strong> 7<br \/>\n<strong>Tension :<\/strong> 110-240 V<\/p>\n","protected":false},"excerpt":{"rendered":"<p>LE BON SET POUR COMMENCER UN R\u00c9GIME SAIN ET DURABLE Le jeu de plastique est l&#8217;occasion de mettre enfin les<\/p>\n","protected":false},"featured_media":122959,"template":"","meta":{"_acf_changed":false,"inline_featured_image":false},"product_cat":[12748,26042],"product_tag":[25036,23910,23660,25021,24415,24603,21821],"acf":[],"yoast_head":"<!-- This site is optimized with the Yoast SEO Premium plugin v18.6 (Yoast SEO v19.13) - https:\/\/yoast.com\/wordpress\/plugins\/seo\/ -->\n<title>ZWILLING Emballage sous Vide M-L Fresh&amp;Save 7 Pi\u00e8ces<\/title>\n<meta name=\"description\" content=\"D\u00e9couvrez ZWILLING Emballage sous Vide M-L Fresh&amp;Save 7 Pi\u00e8ces sur ErresseShop. Qualit\u00e9, prix r\u00e9duits et achat s\u00e9curis\u00e9 \u2013 commandez d\u00e8s maintenant en ligne !\" \/>\n<meta name=\"robots\" content=\"index, follow, max-snippet:-1, max-image-preview:large, max-video-preview:-1\" \/>\n<link rel=\"canonical\" href=\"https:\/\/www.erresse-shop.it\/fr\/shop\/cuisine\/sous-vide\/zwilling-emballage-sous-vide-m-l-freshsave-7-pieces\/\" \/>\n<meta property=\"og:locale\" content=\"fr_FR\" \/>\n<meta property=\"og:type\" content=\"article\" \/>\n<meta property=\"og:title\" content=\"ZWILLING Emballage sous Vide M-L Fresh&amp;Save 7 Pi\u00e8ces\" \/>\n<meta property=\"og:description\" content=\"D\u00e9couvrez ZWILLING Emballage sous Vide M-L Fresh&amp;Save 7 Pi\u00e8ces sur ErresseShop. Qualit\u00e9, prix r\u00e9duits et achat s\u00e9curis\u00e9 \u2013 commandez d\u00e8s maintenant en ligne !\" \/>\n<meta property=\"og:url\" content=\"https:\/\/www.erresse-shop.it\/fr\/shop\/cuisine\/sous-vide\/zwilling-emballage-sous-vide-m-l-freshsave-7-pieces\/\" \/>\n<meta property=\"og:site_name\" content=\"Erresse Shop\" \/>\n<meta property=\"article:modified_time\" content=\"2025-01-13T15:21:08+00:00\" \/>\n<meta property=\"og:image\" content=\"https:\/\/www.erresse-shop.it\/wp-content\/uploads\/2021\/10\/ZWILLING-Set-Sottovuoto-Medium-Large.jpg\" \/>\n\t<meta property=\"og:image:width\" content=\"1000\" \/>\n\t<meta property=\"og:image:height\" content=\"1000\" \/>\n\t<meta property=\"og:image:type\" content=\"image\/jpeg\" \/>\n<meta name=\"twitter:card\" content=\"summary_large_image\" \/>\n<script type=\"application\/ld+json\" class=\"yoast-schema-graph\">{\"@context\":\"https:\/\/schema.org\",\"@graph\":[{\"@type\":\"WebPage\",\"@id\":\"https:\/\/www.erresse-shop.it\/fr\/shop\/cuisine\/sous-vide\/zwilling-emballage-sous-vide-m-l-freshsave-7-pieces\/\",\"url\":\"https:\/\/www.erresse-shop.it\/fr\/shop\/cuisine\/sous-vide\/zwilling-emballage-sous-vide-m-l-freshsave-7-pieces\/\",\"name\":\"ZWILLING Emballage sous Vide M-L Fresh&Save 7 Pi\u00e8ces\",\"isPartOf\":{\"@id\":\"https:\/\/www.erresse-shop.it\/fr\/#website\"},\"datePublished\":\"2021-10-07T09:46:24+00:00\",\"dateModified\":\"2025-01-13T15:21:08+00:00\",\"description\":\"D\u00e9couvrez ZWILLING Emballage sous Vide M-L Fresh&Save 7 Pi\u00e8ces sur ErresseShop. Qualit\u00e9, prix r\u00e9duits et achat s\u00e9curis\u00e9 \u2013 commandez d\u00e8s maintenant en ligne !\",\"breadcrumb\":{\"@id\":\"https:\/\/www.erresse-shop.it\/fr\/shop\/cuisine\/sous-vide\/zwilling-emballage-sous-vide-m-l-freshsave-7-pieces\/#breadcrumb\"},\"inLanguage\":\"fr-FR\",\"potentialAction\":[{\"@type\":\"ReadAction\",\"target\":[\"https:\/\/www.erresse-shop.it\/fr\/shop\/cuisine\/sous-vide\/zwilling-emballage-sous-vide-m-l-freshsave-7-pieces\/\"]}]},{\"@type\":\"BreadcrumbList\",\"@id\":\"https:\/\/www.erresse-shop.it\/fr\/shop\/cuisine\/sous-vide\/zwilling-emballage-sous-vide-m-l-freshsave-7-pieces\/#breadcrumb\",\"itemListElement\":[{\"@type\":\"ListItem\",\"position\":1,\"name\":\"Home\",\"item\":\"https:\/\/www.erresse-shop.it\/fr\/\"},{\"@type\":\"ListItem\",\"position\":2,\"name\":\"Shop\",\"item\":\"https:\/\/www.erresse-shop.it\/fr\/shop\/\"},{\"@type\":\"ListItem\",\"position\":3,\"name\":\"ZWILLING Emballage sous Vide M-L Fresh&#038;Save 7 Pi\u00e8ces\"}]},{\"@type\":\"WebSite\",\"@id\":\"https:\/\/www.erresse-shop.it\/fr\/#website\",\"url\":\"https:\/\/www.erresse-shop.it\/fr\/\",\"name\":\"Erresse Shop\",\"description\":\"Articoli di qualit\u00e0 per la casa\",\"potentialAction\":[{\"@type\":\"SearchAction\",\"target\":{\"@type\":\"EntryPoint\",\"urlTemplate\":\"https:\/\/www.erresse-shop.it\/fr\/?s={search_term_string}\"},\"query-input\":\"required name=search_term_string\"}],\"inLanguage\":\"fr-FR\"}]}<\/script>\n<!-- \/ Yoast SEO Premium plugin. -->","yoast_head_json":{"title":"ZWILLING Emballage sous Vide M-L Fresh&Save 7 Pi\u00e8ces","description":"D\u00e9couvrez ZWILLING Emballage sous Vide M-L Fresh&Save 7 Pi\u00e8ces sur ErresseShop. Qualit\u00e9, prix r\u00e9duits et achat s\u00e9curis\u00e9 \u2013 commandez d\u00e8s maintenant en ligne !","robots":{"index":"index","follow":"follow","max-snippet":"max-snippet:-1","max-image-preview":"max-image-preview:large","max-video-preview":"max-video-preview:-1"},"canonical":"https:\/\/www.erresse-shop.it\/fr\/shop\/cuisine\/sous-vide\/zwilling-emballage-sous-vide-m-l-freshsave-7-pieces\/","og_locale":"fr_FR","og_type":"article","og_title":"ZWILLING Emballage sous Vide M-L Fresh&Save 7 Pi\u00e8ces","og_description":"D\u00e9couvrez ZWILLING Emballage sous Vide M-L Fresh&Save 7 Pi\u00e8ces sur ErresseShop. Qualit\u00e9, prix r\u00e9duits et achat s\u00e9curis\u00e9 \u2013 commandez d\u00e8s maintenant en ligne !","og_url":"https:\/\/www.erresse-shop.it\/fr\/shop\/cuisine\/sous-vide\/zwilling-emballage-sous-vide-m-l-freshsave-7-pieces\/","og_site_name":"Erresse Shop","article_modified_time":"2025-01-13T15:21:08+00:00","og_image":[{"width":1000,"height":1000,"url":"https:\/\/www.erresse-shop.it\/wp-content\/uploads\/2021\/10\/ZWILLING-Set-Sottovuoto-Medium-Large.jpg","type":"image\/jpeg"}],"twitter_card":"summary_large_image","schema":{"@context":"https:\/\/schema.org","@graph":[{"@type":"WebPage","@id":"https:\/\/www.erresse-shop.it\/fr\/shop\/cuisine\/sous-vide\/zwilling-emballage-sous-vide-m-l-freshsave-7-pieces\/","url":"https:\/\/www.erresse-shop.it\/fr\/shop\/cuisine\/sous-vide\/zwilling-emballage-sous-vide-m-l-freshsave-7-pieces\/","name":"ZWILLING Emballage sous Vide M-L Fresh&Save 7 Pi\u00e8ces","isPartOf":{"@id":"https:\/\/www.erresse-shop.it\/fr\/#website"},"datePublished":"2021-10-07T09:46:24+00:00","dateModified":"2025-01-13T15:21:08+00:00","description":"D\u00e9couvrez ZWILLING Emballage sous Vide M-L Fresh&Save 7 Pi\u00e8ces sur ErresseShop. Qualit\u00e9, prix r\u00e9duits et achat s\u00e9curis\u00e9 \u2013 commandez d\u00e8s maintenant en ligne !","breadcrumb":{"@id":"https:\/\/www.erresse-shop.it\/fr\/shop\/cuisine\/sous-vide\/zwilling-emballage-sous-vide-m-l-freshsave-7-pieces\/#breadcrumb"},"inLanguage":"fr-FR","potentialAction":[{"@type":"ReadAction","target":["https:\/\/www.erresse-shop.it\/fr\/shop\/cuisine\/sous-vide\/zwilling-emballage-sous-vide-m-l-freshsave-7-pieces\/"]}]},{"@type":"BreadcrumbList","@id":"https:\/\/www.erresse-shop.it\/fr\/shop\/cuisine\/sous-vide\/zwilling-emballage-sous-vide-m-l-freshsave-7-pieces\/#breadcrumb","itemListElement":[{"@type":"ListItem","position":1,"name":"Home","item":"https:\/\/www.erresse-shop.it\/fr\/"},{"@type":"ListItem","position":2,"name":"Shop","item":"https:\/\/www.erresse-shop.it\/fr\/shop\/"},{"@type":"ListItem","position":3,"name":"ZWILLING Emballage sous Vide M-L Fresh&#038;Save 7 Pi\u00e8ces"}]},{"@type":"WebSite","@id":"https:\/\/www.erresse-shop.it\/fr\/#website","url":"https:\/\/www.erresse-shop.it\/fr\/","name":"Erresse Shop","description":"Articoli di qualit\u00e0 per la casa","potentialAction":[{"@type":"SearchAction","target":{"@type":"EntryPoint","urlTemplate":"https:\/\/www.erresse-shop.it\/fr\/?s={search_term_string}"},"query-input":"required name=search_term_string"}],"inLanguage":"fr-FR"}]}},"df_price":49.95,"df_sale_price":49.95,"df_regular_price":99.9,"df_image_link":"https:\/\/www.erresse-shop.it\/wp-content\/uploads\/2021\/10\/ZWILLING-Set-Sottovuoto-Medium-Large-300x300.jpg","_links":{"self":[{"href":"https:\/\/www.erresse-shop.it\/fr\/wp-json\/wp\/v2\/product\/122865"}],"collection":[{"href":"https:\/\/www.erresse-shop.it\/fr\/wp-json\/wp\/v2\/product"}],"about":[{"href":"https:\/\/www.erresse-shop.it\/fr\/wp-json\/wp\/v2\/types\/product"}],"wp:featuredmedia":[{"embeddable":true,"href":"https:\/\/www.erresse-shop.it\/fr\/wp-json\/wp\/v2\/media\/122959"}],"wp:attachment":[{"href":"https:\/\/www.erresse-shop.it\/fr\/wp-json\/wp\/v2\/media?parent=122865"}],"wp:term":[{"taxonomy":"product_cat","embeddable":true,"href":"https:\/\/www.erresse-shop.it\/fr\/wp-json\/wp\/v2\/product_cat?post=122865"},{"taxonomy":"product_tag","embeddable":true,"href":"https:\/\/www.erresse-shop.it\/fr\/wp-json\/wp\/v2\/product_tag?post=122865"}],"curies":[{"name":"wp","href":"https:\/\/api.w.org\/{rel}","templated":true}]}}