{"id":122737,"date":"2017-10-02T10:45:38","date_gmt":"2017-10-02T10:45:38","guid":{"rendered":"https:\/\/www.erresse-shop.it\/shop\/non%20class\u00e9\/illy-iperespresso-y3-3-noir\/"},"modified":"2025-01-13T15:21:04","modified_gmt":"2025-01-13T15:21:04","slug":"illy-iperespresso-y3-3-noir","status":"publish","type":"product","link":"https:\/\/www.erresse-shop.it\/fr\/shop\/petits-electromenagers\/machines-cafe\/a-dosettes-et-a-capsules\/illy-iperespresso-y3-3-noir\/","title":{"rendered":"ILLY Iperespresso Y3.3 Noir 14 g\u00e9lules incluses"},"content":{"rendered":"<p>Avec la nouvelle Y3.3, vous pouvez pr\u00e9parer rapidement et facilement une tasse d&#8217;espresso parfaite et un excellent caf\u00e9 \u00e0 l&#8217;am\u00e9ricaine.<br \/>\nSa taille r\u00e9duite et compacte lui permet de s&#8217;adapter \u00e0 tout type d&#8217;environnement et d&#8217;exigence. \u00c9l\u00e9gante et fonctionnelle : c&#8217;est la nouvelle machine Iperespresso pour tous.<br \/>\nVous pouvez choisir entre un espresso et un caf\u00e9 de style am\u00e9ricain.<br \/>\nMinimal et \u00e9l\u00e9gant. L&#8217;architecte Piero Lissoni a con\u00e7u une machine aux lignes \u00e9pur\u00e9es qui offre une exp\u00e9rience utilisateur facile et intuitive.<br \/>\nLe Y3 est disponible en trois couleurs : noir, rouge et blanc.<\/p>\n<ul>\n<li>Garantie : 2 ans<\/li>\n<li>Volume de la tasse programmable<\/li>\n<li>Arr\u00eat automatique de l&#8217;infusion<\/li>\n<li>Deux hauteurs pour la grille du porte-gobelet<\/li>\n<li>Mise en veille automatique en cas de non-utilisation<\/li>\n<\/ul>\n<p><strong>Sp\u00e9cifications techniques :<\/strong><\/p>\n<ul>\n<li>Capacit\u00e9 du r\u00e9servoir : 0,75 L<\/li>\n<li>Dimensions (cm) : 10 x 29,8 x 25,4<\/li>\n<li>Tension : 230 V, c\u00e2ble de 1 m de long<\/li>\n<li>Pression de la pompe : 19 bar<\/li>\n<\/ul>\n<p>Pr\u00e9paration : capsules d&#8217;espresso (Iperespresso)<br \/>\nFormat du caf\u00e9 : capsules Iperespresso<br \/>\nLongueur du c\u00e2ble : 1 m<br \/>\nCapacit\u00e9 du r\u00e9servoir : 0,75 L<br \/>\nDimensions : (cm) 10 x 29,8 x 25,4<br \/>\nDistribution r\u00e9glable du caf\u00e9 : Automatique<br \/>\nChauffe-tasses : Non<br \/>\nHauteur de la tasse r\u00e9glable : Oui<br \/>\nGarantie : 2 ans<br \/>\nVoltage : 230 v<br \/>\nMat\u00e9riau : plastique<br \/>\n\u00c9conomie d&#8217;\u00e9nergie : Oui<br \/>\nFonctions : multi-boissons<\/p>\n","protected":false},"excerpt":{"rendered":"<p>Avec la nouvelle Y3.3, vous pouvez pr\u00e9parer rapidement et facilement une tasse d&#8217;espresso parfaite et un excellent caf\u00e9 \u00e0 l&#8217;am\u00e9ricaine.<\/p>\n","protected":false},"featured_media":122734,"template":"","meta":{"_acf_changed":false,"inline_featured_image":false},"product_cat":[25380,12764,12449],"product_tag":[23910,23563,12948,16870,12834,12835,12949,12950,23586,21821],"acf":[],"yoast_head":"<!-- This site is optimized with the Yoast SEO Premium plugin v18.6 (Yoast SEO v19.13) - https:\/\/yoast.com\/wordpress\/plugins\/seo\/ -->\n<title>ILLY Iperespresso Y3.3 Noir 14 g\u00e9lules incluses<\/title>\n<meta name=\"description\" content=\"D\u00e9couvrez ILLY Iperespresso Y3.3 Noir 14 g\u00e9lules incluses sur ErresseShop. Qualit\u00e9, prix r\u00e9duits et achat s\u00e9curis\u00e9 \u2013 commandez d\u00e8s maintenant en ligne !\" \/>\n<meta name=\"robots\" content=\"index, follow, max-snippet:-1, max-image-preview:large, max-video-preview:-1\" \/>\n<link rel=\"canonical\" href=\"https:\/\/www.erresse-shop.it\/fr\/shop\/petits-electromenagers\/machines-cafe\/a-dosettes-et-a-capsules\/illy-iperespresso-y3-3-noir\/\" \/>\n<meta property=\"og:locale\" content=\"fr_FR\" \/>\n<meta property=\"og:type\" content=\"article\" \/>\n<meta property=\"og:title\" content=\"ILLY Iperespresso Y3.3 Noir 14 g\u00e9lules incluses\" \/>\n<meta property=\"og:description\" content=\"D\u00e9couvrez ILLY Iperespresso Y3.3 Noir 14 g\u00e9lules incluses sur ErresseShop. Qualit\u00e9, prix r\u00e9duits et achat s\u00e9curis\u00e9 \u2013 commandez d\u00e8s maintenant en ligne !\" \/>\n<meta property=\"og:url\" content=\"https:\/\/www.erresse-shop.it\/fr\/shop\/petits-electromenagers\/machines-cafe\/a-dosettes-et-a-capsules\/illy-iperespresso-y3-3-noir\/\" \/>\n<meta property=\"og:site_name\" content=\"Erresse Shop\" \/>\n<meta property=\"article:modified_time\" content=\"2025-01-13T15:21:04+00:00\" \/>\n<meta property=\"og:image\" content=\"https:\/\/www.erresse-shop.it\/wp-content\/uploads\/2017\/10\/Illy-Macchina-da-Caffe-Y3.3-Nero.jpg\" \/>\n\t<meta property=\"og:image:width\" content=\"800\" \/>\n\t<meta property=\"og:image:height\" content=\"800\" \/>\n\t<meta property=\"og:image:type\" content=\"image\/jpeg\" \/>\n<meta name=\"twitter:card\" content=\"summary_large_image\" \/>\n<script type=\"application\/ld+json\" class=\"yoast-schema-graph\">{\"@context\":\"https:\/\/schema.org\",\"@graph\":[{\"@type\":\"WebPage\",\"@id\":\"https:\/\/www.erresse-shop.it\/fr\/shop\/petits-electromenagers\/machines-cafe\/a-dosettes-et-a-capsules\/illy-iperespresso-y3-3-noir\/\",\"url\":\"https:\/\/www.erresse-shop.it\/fr\/shop\/petits-electromenagers\/machines-cafe\/a-dosettes-et-a-capsules\/illy-iperespresso-y3-3-noir\/\",\"name\":\"ILLY Iperespresso Y3.3 Noir 14 g\u00e9lules incluses\",\"isPartOf\":{\"@id\":\"https:\/\/www.erresse-shop.it\/fr\/#website\"},\"datePublished\":\"2017-10-02T10:45:38+00:00\",\"dateModified\":\"2025-01-13T15:21:04+00:00\",\"description\":\"D\u00e9couvrez ILLY Iperespresso Y3.3 Noir 14 g\u00e9lules incluses sur ErresseShop. Qualit\u00e9, prix r\u00e9duits et achat s\u00e9curis\u00e9 \u2013 commandez d\u00e8s maintenant en ligne !\",\"breadcrumb\":{\"@id\":\"https:\/\/www.erresse-shop.it\/fr\/shop\/petits-electromenagers\/machines-cafe\/a-dosettes-et-a-capsules\/illy-iperespresso-y3-3-noir\/#breadcrumb\"},\"inLanguage\":\"fr-FR\",\"potentialAction\":[{\"@type\":\"ReadAction\",\"target\":[\"https:\/\/www.erresse-shop.it\/fr\/shop\/petits-electromenagers\/machines-cafe\/a-dosettes-et-a-capsules\/illy-iperespresso-y3-3-noir\/\"]}]},{\"@type\":\"BreadcrumbList\",\"@id\":\"https:\/\/www.erresse-shop.it\/fr\/shop\/petits-electromenagers\/machines-cafe\/a-dosettes-et-a-capsules\/illy-iperespresso-y3-3-noir\/#breadcrumb\",\"itemListElement\":[{\"@type\":\"ListItem\",\"position\":1,\"name\":\"Home\",\"item\":\"https:\/\/www.erresse-shop.it\/fr\/\"},{\"@type\":\"ListItem\",\"position\":2,\"name\":\"Shop\",\"item\":\"https:\/\/www.erresse-shop.it\/fr\/shop\/\"},{\"@type\":\"ListItem\",\"position\":3,\"name\":\"ILLY Iperespresso Y3.3 Noir 14 g\u00e9lules incluses\"}]},{\"@type\":\"WebSite\",\"@id\":\"https:\/\/www.erresse-shop.it\/fr\/#website\",\"url\":\"https:\/\/www.erresse-shop.it\/fr\/\",\"name\":\"Erresse Shop\",\"description\":\"Articoli di qualit\u00e0 per la casa\",\"potentialAction\":[{\"@type\":\"SearchAction\",\"target\":{\"@type\":\"EntryPoint\",\"urlTemplate\":\"https:\/\/www.erresse-shop.it\/fr\/?s={search_term_string}\"},\"query-input\":\"required name=search_term_string\"}],\"inLanguage\":\"fr-FR\"}]}<\/script>\n<!-- \/ Yoast SEO Premium plugin. -->","yoast_head_json":{"title":"ILLY Iperespresso Y3.3 Noir 14 g\u00e9lules incluses","description":"D\u00e9couvrez ILLY Iperespresso Y3.3 Noir 14 g\u00e9lules incluses sur ErresseShop. Qualit\u00e9, prix r\u00e9duits et achat s\u00e9curis\u00e9 \u2013 commandez d\u00e8s maintenant en ligne !","robots":{"index":"index","follow":"follow","max-snippet":"max-snippet:-1","max-image-preview":"max-image-preview:large","max-video-preview":"max-video-preview:-1"},"canonical":"https:\/\/www.erresse-shop.it\/fr\/shop\/petits-electromenagers\/machines-cafe\/a-dosettes-et-a-capsules\/illy-iperespresso-y3-3-noir\/","og_locale":"fr_FR","og_type":"article","og_title":"ILLY Iperespresso Y3.3 Noir 14 g\u00e9lules incluses","og_description":"D\u00e9couvrez ILLY Iperespresso Y3.3 Noir 14 g\u00e9lules incluses sur ErresseShop. Qualit\u00e9, prix r\u00e9duits et achat s\u00e9curis\u00e9 \u2013 commandez d\u00e8s maintenant en ligne !","og_url":"https:\/\/www.erresse-shop.it\/fr\/shop\/petits-electromenagers\/machines-cafe\/a-dosettes-et-a-capsules\/illy-iperespresso-y3-3-noir\/","og_site_name":"Erresse Shop","article_modified_time":"2025-01-13T15:21:04+00:00","og_image":[{"width":800,"height":800,"url":"https:\/\/www.erresse-shop.it\/wp-content\/uploads\/2017\/10\/Illy-Macchina-da-Caffe-Y3.3-Nero.jpg","type":"image\/jpeg"}],"twitter_card":"summary_large_image","schema":{"@context":"https:\/\/schema.org","@graph":[{"@type":"WebPage","@id":"https:\/\/www.erresse-shop.it\/fr\/shop\/petits-electromenagers\/machines-cafe\/a-dosettes-et-a-capsules\/illy-iperespresso-y3-3-noir\/","url":"https:\/\/www.erresse-shop.it\/fr\/shop\/petits-electromenagers\/machines-cafe\/a-dosettes-et-a-capsules\/illy-iperespresso-y3-3-noir\/","name":"ILLY Iperespresso Y3.3 Noir 14 g\u00e9lules incluses","isPartOf":{"@id":"https:\/\/www.erresse-shop.it\/fr\/#website"},"datePublished":"2017-10-02T10:45:38+00:00","dateModified":"2025-01-13T15:21:04+00:00","description":"D\u00e9couvrez ILLY Iperespresso Y3.3 Noir 14 g\u00e9lules incluses sur ErresseShop. Qualit\u00e9, prix r\u00e9duits et achat s\u00e9curis\u00e9 \u2013 commandez d\u00e8s maintenant en ligne !","breadcrumb":{"@id":"https:\/\/www.erresse-shop.it\/fr\/shop\/petits-electromenagers\/machines-cafe\/a-dosettes-et-a-capsules\/illy-iperespresso-y3-3-noir\/#breadcrumb"},"inLanguage":"fr-FR","potentialAction":[{"@type":"ReadAction","target":["https:\/\/www.erresse-shop.it\/fr\/shop\/petits-electromenagers\/machines-cafe\/a-dosettes-et-a-capsules\/illy-iperespresso-y3-3-noir\/"]}]},{"@type":"BreadcrumbList","@id":"https:\/\/www.erresse-shop.it\/fr\/shop\/petits-electromenagers\/machines-cafe\/a-dosettes-et-a-capsules\/illy-iperespresso-y3-3-noir\/#breadcrumb","itemListElement":[{"@type":"ListItem","position":1,"name":"Home","item":"https:\/\/www.erresse-shop.it\/fr\/"},{"@type":"ListItem","position":2,"name":"Shop","item":"https:\/\/www.erresse-shop.it\/fr\/shop\/"},{"@type":"ListItem","position":3,"name":"ILLY Iperespresso Y3.3 Noir 14 g\u00e9lules incluses"}]},{"@type":"WebSite","@id":"https:\/\/www.erresse-shop.it\/fr\/#website","url":"https:\/\/www.erresse-shop.it\/fr\/","name":"Erresse Shop","description":"Articoli di qualit\u00e0 per la casa","potentialAction":[{"@type":"SearchAction","target":{"@type":"EntryPoint","urlTemplate":"https:\/\/www.erresse-shop.it\/fr\/?s={search_term_string}"},"query-input":"required name=search_term_string"}],"inLanguage":"fr-FR"}]}},"df_price":99,"df_sale_price":99,"df_regular_price":99,"df_image_link":"https:\/\/www.erresse-shop.it\/wp-content\/uploads\/2017\/10\/Illy-Macchina-da-Caffe-Y3.3-Nero-300x300.jpg","_links":{"self":[{"href":"https:\/\/www.erresse-shop.it\/fr\/wp-json\/wp\/v2\/product\/122737"}],"collection":[{"href":"https:\/\/www.erresse-shop.it\/fr\/wp-json\/wp\/v2\/product"}],"about":[{"href":"https:\/\/www.erresse-shop.it\/fr\/wp-json\/wp\/v2\/types\/product"}],"wp:featuredmedia":[{"embeddable":true,"href":"https:\/\/www.erresse-shop.it\/fr\/wp-json\/wp\/v2\/media\/122734"}],"wp:attachment":[{"href":"https:\/\/www.erresse-shop.it\/fr\/wp-json\/wp\/v2\/media?parent=122737"}],"wp:term":[{"taxonomy":"product_cat","embeddable":true,"href":"https:\/\/www.erresse-shop.it\/fr\/wp-json\/wp\/v2\/product_cat?post=122737"},{"taxonomy":"product_tag","embeddable":true,"href":"https:\/\/www.erresse-shop.it\/fr\/wp-json\/wp\/v2\/product_tag?post=122737"}],"curies":[{"name":"wp","href":"https:\/\/api.w.org\/{rel}","templated":true}]}}