{"id":121702,"date":"2021-09-28T14:14:03","date_gmt":"2021-09-28T14:14:18","guid":{"rendered":"https:\/\/www.erresse-shop.it\/?post_type=product&#038;p=121702"},"modified":"2025-01-13T15:20:32","modified_gmt":"2025-01-13T15:20:32","slug":"sage-the-barista-express","status":"publish","type":"product","link":"https:\/\/www.erresse-shop.it\/fr\/shop\/petits-electromenagers\/machines-cafe\/automatique\/sage-the-barista-express\/","title":{"rendered":"SAGE The Barista Express"},"content":{"rendered":"<p>Cr\u00e9ez un espresso \u00e0 l&#8217;ar\u00f4me exceptionnel en moins d&#8217;une minute : avec le Barista Express, vous pouvez moudre les grains juste avant l&#8217;extraction. Gr\u00e2ce aux filtres interchangeables et \u00e0 une large gamme de fonctions automatiques ou manuelles, vous pouvez pr\u00e9parer un caf\u00e9 pour les vrais connaisseurs en un rien de temps.<\/p>\n<p><strong>Contr\u00f4le de la dose de broyage<\/strong><br \/>\nLe moulin conique int\u00e9gr\u00e9 moud les grains sur place et alimente la bonne quantit\u00e9 de caf\u00e9 directement dans le porte-filtre, pour un r\u00e9sultat id\u00e9al avec n&#8217;importe quel m\u00e9lange.<\/p>\n<p><strong>Une extraction pr\u00e9cise<\/strong><br \/>\nLe contr\u00f4le num\u00e9rique de la temp\u00e9rature (PID) d\u00e9livre l&#8217;eau \u00e0 la bonne temp\u00e9rature, assurant une extraction optimale de l&#8217;espresso.<\/p>\n<p><strong>Mousse de lait avec micro-bulles<\/strong><br \/>\nLa baguette \u00e0 vapeur vous permet de faire mousser le lait \u00e0 la main et d&#8217;obtenir une mousse \u00e0 microbulles qui rehausse l&#8217;ar\u00f4me et est parfaite pour l&#8217;art du latte.<\/p>\n<p><strong>Bouton de r\u00e9glage de la mouture<\/strong><br \/>\nSimple et intuitif, il vous permet de contr\u00f4ler le r\u00e9glage de la mouture pour tout type de haricot.<\/p>\n<p><strong>Meulage mains libres<\/strong><br \/>\nLe porte-filtre innovant vous permet de moudre le caf\u00e9 directement dans le porte-filtre.<\/p>\n<p>Dimensions (LxPxH) : 31 x 32,5 x 40 cm<\/p>\n<p>Puissance : 1850 W<\/p>\n<p>Mat\u00e9riau : Acier inoxydable bross\u00e9<\/p>\n<p>Fonction de rin\u00e7age : ajuste automatiquement la temp\u00e9rature de l&#8217;eau apr\u00e8s la distribution de la vapeur pour atteindre la temp\u00e9rature id\u00e9ale pour l&#8217;extraction de l&#8217;espresso.<\/p>\n<p>Fonction de pr\u00e9-infusion : Cette fonction augmente progressivement la pression de l&#8217;eau pour dilater doucement le caf\u00e9 moulu et assurer une extraction uniforme.<\/p>\n<p>Capacit\u00e9 du r\u00e9servoir d&#8217;eau : 2 litres<\/p>\n<p>Syst\u00e8me de r\u00e9chauffage : 1600 W Thermocoil &#8211; le circuit d&#8217;eau int\u00e9gr\u00e9 en acier inoxydable permet de contr\u00f4ler pr\u00e9cis\u00e9ment la temp\u00e9rature de l&#8217;eau.<\/p>\n<p>Capacit\u00e9 du porte-plume : 250 grammes<\/p>\n<p>Tension : 220\/240 V<\/p>\n<p>Affichage : \u00e9cran LCD qui permet un param\u00e9trage facile de la machine et indique le temps d&#8217;extraction.<\/p>\n<p><strong>Param\u00e8tres :<\/strong><\/p>\n<ul>\n<li>Espresso simple ou double<\/li>\n<li>Quantit\u00e9 r\u00e9glable de grains \u00e0 moudre et fonctionnement manuel<\/li>\n<\/ul>\n<p><strong>Accessoires inclus :<\/strong><\/p>\n<ul>\n<li>Unit\u00e9 de dosage de pr\u00e9cision Razor<\/li>\n<li>Porte-filtre en acier inoxydable de 54 mm<\/li>\n<li>Filtres \u00e0 simple et double paroi pour 1 et 2 tasses<\/li>\n<li>Distributeur de caf\u00e9<\/li>\n<li>Presseur int\u00e9gr\u00e9<\/li>\n<li>Pot \u00e0 lait en acier inoxydable<\/li>\n<li>Disque de nettoyage et tablette de nettoyage<\/li>\n<li>Brosse, accessoire de nettoyage et cl\u00e9 Allen<\/li>\n<li>Bandelette de test de la duret\u00e9 de l&#8217;eau<\/li>\n<\/ul>\n","protected":false},"excerpt":{"rendered":"<p>Cr\u00e9ez un espresso \u00e0 l&#8217;ar\u00f4me exceptionnel en moins d&#8217;une minute : avec le Barista Express, vous pouvez moudre les grains<\/p>\n","protected":false},"featured_media":121713,"template":"","meta":{"_acf_changed":false,"inline_featured_image":false},"product_cat":[25360,12764,12449],"product_tag":[23563,23568,12856],"acf":[],"yoast_head":"<!-- This site is optimized with the Yoast SEO Premium plugin v18.6 (Yoast SEO v19.13) - https:\/\/yoast.com\/wordpress\/plugins\/seo\/ -->\n<title>SAGE The Barista Express<\/title>\n<meta name=\"description\" content=\"D\u00e9couvrez SAGE The Barista Express sur ErresseShop. Qualit\u00e9, prix r\u00e9duits et achat s\u00e9curis\u00e9 \u2013 commandez d\u00e8s maintenant en ligne !\" \/>\n<meta name=\"robots\" content=\"index, follow, max-snippet:-1, max-image-preview:large, max-video-preview:-1\" \/>\n<link rel=\"canonical\" href=\"https:\/\/www.erresse-shop.it\/fr\/shop\/petits-electromenagers\/machines-cafe\/automatique\/sage-the-barista-express\/\" \/>\n<meta property=\"og:locale\" content=\"fr_FR\" \/>\n<meta property=\"og:type\" content=\"article\" \/>\n<meta property=\"og:title\" content=\"SAGE The Barista Express\" \/>\n<meta property=\"og:description\" content=\"D\u00e9couvrez SAGE The Barista Express sur ErresseShop. Qualit\u00e9, prix r\u00e9duits et achat s\u00e9curis\u00e9 \u2013 commandez d\u00e8s maintenant en ligne !\" \/>\n<meta property=\"og:url\" content=\"https:\/\/www.erresse-shop.it\/fr\/shop\/petits-electromenagers\/machines-cafe\/automatique\/sage-the-barista-express\/\" \/>\n<meta property=\"og:site_name\" content=\"Erresse Shop\" \/>\n<meta property=\"article:modified_time\" content=\"2025-01-13T15:20:32+00:00\" \/>\n<meta property=\"og:image\" content=\"https:\/\/www.erresse-shop.it\/wp-content\/uploads\/2021\/09\/SAGE-The-Bambino-Express.jpg\" \/>\n\t<meta property=\"og:image:width\" content=\"992\" \/>\n\t<meta property=\"og:image:height\" content=\"992\" \/>\n\t<meta property=\"og:image:type\" content=\"image\/jpeg\" \/>\n<meta name=\"twitter:card\" content=\"summary_large_image\" \/>\n<script type=\"application\/ld+json\" class=\"yoast-schema-graph\">{\"@context\":\"https:\/\/schema.org\",\"@graph\":[{\"@type\":\"WebPage\",\"@id\":\"https:\/\/www.erresse-shop.it\/fr\/shop\/petits-electromenagers\/machines-cafe\/automatique\/sage-the-barista-express\/\",\"url\":\"https:\/\/www.erresse-shop.it\/fr\/shop\/petits-electromenagers\/machines-cafe\/automatique\/sage-the-barista-express\/\",\"name\":\"SAGE The Barista Express\",\"isPartOf\":{\"@id\":\"https:\/\/www.erresse-shop.it\/fr\/#website\"},\"datePublished\":\"2021-09-28T14:14:18+00:00\",\"dateModified\":\"2025-01-13T15:20:32+00:00\",\"description\":\"D\u00e9couvrez SAGE The Barista Express sur ErresseShop. Qualit\u00e9, prix r\u00e9duits et achat s\u00e9curis\u00e9 \u2013 commandez d\u00e8s maintenant en ligne !\",\"breadcrumb\":{\"@id\":\"https:\/\/www.erresse-shop.it\/fr\/shop\/petits-electromenagers\/machines-cafe\/automatique\/sage-the-barista-express\/#breadcrumb\"},\"inLanguage\":\"fr-FR\",\"potentialAction\":[{\"@type\":\"ReadAction\",\"target\":[\"https:\/\/www.erresse-shop.it\/fr\/shop\/petits-electromenagers\/machines-cafe\/automatique\/sage-the-barista-express\/\"]}]},{\"@type\":\"BreadcrumbList\",\"@id\":\"https:\/\/www.erresse-shop.it\/fr\/shop\/petits-electromenagers\/machines-cafe\/automatique\/sage-the-barista-express\/#breadcrumb\",\"itemListElement\":[{\"@type\":\"ListItem\",\"position\":1,\"name\":\"Home\",\"item\":\"https:\/\/www.erresse-shop.it\/fr\/\"},{\"@type\":\"ListItem\",\"position\":2,\"name\":\"Shop\",\"item\":\"https:\/\/www.erresse-shop.it\/fr\/shop\/\"},{\"@type\":\"ListItem\",\"position\":3,\"name\":\"SAGE The Barista Express\"}]},{\"@type\":\"WebSite\",\"@id\":\"https:\/\/www.erresse-shop.it\/fr\/#website\",\"url\":\"https:\/\/www.erresse-shop.it\/fr\/\",\"name\":\"Erresse Shop\",\"description\":\"Articoli di qualit\u00e0 per la casa\",\"potentialAction\":[{\"@type\":\"SearchAction\",\"target\":{\"@type\":\"EntryPoint\",\"urlTemplate\":\"https:\/\/www.erresse-shop.it\/fr\/?s={search_term_string}\"},\"query-input\":\"required name=search_term_string\"}],\"inLanguage\":\"fr-FR\"}]}<\/script>\n<!-- \/ Yoast SEO Premium plugin. -->","yoast_head_json":{"title":"SAGE The Barista Express","description":"D\u00e9couvrez SAGE The Barista Express sur ErresseShop. Qualit\u00e9, prix r\u00e9duits et achat s\u00e9curis\u00e9 \u2013 commandez d\u00e8s maintenant en ligne !","robots":{"index":"index","follow":"follow","max-snippet":"max-snippet:-1","max-image-preview":"max-image-preview:large","max-video-preview":"max-video-preview:-1"},"canonical":"https:\/\/www.erresse-shop.it\/fr\/shop\/petits-electromenagers\/machines-cafe\/automatique\/sage-the-barista-express\/","og_locale":"fr_FR","og_type":"article","og_title":"SAGE The Barista Express","og_description":"D\u00e9couvrez SAGE The Barista Express sur ErresseShop. Qualit\u00e9, prix r\u00e9duits et achat s\u00e9curis\u00e9 \u2013 commandez d\u00e8s maintenant en ligne !","og_url":"https:\/\/www.erresse-shop.it\/fr\/shop\/petits-electromenagers\/machines-cafe\/automatique\/sage-the-barista-express\/","og_site_name":"Erresse Shop","article_modified_time":"2025-01-13T15:20:32+00:00","og_image":[{"width":992,"height":992,"url":"https:\/\/www.erresse-shop.it\/wp-content\/uploads\/2021\/09\/SAGE-The-Bambino-Express.jpg","type":"image\/jpeg"}],"twitter_card":"summary_large_image","schema":{"@context":"https:\/\/schema.org","@graph":[{"@type":"WebPage","@id":"https:\/\/www.erresse-shop.it\/fr\/shop\/petits-electromenagers\/machines-cafe\/automatique\/sage-the-barista-express\/","url":"https:\/\/www.erresse-shop.it\/fr\/shop\/petits-electromenagers\/machines-cafe\/automatique\/sage-the-barista-express\/","name":"SAGE The Barista Express","isPartOf":{"@id":"https:\/\/www.erresse-shop.it\/fr\/#website"},"datePublished":"2021-09-28T14:14:18+00:00","dateModified":"2025-01-13T15:20:32+00:00","description":"D\u00e9couvrez SAGE The Barista Express sur ErresseShop. Qualit\u00e9, prix r\u00e9duits et achat s\u00e9curis\u00e9 \u2013 commandez d\u00e8s maintenant en ligne !","breadcrumb":{"@id":"https:\/\/www.erresse-shop.it\/fr\/shop\/petits-electromenagers\/machines-cafe\/automatique\/sage-the-barista-express\/#breadcrumb"},"inLanguage":"fr-FR","potentialAction":[{"@type":"ReadAction","target":["https:\/\/www.erresse-shop.it\/fr\/shop\/petits-electromenagers\/machines-cafe\/automatique\/sage-the-barista-express\/"]}]},{"@type":"BreadcrumbList","@id":"https:\/\/www.erresse-shop.it\/fr\/shop\/petits-electromenagers\/machines-cafe\/automatique\/sage-the-barista-express\/#breadcrumb","itemListElement":[{"@type":"ListItem","position":1,"name":"Home","item":"https:\/\/www.erresse-shop.it\/fr\/"},{"@type":"ListItem","position":2,"name":"Shop","item":"https:\/\/www.erresse-shop.it\/fr\/shop\/"},{"@type":"ListItem","position":3,"name":"SAGE The Barista Express"}]},{"@type":"WebSite","@id":"https:\/\/www.erresse-shop.it\/fr\/#website","url":"https:\/\/www.erresse-shop.it\/fr\/","name":"Erresse Shop","description":"Articoli di qualit\u00e0 per la casa","potentialAction":[{"@type":"SearchAction","target":{"@type":"EntryPoint","urlTemplate":"https:\/\/www.erresse-shop.it\/fr\/?s={search_term_string}"},"query-input":"required name=search_term_string"}],"inLanguage":"fr-FR"}]}},"df_price":640,"df_sale_price":640,"df_regular_price":729.9,"df_image_link":"https:\/\/www.erresse-shop.it\/wp-content\/uploads\/2021\/09\/SAGE-The-Bambino-Express-300x300.jpg","_links":{"self":[{"href":"https:\/\/www.erresse-shop.it\/fr\/wp-json\/wp\/v2\/product\/121702"}],"collection":[{"href":"https:\/\/www.erresse-shop.it\/fr\/wp-json\/wp\/v2\/product"}],"about":[{"href":"https:\/\/www.erresse-shop.it\/fr\/wp-json\/wp\/v2\/types\/product"}],"wp:featuredmedia":[{"embeddable":true,"href":"https:\/\/www.erresse-shop.it\/fr\/wp-json\/wp\/v2\/media\/121713"}],"wp:attachment":[{"href":"https:\/\/www.erresse-shop.it\/fr\/wp-json\/wp\/v2\/media?parent=121702"}],"wp:term":[{"taxonomy":"product_cat","embeddable":true,"href":"https:\/\/www.erresse-shop.it\/fr\/wp-json\/wp\/v2\/product_cat?post=121702"},{"taxonomy":"product_tag","embeddable":true,"href":"https:\/\/www.erresse-shop.it\/fr\/wp-json\/wp\/v2\/product_tag?post=121702"}],"curies":[{"name":"wp","href":"https:\/\/api.w.org\/{rel}","templated":true}]}}