{"id":121684,"date":"2021-09-28T13:31:44","date_gmt":"2021-09-28T13:31:50","guid":{"rendered":"https:\/\/www.erresse-shop.it\/?post_type=product&#038;p=121684"},"modified":"2025-01-13T15:20:30","modified_gmt":"2025-01-13T15:20:30","slug":"sage-the-barista-pro","status":"publish","type":"product","link":"https:\/\/www.erresse-shop.it\/fr\/shop\/petits-electromenagers\/machines-cafe\/automatique\/sage-the-barista-pro\/","title":{"rendered":"SAGE The Barista Pro"},"content":{"rendered":"<p>Pr\u00eat en 3 secondes gr\u00e2ce au syst\u00e8me de chauffage ThermoJet\u00ae. Des r\u00e9sultats professionnels avec une interface utilisateur intuitive qui vous donne toutes les informations dont vous avez besoin pour pr\u00e9parer un caf\u00e9 comme au bar, directement \u00e0 la maison. Le moulin \u00e0 caf\u00e9 int\u00e9gr\u00e9 fournit juste la bonne quantit\u00e9 de poudre de caf\u00e9 pour un go\u00fbt optimal. Avec une machine qui est pr\u00eate en 3 secondes et offre une extraction pr\u00e9cise de l&#8217;espresso, faire du caf\u00e9 n&#8217;a jamais \u00e9t\u00e9 aussi rapide.<\/p>\n<p>\u00c9cran LCD avec animations montrant la progression du broyage et de l&#8217;extraction. L&#8217;\u00e9cran affiche des informations d\u00e9taill\u00e9es afin que vous puissiez toujours pr\u00e9parer votre caf\u00e9 comme vous l&#8217;aimez.<\/p>\n<p><strong>Chauffage plus rapide<\/strong><br \/>\nLe syst\u00e8me de chauffage innovant ThermoJet atteint la temp\u00e9rature d&#8217;extraction id\u00e9ale en seulement 3 secondes, passant de l&#8217;espresso \u00e0 la vapeur en un instant. Plus besoin d&#8217;attendre pour d\u00e9guster une bonne tasse de caf\u00e9.<\/p>\n<p><strong>Moulin \u00e0 caf\u00e9 conique int\u00e9gr\u00e9<\/strong><br \/>\nD&#8217;une seule touche, le moulin conique int\u00e9gr\u00e9 avec contr\u00f4le de la dose d\u00e9livre la bonne quantit\u00e9 de caf\u00e9 pour un ar\u00f4me optimal. Dosage et degr\u00e9 de broyage r\u00e9glables.<\/p>\n<p><strong>19-22 grammes de caf\u00e9 pour un ar\u00f4me cors\u00e9<\/strong><br \/>\nAvec la bonne quantit\u00e9 de caf\u00e9 moulu, vous pouvez pr\u00e9parer un espresso \u00e9quilibr\u00e9 quand vous le souhaitez. Le porte-filtre de 54 mm, d&#8217;une capacit\u00e9 de 19 \u00e0 22 grammes, est le secret d&#8217;un caf\u00e9 de qualit\u00e9 \u00e0 l&#8217;ar\u00f4me cors\u00e9.<\/p>\n<p><strong>Une extraction pr\u00e9cise<\/strong><br \/>\nLe contr\u00f4le num\u00e9rique de la temp\u00e9rature (PID) d\u00e9livre l&#8217;eau \u00e0 la bonne temp\u00e9rature (+\/- 2 \u00b0C), assurant une extraction optimale de l&#8217;espresso. La pr\u00e9-infusion \u00e0 basse pression augmente progressivement la pression et garantit que tous les ar\u00f4mes sont uniform\u00e9ment mis en valeur pendant l&#8217;extraction, pour un r\u00e9sultat final \u00e9quilibr\u00e9.<\/p>\n<p><strong>Mousse de lait avec micro-bulles<\/strong><br \/>\nLa baguette \u00e0 vapeur haute puissance vous permet de faire mousser manuellement le lait pour cr\u00e9er une mousse \u00e0 microbulles qui rehausse les saveurs et est parfaite pour l&#8217;art du latt\u00e9.<\/p>\n<p>Dimensions (LxPxH) : 34 x 41 x 40,6 cm<br \/>\nPuissance : 1650 W<br \/>\nMat\u00e9riau : Acier inoxydable bross\u00e9<br \/>\nCapacit\u00e9 du r\u00e9servoir d&#8217;eau : 2 litres<\/p>\n<p>Capacit\u00e9 du porte-plume : 250 grammes<\/p>\n<p>Tension : 220\/240 V<\/p>\n<p><strong>Param\u00e8tres :<\/strong><\/p>\n<ul>\n<li>Contr\u00f4le de la mouture r\u00e9glable<\/li>\n<li>\u00c9cran LCD avec interface intuitive<\/li>\n<li>Contr\u00f4le volum\u00e9trique pour 1 ou 2 tasses<\/li>\n<\/ul>\n<p><strong>Accessoires inclus :<\/strong><\/p>\n<ul>\n<li>Porte-filtre de 54 mm<\/li>\n<li>Filtres \u00e0 paroi simple et double (1 tasse et 2 tasses)<\/li>\n<li>Presseur int\u00e9gr\u00e9<\/li>\n<li>L&#8217;outil de dosage de pr\u00e9cision Razor\u2122<\/li>\n<li>Pot \u00e0 lait en acier inoxydable de 480 ml<\/li>\n<li>Kit de nettoyage<\/li>\n<li>Filtre \u00e0 eau<\/li>\n<\/ul>\n","protected":false},"excerpt":{"rendered":"<p>Pr\u00eat en 3 secondes gr\u00e2ce au syst\u00e8me de chauffage ThermoJet\u00ae. Des r\u00e9sultats professionnels avec une interface utilisateur intuitive qui vous<\/p>\n","protected":false},"featured_media":121695,"template":"","meta":{"_acf_changed":false,"inline_featured_image":false},"product_cat":[25360,12764,12449],"product_tag":[23563,13254,23568,12856],"acf":[],"yoast_head":"<!-- This site is optimized with the Yoast SEO Premium plugin v18.6 (Yoast SEO v19.13) - https:\/\/yoast.com\/wordpress\/plugins\/seo\/ -->\n<title>SAGE The Barista Pro<\/title>\n<meta name=\"description\" content=\"D\u00e9couvrez SAGE The Barista Pro sur ErresseShop. Qualit\u00e9, prix r\u00e9duits et achat s\u00e9curis\u00e9 \u2013 commandez d\u00e8s maintenant en ligne !\" \/>\n<meta name=\"robots\" content=\"index, follow, max-snippet:-1, max-image-preview:large, max-video-preview:-1\" \/>\n<link rel=\"canonical\" href=\"https:\/\/www.erresse-shop.it\/fr\/shop\/petits-electromenagers\/machines-cafe\/automatique\/sage-the-barista-pro\/\" \/>\n<meta property=\"og:locale\" content=\"fr_FR\" \/>\n<meta property=\"og:type\" content=\"article\" \/>\n<meta property=\"og:title\" content=\"SAGE The Barista Pro\" \/>\n<meta property=\"og:description\" content=\"D\u00e9couvrez SAGE The Barista Pro sur ErresseShop. Qualit\u00e9, prix r\u00e9duits et achat s\u00e9curis\u00e9 \u2013 commandez d\u00e8s maintenant en ligne !\" \/>\n<meta property=\"og:url\" content=\"https:\/\/www.erresse-shop.it\/fr\/shop\/petits-electromenagers\/machines-cafe\/automatique\/sage-the-barista-pro\/\" \/>\n<meta property=\"og:site_name\" content=\"Erresse Shop\" \/>\n<meta property=\"article:modified_time\" content=\"2025-01-13T15:20:30+00:00\" \/>\n<meta property=\"og:image\" content=\"https:\/\/www.erresse-shop.it\/wp-content\/uploads\/2021\/09\/SAGE-The-Barista-Pro.jpg\" \/>\n\t<meta property=\"og:image:width\" content=\"992\" \/>\n\t<meta property=\"og:image:height\" content=\"992\" \/>\n\t<meta property=\"og:image:type\" content=\"image\/jpeg\" \/>\n<meta name=\"twitter:card\" content=\"summary_large_image\" \/>\n<script type=\"application\/ld+json\" class=\"yoast-schema-graph\">{\"@context\":\"https:\/\/schema.org\",\"@graph\":[{\"@type\":\"WebPage\",\"@id\":\"https:\/\/www.erresse-shop.it\/fr\/shop\/petits-electromenagers\/machines-cafe\/automatique\/sage-the-barista-pro\/\",\"url\":\"https:\/\/www.erresse-shop.it\/fr\/shop\/petits-electromenagers\/machines-cafe\/automatique\/sage-the-barista-pro\/\",\"name\":\"SAGE The Barista Pro\",\"isPartOf\":{\"@id\":\"https:\/\/www.erresse-shop.it\/fr\/#website\"},\"datePublished\":\"2021-09-28T13:31:50+00:00\",\"dateModified\":\"2025-01-13T15:20:30+00:00\",\"description\":\"D\u00e9couvrez SAGE The Barista Pro sur ErresseShop. Qualit\u00e9, prix r\u00e9duits et achat s\u00e9curis\u00e9 \u2013 commandez d\u00e8s maintenant en ligne !\",\"breadcrumb\":{\"@id\":\"https:\/\/www.erresse-shop.it\/fr\/shop\/petits-electromenagers\/machines-cafe\/automatique\/sage-the-barista-pro\/#breadcrumb\"},\"inLanguage\":\"fr-FR\",\"potentialAction\":[{\"@type\":\"ReadAction\",\"target\":[\"https:\/\/www.erresse-shop.it\/fr\/shop\/petits-electromenagers\/machines-cafe\/automatique\/sage-the-barista-pro\/\"]}]},{\"@type\":\"BreadcrumbList\",\"@id\":\"https:\/\/www.erresse-shop.it\/fr\/shop\/petits-electromenagers\/machines-cafe\/automatique\/sage-the-barista-pro\/#breadcrumb\",\"itemListElement\":[{\"@type\":\"ListItem\",\"position\":1,\"name\":\"Home\",\"item\":\"https:\/\/www.erresse-shop.it\/fr\/\"},{\"@type\":\"ListItem\",\"position\":2,\"name\":\"Shop\",\"item\":\"https:\/\/www.erresse-shop.it\/fr\/shop\/\"},{\"@type\":\"ListItem\",\"position\":3,\"name\":\"SAGE The Barista Pro\"}]},{\"@type\":\"WebSite\",\"@id\":\"https:\/\/www.erresse-shop.it\/fr\/#website\",\"url\":\"https:\/\/www.erresse-shop.it\/fr\/\",\"name\":\"Erresse Shop\",\"description\":\"Articoli di qualit\u00e0 per la casa\",\"potentialAction\":[{\"@type\":\"SearchAction\",\"target\":{\"@type\":\"EntryPoint\",\"urlTemplate\":\"https:\/\/www.erresse-shop.it\/fr\/?s={search_term_string}\"},\"query-input\":\"required name=search_term_string\"}],\"inLanguage\":\"fr-FR\"}]}<\/script>\n<!-- \/ Yoast SEO Premium plugin. -->","yoast_head_json":{"title":"SAGE The Barista Pro","description":"D\u00e9couvrez SAGE The Barista Pro sur ErresseShop. Qualit\u00e9, prix r\u00e9duits et achat s\u00e9curis\u00e9 \u2013 commandez d\u00e8s maintenant en ligne !","robots":{"index":"index","follow":"follow","max-snippet":"max-snippet:-1","max-image-preview":"max-image-preview:large","max-video-preview":"max-video-preview:-1"},"canonical":"https:\/\/www.erresse-shop.it\/fr\/shop\/petits-electromenagers\/machines-cafe\/automatique\/sage-the-barista-pro\/","og_locale":"fr_FR","og_type":"article","og_title":"SAGE The Barista Pro","og_description":"D\u00e9couvrez SAGE The Barista Pro sur ErresseShop. Qualit\u00e9, prix r\u00e9duits et achat s\u00e9curis\u00e9 \u2013 commandez d\u00e8s maintenant en ligne !","og_url":"https:\/\/www.erresse-shop.it\/fr\/shop\/petits-electromenagers\/machines-cafe\/automatique\/sage-the-barista-pro\/","og_site_name":"Erresse Shop","article_modified_time":"2025-01-13T15:20:30+00:00","og_image":[{"width":992,"height":992,"url":"https:\/\/www.erresse-shop.it\/wp-content\/uploads\/2021\/09\/SAGE-The-Barista-Pro.jpg","type":"image\/jpeg"}],"twitter_card":"summary_large_image","schema":{"@context":"https:\/\/schema.org","@graph":[{"@type":"WebPage","@id":"https:\/\/www.erresse-shop.it\/fr\/shop\/petits-electromenagers\/machines-cafe\/automatique\/sage-the-barista-pro\/","url":"https:\/\/www.erresse-shop.it\/fr\/shop\/petits-electromenagers\/machines-cafe\/automatique\/sage-the-barista-pro\/","name":"SAGE The Barista Pro","isPartOf":{"@id":"https:\/\/www.erresse-shop.it\/fr\/#website"},"datePublished":"2021-09-28T13:31:50+00:00","dateModified":"2025-01-13T15:20:30+00:00","description":"D\u00e9couvrez SAGE The Barista Pro sur ErresseShop. Qualit\u00e9, prix r\u00e9duits et achat s\u00e9curis\u00e9 \u2013 commandez d\u00e8s maintenant en ligne !","breadcrumb":{"@id":"https:\/\/www.erresse-shop.it\/fr\/shop\/petits-electromenagers\/machines-cafe\/automatique\/sage-the-barista-pro\/#breadcrumb"},"inLanguage":"fr-FR","potentialAction":[{"@type":"ReadAction","target":["https:\/\/www.erresse-shop.it\/fr\/shop\/petits-electromenagers\/machines-cafe\/automatique\/sage-the-barista-pro\/"]}]},{"@type":"BreadcrumbList","@id":"https:\/\/www.erresse-shop.it\/fr\/shop\/petits-electromenagers\/machines-cafe\/automatique\/sage-the-barista-pro\/#breadcrumb","itemListElement":[{"@type":"ListItem","position":1,"name":"Home","item":"https:\/\/www.erresse-shop.it\/fr\/"},{"@type":"ListItem","position":2,"name":"Shop","item":"https:\/\/www.erresse-shop.it\/fr\/shop\/"},{"@type":"ListItem","position":3,"name":"SAGE The Barista Pro"}]},{"@type":"WebSite","@id":"https:\/\/www.erresse-shop.it\/fr\/#website","url":"https:\/\/www.erresse-shop.it\/fr\/","name":"Erresse Shop","description":"Articoli di qualit\u00e0 per la casa","potentialAction":[{"@type":"SearchAction","target":{"@type":"EntryPoint","urlTemplate":"https:\/\/www.erresse-shop.it\/fr\/?s={search_term_string}"},"query-input":"required name=search_term_string"}],"inLanguage":"fr-FR"}]}},"df_price":749.95,"df_sale_price":749.95,"df_regular_price":829.9,"df_image_link":"https:\/\/www.erresse-shop.it\/wp-content\/uploads\/2021\/09\/SAGE-The-Barista-Pro-300x300.jpg","_links":{"self":[{"href":"https:\/\/www.erresse-shop.it\/fr\/wp-json\/wp\/v2\/product\/121684"}],"collection":[{"href":"https:\/\/www.erresse-shop.it\/fr\/wp-json\/wp\/v2\/product"}],"about":[{"href":"https:\/\/www.erresse-shop.it\/fr\/wp-json\/wp\/v2\/types\/product"}],"wp:featuredmedia":[{"embeddable":true,"href":"https:\/\/www.erresse-shop.it\/fr\/wp-json\/wp\/v2\/media\/121695"}],"wp:attachment":[{"href":"https:\/\/www.erresse-shop.it\/fr\/wp-json\/wp\/v2\/media?parent=121684"}],"wp:term":[{"taxonomy":"product_cat","embeddable":true,"href":"https:\/\/www.erresse-shop.it\/fr\/wp-json\/wp\/v2\/product_cat?post=121684"},{"taxonomy":"product_tag","embeddable":true,"href":"https:\/\/www.erresse-shop.it\/fr\/wp-json\/wp\/v2\/product_tag?post=121684"}],"curies":[{"name":"wp","href":"https:\/\/api.w.org\/{rel}","templated":true}]}}