{"id":121282,"date":"2021-09-24T08:14:20","date_gmt":"2021-09-24T08:14:23","guid":{"rendered":"https:\/\/www.erresse-shop.it\/?post_type=product&#038;p=121282"},"modified":"2025-01-13T15:20:16","modified_gmt":"2025-01-13T15:20:16","slug":"seletti-lampe-de-table-rouges-a-levres","status":"publish","type":"product","link":"https:\/\/www.erresse-shop.it\/fr\/shop\/ameublement-maison\/lampes\/seletti-lampe-de-table-rouges-a-levres\/","title":{"rendered":"SELETTI Lampe de table Rouges \u00e0 l\u00e8vres"},"content":{"rendered":"<p>Plongez dans l&#8217;atmosph\u00e8re des ann\u00e9es 1960 avec les nouvelles lampes <strong>TOILERPAPER<\/strong>. Entendez-vous la musique de jazz au loin ?<\/p>\n<p>LAMPE DE TABLE<\/p>\n<p><strong>Design :<\/strong> TOILETPAPER<\/p>\n<p><strong>Mat\u00e9riau :<\/strong> Porcelaine, m\u00e9tal et verre<\/p>\n<p><strong>Dimensions :<\/strong> cm. 13,5 x 13,5 x h.70 | 5,3&#8243; x 5,3&#8243; x h. 27&#8243;<\/p>\n<p>POUR USAGE INT\u00c9RIEUR UNIQUEMENT<\/p>\n<p>AMPOULE LED DIMMABLE 4 W<\/p>\n<p>Version EU : 230 V &#8211; 50 HZ &#8211; E14 4 W &#8211; 300 LUMEN 3000 K<br \/>\nVersion am\u00e9ricaine : E14120 V &#8211; 60 HZ &#8211; E14 4 W &#8211; 300 LUMEN 3000 K<\/p>\n","protected":false},"excerpt":{"rendered":"<p>Plongez dans l&#8217;atmosph\u00e8re des ann\u00e9es 1960 avec les nouvelles lampes TOILERPAPER. Entendez-vous la musique de jazz au loin ? LAMPE<\/p>\n","protected":false},"featured_media":121292,"template":"","meta":{"_acf_changed":false,"inline_featured_image":false},"product_cat":[12738,12741],"product_tag":[16793,12793,12794],"acf":[],"yoast_head":"<!-- This site is optimized with the Yoast SEO Premium plugin v18.6 (Yoast SEO v19.13) - https:\/\/yoast.com\/wordpress\/plugins\/seo\/ -->\n<title>SELETTI Lampe de table Rouges \u00e0 l\u00e8vres<\/title>\n<meta name=\"description\" content=\"D\u00e9couvrez SELETTI Lampe de table Rouges \u00e0 l\u00e8vres sur ErresseShop. Qualit\u00e9, prix r\u00e9duits et achat s\u00e9curis\u00e9 \u2013 commandez d\u00e8s maintenant en ligne !\" \/>\n<meta name=\"robots\" content=\"index, follow, max-snippet:-1, max-image-preview:large, max-video-preview:-1\" \/>\n<link rel=\"canonical\" href=\"https:\/\/www.erresse-shop.it\/fr\/shop\/ameublement-maison\/lampes\/seletti-lampe-de-table-rouges-a-levres\/\" \/>\n<meta property=\"og:locale\" content=\"fr_FR\" \/>\n<meta property=\"og:type\" content=\"article\" \/>\n<meta property=\"og:title\" content=\"SELETTI Lampe de table Rouges \u00e0 l\u00e8vres\" \/>\n<meta property=\"og:description\" content=\"D\u00e9couvrez SELETTI Lampe de table Rouges \u00e0 l\u00e8vres sur ErresseShop. Qualit\u00e9, prix r\u00e9duits et achat s\u00e9curis\u00e9 \u2013 commandez d\u00e8s maintenant en ligne !\" \/>\n<meta property=\"og:url\" content=\"https:\/\/www.erresse-shop.it\/fr\/shop\/ameublement-maison\/lampes\/seletti-lampe-de-table-rouges-a-levres\/\" \/>\n<meta property=\"og:site_name\" content=\"Erresse Shop\" \/>\n<meta property=\"article:modified_time\" content=\"2025-01-13T15:20:16+00:00\" \/>\n<meta property=\"og:image\" content=\"https:\/\/www.erresse-shop.it\/wp-content\/uploads\/2021\/09\/Seletti-Lampada-da-Tavolo-Rossetti.jpg\" \/>\n\t<meta property=\"og:image:width\" content=\"900\" \/>\n\t<meta property=\"og:image:height\" content=\"927\" \/>\n\t<meta property=\"og:image:type\" content=\"image\/jpeg\" \/>\n<meta name=\"twitter:card\" content=\"summary_large_image\" \/>\n<script type=\"application\/ld+json\" class=\"yoast-schema-graph\">{\"@context\":\"https:\/\/schema.org\",\"@graph\":[{\"@type\":\"WebPage\",\"@id\":\"https:\/\/www.erresse-shop.it\/fr\/shop\/ameublement-maison\/lampes\/seletti-lampe-de-table-rouges-a-levres\/\",\"url\":\"https:\/\/www.erresse-shop.it\/fr\/shop\/ameublement-maison\/lampes\/seletti-lampe-de-table-rouges-a-levres\/\",\"name\":\"SELETTI Lampe de table Rouges \u00e0 l\u00e8vres\",\"isPartOf\":{\"@id\":\"https:\/\/www.erresse-shop.it\/fr\/#website\"},\"datePublished\":\"2021-09-24T08:14:23+00:00\",\"dateModified\":\"2025-01-13T15:20:16+00:00\",\"description\":\"D\u00e9couvrez SELETTI Lampe de table Rouges \u00e0 l\u00e8vres sur ErresseShop. Qualit\u00e9, prix r\u00e9duits et achat s\u00e9curis\u00e9 \u2013 commandez d\u00e8s maintenant en ligne !\",\"breadcrumb\":{\"@id\":\"https:\/\/www.erresse-shop.it\/fr\/shop\/ameublement-maison\/lampes\/seletti-lampe-de-table-rouges-a-levres\/#breadcrumb\"},\"inLanguage\":\"fr-FR\",\"potentialAction\":[{\"@type\":\"ReadAction\",\"target\":[\"https:\/\/www.erresse-shop.it\/fr\/shop\/ameublement-maison\/lampes\/seletti-lampe-de-table-rouges-a-levres\/\"]}]},{\"@type\":\"BreadcrumbList\",\"@id\":\"https:\/\/www.erresse-shop.it\/fr\/shop\/ameublement-maison\/lampes\/seletti-lampe-de-table-rouges-a-levres\/#breadcrumb\",\"itemListElement\":[{\"@type\":\"ListItem\",\"position\":1,\"name\":\"Home\",\"item\":\"https:\/\/www.erresse-shop.it\/fr\/\"},{\"@type\":\"ListItem\",\"position\":2,\"name\":\"Shop\",\"item\":\"https:\/\/www.erresse-shop.it\/fr\/shop\/\"},{\"@type\":\"ListItem\",\"position\":3,\"name\":\"SELETTI Lampe de table Rouges \u00e0 l\u00e8vres\"}]},{\"@type\":\"WebSite\",\"@id\":\"https:\/\/www.erresse-shop.it\/fr\/#website\",\"url\":\"https:\/\/www.erresse-shop.it\/fr\/\",\"name\":\"Erresse Shop\",\"description\":\"Articoli di qualit\u00e0 per la casa\",\"potentialAction\":[{\"@type\":\"SearchAction\",\"target\":{\"@type\":\"EntryPoint\",\"urlTemplate\":\"https:\/\/www.erresse-shop.it\/fr\/?s={search_term_string}\"},\"query-input\":\"required name=search_term_string\"}],\"inLanguage\":\"fr-FR\"}]}<\/script>\n<!-- \/ Yoast SEO Premium plugin. -->","yoast_head_json":{"title":"SELETTI Lampe de table Rouges \u00e0 l\u00e8vres","description":"D\u00e9couvrez SELETTI Lampe de table Rouges \u00e0 l\u00e8vres sur ErresseShop. Qualit\u00e9, prix r\u00e9duits et achat s\u00e9curis\u00e9 \u2013 commandez d\u00e8s maintenant en ligne !","robots":{"index":"index","follow":"follow","max-snippet":"max-snippet:-1","max-image-preview":"max-image-preview:large","max-video-preview":"max-video-preview:-1"},"canonical":"https:\/\/www.erresse-shop.it\/fr\/shop\/ameublement-maison\/lampes\/seletti-lampe-de-table-rouges-a-levres\/","og_locale":"fr_FR","og_type":"article","og_title":"SELETTI Lampe de table Rouges \u00e0 l\u00e8vres","og_description":"D\u00e9couvrez SELETTI Lampe de table Rouges \u00e0 l\u00e8vres sur ErresseShop. Qualit\u00e9, prix r\u00e9duits et achat s\u00e9curis\u00e9 \u2013 commandez d\u00e8s maintenant en ligne !","og_url":"https:\/\/www.erresse-shop.it\/fr\/shop\/ameublement-maison\/lampes\/seletti-lampe-de-table-rouges-a-levres\/","og_site_name":"Erresse Shop","article_modified_time":"2025-01-13T15:20:16+00:00","og_image":[{"width":900,"height":927,"url":"https:\/\/www.erresse-shop.it\/wp-content\/uploads\/2021\/09\/Seletti-Lampada-da-Tavolo-Rossetti.jpg","type":"image\/jpeg"}],"twitter_card":"summary_large_image","schema":{"@context":"https:\/\/schema.org","@graph":[{"@type":"WebPage","@id":"https:\/\/www.erresse-shop.it\/fr\/shop\/ameublement-maison\/lampes\/seletti-lampe-de-table-rouges-a-levres\/","url":"https:\/\/www.erresse-shop.it\/fr\/shop\/ameublement-maison\/lampes\/seletti-lampe-de-table-rouges-a-levres\/","name":"SELETTI Lampe de table Rouges \u00e0 l\u00e8vres","isPartOf":{"@id":"https:\/\/www.erresse-shop.it\/fr\/#website"},"datePublished":"2021-09-24T08:14:23+00:00","dateModified":"2025-01-13T15:20:16+00:00","description":"D\u00e9couvrez SELETTI Lampe de table Rouges \u00e0 l\u00e8vres sur ErresseShop. Qualit\u00e9, prix r\u00e9duits et achat s\u00e9curis\u00e9 \u2013 commandez d\u00e8s maintenant en ligne !","breadcrumb":{"@id":"https:\/\/www.erresse-shop.it\/fr\/shop\/ameublement-maison\/lampes\/seletti-lampe-de-table-rouges-a-levres\/#breadcrumb"},"inLanguage":"fr-FR","potentialAction":[{"@type":"ReadAction","target":["https:\/\/www.erresse-shop.it\/fr\/shop\/ameublement-maison\/lampes\/seletti-lampe-de-table-rouges-a-levres\/"]}]},{"@type":"BreadcrumbList","@id":"https:\/\/www.erresse-shop.it\/fr\/shop\/ameublement-maison\/lampes\/seletti-lampe-de-table-rouges-a-levres\/#breadcrumb","itemListElement":[{"@type":"ListItem","position":1,"name":"Home","item":"https:\/\/www.erresse-shop.it\/fr\/"},{"@type":"ListItem","position":2,"name":"Shop","item":"https:\/\/www.erresse-shop.it\/fr\/shop\/"},{"@type":"ListItem","position":3,"name":"SELETTI Lampe de table Rouges \u00e0 l\u00e8vres"}]},{"@type":"WebSite","@id":"https:\/\/www.erresse-shop.it\/fr\/#website","url":"https:\/\/www.erresse-shop.it\/fr\/","name":"Erresse Shop","description":"Articoli di qualit\u00e0 per la casa","potentialAction":[{"@type":"SearchAction","target":{"@type":"EntryPoint","urlTemplate":"https:\/\/www.erresse-shop.it\/fr\/?s={search_term_string}"},"query-input":"required name=search_term_string"}],"inLanguage":"fr-FR"}]}},"df_price":154.8,"df_sale_price":154.8,"df_regular_price":344,"df_image_link":"https:\/\/www.erresse-shop.it\/wp-content\/uploads\/2021\/09\/Seletti-Lampada-da-Tavolo-Rossetti-291x300.jpg","_links":{"self":[{"href":"https:\/\/www.erresse-shop.it\/fr\/wp-json\/wp\/v2\/product\/121282"}],"collection":[{"href":"https:\/\/www.erresse-shop.it\/fr\/wp-json\/wp\/v2\/product"}],"about":[{"href":"https:\/\/www.erresse-shop.it\/fr\/wp-json\/wp\/v2\/types\/product"}],"wp:featuredmedia":[{"embeddable":true,"href":"https:\/\/www.erresse-shop.it\/fr\/wp-json\/wp\/v2\/media\/121292"}],"wp:attachment":[{"href":"https:\/\/www.erresse-shop.it\/fr\/wp-json\/wp\/v2\/media?parent=121282"}],"wp:term":[{"taxonomy":"product_cat","embeddable":true,"href":"https:\/\/www.erresse-shop.it\/fr\/wp-json\/wp\/v2\/product_cat?post=121282"},{"taxonomy":"product_tag","embeddable":true,"href":"https:\/\/www.erresse-shop.it\/fr\/wp-json\/wp\/v2\/product_tag?post=121282"}],"curies":[{"name":"wp","href":"https:\/\/api.w.org\/{rel}","templated":true}]}}