{"id":120598,"date":"2021-09-21T08:23:08","date_gmt":"2021-09-21T08:23:13","guid":{"rendered":"https:\/\/www.erresse-shop.it\/?post_type=product&#038;p=120598"},"modified":"2025-01-13T15:19:44","modified_gmt":"2025-01-13T15:19:44","slug":"ruffoni-opus-prima-semifonde-30-cm","status":"publish","type":"product","link":"https:\/\/www.erresse-shop.it\/fr\/shop\/poeles-pots\/sauteuses-et-faitout\/ruffoni-opus-prima-semifonde-30-cm\/","title":{"rendered":"RUFFONI Opus Prima Semifonde 30 cm"},"content":{"rendered":"<p><strong>OPUS PRIMA.<\/strong><\/p>\n<p>Une ligne d&#8217;objets de cuisine extraordinaires qui sont le r\u00e9sultat de la combinaison d&#8217;une technologie de pointe et d&#8217;un travail qui remonte \u00e0 des milliers d&#8217;ann\u00e9es et qui est encore sauvegard\u00e9 aujourd&#8217;hui par nos ma\u00eetres artisans.<br \/>\nExcellente diffusion de la chaleur et contr\u00f4le de la temp\u00e9rature gr\u00e2ce \u00e0 la couche massive d&#8217;alliage d&#8217;aluminium \u00e0 l&#8217;int\u00e9rieur des 2 couches d&#8217;acier inoxydable pratique et hygi\u00e9nique.<br \/>\nUne finition martel\u00e9e \u00e0 la main, des poign\u00e9es confortables en acier et de magnifiques boutons en laiton argent\u00e9 fabriqu\u00e9s par des ma\u00eetres orf\u00e8vres de Milan font de ces cr\u00e9ations merveilleuses une place de choix sur votre table.<br \/>\nConvient \u00e0 tous les br\u00fbleurs (y compris l&#8217;induction) et va au lave-vaisselle.<\/p>\n<p>Chaque pi\u00e8ce est termin\u00e9e par des boutons en acier inoxydable et en argent sculpt\u00e9s \u00e0 la main par des orf\u00e8vres de Milan, chacun ayant la forme d&#8217;un l\u00e9gume plaqu\u00e9 diff\u00e9rent.<br \/>\nLe fond et l&#8217;ext\u00e9rieur de chaque pot sont marqu\u00e9s de notre marque pour garantir l&#8217;originalit\u00e9 et l&#8217;authenticit\u00e9 de chaque pi\u00e8ce.<br \/>\nTout en \u00e9tant des \u0153uvres d&#8217;art, ces pi\u00e8ces \u00e0 couper le souffle sont \u00e9galement extr\u00eamement pratiques. Ils m\u00e9ritent une place d&#8217;honneur sur votre table et recevront toujours votre appr\u00e9ciation.<\/p>\n","protected":false},"excerpt":{"rendered":"<p>OPUS PRIMA. Une ligne d&#8217;objets de cuisine extraordinaires qui sont le r\u00e9sultat de la combinaison d&#8217;une technologie de pointe et<\/p>\n","protected":false},"featured_media":120608,"template":"","meta":{"_acf_changed":false,"inline_featured_image":false},"product_cat":[12458,14797],"product_tag":[13284,12461,12465,24680,12856,13299,13178,12468,12474],"acf":[],"yoast_head":"<!-- This site is optimized with the Yoast SEO Premium plugin v18.6 (Yoast SEO v19.13) - https:\/\/yoast.com\/wordpress\/plugins\/seo\/ -->\n<title>RUFFONI Opus Prima Semifonde 30 cm<\/title>\n<meta name=\"description\" content=\"D\u00e9couvrez RUFFONI Opus Prima Semifonde 30 cm sur ErresseShop. Qualit\u00e9, prix r\u00e9duits et achat s\u00e9curis\u00e9 \u2013 commandez d\u00e8s maintenant en ligne !\" \/>\n<meta name=\"robots\" content=\"index, follow, max-snippet:-1, max-image-preview:large, max-video-preview:-1\" \/>\n<link rel=\"canonical\" href=\"https:\/\/www.erresse-shop.it\/fr\/shop\/poeles-pots\/sauteuses-et-faitout\/ruffoni-opus-prima-semifonde-30-cm\/\" \/>\n<meta property=\"og:locale\" content=\"fr_FR\" \/>\n<meta property=\"og:type\" content=\"article\" \/>\n<meta property=\"og:title\" content=\"RUFFONI Opus Prima Semifonde 30 cm\" \/>\n<meta property=\"og:description\" content=\"D\u00e9couvrez RUFFONI Opus Prima Semifonde 30 cm sur ErresseShop. Qualit\u00e9, prix r\u00e9duits et achat s\u00e9curis\u00e9 \u2013 commandez d\u00e8s maintenant en ligne !\" \/>\n<meta property=\"og:url\" content=\"https:\/\/www.erresse-shop.it\/fr\/shop\/poeles-pots\/sauteuses-et-faitout\/ruffoni-opus-prima-semifonde-30-cm\/\" \/>\n<meta property=\"og:site_name\" content=\"Erresse Shop\" \/>\n<meta property=\"article:modified_time\" content=\"2025-01-13T15:19:44+00:00\" \/>\n<meta property=\"og:image\" content=\"https:\/\/www.erresse-shop.it\/wp-content\/uploads\/2021\/09\/OPB3008X.jpg\" \/>\n\t<meta property=\"og:image:width\" content=\"1010\" \/>\n\t<meta property=\"og:image:height\" content=\"747\" \/>\n\t<meta property=\"og:image:type\" content=\"image\/jpeg\" \/>\n<meta name=\"twitter:card\" content=\"summary_large_image\" \/>\n<script type=\"application\/ld+json\" class=\"yoast-schema-graph\">{\"@context\":\"https:\/\/schema.org\",\"@graph\":[{\"@type\":\"WebPage\",\"@id\":\"https:\/\/www.erresse-shop.it\/fr\/shop\/poeles-pots\/sauteuses-et-faitout\/ruffoni-opus-prima-semifonde-30-cm\/\",\"url\":\"https:\/\/www.erresse-shop.it\/fr\/shop\/poeles-pots\/sauteuses-et-faitout\/ruffoni-opus-prima-semifonde-30-cm\/\",\"name\":\"RUFFONI Opus Prima Semifonde 30 cm\",\"isPartOf\":{\"@id\":\"https:\/\/www.erresse-shop.it\/fr\/#website\"},\"datePublished\":\"2021-09-21T08:23:13+00:00\",\"dateModified\":\"2025-01-13T15:19:44+00:00\",\"description\":\"D\u00e9couvrez RUFFONI Opus Prima Semifonde 30 cm sur ErresseShop. Qualit\u00e9, prix r\u00e9duits et achat s\u00e9curis\u00e9 \u2013 commandez d\u00e8s maintenant en ligne !\",\"breadcrumb\":{\"@id\":\"https:\/\/www.erresse-shop.it\/fr\/shop\/poeles-pots\/sauteuses-et-faitout\/ruffoni-opus-prima-semifonde-30-cm\/#breadcrumb\"},\"inLanguage\":\"fr-FR\",\"potentialAction\":[{\"@type\":\"ReadAction\",\"target\":[\"https:\/\/www.erresse-shop.it\/fr\/shop\/poeles-pots\/sauteuses-et-faitout\/ruffoni-opus-prima-semifonde-30-cm\/\"]}]},{\"@type\":\"BreadcrumbList\",\"@id\":\"https:\/\/www.erresse-shop.it\/fr\/shop\/poeles-pots\/sauteuses-et-faitout\/ruffoni-opus-prima-semifonde-30-cm\/#breadcrumb\",\"itemListElement\":[{\"@type\":\"ListItem\",\"position\":1,\"name\":\"Home\",\"item\":\"https:\/\/www.erresse-shop.it\/fr\/\"},{\"@type\":\"ListItem\",\"position\":2,\"name\":\"Shop\",\"item\":\"https:\/\/www.erresse-shop.it\/fr\/shop\/\"},{\"@type\":\"ListItem\",\"position\":3,\"name\":\"RUFFONI Opus Prima Semifonde 30 cm\"}]},{\"@type\":\"WebSite\",\"@id\":\"https:\/\/www.erresse-shop.it\/fr\/#website\",\"url\":\"https:\/\/www.erresse-shop.it\/fr\/\",\"name\":\"Erresse Shop\",\"description\":\"Articoli di qualit\u00e0 per la casa\",\"potentialAction\":[{\"@type\":\"SearchAction\",\"target\":{\"@type\":\"EntryPoint\",\"urlTemplate\":\"https:\/\/www.erresse-shop.it\/fr\/?s={search_term_string}\"},\"query-input\":\"required name=search_term_string\"}],\"inLanguage\":\"fr-FR\"}]}<\/script>\n<!-- \/ Yoast SEO Premium plugin. -->","yoast_head_json":{"title":"RUFFONI Opus Prima Semifonde 30 cm","description":"D\u00e9couvrez RUFFONI Opus Prima Semifonde 30 cm sur ErresseShop. Qualit\u00e9, prix r\u00e9duits et achat s\u00e9curis\u00e9 \u2013 commandez d\u00e8s maintenant en ligne !","robots":{"index":"index","follow":"follow","max-snippet":"max-snippet:-1","max-image-preview":"max-image-preview:large","max-video-preview":"max-video-preview:-1"},"canonical":"https:\/\/www.erresse-shop.it\/fr\/shop\/poeles-pots\/sauteuses-et-faitout\/ruffoni-opus-prima-semifonde-30-cm\/","og_locale":"fr_FR","og_type":"article","og_title":"RUFFONI Opus Prima Semifonde 30 cm","og_description":"D\u00e9couvrez RUFFONI Opus Prima Semifonde 30 cm sur ErresseShop. Qualit\u00e9, prix r\u00e9duits et achat s\u00e9curis\u00e9 \u2013 commandez d\u00e8s maintenant en ligne !","og_url":"https:\/\/www.erresse-shop.it\/fr\/shop\/poeles-pots\/sauteuses-et-faitout\/ruffoni-opus-prima-semifonde-30-cm\/","og_site_name":"Erresse Shop","article_modified_time":"2025-01-13T15:19:44+00:00","og_image":[{"width":1010,"height":747,"url":"https:\/\/www.erresse-shop.it\/wp-content\/uploads\/2021\/09\/OPB3008X.jpg","type":"image\/jpeg"}],"twitter_card":"summary_large_image","schema":{"@context":"https:\/\/schema.org","@graph":[{"@type":"WebPage","@id":"https:\/\/www.erresse-shop.it\/fr\/shop\/poeles-pots\/sauteuses-et-faitout\/ruffoni-opus-prima-semifonde-30-cm\/","url":"https:\/\/www.erresse-shop.it\/fr\/shop\/poeles-pots\/sauteuses-et-faitout\/ruffoni-opus-prima-semifonde-30-cm\/","name":"RUFFONI Opus Prima Semifonde 30 cm","isPartOf":{"@id":"https:\/\/www.erresse-shop.it\/fr\/#website"},"datePublished":"2021-09-21T08:23:13+00:00","dateModified":"2025-01-13T15:19:44+00:00","description":"D\u00e9couvrez RUFFONI Opus Prima Semifonde 30 cm sur ErresseShop. Qualit\u00e9, prix r\u00e9duits et achat s\u00e9curis\u00e9 \u2013 commandez d\u00e8s maintenant en ligne !","breadcrumb":{"@id":"https:\/\/www.erresse-shop.it\/fr\/shop\/poeles-pots\/sauteuses-et-faitout\/ruffoni-opus-prima-semifonde-30-cm\/#breadcrumb"},"inLanguage":"fr-FR","potentialAction":[{"@type":"ReadAction","target":["https:\/\/www.erresse-shop.it\/fr\/shop\/poeles-pots\/sauteuses-et-faitout\/ruffoni-opus-prima-semifonde-30-cm\/"]}]},{"@type":"BreadcrumbList","@id":"https:\/\/www.erresse-shop.it\/fr\/shop\/poeles-pots\/sauteuses-et-faitout\/ruffoni-opus-prima-semifonde-30-cm\/#breadcrumb","itemListElement":[{"@type":"ListItem","position":1,"name":"Home","item":"https:\/\/www.erresse-shop.it\/fr\/"},{"@type":"ListItem","position":2,"name":"Shop","item":"https:\/\/www.erresse-shop.it\/fr\/shop\/"},{"@type":"ListItem","position":3,"name":"RUFFONI Opus Prima Semifonde 30 cm"}]},{"@type":"WebSite","@id":"https:\/\/www.erresse-shop.it\/fr\/#website","url":"https:\/\/www.erresse-shop.it\/fr\/","name":"Erresse Shop","description":"Articoli di qualit\u00e0 per la casa","potentialAction":[{"@type":"SearchAction","target":{"@type":"EntryPoint","urlTemplate":"https:\/\/www.erresse-shop.it\/fr\/?s={search_term_string}"},"query-input":"required name=search_term_string"}],"inLanguage":"fr-FR"}]}},"df_price":197.5,"df_sale_price":197.5,"df_regular_price":395,"df_image_link":"https:\/\/www.erresse-shop.it\/wp-content\/uploads\/2021\/09\/OPB3008X-300x222.jpg","_links":{"self":[{"href":"https:\/\/www.erresse-shop.it\/fr\/wp-json\/wp\/v2\/product\/120598"}],"collection":[{"href":"https:\/\/www.erresse-shop.it\/fr\/wp-json\/wp\/v2\/product"}],"about":[{"href":"https:\/\/www.erresse-shop.it\/fr\/wp-json\/wp\/v2\/types\/product"}],"wp:featuredmedia":[{"embeddable":true,"href":"https:\/\/www.erresse-shop.it\/fr\/wp-json\/wp\/v2\/media\/120608"}],"wp:attachment":[{"href":"https:\/\/www.erresse-shop.it\/fr\/wp-json\/wp\/v2\/media?parent=120598"}],"wp:term":[{"taxonomy":"product_cat","embeddable":true,"href":"https:\/\/www.erresse-shop.it\/fr\/wp-json\/wp\/v2\/product_cat?post=120598"},{"taxonomy":"product_tag","embeddable":true,"href":"https:\/\/www.erresse-shop.it\/fr\/wp-json\/wp\/v2\/product_tag?post=120598"}],"curies":[{"name":"wp","href":"https:\/\/api.w.org\/{rel}","templated":true}]}}