{"id":120481,"date":"2021-09-20T13:04:36","date_gmt":"2021-09-20T13:04:39","guid":{"rendered":"https:\/\/www.erresse-shop.it\/?post_type=product&#038;p=120481"},"modified":"2025-01-13T15:19:37","modified_gmt":"2025-01-13T15:19:37","slug":"ruffoni-opus-prima-set-7-tr","status":"publish","type":"product","link":"https:\/\/www.erresse-shop.it\/fr\/shop\/poeles-pots\/batteries-de-cuisine\/ruffoni-opus-prima-set-7-tr\/","title":{"rendered":"RUFFONI Opus Prima Set 7 tr"},"content":{"rendered":"<p><strong>OPUS PRIMA.<\/strong><\/p>\n<p>Une ligne d&#8217;objets de cuisine extraordinaires qui sont le r\u00e9sultat de la combinaison d&#8217;une technologie de pointe et d&#8217;un travail qui remonte \u00e0 des milliers d&#8217;ann\u00e9es et qui est encore sauvegard\u00e9 aujourd&#8217;hui par nos ma\u00eetres artisans.<br \/>\nExcellente diffusion de la chaleur et contr\u00f4le de la temp\u00e9rature gr\u00e2ce \u00e0 la couche massive d&#8217;alliage d&#8217;aluminium \u00e0 l&#8217;int\u00e9rieur des 2 couches d&#8217;acier inoxydable pratique et hygi\u00e9nique.<br \/>\nUne finition martel\u00e9e \u00e0 la main, des poign\u00e9es confortables en acier et de magnifiques boutons en laiton argent\u00e9 fabriqu\u00e9s par des ma\u00eetres orf\u00e8vres de Milan font de ces cr\u00e9ations merveilleuses une place de choix sur votre table.<br \/>\nConvient \u00e0 tous les br\u00fbleurs (y compris l&#8217;induction) et va au lave-vaisselle.<\/p>\n<p>L&#8217;ensemble est compos\u00e9 comme suit :<\/p>\n<ul>\n<li>Casserole 26 cm (OPA2614X) + couvercle<\/li>\n<li>Demi-ronde 30cm (OPA3009X) + couvercle<\/li>\n<li>Casserole Chef 1 poign\u00e9e 24cm (OPB2409Z) + couvercle<\/li>\n<li>Po\u00eale \u00e0 frire 26cm (OPC2605Z)<\/li>\n<\/ul>\n","protected":false},"excerpt":{"rendered":"<p>OPUS PRIMA. Une ligne d&#8217;objets de cuisine extraordinaires qui sont le r\u00e9sultat de la combinaison d&#8217;une technologie de pointe et<\/p>\n","protected":false},"featured_media":120516,"template":"","meta":{"_acf_changed":false,"inline_featured_image":false},"product_cat":[12458,14780],"product_tag":[13302,12888,12465,24680,12856,13178,12468],"acf":[],"yoast_head":"<!-- This site is optimized with the Yoast SEO Premium plugin v18.6 (Yoast SEO v19.13) - https:\/\/yoast.com\/wordpress\/plugins\/seo\/ -->\n<title>RUFFONI Opus Prima Set 7 tr<\/title>\n<meta name=\"description\" content=\"D\u00e9couvrez RUFFONI Opus Prima Set 7 tr sur ErresseShop. Qualit\u00e9, prix r\u00e9duits et achat s\u00e9curis\u00e9 \u2013 commandez d\u00e8s maintenant en ligne !\" \/>\n<meta name=\"robots\" content=\"index, follow, max-snippet:-1, max-image-preview:large, max-video-preview:-1\" \/>\n<link rel=\"canonical\" href=\"https:\/\/www.erresse-shop.it\/fr\/shop\/poeles-pots\/batteries-de-cuisine\/ruffoni-opus-prima-set-7-tr\/\" \/>\n<meta property=\"og:locale\" content=\"fr_FR\" \/>\n<meta property=\"og:type\" content=\"article\" \/>\n<meta property=\"og:title\" content=\"RUFFONI Opus Prima Set 7 tr\" \/>\n<meta property=\"og:description\" content=\"D\u00e9couvrez RUFFONI Opus Prima Set 7 tr sur ErresseShop. Qualit\u00e9, prix r\u00e9duits et achat s\u00e9curis\u00e9 \u2013 commandez d\u00e8s maintenant en ligne !\" \/>\n<meta property=\"og:url\" content=\"https:\/\/www.erresse-shop.it\/fr\/shop\/poeles-pots\/batteries-de-cuisine\/ruffoni-opus-prima-set-7-tr\/\" \/>\n<meta property=\"og:site_name\" content=\"Erresse Shop\" \/>\n<meta property=\"article:modified_time\" content=\"2025-01-13T15:19:37+00:00\" \/>\n<meta property=\"og:image\" content=\"https:\/\/www.erresse-shop.it\/wp-content\/uploads\/2021\/09\/OPS0007.jpg\" \/>\n\t<meta property=\"og:image:width\" content=\"1000\" \/>\n\t<meta property=\"og:image:height\" content=\"583\" \/>\n\t<meta property=\"og:image:type\" content=\"image\/jpeg\" \/>\n<meta name=\"twitter:card\" content=\"summary_large_image\" \/>\n<script type=\"application\/ld+json\" class=\"yoast-schema-graph\">{\"@context\":\"https:\/\/schema.org\",\"@graph\":[{\"@type\":\"WebPage\",\"@id\":\"https:\/\/www.erresse-shop.it\/fr\/shop\/poeles-pots\/batteries-de-cuisine\/ruffoni-opus-prima-set-7-tr\/\",\"url\":\"https:\/\/www.erresse-shop.it\/fr\/shop\/poeles-pots\/batteries-de-cuisine\/ruffoni-opus-prima-set-7-tr\/\",\"name\":\"RUFFONI Opus Prima Set 7 tr\",\"isPartOf\":{\"@id\":\"https:\/\/www.erresse-shop.it\/fr\/#website\"},\"datePublished\":\"2021-09-20T13:04:39+00:00\",\"dateModified\":\"2025-01-13T15:19:37+00:00\",\"description\":\"D\u00e9couvrez RUFFONI Opus Prima Set 7 tr sur ErresseShop. Qualit\u00e9, prix r\u00e9duits et achat s\u00e9curis\u00e9 \u2013 commandez d\u00e8s maintenant en ligne !\",\"breadcrumb\":{\"@id\":\"https:\/\/www.erresse-shop.it\/fr\/shop\/poeles-pots\/batteries-de-cuisine\/ruffoni-opus-prima-set-7-tr\/#breadcrumb\"},\"inLanguage\":\"fr-FR\",\"potentialAction\":[{\"@type\":\"ReadAction\",\"target\":[\"https:\/\/www.erresse-shop.it\/fr\/shop\/poeles-pots\/batteries-de-cuisine\/ruffoni-opus-prima-set-7-tr\/\"]}]},{\"@type\":\"BreadcrumbList\",\"@id\":\"https:\/\/www.erresse-shop.it\/fr\/shop\/poeles-pots\/batteries-de-cuisine\/ruffoni-opus-prima-set-7-tr\/#breadcrumb\",\"itemListElement\":[{\"@type\":\"ListItem\",\"position\":1,\"name\":\"Home\",\"item\":\"https:\/\/www.erresse-shop.it\/fr\/\"},{\"@type\":\"ListItem\",\"position\":2,\"name\":\"Shop\",\"item\":\"https:\/\/www.erresse-shop.it\/fr\/shop\/\"},{\"@type\":\"ListItem\",\"position\":3,\"name\":\"RUFFONI Opus Prima Set 7 tr\"}]},{\"@type\":\"WebSite\",\"@id\":\"https:\/\/www.erresse-shop.it\/fr\/#website\",\"url\":\"https:\/\/www.erresse-shop.it\/fr\/\",\"name\":\"Erresse Shop\",\"description\":\"Articoli di qualit\u00e0 per la casa\",\"potentialAction\":[{\"@type\":\"SearchAction\",\"target\":{\"@type\":\"EntryPoint\",\"urlTemplate\":\"https:\/\/www.erresse-shop.it\/fr\/?s={search_term_string}\"},\"query-input\":\"required name=search_term_string\"}],\"inLanguage\":\"fr-FR\"}]}<\/script>\n<!-- \/ Yoast SEO Premium plugin. -->","yoast_head_json":{"title":"RUFFONI Opus Prima Set 7 tr","description":"D\u00e9couvrez RUFFONI Opus Prima Set 7 tr sur ErresseShop. Qualit\u00e9, prix r\u00e9duits et achat s\u00e9curis\u00e9 \u2013 commandez d\u00e8s maintenant en ligne !","robots":{"index":"index","follow":"follow","max-snippet":"max-snippet:-1","max-image-preview":"max-image-preview:large","max-video-preview":"max-video-preview:-1"},"canonical":"https:\/\/www.erresse-shop.it\/fr\/shop\/poeles-pots\/batteries-de-cuisine\/ruffoni-opus-prima-set-7-tr\/","og_locale":"fr_FR","og_type":"article","og_title":"RUFFONI Opus Prima Set 7 tr","og_description":"D\u00e9couvrez RUFFONI Opus Prima Set 7 tr sur ErresseShop. Qualit\u00e9, prix r\u00e9duits et achat s\u00e9curis\u00e9 \u2013 commandez d\u00e8s maintenant en ligne !","og_url":"https:\/\/www.erresse-shop.it\/fr\/shop\/poeles-pots\/batteries-de-cuisine\/ruffoni-opus-prima-set-7-tr\/","og_site_name":"Erresse Shop","article_modified_time":"2025-01-13T15:19:37+00:00","og_image":[{"width":1000,"height":583,"url":"https:\/\/www.erresse-shop.it\/wp-content\/uploads\/2021\/09\/OPS0007.jpg","type":"image\/jpeg"}],"twitter_card":"summary_large_image","schema":{"@context":"https:\/\/schema.org","@graph":[{"@type":"WebPage","@id":"https:\/\/www.erresse-shop.it\/fr\/shop\/poeles-pots\/batteries-de-cuisine\/ruffoni-opus-prima-set-7-tr\/","url":"https:\/\/www.erresse-shop.it\/fr\/shop\/poeles-pots\/batteries-de-cuisine\/ruffoni-opus-prima-set-7-tr\/","name":"RUFFONI Opus Prima Set 7 tr","isPartOf":{"@id":"https:\/\/www.erresse-shop.it\/fr\/#website"},"datePublished":"2021-09-20T13:04:39+00:00","dateModified":"2025-01-13T15:19:37+00:00","description":"D\u00e9couvrez RUFFONI Opus Prima Set 7 tr sur ErresseShop. Qualit\u00e9, prix r\u00e9duits et achat s\u00e9curis\u00e9 \u2013 commandez d\u00e8s maintenant en ligne !","breadcrumb":{"@id":"https:\/\/www.erresse-shop.it\/fr\/shop\/poeles-pots\/batteries-de-cuisine\/ruffoni-opus-prima-set-7-tr\/#breadcrumb"},"inLanguage":"fr-FR","potentialAction":[{"@type":"ReadAction","target":["https:\/\/www.erresse-shop.it\/fr\/shop\/poeles-pots\/batteries-de-cuisine\/ruffoni-opus-prima-set-7-tr\/"]}]},{"@type":"BreadcrumbList","@id":"https:\/\/www.erresse-shop.it\/fr\/shop\/poeles-pots\/batteries-de-cuisine\/ruffoni-opus-prima-set-7-tr\/#breadcrumb","itemListElement":[{"@type":"ListItem","position":1,"name":"Home","item":"https:\/\/www.erresse-shop.it\/fr\/"},{"@type":"ListItem","position":2,"name":"Shop","item":"https:\/\/www.erresse-shop.it\/fr\/shop\/"},{"@type":"ListItem","position":3,"name":"RUFFONI Opus Prima Set 7 tr"}]},{"@type":"WebSite","@id":"https:\/\/www.erresse-shop.it\/fr\/#website","url":"https:\/\/www.erresse-shop.it\/fr\/","name":"Erresse Shop","description":"Articoli di qualit\u00e0 per la casa","potentialAction":[{"@type":"SearchAction","target":{"@type":"EntryPoint","urlTemplate":"https:\/\/www.erresse-shop.it\/fr\/?s={search_term_string}"},"query-input":"required name=search_term_string"}],"inLanguage":"fr-FR"}]}},"df_price":999,"df_sale_price":999,"df_regular_price":1998,"df_image_link":"https:\/\/www.erresse-shop.it\/wp-content\/uploads\/2021\/09\/OPS0007-300x175.jpg","_links":{"self":[{"href":"https:\/\/www.erresse-shop.it\/fr\/wp-json\/wp\/v2\/product\/120481"}],"collection":[{"href":"https:\/\/www.erresse-shop.it\/fr\/wp-json\/wp\/v2\/product"}],"about":[{"href":"https:\/\/www.erresse-shop.it\/fr\/wp-json\/wp\/v2\/types\/product"}],"wp:featuredmedia":[{"embeddable":true,"href":"https:\/\/www.erresse-shop.it\/fr\/wp-json\/wp\/v2\/media\/120516"}],"wp:attachment":[{"href":"https:\/\/www.erresse-shop.it\/fr\/wp-json\/wp\/v2\/media?parent=120481"}],"wp:term":[{"taxonomy":"product_cat","embeddable":true,"href":"https:\/\/www.erresse-shop.it\/fr\/wp-json\/wp\/v2\/product_cat?post=120481"},{"taxonomy":"product_tag","embeddable":true,"href":"https:\/\/www.erresse-shop.it\/fr\/wp-json\/wp\/v2\/product_tag?post=120481"}],"curies":[{"name":"wp","href":"https:\/\/api.w.org\/{rel}","templated":true}]}}