{"id":119397,"date":"2021-09-15T12:58:23","date_gmt":"2021-09-15T12:58:25","guid":{"rendered":"https:\/\/www.erresse-shop.it\/?post_type=product&#038;p=119397"},"modified":"2025-01-13T15:19:21","modified_gmt":"2025-01-13T15:19:21","slug":"seletti-hybrid-2-0-assiette-a-soupe-agroha","status":"publish","type":"product","link":"https:\/\/www.erresse-shop.it\/fr\/shop\/table-fr-2\/plats\/seletti-hybrid-2-0-assiette-a-soupe-agroha\/","title":{"rendered":"SELETTI Hybrid 2.0 Assiette \u00e0 soupe Agroha"},"content":{"rendered":"<p>Quand l&#8217;Orient et l&#8217;Occident se rencontrent. Une collection qui r\u00e9fl\u00e9chit sur les anciennes productions orientales et occidentales : des d\u00e9corations hybrides issues d&#8217;un pass\u00e9 complexe et transform\u00e9es en formes contemporaines.<\/p>\n<p><strong>Assiette \u00e0 soupe<\/strong><\/p>\n<p><strong>Design :<\/strong> CTRLZAK<\/p>\n<p><strong>Mat\u00e9riau :<\/strong> Porcelaine en os de Chine<\/p>\n<p><strong>Dimensions :<\/strong> \u00f8 cm 25,4<\/p>\n","protected":false},"excerpt":{"rendered":"<p>Quand l&#8217;Orient et l&#8217;Occident se rencontrent. Une collection qui r\u00e9fl\u00e9chit sur les anciennes productions orientales et occidentales : des d\u00e9corations<\/p>\n","protected":false},"featured_media":119405,"template":"","meta":{"_acf_changed":false,"inline_featured_image":false},"product_cat":[12788,12782],"product_tag":[15681,13342,13343,15682],"acf":[],"yoast_head":"<!-- This site is optimized with the Yoast SEO Premium plugin v18.6 (Yoast SEO v19.13) - https:\/\/yoast.com\/wordpress\/plugins\/seo\/ -->\n<title>SELETTI Hybrid 2.0 Assiette \u00e0 soupe Agroha<\/title>\n<meta name=\"description\" content=\"D\u00e9couvrez SELETTI Hybrid 2.0 Assiette \u00e0 soupe Agroha sur ErresseShop. Qualit\u00e9, prix r\u00e9duits et achat s\u00e9curis\u00e9 \u2013 commandez d\u00e8s maintenant en ligne !\" \/>\n<meta name=\"robots\" content=\"index, follow, max-snippet:-1, max-image-preview:large, max-video-preview:-1\" \/>\n<link rel=\"canonical\" href=\"https:\/\/www.erresse-shop.it\/fr\/shop\/table-fr-2\/plats\/seletti-hybrid-2-0-assiette-a-soupe-agroha\/\" \/>\n<meta property=\"og:locale\" content=\"fr_FR\" \/>\n<meta property=\"og:type\" content=\"article\" \/>\n<meta property=\"og:title\" content=\"SELETTI Hybrid 2.0 Assiette \u00e0 soupe Agroha\" \/>\n<meta property=\"og:description\" content=\"D\u00e9couvrez SELETTI Hybrid 2.0 Assiette \u00e0 soupe Agroha sur ErresseShop. Qualit\u00e9, prix r\u00e9duits et achat s\u00e9curis\u00e9 \u2013 commandez d\u00e8s maintenant en ligne !\" \/>\n<meta property=\"og:url\" content=\"https:\/\/www.erresse-shop.it\/fr\/shop\/table-fr-2\/plats\/seletti-hybrid-2-0-assiette-a-soupe-agroha\/\" \/>\n<meta property=\"og:site_name\" content=\"Erresse Shop\" \/>\n<meta property=\"article:modified_time\" content=\"2025-01-13T15:19:21+00:00\" \/>\n<meta property=\"og:image\" content=\"https:\/\/www.erresse-shop.it\/wp-content\/uploads\/2021\/09\/Seletti-Hybrid-2.0-Piatto-Fondo-Agroha.1.jpg\" \/>\n\t<meta property=\"og:image:width\" content=\"900\" \/>\n\t<meta property=\"og:image:height\" content=\"1200\" \/>\n\t<meta property=\"og:image:type\" content=\"image\/jpeg\" \/>\n<meta name=\"twitter:card\" content=\"summary_large_image\" \/>\n<script type=\"application\/ld+json\" class=\"yoast-schema-graph\">{\"@context\":\"https:\/\/schema.org\",\"@graph\":[{\"@type\":\"WebPage\",\"@id\":\"https:\/\/www.erresse-shop.it\/fr\/shop\/table-fr-2\/plats\/seletti-hybrid-2-0-assiette-a-soupe-agroha\/\",\"url\":\"https:\/\/www.erresse-shop.it\/fr\/shop\/table-fr-2\/plats\/seletti-hybrid-2-0-assiette-a-soupe-agroha\/\",\"name\":\"SELETTI Hybrid 2.0 Assiette \u00e0 soupe Agroha\",\"isPartOf\":{\"@id\":\"https:\/\/www.erresse-shop.it\/fr\/#website\"},\"datePublished\":\"2021-09-15T12:58:25+00:00\",\"dateModified\":\"2025-01-13T15:19:21+00:00\",\"description\":\"D\u00e9couvrez SELETTI Hybrid 2.0 Assiette \u00e0 soupe Agroha sur ErresseShop. Qualit\u00e9, prix r\u00e9duits et achat s\u00e9curis\u00e9 \u2013 commandez d\u00e8s maintenant en ligne !\",\"breadcrumb\":{\"@id\":\"https:\/\/www.erresse-shop.it\/fr\/shop\/table-fr-2\/plats\/seletti-hybrid-2-0-assiette-a-soupe-agroha\/#breadcrumb\"},\"inLanguage\":\"fr-FR\",\"potentialAction\":[{\"@type\":\"ReadAction\",\"target\":[\"https:\/\/www.erresse-shop.it\/fr\/shop\/table-fr-2\/plats\/seletti-hybrid-2-0-assiette-a-soupe-agroha\/\"]}]},{\"@type\":\"BreadcrumbList\",\"@id\":\"https:\/\/www.erresse-shop.it\/fr\/shop\/table-fr-2\/plats\/seletti-hybrid-2-0-assiette-a-soupe-agroha\/#breadcrumb\",\"itemListElement\":[{\"@type\":\"ListItem\",\"position\":1,\"name\":\"Home\",\"item\":\"https:\/\/www.erresse-shop.it\/fr\/\"},{\"@type\":\"ListItem\",\"position\":2,\"name\":\"Shop\",\"item\":\"https:\/\/www.erresse-shop.it\/fr\/shop\/\"},{\"@type\":\"ListItem\",\"position\":3,\"name\":\"SELETTI Hybrid 2.0 Assiette \u00e0 soupe Agroha\"}]},{\"@type\":\"WebSite\",\"@id\":\"https:\/\/www.erresse-shop.it\/fr\/#website\",\"url\":\"https:\/\/www.erresse-shop.it\/fr\/\",\"name\":\"Erresse Shop\",\"description\":\"Articoli di qualit\u00e0 per la casa\",\"potentialAction\":[{\"@type\":\"SearchAction\",\"target\":{\"@type\":\"EntryPoint\",\"urlTemplate\":\"https:\/\/www.erresse-shop.it\/fr\/?s={search_term_string}\"},\"query-input\":\"required name=search_term_string\"}],\"inLanguage\":\"fr-FR\"}]}<\/script>\n<!-- \/ Yoast SEO Premium plugin. -->","yoast_head_json":{"title":"SELETTI Hybrid 2.0 Assiette \u00e0 soupe Agroha","description":"D\u00e9couvrez SELETTI Hybrid 2.0 Assiette \u00e0 soupe Agroha sur ErresseShop. Qualit\u00e9, prix r\u00e9duits et achat s\u00e9curis\u00e9 \u2013 commandez d\u00e8s maintenant en ligne !","robots":{"index":"index","follow":"follow","max-snippet":"max-snippet:-1","max-image-preview":"max-image-preview:large","max-video-preview":"max-video-preview:-1"},"canonical":"https:\/\/www.erresse-shop.it\/fr\/shop\/table-fr-2\/plats\/seletti-hybrid-2-0-assiette-a-soupe-agroha\/","og_locale":"fr_FR","og_type":"article","og_title":"SELETTI Hybrid 2.0 Assiette \u00e0 soupe Agroha","og_description":"D\u00e9couvrez SELETTI Hybrid 2.0 Assiette \u00e0 soupe Agroha sur ErresseShop. Qualit\u00e9, prix r\u00e9duits et achat s\u00e9curis\u00e9 \u2013 commandez d\u00e8s maintenant en ligne !","og_url":"https:\/\/www.erresse-shop.it\/fr\/shop\/table-fr-2\/plats\/seletti-hybrid-2-0-assiette-a-soupe-agroha\/","og_site_name":"Erresse Shop","article_modified_time":"2025-01-13T15:19:21+00:00","og_image":[{"width":900,"height":1200,"url":"https:\/\/www.erresse-shop.it\/wp-content\/uploads\/2021\/09\/Seletti-Hybrid-2.0-Piatto-Fondo-Agroha.1.jpg","type":"image\/jpeg"}],"twitter_card":"summary_large_image","schema":{"@context":"https:\/\/schema.org","@graph":[{"@type":"WebPage","@id":"https:\/\/www.erresse-shop.it\/fr\/shop\/table-fr-2\/plats\/seletti-hybrid-2-0-assiette-a-soupe-agroha\/","url":"https:\/\/www.erresse-shop.it\/fr\/shop\/table-fr-2\/plats\/seletti-hybrid-2-0-assiette-a-soupe-agroha\/","name":"SELETTI Hybrid 2.0 Assiette \u00e0 soupe Agroha","isPartOf":{"@id":"https:\/\/www.erresse-shop.it\/fr\/#website"},"datePublished":"2021-09-15T12:58:25+00:00","dateModified":"2025-01-13T15:19:21+00:00","description":"D\u00e9couvrez SELETTI Hybrid 2.0 Assiette \u00e0 soupe Agroha sur ErresseShop. Qualit\u00e9, prix r\u00e9duits et achat s\u00e9curis\u00e9 \u2013 commandez d\u00e8s maintenant en ligne !","breadcrumb":{"@id":"https:\/\/www.erresse-shop.it\/fr\/shop\/table-fr-2\/plats\/seletti-hybrid-2-0-assiette-a-soupe-agroha\/#breadcrumb"},"inLanguage":"fr-FR","potentialAction":[{"@type":"ReadAction","target":["https:\/\/www.erresse-shop.it\/fr\/shop\/table-fr-2\/plats\/seletti-hybrid-2-0-assiette-a-soupe-agroha\/"]}]},{"@type":"BreadcrumbList","@id":"https:\/\/www.erresse-shop.it\/fr\/shop\/table-fr-2\/plats\/seletti-hybrid-2-0-assiette-a-soupe-agroha\/#breadcrumb","itemListElement":[{"@type":"ListItem","position":1,"name":"Home","item":"https:\/\/www.erresse-shop.it\/fr\/"},{"@type":"ListItem","position":2,"name":"Shop","item":"https:\/\/www.erresse-shop.it\/fr\/shop\/"},{"@type":"ListItem","position":3,"name":"SELETTI Hybrid 2.0 Assiette \u00e0 soupe Agroha"}]},{"@type":"WebSite","@id":"https:\/\/www.erresse-shop.it\/fr\/#website","url":"https:\/\/www.erresse-shop.it\/fr\/","name":"Erresse Shop","description":"Articoli di qualit\u00e0 per la casa","potentialAction":[{"@type":"SearchAction","target":{"@type":"EntryPoint","urlTemplate":"https:\/\/www.erresse-shop.it\/fr\/?s={search_term_string}"},"query-input":"required name=search_term_string"}],"inLanguage":"fr-FR"}]}},"df_price":58.95,"df_sale_price":58.95,"df_regular_price":82,"df_image_link":"https:\/\/www.erresse-shop.it\/wp-content\/uploads\/2021\/09\/Seletti-Hybrid-2.0-Piatto-Fondo-Agroha.1-225x300.jpg","_links":{"self":[{"href":"https:\/\/www.erresse-shop.it\/fr\/wp-json\/wp\/v2\/product\/119397"}],"collection":[{"href":"https:\/\/www.erresse-shop.it\/fr\/wp-json\/wp\/v2\/product"}],"about":[{"href":"https:\/\/www.erresse-shop.it\/fr\/wp-json\/wp\/v2\/types\/product"}],"wp:featuredmedia":[{"embeddable":true,"href":"https:\/\/www.erresse-shop.it\/fr\/wp-json\/wp\/v2\/media\/119405"}],"wp:attachment":[{"href":"https:\/\/www.erresse-shop.it\/fr\/wp-json\/wp\/v2\/media?parent=119397"}],"wp:term":[{"taxonomy":"product_cat","embeddable":true,"href":"https:\/\/www.erresse-shop.it\/fr\/wp-json\/wp\/v2\/product_cat?post=119397"},{"taxonomy":"product_tag","embeddable":true,"href":"https:\/\/www.erresse-shop.it\/fr\/wp-json\/wp\/v2\/product_tag?post=119397"}],"curies":[{"name":"wp","href":"https:\/\/api.w.org\/{rel}","templated":true}]}}