{"id":119034,"date":"2021-09-14T13:21:32","date_gmt":"2021-09-14T13:21:34","guid":{"rendered":"https:\/\/www.erresse-shop.it\/?post_type=product&#038;p=119034"},"modified":"2025-01-13T15:19:08","modified_gmt":"2025-01-13T15:19:08","slug":"zwilling-bouilloire-electrique-enfinigy-noir","status":"publish","type":"product","link":"https:\/\/www.erresse-shop.it\/fr\/shop\/petits-electromenagers\/bouilloires-electriques\/zwilling-bouilloire-electrique-enfinigy-noir\/","title":{"rendered":"ZWILLING Bouilloire \u00c9lectrique Enfinigy Noir"},"content":{"rendered":"<p>Bouilloire \u00e9lectrique en verre <strong>ZWILLING Enfinigy<\/strong> noir : la pause th\u00e9 au design \u00e9l\u00e9gant. Pour pr\u00e9parer votre th\u00e9, commencez par r\u00e9gler la temp\u00e9rature sur la base 360\u00b0. Gr\u00e2ce \u00e0 la fonction de pr\u00e9-bouillage, la bouilloire \u00e9lectrique en verre porte d&#8217;abord l&#8217;eau \u00e0 100 \u00b0C, puis vous avertit lorsque la temp\u00e9rature s\u00e9lectionn\u00e9e est atteinte. Il suffit ensuite de remplir l&#8217;insert en acier inoxydable de feuilles de th\u00e9. La minuterie int\u00e9gr\u00e9e \u00e9met un signal sonore lorsque la boisson est pr\u00eate. Vous pouvez r\u00e9gler le temps d&#8217;infusion entre 0 et 10 minutes, l&#8217;adaptant ainsi au type de th\u00e9 que vous souhaitez d\u00e9guster. L&#8217;insert \u00e0 th\u00e9 peut \u00eatre retir\u00e9 \u00e0 l&#8217;aide du support int\u00e9gr\u00e9 au couvercle, qui se desserre en appuyant sur un bouton, et plac\u00e9 sur le plateau anti-goutte fourni. Si, pour une raison ou une autre, vous devez reporter votre pause th\u00e9, la bouilloire \u00e9lectrique maintiendra votre boisson \u00e0 la temp\u00e9rature souhait\u00e9e pendant 30 minutes gr\u00e2ce \u00e0 la fonction pratique &#8220;maintien au chaud&#8221;. La bouilloire \u00e9lectrique en verre a une capacit\u00e9 de 1,7 litre et peut \u00eatre utilis\u00e9e pour d&#8217;autres fonctions en plus de la pr\u00e9paration du th\u00e9. Il existe un insert sp\u00e9cial pour pr\u00e9parer les aliments pour b\u00e9b\u00e9s et les maintenir au chaud, qui peut \u00e9galement \u00eatre utilis\u00e9 pour st\u00e9riliser les t\u00e9tines et les biberons \u00e0 100 \u00b0C pendant 5 minutes. Cette bouilloire \u00e9lectrique moderne en verre est \u00e9galement tr\u00e8s facile \u00e0 nettoyer.<\/p>\n<ul>\n<li>10 programmes et 6 r\u00e9glages de temp\u00e9rature<\/li>\n<li>La fonction de maintien au chaud permet de conserver la temp\u00e9rature souhait\u00e9e pendant 30 minutes.<\/li>\n<li>Minuterie et insert \u00e0 th\u00e9 avec support dans le couvercle pour un retrait facile et plateau d&#8217;\u00e9gouttage assorti<\/li>\n<li>Fonction de pr\u00e9-bouillage qui porte initialement l&#8217;eau \u00e0 100 \u00b0C<\/li>\n<li>Support 360\u00b0 avec enrouleur de c\u00e2ble int\u00e9gr\u00e9<\/li>\n<li>Surface en verre facile \u00e0 nettoyer<\/li>\n<li>\u00c9l\u00e9ments chauffants en acier inoxydable<\/li>\n<li>D\u00e9velopp\u00e9 par ZWILLING en Allemagne, con\u00e7u \u00e0 Milan par Matteo Thun et Antonio Rodriguez.<\/li>\n<li>Insert pour aliments pour b\u00e9b\u00e9 vendu s\u00e9par\u00e9ment<br \/>\n<u style=\"font-size: 13px; line-height: 20.8px;\"><\/u><\/li>\n<\/ul>\n<p><u style=\"font-size: 13px; line-height: 20.8px;\"><strong>Non commercialis\u00e9 en dehors de l&#8217;Europe<\/strong><\/u><\/p>\n","protected":false},"excerpt":{"rendered":"<p>Bouilloire \u00e9lectrique en verre ZWILLING Enfinigy noir : la pause th\u00e9 au design \u00e9l\u00e9gant. Pour pr\u00e9parer votre th\u00e9, commencez par<\/p>\n","protected":false},"featured_media":119113,"template":"","meta":{"_acf_changed":false,"inline_featured_image":false},"product_cat":[12763,12449],"product_tag":[25036,13265,12820,12948,13718,25021,21821,12824],"acf":[],"yoast_head":"<!-- This site is optimized with the Yoast SEO Premium plugin v18.6 (Yoast SEO v19.13) - https:\/\/yoast.com\/wordpress\/plugins\/seo\/ -->\n<title>ZWILLING Bouilloire \u00c9lectrique Enfinigy Noir<\/title>\n<meta name=\"description\" content=\"D\u00e9couvrez ZWILLING Bouilloire \u00c9lectrique Enfinigy Noir sur ErresseShop. Qualit\u00e9, prix r\u00e9duits et achat s\u00e9curis\u00e9 \u2013 commandez d\u00e8s maintenant en ligne !\" \/>\n<meta name=\"robots\" content=\"index, follow, max-snippet:-1, max-image-preview:large, max-video-preview:-1\" \/>\n<link rel=\"canonical\" href=\"https:\/\/www.erresse-shop.it\/fr\/shop\/petits-electromenagers\/bouilloires-electriques\/zwilling-bouilloire-electrique-enfinigy-noir\/\" \/>\n<meta property=\"og:locale\" content=\"fr_FR\" \/>\n<meta property=\"og:type\" content=\"article\" \/>\n<meta property=\"og:title\" content=\"ZWILLING Bouilloire \u00c9lectrique Enfinigy Noir\" \/>\n<meta property=\"og:description\" content=\"D\u00e9couvrez ZWILLING Bouilloire \u00c9lectrique Enfinigy Noir sur ErresseShop. Qualit\u00e9, prix r\u00e9duits et achat s\u00e9curis\u00e9 \u2013 commandez d\u00e8s maintenant en ligne !\" \/>\n<meta property=\"og:url\" content=\"https:\/\/www.erresse-shop.it\/fr\/shop\/petits-electromenagers\/bouilloires-electriques\/zwilling-bouilloire-electrique-enfinigy-noir\/\" \/>\n<meta property=\"og:site_name\" content=\"Erresse Shop\" \/>\n<meta property=\"article:modified_time\" content=\"2025-01-13T15:19:08+00:00\" \/>\n<meta property=\"og:image\" content=\"https:\/\/www.erresse-shop.it\/wp-content\/uploads\/2021\/09\/Zwilling-Enfinigy-Bollitore-Vetro-Nero.jpg\" \/>\n\t<meta property=\"og:image:width\" content=\"1350\" \/>\n\t<meta property=\"og:image:height\" content=\"1350\" \/>\n\t<meta property=\"og:image:type\" content=\"image\/jpeg\" \/>\n<meta name=\"twitter:card\" content=\"summary_large_image\" \/>\n<script type=\"application\/ld+json\" class=\"yoast-schema-graph\">{\"@context\":\"https:\/\/schema.org\",\"@graph\":[{\"@type\":\"WebPage\",\"@id\":\"https:\/\/www.erresse-shop.it\/fr\/shop\/petits-electromenagers\/bouilloires-electriques\/zwilling-bouilloire-electrique-enfinigy-noir\/\",\"url\":\"https:\/\/www.erresse-shop.it\/fr\/shop\/petits-electromenagers\/bouilloires-electriques\/zwilling-bouilloire-electrique-enfinigy-noir\/\",\"name\":\"ZWILLING Bouilloire \u00c9lectrique Enfinigy Noir\",\"isPartOf\":{\"@id\":\"https:\/\/www.erresse-shop.it\/fr\/#website\"},\"datePublished\":\"2021-09-14T13:21:34+00:00\",\"dateModified\":\"2025-01-13T15:19:08+00:00\",\"description\":\"D\u00e9couvrez ZWILLING Bouilloire \u00c9lectrique Enfinigy Noir sur ErresseShop. Qualit\u00e9, prix r\u00e9duits et achat s\u00e9curis\u00e9 \u2013 commandez d\u00e8s maintenant en ligne !\",\"breadcrumb\":{\"@id\":\"https:\/\/www.erresse-shop.it\/fr\/shop\/petits-electromenagers\/bouilloires-electriques\/zwilling-bouilloire-electrique-enfinigy-noir\/#breadcrumb\"},\"inLanguage\":\"fr-FR\",\"potentialAction\":[{\"@type\":\"ReadAction\",\"target\":[\"https:\/\/www.erresse-shop.it\/fr\/shop\/petits-electromenagers\/bouilloires-electriques\/zwilling-bouilloire-electrique-enfinigy-noir\/\"]}]},{\"@type\":\"BreadcrumbList\",\"@id\":\"https:\/\/www.erresse-shop.it\/fr\/shop\/petits-electromenagers\/bouilloires-electriques\/zwilling-bouilloire-electrique-enfinigy-noir\/#breadcrumb\",\"itemListElement\":[{\"@type\":\"ListItem\",\"position\":1,\"name\":\"Home\",\"item\":\"https:\/\/www.erresse-shop.it\/fr\/\"},{\"@type\":\"ListItem\",\"position\":2,\"name\":\"Shop\",\"item\":\"https:\/\/www.erresse-shop.it\/fr\/shop\/\"},{\"@type\":\"ListItem\",\"position\":3,\"name\":\"ZWILLING Bouilloire \u00c9lectrique Enfinigy Noir\"}]},{\"@type\":\"WebSite\",\"@id\":\"https:\/\/www.erresse-shop.it\/fr\/#website\",\"url\":\"https:\/\/www.erresse-shop.it\/fr\/\",\"name\":\"Erresse Shop\",\"description\":\"Articoli di qualit\u00e0 per la casa\",\"potentialAction\":[{\"@type\":\"SearchAction\",\"target\":{\"@type\":\"EntryPoint\",\"urlTemplate\":\"https:\/\/www.erresse-shop.it\/fr\/?s={search_term_string}\"},\"query-input\":\"required name=search_term_string\"}],\"inLanguage\":\"fr-FR\"}]}<\/script>\n<!-- \/ Yoast SEO Premium plugin. -->","yoast_head_json":{"title":"ZWILLING Bouilloire \u00c9lectrique Enfinigy Noir","description":"D\u00e9couvrez ZWILLING Bouilloire \u00c9lectrique Enfinigy Noir sur ErresseShop. Qualit\u00e9, prix r\u00e9duits et achat s\u00e9curis\u00e9 \u2013 commandez d\u00e8s maintenant en ligne !","robots":{"index":"index","follow":"follow","max-snippet":"max-snippet:-1","max-image-preview":"max-image-preview:large","max-video-preview":"max-video-preview:-1"},"canonical":"https:\/\/www.erresse-shop.it\/fr\/shop\/petits-electromenagers\/bouilloires-electriques\/zwilling-bouilloire-electrique-enfinigy-noir\/","og_locale":"fr_FR","og_type":"article","og_title":"ZWILLING Bouilloire \u00c9lectrique Enfinigy Noir","og_description":"D\u00e9couvrez ZWILLING Bouilloire \u00c9lectrique Enfinigy Noir sur ErresseShop. Qualit\u00e9, prix r\u00e9duits et achat s\u00e9curis\u00e9 \u2013 commandez d\u00e8s maintenant en ligne !","og_url":"https:\/\/www.erresse-shop.it\/fr\/shop\/petits-electromenagers\/bouilloires-electriques\/zwilling-bouilloire-electrique-enfinigy-noir\/","og_site_name":"Erresse Shop","article_modified_time":"2025-01-13T15:19:08+00:00","og_image":[{"width":1350,"height":1350,"url":"https:\/\/www.erresse-shop.it\/wp-content\/uploads\/2021\/09\/Zwilling-Enfinigy-Bollitore-Vetro-Nero.jpg","type":"image\/jpeg"}],"twitter_card":"summary_large_image","schema":{"@context":"https:\/\/schema.org","@graph":[{"@type":"WebPage","@id":"https:\/\/www.erresse-shop.it\/fr\/shop\/petits-electromenagers\/bouilloires-electriques\/zwilling-bouilloire-electrique-enfinigy-noir\/","url":"https:\/\/www.erresse-shop.it\/fr\/shop\/petits-electromenagers\/bouilloires-electriques\/zwilling-bouilloire-electrique-enfinigy-noir\/","name":"ZWILLING Bouilloire \u00c9lectrique Enfinigy Noir","isPartOf":{"@id":"https:\/\/www.erresse-shop.it\/fr\/#website"},"datePublished":"2021-09-14T13:21:34+00:00","dateModified":"2025-01-13T15:19:08+00:00","description":"D\u00e9couvrez ZWILLING Bouilloire \u00c9lectrique Enfinigy Noir sur ErresseShop. Qualit\u00e9, prix r\u00e9duits et achat s\u00e9curis\u00e9 \u2013 commandez d\u00e8s maintenant en ligne !","breadcrumb":{"@id":"https:\/\/www.erresse-shop.it\/fr\/shop\/petits-electromenagers\/bouilloires-electriques\/zwilling-bouilloire-electrique-enfinigy-noir\/#breadcrumb"},"inLanguage":"fr-FR","potentialAction":[{"@type":"ReadAction","target":["https:\/\/www.erresse-shop.it\/fr\/shop\/petits-electromenagers\/bouilloires-electriques\/zwilling-bouilloire-electrique-enfinigy-noir\/"]}]},{"@type":"BreadcrumbList","@id":"https:\/\/www.erresse-shop.it\/fr\/shop\/petits-electromenagers\/bouilloires-electriques\/zwilling-bouilloire-electrique-enfinigy-noir\/#breadcrumb","itemListElement":[{"@type":"ListItem","position":1,"name":"Home","item":"https:\/\/www.erresse-shop.it\/fr\/"},{"@type":"ListItem","position":2,"name":"Shop","item":"https:\/\/www.erresse-shop.it\/fr\/shop\/"},{"@type":"ListItem","position":3,"name":"ZWILLING Bouilloire \u00c9lectrique Enfinigy Noir"}]},{"@type":"WebSite","@id":"https:\/\/www.erresse-shop.it\/fr\/#website","url":"https:\/\/www.erresse-shop.it\/fr\/","name":"Erresse Shop","description":"Articoli di qualit\u00e0 per la casa","potentialAction":[{"@type":"SearchAction","target":{"@type":"EntryPoint","urlTemplate":"https:\/\/www.erresse-shop.it\/fr\/?s={search_term_string}"},"query-input":"required name=search_term_string"}],"inLanguage":"fr-FR"}]}},"df_price":119.95,"df_sale_price":119.95,"df_regular_price":149,"df_image_link":"https:\/\/www.erresse-shop.it\/wp-content\/uploads\/2021\/09\/Zwilling-Enfinigy-Bollitore-Vetro-Nero-300x300.jpg","_links":{"self":[{"href":"https:\/\/www.erresse-shop.it\/fr\/wp-json\/wp\/v2\/product\/119034"}],"collection":[{"href":"https:\/\/www.erresse-shop.it\/fr\/wp-json\/wp\/v2\/product"}],"about":[{"href":"https:\/\/www.erresse-shop.it\/fr\/wp-json\/wp\/v2\/types\/product"}],"wp:featuredmedia":[{"embeddable":true,"href":"https:\/\/www.erresse-shop.it\/fr\/wp-json\/wp\/v2\/media\/119113"}],"wp:attachment":[{"href":"https:\/\/www.erresse-shop.it\/fr\/wp-json\/wp\/v2\/media?parent=119034"}],"wp:term":[{"taxonomy":"product_cat","embeddable":true,"href":"https:\/\/www.erresse-shop.it\/fr\/wp-json\/wp\/v2\/product_cat?post=119034"},{"taxonomy":"product_tag","embeddable":true,"href":"https:\/\/www.erresse-shop.it\/fr\/wp-json\/wp\/v2\/product_tag?post=119034"}],"curies":[{"name":"wp","href":"https:\/\/api.w.org\/{rel}","templated":true}]}}