{"id":118626,"date":"2021-09-14T09:08:56","date_gmt":"2021-09-14T09:08:59","guid":{"rendered":"https:\/\/www.erresse-shop.it\/?post_type=product&#038;p=118626"},"modified":"2025-01-13T15:19:03","modified_gmt":"2025-01-13T15:19:03","slug":"ruffoni-opus-cupra-poele-30-cm","status":"publish","type":"product","link":"https:\/\/www.erresse-shop.it\/fr\/shop\/poeles-pots\/poeles\/ruffoni-opus-cupra-poele-30-cm\/","title":{"rendered":"RUFFONI Opus Cupra Po\u00eale 30 cm"},"content":{"rendered":"<p>La transformation du cuivre est une v\u00e9ritable passion pour l&#8217;entreprise Ruffoni, atteindre les plus hauts standards de qualit\u00e9 est son objectif premier, d\u00e9passer toutes les r\u00e9glementations mondiales en termes de s\u00e9curit\u00e9 pour la lib\u00e9ration du plomb dans les aliments est un devoir fondamental auquel elle s&#8217;est toujours strictement conform\u00e9e. La grande estime que l&#8217;\u00e9quipe Ruffoni porte \u00e0 son travail l&#8217;am\u00e8ne \u00e0 agir avec le plus grand scrupule, en utilisant des mat\u00e9riaux recyclables tant pour les produits que pour les emballages, et en pr\u00e9f\u00e9rant les techniques manuelles aux m\u00e9thodes de traitement chimique et m\u00e9canique moins co\u00fbteuses.<\/p>\n<p>LE PRODUIT<br \/>\nNotre philosophie est de produire des objets professionnels, mais sans exasp\u00e9ration, car nous avons toujours privil\u00e9gi\u00e9 l&#8217;utilit\u00e9, la simplicit\u00e9 d&#8217;utilisation et la pr\u00e9cision des finitions. Comme pour la r\u00e9ussite d&#8217;un repas, dans la r\u00e9alisation de chacune de ces pi\u00e8ces, nous consid\u00e9rons comme fondamentaux le choix des ingr\u00e9dients et la m\u00e9thode de travail.<\/p>\n<p>CUIVRE<br \/>\nNous nous approvisionnons uniquement aupr\u00e8s de fournisseurs certifi\u00e9s et l&#8217;\u00e9paisseur utilis\u00e9e est \u00e9tablie en fonction du produit et du type de cuisson.<\/p>\n<p>OPUS CUPRA<\/p>\n<p>Une technologie de pointe a permis la cr\u00e9ation de ces outils de cuisson exceptionnels que l&#8217;habilet\u00e9 des ma\u00eetres dinandiers de Ruffoni a transform\u00e9s en de splendides cr\u00e9ations. Une ligne en cuivre massif de 2,3 mm d&#8217;\u00e9paisseur pour le meilleur contr\u00f4le de la temp\u00e9rature, avec un noyau en aluminium fin et une partie int\u00e9rieure en acier inoxydable.<\/p>\n<p>Ces \u0153uvres d&#8217;art martel\u00e9es \u00e0 la main, avec des poign\u00e9es en acier inoxydable d\u00e9cor\u00e9es et des boutons en laiton argent\u00e9, r\u00e9alis\u00e9es par des orf\u00e8vres milanais, sont capables de satisfaire tous les besoins et de gagner une place prestigieuse sur toutes les tables.<\/p>\n<p>\u00c0 utiliser au four et sur tout \u00e9l\u00e9ment chauffant (sauf l&#8217;induction).<\/p>\n<p><strong>Le couvercle n&#8217;est pas inclus.<\/strong><\/p>\n","protected":false},"excerpt":{"rendered":"<p>La transformation du cuivre est une v\u00e9ritable passion pour l&#8217;entreprise Ruffoni, atteindre les plus hauts standards de qualit\u00e9 est son<\/p>\n","protected":false},"featured_media":118714,"template":"","meta":{"_acf_changed":false,"inline_featured_image":false},"product_cat":[12458,14802],"product_tag":[13284,12465,24680,12856,13298,13178,12468],"acf":[],"yoast_head":"<!-- This site is optimized with the Yoast SEO Premium plugin v18.6 (Yoast SEO v19.13) - https:\/\/yoast.com\/wordpress\/plugins\/seo\/ -->\n<title>RUFFONI Opus Cupra Po\u00eale 30 cm<\/title>\n<meta name=\"description\" content=\"D\u00e9couvrez RUFFONI Opus Cupra Po\u00eale 30 cm sur ErresseShop. Qualit\u00e9, prix r\u00e9duits et achat s\u00e9curis\u00e9 \u2013 commandez d\u00e8s maintenant en ligne !\" \/>\n<meta name=\"robots\" content=\"index, follow, max-snippet:-1, max-image-preview:large, max-video-preview:-1\" \/>\n<link rel=\"canonical\" href=\"https:\/\/www.erresse-shop.it\/fr\/shop\/poeles-pots\/poeles\/ruffoni-opus-cupra-poele-30-cm\/\" \/>\n<meta property=\"og:locale\" content=\"fr_FR\" \/>\n<meta property=\"og:type\" content=\"article\" \/>\n<meta property=\"og:title\" content=\"RUFFONI Opus Cupra Po\u00eale 30 cm\" \/>\n<meta property=\"og:description\" content=\"D\u00e9couvrez RUFFONI Opus Cupra Po\u00eale 30 cm sur ErresseShop. Qualit\u00e9, prix r\u00e9duits et achat s\u00e9curis\u00e9 \u2013 commandez d\u00e8s maintenant en ligne !\" \/>\n<meta property=\"og:url\" content=\"https:\/\/www.erresse-shop.it\/fr\/shop\/poeles-pots\/poeles\/ruffoni-opus-cupra-poele-30-cm\/\" \/>\n<meta property=\"og:site_name\" content=\"Erresse Shop\" \/>\n<meta property=\"article:modified_time\" content=\"2025-01-13T15:19:03+00:00\" \/>\n<meta property=\"og:image\" content=\"https:\/\/www.erresse-shop.it\/wp-content\/uploads\/2021\/09\/CM26.jpg\" \/>\n\t<meta property=\"og:image:width\" content=\"1500\" \/>\n\t<meta property=\"og:image:height\" content=\"740\" \/>\n\t<meta property=\"og:image:type\" content=\"image\/jpeg\" \/>\n<meta name=\"twitter:card\" content=\"summary_large_image\" \/>\n<script type=\"application\/ld+json\" class=\"yoast-schema-graph\">{\"@context\":\"https:\/\/schema.org\",\"@graph\":[{\"@type\":\"WebPage\",\"@id\":\"https:\/\/www.erresse-shop.it\/fr\/shop\/poeles-pots\/poeles\/ruffoni-opus-cupra-poele-30-cm\/\",\"url\":\"https:\/\/www.erresse-shop.it\/fr\/shop\/poeles-pots\/poeles\/ruffoni-opus-cupra-poele-30-cm\/\",\"name\":\"RUFFONI Opus Cupra Po\u00eale 30 cm\",\"isPartOf\":{\"@id\":\"https:\/\/www.erresse-shop.it\/fr\/#website\"},\"datePublished\":\"2021-09-14T09:08:59+00:00\",\"dateModified\":\"2025-01-13T15:19:03+00:00\",\"description\":\"D\u00e9couvrez RUFFONI Opus Cupra Po\u00eale 30 cm sur ErresseShop. Qualit\u00e9, prix r\u00e9duits et achat s\u00e9curis\u00e9 \u2013 commandez d\u00e8s maintenant en ligne !\",\"breadcrumb\":{\"@id\":\"https:\/\/www.erresse-shop.it\/fr\/shop\/poeles-pots\/poeles\/ruffoni-opus-cupra-poele-30-cm\/#breadcrumb\"},\"inLanguage\":\"fr-FR\",\"potentialAction\":[{\"@type\":\"ReadAction\",\"target\":[\"https:\/\/www.erresse-shop.it\/fr\/shop\/poeles-pots\/poeles\/ruffoni-opus-cupra-poele-30-cm\/\"]}]},{\"@type\":\"BreadcrumbList\",\"@id\":\"https:\/\/www.erresse-shop.it\/fr\/shop\/poeles-pots\/poeles\/ruffoni-opus-cupra-poele-30-cm\/#breadcrumb\",\"itemListElement\":[{\"@type\":\"ListItem\",\"position\":1,\"name\":\"Home\",\"item\":\"https:\/\/www.erresse-shop.it\/fr\/\"},{\"@type\":\"ListItem\",\"position\":2,\"name\":\"Shop\",\"item\":\"https:\/\/www.erresse-shop.it\/fr\/shop\/\"},{\"@type\":\"ListItem\",\"position\":3,\"name\":\"RUFFONI Opus Cupra Po\u00eale 30 cm\"}]},{\"@type\":\"WebSite\",\"@id\":\"https:\/\/www.erresse-shop.it\/fr\/#website\",\"url\":\"https:\/\/www.erresse-shop.it\/fr\/\",\"name\":\"Erresse Shop\",\"description\":\"Articoli di qualit\u00e0 per la casa\",\"potentialAction\":[{\"@type\":\"SearchAction\",\"target\":{\"@type\":\"EntryPoint\",\"urlTemplate\":\"https:\/\/www.erresse-shop.it\/fr\/?s={search_term_string}\"},\"query-input\":\"required name=search_term_string\"}],\"inLanguage\":\"fr-FR\"}]}<\/script>\n<!-- \/ Yoast SEO Premium plugin. -->","yoast_head_json":{"title":"RUFFONI Opus Cupra Po\u00eale 30 cm","description":"D\u00e9couvrez RUFFONI Opus Cupra Po\u00eale 30 cm sur ErresseShop. Qualit\u00e9, prix r\u00e9duits et achat s\u00e9curis\u00e9 \u2013 commandez d\u00e8s maintenant en ligne !","robots":{"index":"index","follow":"follow","max-snippet":"max-snippet:-1","max-image-preview":"max-image-preview:large","max-video-preview":"max-video-preview:-1"},"canonical":"https:\/\/www.erresse-shop.it\/fr\/shop\/poeles-pots\/poeles\/ruffoni-opus-cupra-poele-30-cm\/","og_locale":"fr_FR","og_type":"article","og_title":"RUFFONI Opus Cupra Po\u00eale 30 cm","og_description":"D\u00e9couvrez RUFFONI Opus Cupra Po\u00eale 30 cm sur ErresseShop. Qualit\u00e9, prix r\u00e9duits et achat s\u00e9curis\u00e9 \u2013 commandez d\u00e8s maintenant en ligne !","og_url":"https:\/\/www.erresse-shop.it\/fr\/shop\/poeles-pots\/poeles\/ruffoni-opus-cupra-poele-30-cm\/","og_site_name":"Erresse Shop","article_modified_time":"2025-01-13T15:19:03+00:00","og_image":[{"width":1500,"height":740,"url":"https:\/\/www.erresse-shop.it\/wp-content\/uploads\/2021\/09\/CM26.jpg","type":"image\/jpeg"}],"twitter_card":"summary_large_image","schema":{"@context":"https:\/\/schema.org","@graph":[{"@type":"WebPage","@id":"https:\/\/www.erresse-shop.it\/fr\/shop\/poeles-pots\/poeles\/ruffoni-opus-cupra-poele-30-cm\/","url":"https:\/\/www.erresse-shop.it\/fr\/shop\/poeles-pots\/poeles\/ruffoni-opus-cupra-poele-30-cm\/","name":"RUFFONI Opus Cupra Po\u00eale 30 cm","isPartOf":{"@id":"https:\/\/www.erresse-shop.it\/fr\/#website"},"datePublished":"2021-09-14T09:08:59+00:00","dateModified":"2025-01-13T15:19:03+00:00","description":"D\u00e9couvrez RUFFONI Opus Cupra Po\u00eale 30 cm sur ErresseShop. Qualit\u00e9, prix r\u00e9duits et achat s\u00e9curis\u00e9 \u2013 commandez d\u00e8s maintenant en ligne !","breadcrumb":{"@id":"https:\/\/www.erresse-shop.it\/fr\/shop\/poeles-pots\/poeles\/ruffoni-opus-cupra-poele-30-cm\/#breadcrumb"},"inLanguage":"fr-FR","potentialAction":[{"@type":"ReadAction","target":["https:\/\/www.erresse-shop.it\/fr\/shop\/poeles-pots\/poeles\/ruffoni-opus-cupra-poele-30-cm\/"]}]},{"@type":"BreadcrumbList","@id":"https:\/\/www.erresse-shop.it\/fr\/shop\/poeles-pots\/poeles\/ruffoni-opus-cupra-poele-30-cm\/#breadcrumb","itemListElement":[{"@type":"ListItem","position":1,"name":"Home","item":"https:\/\/www.erresse-shop.it\/fr\/"},{"@type":"ListItem","position":2,"name":"Shop","item":"https:\/\/www.erresse-shop.it\/fr\/shop\/"},{"@type":"ListItem","position":3,"name":"RUFFONI Opus Cupra Po\u00eale 30 cm"}]},{"@type":"WebSite","@id":"https:\/\/www.erresse-shop.it\/fr\/#website","url":"https:\/\/www.erresse-shop.it\/fr\/","name":"Erresse Shop","description":"Articoli di qualit\u00e0 per la casa","potentialAction":[{"@type":"SearchAction","target":{"@type":"EntryPoint","urlTemplate":"https:\/\/www.erresse-shop.it\/fr\/?s={search_term_string}"},"query-input":"required name=search_term_string"}],"inLanguage":"fr-FR"}]}},"df_price":189.5,"df_sale_price":189.5,"df_regular_price":379,"df_image_link":"https:\/\/www.erresse-shop.it\/wp-content\/uploads\/2021\/09\/CM26-300x148.jpg","_links":{"self":[{"href":"https:\/\/www.erresse-shop.it\/fr\/wp-json\/wp\/v2\/product\/118626"}],"collection":[{"href":"https:\/\/www.erresse-shop.it\/fr\/wp-json\/wp\/v2\/product"}],"about":[{"href":"https:\/\/www.erresse-shop.it\/fr\/wp-json\/wp\/v2\/types\/product"}],"wp:featuredmedia":[{"embeddable":true,"href":"https:\/\/www.erresse-shop.it\/fr\/wp-json\/wp\/v2\/media\/118714"}],"wp:attachment":[{"href":"https:\/\/www.erresse-shop.it\/fr\/wp-json\/wp\/v2\/media?parent=118626"}],"wp:term":[{"taxonomy":"product_cat","embeddable":true,"href":"https:\/\/www.erresse-shop.it\/fr\/wp-json\/wp\/v2\/product_cat?post=118626"},{"taxonomy":"product_tag","embeddable":true,"href":"https:\/\/www.erresse-shop.it\/fr\/wp-json\/wp\/v2\/product_tag?post=118626"}],"curies":[{"name":"wp","href":"https:\/\/api.w.org\/{rel}","templated":true}]}}