{"id":111887,"date":"2018-03-09T09:39:14","date_gmt":"2018-03-09T09:39:14","guid":{"rendered":"https:\/\/www.erresse-shop.it\/shop\/non%20class\u00e9\/zafferano-set-losanghe-6-verres-tumbler-bleu\/"},"modified":"2025-01-13T15:17:57","modified_gmt":"2025-01-13T15:17:57","slug":"zafferano-set-twiddle-6-verres-tumbler-bleu","status":"publish","type":"product","link":"https:\/\/www.erresse-shop.it\/fr\/shop\/cuisine\/zafferano-set-twiddle-6-verres-tumbler-bleu\/","title":{"rendered":"ZAFFERANO Set Twiddle 6 Verres Tumbler Bleu"},"content":{"rendered":"<p>Les collections Zafferano sont <strong>souffl\u00e9es \u00e0 la bouche et fabriqu\u00e9es \u00e0 la main<\/strong> par des artisans qui travaillent encore comme par le pass\u00e9. Ce savoir-faire artisanal rend chaque pi\u00e8ce unique et diff\u00e9rente des autres, et pour cette raison d&#8217;autant plus pr\u00e9cieuse. Le logo caract\u00e9ristique, avec le gobelet et le Z de Zafferano \u00e0 l&#8217;int\u00e9rieur, certifie que le produit est fait \u00e0 la main.<\/p>\n","protected":false},"excerpt":{"rendered":"<p>Les collections Zafferano sont souffl\u00e9es \u00e0 la bouche et fabriqu\u00e9es \u00e0 la main par des artisans qui travaillent encore comme<\/p>\n","protected":false},"featured_media":431132,"template":"","meta":{"_acf_changed":false,"inline_featured_image":false},"product_cat":[12748],"product_tag":[25026,23690,25021,12827,12829,15913,12826,14889],"acf":[],"yoast_head":"<!-- This site is optimized with the Yoast SEO Premium plugin v18.6 (Yoast SEO v19.13) - https:\/\/yoast.com\/wordpress\/plugins\/seo\/ -->\n<title>ZAFFERANO Set Twiddle 6 Verres Tumbler Bleu<\/title>\n<meta name=\"description\" content=\"D\u00e9couvrez ZAFFERANO Set Twiddle 6 Verres Tumbler Bleu sur ErresseShop. Qualit\u00e9, prix r\u00e9duits et achat s\u00e9curis\u00e9 \u2013 commandez d\u00e8s maintenant en ligne !\" \/>\n<meta name=\"robots\" content=\"index, follow, max-snippet:-1, max-image-preview:large, max-video-preview:-1\" \/>\n<link rel=\"canonical\" href=\"https:\/\/www.erresse-shop.it\/fr\/shop\/cuisine\/zafferano-set-twiddle-6-verres-tumbler-bleu\/\" \/>\n<meta property=\"og:locale\" content=\"fr_FR\" \/>\n<meta property=\"og:type\" content=\"article\" \/>\n<meta property=\"og:title\" content=\"ZAFFERANO Set Twiddle 6 Verres Tumbler Bleu\" \/>\n<meta property=\"og:description\" content=\"D\u00e9couvrez ZAFFERANO Set Twiddle 6 Verres Tumbler Bleu sur ErresseShop. Qualit\u00e9, prix r\u00e9duits et achat s\u00e9curis\u00e9 \u2013 commandez d\u00e8s maintenant en ligne !\" \/>\n<meta property=\"og:url\" content=\"https:\/\/www.erresse-shop.it\/fr\/shop\/cuisine\/zafferano-set-twiddle-6-verres-tumbler-bleu\/\" \/>\n<meta property=\"og:site_name\" content=\"Erresse Shop\" \/>\n<meta property=\"article:modified_time\" content=\"2025-01-13T15:17:57+00:00\" \/>\n<meta property=\"og:image\" content=\"https:\/\/www.erresse-shop.it\/wp-content\/uploads\/2018\/03\/ZAFFERANO-Twiddle-Set-6-Bicchieri-Tumbler-blu.jpg\" \/>\n\t<meta property=\"og:image:width\" content=\"800\" \/>\n\t<meta property=\"og:image:height\" content=\"800\" \/>\n\t<meta property=\"og:image:type\" content=\"image\/jpeg\" \/>\n<meta name=\"twitter:card\" content=\"summary_large_image\" \/>\n<script type=\"application\/ld+json\" class=\"yoast-schema-graph\">{\"@context\":\"https:\/\/schema.org\",\"@graph\":[{\"@type\":\"WebPage\",\"@id\":\"https:\/\/www.erresse-shop.it\/fr\/shop\/cuisine\/zafferano-set-twiddle-6-verres-tumbler-bleu\/\",\"url\":\"https:\/\/www.erresse-shop.it\/fr\/shop\/cuisine\/zafferano-set-twiddle-6-verres-tumbler-bleu\/\",\"name\":\"ZAFFERANO Set Twiddle 6 Verres Tumbler Bleu\",\"isPartOf\":{\"@id\":\"https:\/\/www.erresse-shop.it\/fr\/#website\"},\"datePublished\":\"2018-03-09T09:39:14+00:00\",\"dateModified\":\"2025-01-13T15:17:57+00:00\",\"description\":\"D\u00e9couvrez ZAFFERANO Set Twiddle 6 Verres Tumbler Bleu sur ErresseShop. Qualit\u00e9, prix r\u00e9duits et achat s\u00e9curis\u00e9 \u2013 commandez d\u00e8s maintenant en ligne !\",\"breadcrumb\":{\"@id\":\"https:\/\/www.erresse-shop.it\/fr\/shop\/cuisine\/zafferano-set-twiddle-6-verres-tumbler-bleu\/#breadcrumb\"},\"inLanguage\":\"fr-FR\",\"potentialAction\":[{\"@type\":\"ReadAction\",\"target\":[\"https:\/\/www.erresse-shop.it\/fr\/shop\/cuisine\/zafferano-set-twiddle-6-verres-tumbler-bleu\/\"]}]},{\"@type\":\"BreadcrumbList\",\"@id\":\"https:\/\/www.erresse-shop.it\/fr\/shop\/cuisine\/zafferano-set-twiddle-6-verres-tumbler-bleu\/#breadcrumb\",\"itemListElement\":[{\"@type\":\"ListItem\",\"position\":1,\"name\":\"Home\",\"item\":\"https:\/\/www.erresse-shop.it\/fr\/\"},{\"@type\":\"ListItem\",\"position\":2,\"name\":\"Shop\",\"item\":\"https:\/\/www.erresse-shop.it\/fr\/shop\/\"},{\"@type\":\"ListItem\",\"position\":3,\"name\":\"ZAFFERANO Set Twiddle 6 Verres Tumbler Bleu\"}]},{\"@type\":\"WebSite\",\"@id\":\"https:\/\/www.erresse-shop.it\/fr\/#website\",\"url\":\"https:\/\/www.erresse-shop.it\/fr\/\",\"name\":\"Erresse Shop\",\"description\":\"Articoli di qualit\u00e0 per la casa\",\"potentialAction\":[{\"@type\":\"SearchAction\",\"target\":{\"@type\":\"EntryPoint\",\"urlTemplate\":\"https:\/\/www.erresse-shop.it\/fr\/?s={search_term_string}\"},\"query-input\":\"required name=search_term_string\"}],\"inLanguage\":\"fr-FR\"}]}<\/script>\n<!-- \/ Yoast SEO Premium plugin. -->","yoast_head_json":{"title":"ZAFFERANO Set Twiddle 6 Verres Tumbler Bleu","description":"D\u00e9couvrez ZAFFERANO Set Twiddle 6 Verres Tumbler Bleu sur ErresseShop. Qualit\u00e9, prix r\u00e9duits et achat s\u00e9curis\u00e9 \u2013 commandez d\u00e8s maintenant en ligne !","robots":{"index":"index","follow":"follow","max-snippet":"max-snippet:-1","max-image-preview":"max-image-preview:large","max-video-preview":"max-video-preview:-1"},"canonical":"https:\/\/www.erresse-shop.it\/fr\/shop\/cuisine\/zafferano-set-twiddle-6-verres-tumbler-bleu\/","og_locale":"fr_FR","og_type":"article","og_title":"ZAFFERANO Set Twiddle 6 Verres Tumbler Bleu","og_description":"D\u00e9couvrez ZAFFERANO Set Twiddle 6 Verres Tumbler Bleu sur ErresseShop. Qualit\u00e9, prix r\u00e9duits et achat s\u00e9curis\u00e9 \u2013 commandez d\u00e8s maintenant en ligne !","og_url":"https:\/\/www.erresse-shop.it\/fr\/shop\/cuisine\/zafferano-set-twiddle-6-verres-tumbler-bleu\/","og_site_name":"Erresse Shop","article_modified_time":"2025-01-13T15:17:57+00:00","og_image":[{"width":800,"height":800,"url":"https:\/\/www.erresse-shop.it\/wp-content\/uploads\/2018\/03\/ZAFFERANO-Twiddle-Set-6-Bicchieri-Tumbler-blu.jpg","type":"image\/jpeg"}],"twitter_card":"summary_large_image","schema":{"@context":"https:\/\/schema.org","@graph":[{"@type":"WebPage","@id":"https:\/\/www.erresse-shop.it\/fr\/shop\/cuisine\/zafferano-set-twiddle-6-verres-tumbler-bleu\/","url":"https:\/\/www.erresse-shop.it\/fr\/shop\/cuisine\/zafferano-set-twiddle-6-verres-tumbler-bleu\/","name":"ZAFFERANO Set Twiddle 6 Verres Tumbler Bleu","isPartOf":{"@id":"https:\/\/www.erresse-shop.it\/fr\/#website"},"datePublished":"2018-03-09T09:39:14+00:00","dateModified":"2025-01-13T15:17:57+00:00","description":"D\u00e9couvrez ZAFFERANO Set Twiddle 6 Verres Tumbler Bleu sur ErresseShop. Qualit\u00e9, prix r\u00e9duits et achat s\u00e9curis\u00e9 \u2013 commandez d\u00e8s maintenant en ligne !","breadcrumb":{"@id":"https:\/\/www.erresse-shop.it\/fr\/shop\/cuisine\/zafferano-set-twiddle-6-verres-tumbler-bleu\/#breadcrumb"},"inLanguage":"fr-FR","potentialAction":[{"@type":"ReadAction","target":["https:\/\/www.erresse-shop.it\/fr\/shop\/cuisine\/zafferano-set-twiddle-6-verres-tumbler-bleu\/"]}]},{"@type":"BreadcrumbList","@id":"https:\/\/www.erresse-shop.it\/fr\/shop\/cuisine\/zafferano-set-twiddle-6-verres-tumbler-bleu\/#breadcrumb","itemListElement":[{"@type":"ListItem","position":1,"name":"Home","item":"https:\/\/www.erresse-shop.it\/fr\/"},{"@type":"ListItem","position":2,"name":"Shop","item":"https:\/\/www.erresse-shop.it\/fr\/shop\/"},{"@type":"ListItem","position":3,"name":"ZAFFERANO Set Twiddle 6 Verres Tumbler Bleu"}]},{"@type":"WebSite","@id":"https:\/\/www.erresse-shop.it\/fr\/#website","url":"https:\/\/www.erresse-shop.it\/fr\/","name":"Erresse Shop","description":"Articoli di qualit\u00e0 per la casa","potentialAction":[{"@type":"SearchAction","target":{"@type":"EntryPoint","urlTemplate":"https:\/\/www.erresse-shop.it\/fr\/?s={search_term_string}"},"query-input":"required name=search_term_string"}],"inLanguage":"fr-FR"}]}},"df_price":96.3,"df_sale_price":96.3,"df_regular_price":107,"df_image_link":"https:\/\/www.erresse-shop.it\/wp-content\/uploads\/2018\/03\/ZAFFERANO-Twiddle-Set-6-Bicchieri-Tumbler-blu-300x300.jpg","_links":{"self":[{"href":"https:\/\/www.erresse-shop.it\/fr\/wp-json\/wp\/v2\/product\/111887"}],"collection":[{"href":"https:\/\/www.erresse-shop.it\/fr\/wp-json\/wp\/v2\/product"}],"about":[{"href":"https:\/\/www.erresse-shop.it\/fr\/wp-json\/wp\/v2\/types\/product"}],"wp:featuredmedia":[{"embeddable":true,"href":"https:\/\/www.erresse-shop.it\/fr\/wp-json\/wp\/v2\/media\/431132"}],"wp:attachment":[{"href":"https:\/\/www.erresse-shop.it\/fr\/wp-json\/wp\/v2\/media?parent=111887"}],"wp:term":[{"taxonomy":"product_cat","embeddable":true,"href":"https:\/\/www.erresse-shop.it\/fr\/wp-json\/wp\/v2\/product_cat?post=111887"},{"taxonomy":"product_tag","embeddable":true,"href":"https:\/\/www.erresse-shop.it\/fr\/wp-json\/wp\/v2\/product_tag?post=111887"}],"curies":[{"name":"wp","href":"https:\/\/api.w.org\/{rel}","templated":true}]}}