{"id":111808,"date":"2015-10-10T11:12:23","date_gmt":"2015-10-10T11:12:23","guid":{"rendered":"https:\/\/www.erresse-shop.it\/shop\/non%20class\u00e9\/magimix-kit-daccessoires-3-disques-pour-3200-4200-5200\/"},"modified":"2025-01-13T15:17:12","modified_gmt":"2025-01-13T15:17:12","slug":"magimix-kit-daccessoires-3-disques-pour-3200-4200-5200","status":"publish","type":"product","link":"https:\/\/www.erresse-shop.it\/fr\/shop\/petits-electromenagers\/robots-de-cuisine\/magimix-kit-daccessoires-3-disques-pour-3200-4200-5200\/","title":{"rendered":"MAGIMIX Kit d&#8217;Accessoires 3 Disques pour 3200-4200-5200"},"content":{"rendered":"<p><strong>MAGIMIX.<\/strong> <span style=\"text-decoration: underline;\">GARANTIE ITALIENNE<\/span><\/p>\n<p>C&#8217;est en France, au c\u0153ur de la Bourgogne, r\u00e9gion c\u00e9l\u00e8bre pour sa gastronomie, que Magimix a invent\u00e9 le robot m\u00e9nager il y a plus de quarante ans.<br \/>\nAujourd&#8217;hui, les appareils Magimix sont la version domestique des appareils con\u00e7us pour les professionnels. Les plus grands restaurants du monde utilisent la version professionnelle de nos produits.<br \/>\nAu sein de la gamme Magimix, vous trouverez toute la gamme des petits appareils de cuisine.<br \/>\nToujours \u00e0 la pointe de l&#8217;innovation en cuisine, Magimix est heureux de pr\u00e9senter sa derni\u00e8re collection pour le plaisir de cuisiner comme un grand cuisinier.<\/p>\n<p><strong>Kit de disques de coupe cr\u00e9atifs<\/strong><\/p>\n<p>Le kit comprend un disque de coupe en julienne, un disque de coupe en julienne large et un disque de coupe rainur\u00e9. Avec ce kit, vous pourrez couper les fruits et l\u00e9gumes comme un chef !<\/p>\n","protected":false},"excerpt":{"rendered":"<p>MAGIMIX. GARANTIE ITALIENNE C&#8217;est en France, au c\u0153ur de la Bourgogne, r\u00e9gion c\u00e9l\u00e8bre pour sa gastronomie, que Magimix a invent\u00e9<\/p>\n","protected":false},"featured_media":111809,"template":"","meta":{"_acf_changed":false,"inline_featured_image":false},"product_cat":[12449,12768],"product_tag":[12948,25021,12994,15610],"acf":[],"yoast_head":"<!-- This site is optimized with the Yoast SEO Premium plugin v18.6 (Yoast SEO v19.13) - https:\/\/yoast.com\/wordpress\/plugins\/seo\/ -->\n<title>MAGIMIX Kit d&#039;Accessoires 3 Disques pour 3200-4200-5200<\/title>\n<meta name=\"description\" content=\"D\u00e9couvrez MAGIMIX Kit d&#039;Accessoires 3 Disques pour 3200-4200-5200 sur ErresseShop. Qualit\u00e9, prix r\u00e9duits et achat s\u00e9curis\u00e9 \u2013 commandez d\u00e8s maintenant en ligne !\" \/>\n<meta name=\"robots\" content=\"index, follow, max-snippet:-1, max-image-preview:large, max-video-preview:-1\" \/>\n<link rel=\"canonical\" href=\"https:\/\/www.erresse-shop.it\/fr\/shop\/petits-electromenagers\/robots-de-cuisine\/magimix-kit-daccessoires-3-disques-pour-3200-4200-5200\/\" \/>\n<meta property=\"og:locale\" content=\"fr_FR\" \/>\n<meta property=\"og:type\" content=\"article\" \/>\n<meta property=\"og:title\" content=\"MAGIMIX Kit d&#039;Accessoires 3 Disques pour 3200-4200-5200\" \/>\n<meta property=\"og:description\" content=\"D\u00e9couvrez MAGIMIX Kit d&#039;Accessoires 3 Disques pour 3200-4200-5200 sur ErresseShop. Qualit\u00e9, prix r\u00e9duits et achat s\u00e9curis\u00e9 \u2013 commandez d\u00e8s maintenant en ligne !\" \/>\n<meta property=\"og:url\" content=\"https:\/\/www.erresse-shop.it\/fr\/shop\/petits-electromenagers\/robots-de-cuisine\/magimix-kit-daccessoires-3-disques-pour-3200-4200-5200\/\" \/>\n<meta property=\"og:site_name\" content=\"Erresse Shop\" \/>\n<meta property=\"article:modified_time\" content=\"2025-01-13T15:17:12+00:00\" \/>\n<meta property=\"og:image\" content=\"https:\/\/www.erresse-shop.it\/wp-content\/uploads\/2015\/10\/products-coffret-cuisine-creative2.jpg\" \/>\n\t<meta property=\"og:image:width\" content=\"400\" \/>\n\t<meta property=\"og:image:height\" content=\"400\" \/>\n\t<meta property=\"og:image:type\" content=\"image\/jpeg\" \/>\n<meta name=\"twitter:card\" content=\"summary_large_image\" \/>\n<script type=\"application\/ld+json\" class=\"yoast-schema-graph\">{\"@context\":\"https:\/\/schema.org\",\"@graph\":[{\"@type\":\"WebPage\",\"@id\":\"https:\/\/www.erresse-shop.it\/fr\/shop\/petits-electromenagers\/robots-de-cuisine\/magimix-kit-daccessoires-3-disques-pour-3200-4200-5200\/\",\"url\":\"https:\/\/www.erresse-shop.it\/fr\/shop\/petits-electromenagers\/robots-de-cuisine\/magimix-kit-daccessoires-3-disques-pour-3200-4200-5200\/\",\"name\":\"MAGIMIX Kit d'Accessoires 3 Disques pour 3200-4200-5200\",\"isPartOf\":{\"@id\":\"https:\/\/www.erresse-shop.it\/fr\/#website\"},\"datePublished\":\"2015-10-10T11:12:23+00:00\",\"dateModified\":\"2025-01-13T15:17:12+00:00\",\"description\":\"D\u00e9couvrez MAGIMIX Kit d'Accessoires 3 Disques pour 3200-4200-5200 sur ErresseShop. Qualit\u00e9, prix r\u00e9duits et achat s\u00e9curis\u00e9 \u2013 commandez d\u00e8s maintenant en ligne !\",\"breadcrumb\":{\"@id\":\"https:\/\/www.erresse-shop.it\/fr\/shop\/petits-electromenagers\/robots-de-cuisine\/magimix-kit-daccessoires-3-disques-pour-3200-4200-5200\/#breadcrumb\"},\"inLanguage\":\"fr-FR\",\"potentialAction\":[{\"@type\":\"ReadAction\",\"target\":[\"https:\/\/www.erresse-shop.it\/fr\/shop\/petits-electromenagers\/robots-de-cuisine\/magimix-kit-daccessoires-3-disques-pour-3200-4200-5200\/\"]}]},{\"@type\":\"BreadcrumbList\",\"@id\":\"https:\/\/www.erresse-shop.it\/fr\/shop\/petits-electromenagers\/robots-de-cuisine\/magimix-kit-daccessoires-3-disques-pour-3200-4200-5200\/#breadcrumb\",\"itemListElement\":[{\"@type\":\"ListItem\",\"position\":1,\"name\":\"Home\",\"item\":\"https:\/\/www.erresse-shop.it\/fr\/\"},{\"@type\":\"ListItem\",\"position\":2,\"name\":\"Shop\",\"item\":\"https:\/\/www.erresse-shop.it\/fr\/shop\/\"},{\"@type\":\"ListItem\",\"position\":3,\"name\":\"MAGIMIX Kit d&#8217;Accessoires 3 Disques pour 3200-4200-5200\"}]},{\"@type\":\"WebSite\",\"@id\":\"https:\/\/www.erresse-shop.it\/fr\/#website\",\"url\":\"https:\/\/www.erresse-shop.it\/fr\/\",\"name\":\"Erresse Shop\",\"description\":\"Articoli di qualit\u00e0 per la casa\",\"potentialAction\":[{\"@type\":\"SearchAction\",\"target\":{\"@type\":\"EntryPoint\",\"urlTemplate\":\"https:\/\/www.erresse-shop.it\/fr\/?s={search_term_string}\"},\"query-input\":\"required name=search_term_string\"}],\"inLanguage\":\"fr-FR\"}]}<\/script>\n<!-- \/ Yoast SEO Premium plugin. -->","yoast_head_json":{"title":"MAGIMIX Kit d'Accessoires 3 Disques pour 3200-4200-5200","description":"D\u00e9couvrez MAGIMIX Kit d'Accessoires 3 Disques pour 3200-4200-5200 sur ErresseShop. Qualit\u00e9, prix r\u00e9duits et achat s\u00e9curis\u00e9 \u2013 commandez d\u00e8s maintenant en ligne !","robots":{"index":"index","follow":"follow","max-snippet":"max-snippet:-1","max-image-preview":"max-image-preview:large","max-video-preview":"max-video-preview:-1"},"canonical":"https:\/\/www.erresse-shop.it\/fr\/shop\/petits-electromenagers\/robots-de-cuisine\/magimix-kit-daccessoires-3-disques-pour-3200-4200-5200\/","og_locale":"fr_FR","og_type":"article","og_title":"MAGIMIX Kit d'Accessoires 3 Disques pour 3200-4200-5200","og_description":"D\u00e9couvrez MAGIMIX Kit d'Accessoires 3 Disques pour 3200-4200-5200 sur ErresseShop. Qualit\u00e9, prix r\u00e9duits et achat s\u00e9curis\u00e9 \u2013 commandez d\u00e8s maintenant en ligne !","og_url":"https:\/\/www.erresse-shop.it\/fr\/shop\/petits-electromenagers\/robots-de-cuisine\/magimix-kit-daccessoires-3-disques-pour-3200-4200-5200\/","og_site_name":"Erresse Shop","article_modified_time":"2025-01-13T15:17:12+00:00","og_image":[{"width":400,"height":400,"url":"https:\/\/www.erresse-shop.it\/wp-content\/uploads\/2015\/10\/products-coffret-cuisine-creative2.jpg","type":"image\/jpeg"}],"twitter_card":"summary_large_image","schema":{"@context":"https:\/\/schema.org","@graph":[{"@type":"WebPage","@id":"https:\/\/www.erresse-shop.it\/fr\/shop\/petits-electromenagers\/robots-de-cuisine\/magimix-kit-daccessoires-3-disques-pour-3200-4200-5200\/","url":"https:\/\/www.erresse-shop.it\/fr\/shop\/petits-electromenagers\/robots-de-cuisine\/magimix-kit-daccessoires-3-disques-pour-3200-4200-5200\/","name":"MAGIMIX Kit d'Accessoires 3 Disques pour 3200-4200-5200","isPartOf":{"@id":"https:\/\/www.erresse-shop.it\/fr\/#website"},"datePublished":"2015-10-10T11:12:23+00:00","dateModified":"2025-01-13T15:17:12+00:00","description":"D\u00e9couvrez MAGIMIX Kit d'Accessoires 3 Disques pour 3200-4200-5200 sur ErresseShop. Qualit\u00e9, prix r\u00e9duits et achat s\u00e9curis\u00e9 \u2013 commandez d\u00e8s maintenant en ligne !","breadcrumb":{"@id":"https:\/\/www.erresse-shop.it\/fr\/shop\/petits-electromenagers\/robots-de-cuisine\/magimix-kit-daccessoires-3-disques-pour-3200-4200-5200\/#breadcrumb"},"inLanguage":"fr-FR","potentialAction":[{"@type":"ReadAction","target":["https:\/\/www.erresse-shop.it\/fr\/shop\/petits-electromenagers\/robots-de-cuisine\/magimix-kit-daccessoires-3-disques-pour-3200-4200-5200\/"]}]},{"@type":"BreadcrumbList","@id":"https:\/\/www.erresse-shop.it\/fr\/shop\/petits-electromenagers\/robots-de-cuisine\/magimix-kit-daccessoires-3-disques-pour-3200-4200-5200\/#breadcrumb","itemListElement":[{"@type":"ListItem","position":1,"name":"Home","item":"https:\/\/www.erresse-shop.it\/fr\/"},{"@type":"ListItem","position":2,"name":"Shop","item":"https:\/\/www.erresse-shop.it\/fr\/shop\/"},{"@type":"ListItem","position":3,"name":"MAGIMIX Kit d&#8217;Accessoires 3 Disques pour 3200-4200-5200"}]},{"@type":"WebSite","@id":"https:\/\/www.erresse-shop.it\/fr\/#website","url":"https:\/\/www.erresse-shop.it\/fr\/","name":"Erresse Shop","description":"Articoli di qualit\u00e0 per la casa","potentialAction":[{"@type":"SearchAction","target":{"@type":"EntryPoint","urlTemplate":"https:\/\/www.erresse-shop.it\/fr\/?s={search_term_string}"},"query-input":"required name=search_term_string"}],"inLanguage":"fr-FR"}]}},"df_price":65,"df_sale_price":65,"df_regular_price":100,"df_image_link":"https:\/\/www.erresse-shop.it\/wp-content\/uploads\/2015\/10\/products-coffret-cuisine-creative2-300x300.jpg","_links":{"self":[{"href":"https:\/\/www.erresse-shop.it\/fr\/wp-json\/wp\/v2\/product\/111808"}],"collection":[{"href":"https:\/\/www.erresse-shop.it\/fr\/wp-json\/wp\/v2\/product"}],"about":[{"href":"https:\/\/www.erresse-shop.it\/fr\/wp-json\/wp\/v2\/types\/product"}],"wp:featuredmedia":[{"embeddable":true,"href":"https:\/\/www.erresse-shop.it\/fr\/wp-json\/wp\/v2\/media\/111809"}],"wp:attachment":[{"href":"https:\/\/www.erresse-shop.it\/fr\/wp-json\/wp\/v2\/media?parent=111808"}],"wp:term":[{"taxonomy":"product_cat","embeddable":true,"href":"https:\/\/www.erresse-shop.it\/fr\/wp-json\/wp\/v2\/product_cat?post=111808"},{"taxonomy":"product_tag","embeddable":true,"href":"https:\/\/www.erresse-shop.it\/fr\/wp-json\/wp\/v2\/product_tag?post=111808"}],"curies":[{"name":"wp","href":"https:\/\/api.w.org\/{rel}","templated":true}]}}