{"id":111639,"date":"2018-01-12T14:05:47","date_gmt":"2018-01-12T14:05:47","guid":{"rendered":"https:\/\/www.erresse-shop.it\/shop\/non%20class\u00e9\/zafferano-bilia-6-verres-mix\/"},"modified":"2025-01-13T15:16:28","modified_gmt":"2025-01-13T15:16:28","slug":"zafferano-bilia-6-verres-mix","status":"publish","type":"product","link":"https:\/\/www.erresse-shop.it\/fr\/shop\/table-fr-2\/verres\/zafferano-bilia-6-verres-mix\/","title":{"rendered":"ZAFFERANO Bilia 6 Verres Mix"},"content":{"rendered":"<p><strong>Zafferano<\/strong>. En plus d&#8217;\u00eatre un lieu d&#8217;affirmation, d&#8217;\u00e9volution et d&#8217;ach\u00e8vement du vin, <strong>le gobelet est une \u0153uvre d&#8217;art.<\/strong><br \/>\nLe design et la fonctionnalit\u00e9 inspirent le travail de <strong>Federico de Majo<\/strong>, dont les cr\u00e9ations vont de lignes plus traditionnelles \u00e0 d&#8217;autres \u00e0 fort contenu technique, o\u00f9 s&#8217;expriment <strong>le go\u00fbt de l&#8217;innovation et la recherche sur les produits<\/strong>.<\/p>\n<p>Avec Zafferano, l&#8217;exp\u00e9rience de la verrerie rencontre la culture du vin. L&#8217;histoire de Federico de Majo commence dans la verrerie familiale de Murano. C&#8217;est l\u00e0, au milieu des ann\u00e9es 70, que Federico de Majo a commenc\u00e9 \u00e0 se consacrer avec passion au verre souffl\u00e9 et artistique. Plus tard, l&#8217;attention et le go\u00fbt pour les bonnes boissons feront na\u00eetre en lui le d\u00e9sir de cr\u00e9er une entreprise d\u00e9di\u00e9e \u00e0 la recherche et \u00e0 la production de verres \u00e0 d\u00e9gustation.<\/p>\n<p>Les collections Zafferano sont souffl\u00e9es \u00e0 la bouche et r\u00e9alis\u00e9es \u00e0 la main par des artisans qui travaillent encore comme autrefois. Ce travail artisanal fait que chaque verre est unique et diff\u00e9rent des autres, ce qui le rend d&#8217;autant plus pr\u00e9cieux. Le logo caract\u00e9ristique, avec le gobelet et le Z de Safran \u00e0 l&#8217;int\u00e9rieur, certifie que le produit est fait \u00e0 la main.<\/p>\n<p><strong>Jeu de 6 couleurs disponibles :<\/strong> blanc, ambre, vert, rose, bleu, jaune d&#8217;or, transparent et noir.<\/p>\n","protected":false},"excerpt":{"rendered":"<p>Zafferano. En plus d&#8217;\u00eatre un lieu d&#8217;affirmation, d&#8217;\u00e9volution et d&#8217;ach\u00e8vement du vin, le gobelet est une \u0153uvre d&#8217;art. Le design<\/p>\n","protected":false},"featured_media":377363,"template":"","meta":{"_acf_changed":false,"inline_featured_image":false},"product_cat":[12782,12784],"product_tag":[25026,15892,25021,12827,24603,21821,12826],"acf":[],"yoast_head":"<!-- This site is optimized with the Yoast SEO Premium plugin v18.6 (Yoast SEO v19.13) - https:\/\/yoast.com\/wordpress\/plugins\/seo\/ -->\n<title>ZAFFERANO Bilia 6 Verres Mix<\/title>\n<meta name=\"description\" content=\"D\u00e9couvrez ZAFFERANO Bilia 6 Verres Mix sur ErresseShop. Qualit\u00e9, prix r\u00e9duits et achat s\u00e9curis\u00e9 \u2013 commandez d\u00e8s maintenant en ligne !\" \/>\n<meta name=\"robots\" content=\"index, follow, max-snippet:-1, max-image-preview:large, max-video-preview:-1\" \/>\n<link rel=\"canonical\" href=\"https:\/\/www.erresse-shop.it\/fr\/shop\/table-fr-2\/verres\/zafferano-bilia-6-verres-mix\/\" \/>\n<meta property=\"og:locale\" content=\"fr_FR\" \/>\n<meta property=\"og:type\" content=\"article\" \/>\n<meta property=\"og:title\" content=\"ZAFFERANO Bilia 6 Verres Mix\" \/>\n<meta property=\"og:description\" content=\"D\u00e9couvrez ZAFFERANO Bilia 6 Verres Mix sur ErresseShop. Qualit\u00e9, prix r\u00e9duits et achat s\u00e9curis\u00e9 \u2013 commandez d\u00e8s maintenant en ligne !\" \/>\n<meta property=\"og:url\" content=\"https:\/\/www.erresse-shop.it\/fr\/shop\/table-fr-2\/verres\/zafferano-bilia-6-verres-mix\/\" \/>\n<meta property=\"og:site_name\" content=\"Erresse Shop\" \/>\n<meta property=\"article:modified_time\" content=\"2025-01-13T15:16:28+00:00\" \/>\n<meta property=\"og:image\" content=\"https:\/\/www.erresse-shop.it\/wp-content\/uploads\/2017\/08\/ZAFFERANO-Bilia-6-Bicchieri-mix.jpg\" \/>\n\t<meta property=\"og:image:width\" content=\"800\" \/>\n\t<meta property=\"og:image:height\" content=\"800\" \/>\n\t<meta property=\"og:image:type\" content=\"image\/jpeg\" \/>\n<meta name=\"twitter:card\" content=\"summary_large_image\" \/>\n<script type=\"application\/ld+json\" class=\"yoast-schema-graph\">{\"@context\":\"https:\/\/schema.org\",\"@graph\":[{\"@type\":\"WebPage\",\"@id\":\"https:\/\/www.erresse-shop.it\/fr\/shop\/table-fr-2\/verres\/zafferano-bilia-6-verres-mix\/\",\"url\":\"https:\/\/www.erresse-shop.it\/fr\/shop\/table-fr-2\/verres\/zafferano-bilia-6-verres-mix\/\",\"name\":\"ZAFFERANO Bilia 6 Verres Mix\",\"isPartOf\":{\"@id\":\"https:\/\/www.erresse-shop.it\/fr\/#website\"},\"datePublished\":\"2018-01-12T14:05:47+00:00\",\"dateModified\":\"2025-01-13T15:16:28+00:00\",\"description\":\"D\u00e9couvrez ZAFFERANO Bilia 6 Verres Mix sur ErresseShop. Qualit\u00e9, prix r\u00e9duits et achat s\u00e9curis\u00e9 \u2013 commandez d\u00e8s maintenant en ligne !\",\"breadcrumb\":{\"@id\":\"https:\/\/www.erresse-shop.it\/fr\/shop\/table-fr-2\/verres\/zafferano-bilia-6-verres-mix\/#breadcrumb\"},\"inLanguage\":\"fr-FR\",\"potentialAction\":[{\"@type\":\"ReadAction\",\"target\":[\"https:\/\/www.erresse-shop.it\/fr\/shop\/table-fr-2\/verres\/zafferano-bilia-6-verres-mix\/\"]}]},{\"@type\":\"BreadcrumbList\",\"@id\":\"https:\/\/www.erresse-shop.it\/fr\/shop\/table-fr-2\/verres\/zafferano-bilia-6-verres-mix\/#breadcrumb\",\"itemListElement\":[{\"@type\":\"ListItem\",\"position\":1,\"name\":\"Home\",\"item\":\"https:\/\/www.erresse-shop.it\/fr\/\"},{\"@type\":\"ListItem\",\"position\":2,\"name\":\"Shop\",\"item\":\"https:\/\/www.erresse-shop.it\/fr\/shop\/\"},{\"@type\":\"ListItem\",\"position\":3,\"name\":\"ZAFFERANO Bilia 6 Verres Mix\"}]},{\"@type\":\"WebSite\",\"@id\":\"https:\/\/www.erresse-shop.it\/fr\/#website\",\"url\":\"https:\/\/www.erresse-shop.it\/fr\/\",\"name\":\"Erresse Shop\",\"description\":\"Articoli di qualit\u00e0 per la casa\",\"potentialAction\":[{\"@type\":\"SearchAction\",\"target\":{\"@type\":\"EntryPoint\",\"urlTemplate\":\"https:\/\/www.erresse-shop.it\/fr\/?s={search_term_string}\"},\"query-input\":\"required name=search_term_string\"}],\"inLanguage\":\"fr-FR\"}]}<\/script>\n<!-- \/ Yoast SEO Premium plugin. -->","yoast_head_json":{"title":"ZAFFERANO Bilia 6 Verres Mix","description":"D\u00e9couvrez ZAFFERANO Bilia 6 Verres Mix sur ErresseShop. Qualit\u00e9, prix r\u00e9duits et achat s\u00e9curis\u00e9 \u2013 commandez d\u00e8s maintenant en ligne !","robots":{"index":"index","follow":"follow","max-snippet":"max-snippet:-1","max-image-preview":"max-image-preview:large","max-video-preview":"max-video-preview:-1"},"canonical":"https:\/\/www.erresse-shop.it\/fr\/shop\/table-fr-2\/verres\/zafferano-bilia-6-verres-mix\/","og_locale":"fr_FR","og_type":"article","og_title":"ZAFFERANO Bilia 6 Verres Mix","og_description":"D\u00e9couvrez ZAFFERANO Bilia 6 Verres Mix sur ErresseShop. Qualit\u00e9, prix r\u00e9duits et achat s\u00e9curis\u00e9 \u2013 commandez d\u00e8s maintenant en ligne !","og_url":"https:\/\/www.erresse-shop.it\/fr\/shop\/table-fr-2\/verres\/zafferano-bilia-6-verres-mix\/","og_site_name":"Erresse Shop","article_modified_time":"2025-01-13T15:16:28+00:00","og_image":[{"width":800,"height":800,"url":"https:\/\/www.erresse-shop.it\/wp-content\/uploads\/2017\/08\/ZAFFERANO-Bilia-6-Bicchieri-mix.jpg","type":"image\/jpeg"}],"twitter_card":"summary_large_image","schema":{"@context":"https:\/\/schema.org","@graph":[{"@type":"WebPage","@id":"https:\/\/www.erresse-shop.it\/fr\/shop\/table-fr-2\/verres\/zafferano-bilia-6-verres-mix\/","url":"https:\/\/www.erresse-shop.it\/fr\/shop\/table-fr-2\/verres\/zafferano-bilia-6-verres-mix\/","name":"ZAFFERANO Bilia 6 Verres Mix","isPartOf":{"@id":"https:\/\/www.erresse-shop.it\/fr\/#website"},"datePublished":"2018-01-12T14:05:47+00:00","dateModified":"2025-01-13T15:16:28+00:00","description":"D\u00e9couvrez ZAFFERANO Bilia 6 Verres Mix sur ErresseShop. Qualit\u00e9, prix r\u00e9duits et achat s\u00e9curis\u00e9 \u2013 commandez d\u00e8s maintenant en ligne !","breadcrumb":{"@id":"https:\/\/www.erresse-shop.it\/fr\/shop\/table-fr-2\/verres\/zafferano-bilia-6-verres-mix\/#breadcrumb"},"inLanguage":"fr-FR","potentialAction":[{"@type":"ReadAction","target":["https:\/\/www.erresse-shop.it\/fr\/shop\/table-fr-2\/verres\/zafferano-bilia-6-verres-mix\/"]}]},{"@type":"BreadcrumbList","@id":"https:\/\/www.erresse-shop.it\/fr\/shop\/table-fr-2\/verres\/zafferano-bilia-6-verres-mix\/#breadcrumb","itemListElement":[{"@type":"ListItem","position":1,"name":"Home","item":"https:\/\/www.erresse-shop.it\/fr\/"},{"@type":"ListItem","position":2,"name":"Shop","item":"https:\/\/www.erresse-shop.it\/fr\/shop\/"},{"@type":"ListItem","position":3,"name":"ZAFFERANO Bilia 6 Verres Mix"}]},{"@type":"WebSite","@id":"https:\/\/www.erresse-shop.it\/fr\/#website","url":"https:\/\/www.erresse-shop.it\/fr\/","name":"Erresse Shop","description":"Articoli di qualit\u00e0 per la casa","potentialAction":[{"@type":"SearchAction","target":{"@type":"EntryPoint","urlTemplate":"https:\/\/www.erresse-shop.it\/fr\/?s={search_term_string}"},"query-input":"required name=search_term_string"}],"inLanguage":"fr-FR"}]}},"df_price":31.95,"df_sale_price":31.95,"df_regular_price":71,"df_image_link":"https:\/\/www.erresse-shop.it\/wp-content\/uploads\/2017\/08\/ZAFFERANO-Bilia-6-Bicchieri-mix-300x300.jpg","_links":{"self":[{"href":"https:\/\/www.erresse-shop.it\/fr\/wp-json\/wp\/v2\/product\/111639"}],"collection":[{"href":"https:\/\/www.erresse-shop.it\/fr\/wp-json\/wp\/v2\/product"}],"about":[{"href":"https:\/\/www.erresse-shop.it\/fr\/wp-json\/wp\/v2\/types\/product"}],"wp:featuredmedia":[{"embeddable":true,"href":"https:\/\/www.erresse-shop.it\/fr\/wp-json\/wp\/v2\/media\/377363"}],"wp:attachment":[{"href":"https:\/\/www.erresse-shop.it\/fr\/wp-json\/wp\/v2\/media?parent=111639"}],"wp:term":[{"taxonomy":"product_cat","embeddable":true,"href":"https:\/\/www.erresse-shop.it\/fr\/wp-json\/wp\/v2\/product_cat?post=111639"},{"taxonomy":"product_tag","embeddable":true,"href":"https:\/\/www.erresse-shop.it\/fr\/wp-json\/wp\/v2\/product_tag?post=111639"}],"curies":[{"name":"wp","href":"https:\/\/api.w.org\/{rel}","templated":true}]}}