{"id":111384,"date":"2021-08-04T12:34:30","date_gmt":"2021-08-04T12:34:31","guid":{"rendered":"https:\/\/www.erresse-shop.it\/?post_type=product&#038;p=111384"},"modified":"2025-01-13T15:16:23","modified_gmt":"2025-01-13T15:16:23","slug":"zwilling-bouilloire-electrique-enfinigy-blanc","status":"publish","type":"product","link":"https:\/\/www.erresse-shop.it\/fr\/shop\/petits-electromenagers\/bouilloires-electriques\/zwilling-bouilloire-electrique-enfinigy-blanc\/","title":{"rendered":"ZWILLING Bouilloire \u00c9lectrique Enfinigy Blanc"},"content":{"rendered":"<p>Pr\u00e9parer du th\u00e9 sans sacrifier l&#8217;\u00e9l\u00e9gance est facile avec la bouilloire \u00e9lectrique en verre blanche Enfinigy de ZWILLING. Le chemin vers une c\u00e9r\u00e9monie du th\u00e9 parfaite commence par la s\u00e9lection de la temp\u00e9rature sur le support 360\u00b0. Gr\u00e2ce \u00e0 la fonction de pr\u00e9-bouillage, la bouilloire \u00e9lectrique chauffe d&#8217;abord l&#8217;eau \u00e0 100 \u00b0C, puis vous avertit lorsque la temp\u00e9rature s\u00e9lectionn\u00e9e est atteinte. Il ne vous reste plus qu&#8217;\u00e0 remplir l&#8217;insert \u00e0 th\u00e9 en acier inoxydable et \u00e0 attendre le signal sonore de la minuterie int\u00e9gr\u00e9e &#8211; votre boisson est pr\u00eate \u00e0 \u00eatre d\u00e9gust\u00e9e. Le temps d&#8217;infusion peut \u00eatre r\u00e9gl\u00e9 entre 0 et 10 minutes, en fonction du type de th\u00e9. Si, pour une raison ou une autre, vous devez reporter votre pause, la bouilloire \u00e9lectrique maintiendra votre th\u00e9 \u00e0 la temp\u00e9rature souhait\u00e9e pendant 30 minutes gr\u00e2ce \u00e0 la fonction pratique &#8220;maintien au chaud&#8221;. L&#8217;insert \u00e0 th\u00e9 peut \u00eatre retir\u00e9 \u00e0 l&#8217;aide du support int\u00e9gr\u00e9 au couvercle, qui se d\u00e9tache en appuyant sur un bouton, et plac\u00e9 sur le plateau d&#8217;\u00e9gouttage fourni. La bouilloire \u00e9lectrique en verre a une capacit\u00e9 de 1,7 litre et peut \u00eatre utilis\u00e9e pour d&#8217;autres fonctions en plus de la pr\u00e9paration du th\u00e9. Il existe un insert sp\u00e9cial pour pr\u00e9parer les aliments pour b\u00e9b\u00e9s et les maintenir au chaud, qui peut \u00e9galement \u00eatre utilis\u00e9 pour st\u00e9riliser les t\u00e9tines et les biberons \u00e0 100 \u00b0C pendant 5 minutes. Cette bouilloire \u00e9lectrique moderne en verre est \u00e9galement tr\u00e8s facile \u00e0 nettoyer.<\/p>\n<ul>\n<li>10 programmes et 6 r\u00e9glages de temp\u00e9rature (40 \u00b0C, 60 \u00b0C, 70 \u00b0C, 80 \u00b0C, 93 \u00b0C, 100 \u00b0C)<\/li>\n<li>La fonction &#8220;maintien au chaud&#8221; permet de conserver la temp\u00e9rature souhait\u00e9e pendant 30 minutes.<\/li>\n<li>Minuterie et insert \u00e0 th\u00e9 avec support dans le couvercle pour un retrait facile et plateau d&#8217;\u00e9gouttage assorti<\/li>\n<li>Fonction de pr\u00e9-bouillage qui porte initialement l&#8217;eau \u00e0 100 \u00b0C<\/li>\n<li>Support 360\u00b0 avec enrouleur de c\u00e2ble int\u00e9gr\u00e9<\/li>\n<li>Surface en verre facile \u00e0 nettoyer<\/li>\n<li>\u00c9l\u00e9ments chauffants en acier inoxydable<\/li>\n<li>D\u00e9velopp\u00e9 par ZWILLING en Allemagne, con\u00e7u \u00e0 Milan par Matteo Thun et Antonio Rodriguez.<\/li>\n<li>Insert pour aliments pour b\u00e9b\u00e9 vendu s\u00e9par\u00e9ment<\/li>\n<\/ul>\n<p><span style=\"text-decoration: underline;\"><strong>Pas de vente en dehors de l&#8217;Europe<\/strong><\/span><\/p>\n","protected":false},"excerpt":{"rendered":"<p>Pr\u00e9parer du th\u00e9 sans sacrifier l&#8217;\u00e9l\u00e9gance est facile avec la bouilloire \u00e9lectrique en verre blanche Enfinigy de ZWILLING. Le chemin<\/p>\n","protected":false},"featured_media":111418,"template":"","meta":{"_acf_changed":false,"inline_featured_image":false},"product_cat":[12763,12449],"product_tag":[13265,12820,12948,13718],"acf":[],"yoast_head":"<!-- This site is optimized with the Yoast SEO Premium plugin v18.6 (Yoast SEO v19.13) - https:\/\/yoast.com\/wordpress\/plugins\/seo\/ -->\n<title>ZWILLING Bouilloire \u00c9lectrique Enfinigy Blanc<\/title>\n<meta name=\"description\" content=\"D\u00e9couvrez ZWILLING Bouilloire \u00c9lectrique Enfinigy Blanc sur ErresseShop. Qualit\u00e9, prix r\u00e9duits et achat s\u00e9curis\u00e9 \u2013 commandez d\u00e8s maintenant en ligne !\" \/>\n<meta name=\"robots\" content=\"index, follow, max-snippet:-1, max-image-preview:large, max-video-preview:-1\" \/>\n<link rel=\"canonical\" href=\"https:\/\/www.erresse-shop.it\/fr\/shop\/petits-electromenagers\/bouilloires-electriques\/zwilling-bouilloire-electrique-enfinigy-blanc\/\" \/>\n<meta property=\"og:locale\" content=\"fr_FR\" \/>\n<meta property=\"og:type\" content=\"article\" \/>\n<meta property=\"og:title\" content=\"ZWILLING Bouilloire \u00c9lectrique Enfinigy Blanc\" \/>\n<meta property=\"og:description\" content=\"D\u00e9couvrez ZWILLING Bouilloire \u00c9lectrique Enfinigy Blanc sur ErresseShop. Qualit\u00e9, prix r\u00e9duits et achat s\u00e9curis\u00e9 \u2013 commandez d\u00e8s maintenant en ligne !\" \/>\n<meta property=\"og:url\" content=\"https:\/\/www.erresse-shop.it\/fr\/shop\/petits-electromenagers\/bouilloires-electriques\/zwilling-bouilloire-electrique-enfinigy-blanc\/\" \/>\n<meta property=\"og:site_name\" content=\"Erresse Shop\" \/>\n<meta property=\"article:modified_time\" content=\"2025-01-13T15:16:23+00:00\" \/>\n<meta property=\"og:image\" content=\"https:\/\/www.erresse-shop.it\/wp-content\/uploads\/2021\/08\/ZWLLING-Bollitore-Elettrico-Enfinigy-in-Vetro-Bianco.jpg\" \/>\n\t<meta property=\"og:image:width\" content=\"1000\" \/>\n\t<meta property=\"og:image:height\" content=\"1000\" \/>\n\t<meta property=\"og:image:type\" content=\"image\/jpeg\" \/>\n<meta name=\"twitter:card\" content=\"summary_large_image\" \/>\n<script type=\"application\/ld+json\" class=\"yoast-schema-graph\">{\"@context\":\"https:\/\/schema.org\",\"@graph\":[{\"@type\":\"WebPage\",\"@id\":\"https:\/\/www.erresse-shop.it\/fr\/shop\/petits-electromenagers\/bouilloires-electriques\/zwilling-bouilloire-electrique-enfinigy-blanc\/\",\"url\":\"https:\/\/www.erresse-shop.it\/fr\/shop\/petits-electromenagers\/bouilloires-electriques\/zwilling-bouilloire-electrique-enfinigy-blanc\/\",\"name\":\"ZWILLING Bouilloire \u00c9lectrique Enfinigy Blanc\",\"isPartOf\":{\"@id\":\"https:\/\/www.erresse-shop.it\/fr\/#website\"},\"datePublished\":\"2021-08-04T12:34:31+00:00\",\"dateModified\":\"2025-01-13T15:16:23+00:00\",\"description\":\"D\u00e9couvrez ZWILLING Bouilloire \u00c9lectrique Enfinigy Blanc sur ErresseShop. Qualit\u00e9, prix r\u00e9duits et achat s\u00e9curis\u00e9 \u2013 commandez d\u00e8s maintenant en ligne !\",\"breadcrumb\":{\"@id\":\"https:\/\/www.erresse-shop.it\/fr\/shop\/petits-electromenagers\/bouilloires-electriques\/zwilling-bouilloire-electrique-enfinigy-blanc\/#breadcrumb\"},\"inLanguage\":\"fr-FR\",\"potentialAction\":[{\"@type\":\"ReadAction\",\"target\":[\"https:\/\/www.erresse-shop.it\/fr\/shop\/petits-electromenagers\/bouilloires-electriques\/zwilling-bouilloire-electrique-enfinigy-blanc\/\"]}]},{\"@type\":\"BreadcrumbList\",\"@id\":\"https:\/\/www.erresse-shop.it\/fr\/shop\/petits-electromenagers\/bouilloires-electriques\/zwilling-bouilloire-electrique-enfinigy-blanc\/#breadcrumb\",\"itemListElement\":[{\"@type\":\"ListItem\",\"position\":1,\"name\":\"Home\",\"item\":\"https:\/\/www.erresse-shop.it\/fr\/\"},{\"@type\":\"ListItem\",\"position\":2,\"name\":\"Shop\",\"item\":\"https:\/\/www.erresse-shop.it\/fr\/shop\/\"},{\"@type\":\"ListItem\",\"position\":3,\"name\":\"ZWILLING Bouilloire \u00c9lectrique Enfinigy Blanc\"}]},{\"@type\":\"WebSite\",\"@id\":\"https:\/\/www.erresse-shop.it\/fr\/#website\",\"url\":\"https:\/\/www.erresse-shop.it\/fr\/\",\"name\":\"Erresse Shop\",\"description\":\"Articoli di qualit\u00e0 per la casa\",\"potentialAction\":[{\"@type\":\"SearchAction\",\"target\":{\"@type\":\"EntryPoint\",\"urlTemplate\":\"https:\/\/www.erresse-shop.it\/fr\/?s={search_term_string}\"},\"query-input\":\"required name=search_term_string\"}],\"inLanguage\":\"fr-FR\"}]}<\/script>\n<!-- \/ Yoast SEO Premium plugin. -->","yoast_head_json":{"title":"ZWILLING Bouilloire \u00c9lectrique Enfinigy Blanc","description":"D\u00e9couvrez ZWILLING Bouilloire \u00c9lectrique Enfinigy Blanc sur ErresseShop. Qualit\u00e9, prix r\u00e9duits et achat s\u00e9curis\u00e9 \u2013 commandez d\u00e8s maintenant en ligne !","robots":{"index":"index","follow":"follow","max-snippet":"max-snippet:-1","max-image-preview":"max-image-preview:large","max-video-preview":"max-video-preview:-1"},"canonical":"https:\/\/www.erresse-shop.it\/fr\/shop\/petits-electromenagers\/bouilloires-electriques\/zwilling-bouilloire-electrique-enfinigy-blanc\/","og_locale":"fr_FR","og_type":"article","og_title":"ZWILLING Bouilloire \u00c9lectrique Enfinigy Blanc","og_description":"D\u00e9couvrez ZWILLING Bouilloire \u00c9lectrique Enfinigy Blanc sur ErresseShop. Qualit\u00e9, prix r\u00e9duits et achat s\u00e9curis\u00e9 \u2013 commandez d\u00e8s maintenant en ligne !","og_url":"https:\/\/www.erresse-shop.it\/fr\/shop\/petits-electromenagers\/bouilloires-electriques\/zwilling-bouilloire-electrique-enfinigy-blanc\/","og_site_name":"Erresse Shop","article_modified_time":"2025-01-13T15:16:23+00:00","og_image":[{"width":1000,"height":1000,"url":"https:\/\/www.erresse-shop.it\/wp-content\/uploads\/2021\/08\/ZWLLING-Bollitore-Elettrico-Enfinigy-in-Vetro-Bianco.jpg","type":"image\/jpeg"}],"twitter_card":"summary_large_image","schema":{"@context":"https:\/\/schema.org","@graph":[{"@type":"WebPage","@id":"https:\/\/www.erresse-shop.it\/fr\/shop\/petits-electromenagers\/bouilloires-electriques\/zwilling-bouilloire-electrique-enfinigy-blanc\/","url":"https:\/\/www.erresse-shop.it\/fr\/shop\/petits-electromenagers\/bouilloires-electriques\/zwilling-bouilloire-electrique-enfinigy-blanc\/","name":"ZWILLING Bouilloire \u00c9lectrique Enfinigy Blanc","isPartOf":{"@id":"https:\/\/www.erresse-shop.it\/fr\/#website"},"datePublished":"2021-08-04T12:34:31+00:00","dateModified":"2025-01-13T15:16:23+00:00","description":"D\u00e9couvrez ZWILLING Bouilloire \u00c9lectrique Enfinigy Blanc sur ErresseShop. Qualit\u00e9, prix r\u00e9duits et achat s\u00e9curis\u00e9 \u2013 commandez d\u00e8s maintenant en ligne !","breadcrumb":{"@id":"https:\/\/www.erresse-shop.it\/fr\/shop\/petits-electromenagers\/bouilloires-electriques\/zwilling-bouilloire-electrique-enfinigy-blanc\/#breadcrumb"},"inLanguage":"fr-FR","potentialAction":[{"@type":"ReadAction","target":["https:\/\/www.erresse-shop.it\/fr\/shop\/petits-electromenagers\/bouilloires-electriques\/zwilling-bouilloire-electrique-enfinigy-blanc\/"]}]},{"@type":"BreadcrumbList","@id":"https:\/\/www.erresse-shop.it\/fr\/shop\/petits-electromenagers\/bouilloires-electriques\/zwilling-bouilloire-electrique-enfinigy-blanc\/#breadcrumb","itemListElement":[{"@type":"ListItem","position":1,"name":"Home","item":"https:\/\/www.erresse-shop.it\/fr\/"},{"@type":"ListItem","position":2,"name":"Shop","item":"https:\/\/www.erresse-shop.it\/fr\/shop\/"},{"@type":"ListItem","position":3,"name":"ZWILLING Bouilloire \u00c9lectrique Enfinigy Blanc"}]},{"@type":"WebSite","@id":"https:\/\/www.erresse-shop.it\/fr\/#website","url":"https:\/\/www.erresse-shop.it\/fr\/","name":"Erresse Shop","description":"Articoli di qualit\u00e0 per la casa","potentialAction":[{"@type":"SearchAction","target":{"@type":"EntryPoint","urlTemplate":"https:\/\/www.erresse-shop.it\/fr\/?s={search_term_string}"},"query-input":"required name=search_term_string"}],"inLanguage":"fr-FR"}]}},"df_price":129.95,"df_sale_price":129.95,"df_regular_price":149,"df_image_link":"https:\/\/www.erresse-shop.it\/wp-content\/uploads\/2021\/08\/ZWLLING-Bollitore-Elettrico-Enfinigy-in-Vetro-Bianco-300x300.jpg","_links":{"self":[{"href":"https:\/\/www.erresse-shop.it\/fr\/wp-json\/wp\/v2\/product\/111384"}],"collection":[{"href":"https:\/\/www.erresse-shop.it\/fr\/wp-json\/wp\/v2\/product"}],"about":[{"href":"https:\/\/www.erresse-shop.it\/fr\/wp-json\/wp\/v2\/types\/product"}],"wp:featuredmedia":[{"embeddable":true,"href":"https:\/\/www.erresse-shop.it\/fr\/wp-json\/wp\/v2\/media\/111418"}],"wp:attachment":[{"href":"https:\/\/www.erresse-shop.it\/fr\/wp-json\/wp\/v2\/media?parent=111384"}],"wp:term":[{"taxonomy":"product_cat","embeddable":true,"href":"https:\/\/www.erresse-shop.it\/fr\/wp-json\/wp\/v2\/product_cat?post=111384"},{"taxonomy":"product_tag","embeddable":true,"href":"https:\/\/www.erresse-shop.it\/fr\/wp-json\/wp\/v2\/product_tag?post=111384"}],"curies":[{"name":"wp","href":"https:\/\/api.w.org\/{rel}","templated":true}]}}