{"id":111189,"date":"2021-08-02T08:32:35","date_gmt":"2021-08-02T08:32:36","guid":{"rendered":"https:\/\/www.erresse-shop.it\/?post_type=product&#038;p=111189"},"modified":"2025-01-13T15:16:10","modified_gmt":"2025-01-13T15:16:10","slug":"staub-cocotte-ronde-28-cm-sage","status":"publish","type":"product","link":"https:\/\/www.erresse-shop.it\/fr\/shop\/poeles-pots\/marmites-et-cocottes-poeles-pots\/staub-cocotte-ronde-28-cm-sage\/","title":{"rendered":"STAUB Cocotte Ronde 28 cm Sage"},"content":{"rendered":"<p>La cocotte <strong>Staub<\/strong> reste in\u00e9gal\u00e9e pour la cuisson lente de la viande et des l\u00e9gumes jusqu&#8217;\u00e0 la perfection et pour la pr\u00e9paration de rago\u00fbts et de soupes consistants. La fonte poss\u00e8de d&#8217;excellentes propri\u00e9t\u00e9s de r\u00e9tention de la chaleur. Cela signifie que la po\u00eale chauffe de mani\u00e8re uniforme. Le couvercle innovant est dot\u00e9 de petits picots \u00e0 l&#8217;int\u00e9rieur qui versent continuellement le liquide condens\u00e9 sur les aliments, ce qui donne des r\u00e9sultats juteux et savoureux. L&#8217;int\u00e9rieur et le couvercle en \u00e9mail noir mat sp\u00e9cial de Staub, avec des pointes de saupoudrage continu, assurent un brunissement et un braisage parfaits, pour des aliments aux saveurs exceptionnelles. Avec leur belle finition \u00e9maill\u00e9e, chaque pi\u00e8ce passe magnifiquement de la cuisine \u00e0 la table. Des plats r\u00e9confortants aux d\u00eeners somptueux, chaque plat est sp\u00e9cial lorsqu&#8217;il est servi dans un produit Staub. Les ustensiles de cuisson en fonte \u00e9maill\u00e9e de Staub sont le choix des meilleurs chefs du monde. D&#8217;une durabilit\u00e9 exceptionnelle, il est parfait pour une utilisation quotidienne, tant dans les cuisines domestiques gastronomiques que dans les restaurants prestigieux du monde entier. Construits pour durer toute une vie, ces objets peuvent \u00eatre transmis de g\u00e9n\u00e9ration en g\u00e9n\u00e9ration.<\/p>\n<ul>\n<li>Id\u00e9al pour sceller et cuire lentement la viande, le poisson ou les l\u00e9gumes.<\/li>\n<li>Pour un r\u00e9sultat de cuisson juteux et tendre gr\u00e2ce au couvercle<\/li>\n<li>L&#8217;\u00e9maillage int\u00e9rieur noir mat est id\u00e9al pour un brunissement particuli\u00e8rement croustillant et est tr\u00e8s durable.<\/li>\n<li>Convient \u00e0 tous les types de plaques de cuisson, y compris l&#8217;induction, et peut \u00e9galement \u00eatre plac\u00e9 dans le four\/gril.<\/li>\n<li>Peut aller au four jusqu&#8217;\u00e0 900F\/482C sans bouton, les boutons du couvercle peuvent aller jusqu&#8217;\u00e0 500F\/260C.<\/li>\n<\/ul>\n<p><strong>Caract\u00e9ristiques<\/strong><br \/>\n&#8211; R\u00e9sistance \u00e0 la chaleur (\u00b0C) : 240.00 \u00baC<br \/>\n&#8211; Mat\u00e9riau : fonte<br \/>\n&#8211; Couvercle existant : oui<br \/>\n&#8211; Induction : Oui<br \/>\n&#8211; Passe au four : Oui<br \/>\n&#8211; Convient pour le cong\u00e9lateur : Oui<br \/>\n&#8211; Peut \u00eatre utilis\u00e9 sur la cuisini\u00e8re : oui<br \/>\n&#8211; Lavable au lave-vaisselle : oui<\/p>\n<p><strong>Taille<\/strong><br \/>\n&#8211; Poids net : 6,90 kg<br \/>\n&#8211; Capacit\u00e9 : 6,70 l<br \/>\n&#8211; Longueur du produit : 35,20 cm<br \/>\n&#8211; Largeur du produit : 28,00 cm<br \/>\n&#8211; Hauteur du produit : 18,20 cm<br \/>\n&#8211; Hauteur sans couvercle : 13,20 cm<br \/>\n&#8211; Diam\u00e8tre du sommet : 28,00 cm<br \/>\n&#8211; Diam\u00e8tre du fond : 23,70 cm<br \/>\n&#8211; Longueur du manche : 3,50 cm<\/p>\n","protected":false},"excerpt":{"rendered":"<p>La cocotte Staub reste in\u00e9gal\u00e9e pour la cuisson lente de la viande et des l\u00e9gumes jusqu&#8217;\u00e0 la perfection et pour<\/p>\n","protected":false},"featured_media":111179,"template":"","meta":{"_acf_changed":false,"inline_featured_image":false},"product_cat":[12458,14792],"product_tag":[25086,23660,25021,24397,12994,12461,12465,12466,12468],"acf":[],"yoast_head":"<!-- This site is optimized with the Yoast SEO Premium plugin v18.6 (Yoast SEO v19.13) - https:\/\/yoast.com\/wordpress\/plugins\/seo\/ -->\n<title>STAUB Cocotte Ronde 28 cm Sage<\/title>\n<meta name=\"description\" content=\"D\u00e9couvrez STAUB Cocotte Ronde 28 cm Sage sur ErresseShop. Qualit\u00e9, prix r\u00e9duits et achat s\u00e9curis\u00e9 \u2013 commandez d\u00e8s maintenant en ligne !\" \/>\n<meta name=\"robots\" content=\"index, follow, max-snippet:-1, max-image-preview:large, max-video-preview:-1\" \/>\n<link rel=\"canonical\" href=\"https:\/\/www.erresse-shop.it\/fr\/shop\/poeles-pots\/marmites-et-cocottes-poeles-pots\/staub-cocotte-ronde-28-cm-sage\/\" \/>\n<meta property=\"og:locale\" content=\"fr_FR\" \/>\n<meta property=\"og:type\" content=\"article\" \/>\n<meta property=\"og:title\" content=\"STAUB Cocotte Ronde 28 cm Sage\" \/>\n<meta property=\"og:description\" content=\"D\u00e9couvrez STAUB Cocotte Ronde 28 cm Sage sur ErresseShop. Qualit\u00e9, prix r\u00e9duits et achat s\u00e9curis\u00e9 \u2013 commandez d\u00e8s maintenant en ligne !\" \/>\n<meta property=\"og:url\" content=\"https:\/\/www.erresse-shop.it\/fr\/shop\/poeles-pots\/marmites-et-cocottes-poeles-pots\/staub-cocotte-ronde-28-cm-sage\/\" \/>\n<meta property=\"og:site_name\" content=\"Erresse Shop\" \/>\n<meta property=\"article:modified_time\" content=\"2025-01-13T15:16:10+00:00\" \/>\n<meta property=\"og:image\" content=\"https:\/\/www.erresse-shop.it\/wp-content\/uploads\/2021\/08\/STAUB-Cocotte-Tonda-Salvia.jpg\" \/>\n\t<meta property=\"og:image:width\" content=\"1000\" \/>\n\t<meta property=\"og:image:height\" content=\"1000\" \/>\n\t<meta property=\"og:image:type\" content=\"image\/jpeg\" \/>\n<meta name=\"twitter:card\" content=\"summary_large_image\" \/>\n<script type=\"application\/ld+json\" class=\"yoast-schema-graph\">{\"@context\":\"https:\/\/schema.org\",\"@graph\":[{\"@type\":\"WebPage\",\"@id\":\"https:\/\/www.erresse-shop.it\/fr\/shop\/poeles-pots\/marmites-et-cocottes-poeles-pots\/staub-cocotte-ronde-28-cm-sage\/\",\"url\":\"https:\/\/www.erresse-shop.it\/fr\/shop\/poeles-pots\/marmites-et-cocottes-poeles-pots\/staub-cocotte-ronde-28-cm-sage\/\",\"name\":\"STAUB Cocotte Ronde 28 cm Sage\",\"isPartOf\":{\"@id\":\"https:\/\/www.erresse-shop.it\/fr\/#website\"},\"datePublished\":\"2021-08-02T08:32:36+00:00\",\"dateModified\":\"2025-01-13T15:16:10+00:00\",\"description\":\"D\u00e9couvrez STAUB Cocotte Ronde 28 cm Sage sur ErresseShop. Qualit\u00e9, prix r\u00e9duits et achat s\u00e9curis\u00e9 \u2013 commandez d\u00e8s maintenant en ligne !\",\"breadcrumb\":{\"@id\":\"https:\/\/www.erresse-shop.it\/fr\/shop\/poeles-pots\/marmites-et-cocottes-poeles-pots\/staub-cocotte-ronde-28-cm-sage\/#breadcrumb\"},\"inLanguage\":\"fr-FR\",\"potentialAction\":[{\"@type\":\"ReadAction\",\"target\":[\"https:\/\/www.erresse-shop.it\/fr\/shop\/poeles-pots\/marmites-et-cocottes-poeles-pots\/staub-cocotte-ronde-28-cm-sage\/\"]}]},{\"@type\":\"BreadcrumbList\",\"@id\":\"https:\/\/www.erresse-shop.it\/fr\/shop\/poeles-pots\/marmites-et-cocottes-poeles-pots\/staub-cocotte-ronde-28-cm-sage\/#breadcrumb\",\"itemListElement\":[{\"@type\":\"ListItem\",\"position\":1,\"name\":\"Home\",\"item\":\"https:\/\/www.erresse-shop.it\/fr\/\"},{\"@type\":\"ListItem\",\"position\":2,\"name\":\"Shop\",\"item\":\"https:\/\/www.erresse-shop.it\/fr\/shop\/\"},{\"@type\":\"ListItem\",\"position\":3,\"name\":\"STAUB Cocotte Ronde 28 cm Sage\"}]},{\"@type\":\"WebSite\",\"@id\":\"https:\/\/www.erresse-shop.it\/fr\/#website\",\"url\":\"https:\/\/www.erresse-shop.it\/fr\/\",\"name\":\"Erresse Shop\",\"description\":\"Articoli di qualit\u00e0 per la casa\",\"potentialAction\":[{\"@type\":\"SearchAction\",\"target\":{\"@type\":\"EntryPoint\",\"urlTemplate\":\"https:\/\/www.erresse-shop.it\/fr\/?s={search_term_string}\"},\"query-input\":\"required name=search_term_string\"}],\"inLanguage\":\"fr-FR\"}]}<\/script>\n<!-- \/ Yoast SEO Premium plugin. -->","yoast_head_json":{"title":"STAUB Cocotte Ronde 28 cm Sage","description":"D\u00e9couvrez STAUB Cocotte Ronde 28 cm Sage sur ErresseShop. Qualit\u00e9, prix r\u00e9duits et achat s\u00e9curis\u00e9 \u2013 commandez d\u00e8s maintenant en ligne !","robots":{"index":"index","follow":"follow","max-snippet":"max-snippet:-1","max-image-preview":"max-image-preview:large","max-video-preview":"max-video-preview:-1"},"canonical":"https:\/\/www.erresse-shop.it\/fr\/shop\/poeles-pots\/marmites-et-cocottes-poeles-pots\/staub-cocotte-ronde-28-cm-sage\/","og_locale":"fr_FR","og_type":"article","og_title":"STAUB Cocotte Ronde 28 cm Sage","og_description":"D\u00e9couvrez STAUB Cocotte Ronde 28 cm Sage sur ErresseShop. Qualit\u00e9, prix r\u00e9duits et achat s\u00e9curis\u00e9 \u2013 commandez d\u00e8s maintenant en ligne !","og_url":"https:\/\/www.erresse-shop.it\/fr\/shop\/poeles-pots\/marmites-et-cocottes-poeles-pots\/staub-cocotte-ronde-28-cm-sage\/","og_site_name":"Erresse Shop","article_modified_time":"2025-01-13T15:16:10+00:00","og_image":[{"width":1000,"height":1000,"url":"https:\/\/www.erresse-shop.it\/wp-content\/uploads\/2021\/08\/STAUB-Cocotte-Tonda-Salvia.jpg","type":"image\/jpeg"}],"twitter_card":"summary_large_image","schema":{"@context":"https:\/\/schema.org","@graph":[{"@type":"WebPage","@id":"https:\/\/www.erresse-shop.it\/fr\/shop\/poeles-pots\/marmites-et-cocottes-poeles-pots\/staub-cocotte-ronde-28-cm-sage\/","url":"https:\/\/www.erresse-shop.it\/fr\/shop\/poeles-pots\/marmites-et-cocottes-poeles-pots\/staub-cocotte-ronde-28-cm-sage\/","name":"STAUB Cocotte Ronde 28 cm Sage","isPartOf":{"@id":"https:\/\/www.erresse-shop.it\/fr\/#website"},"datePublished":"2021-08-02T08:32:36+00:00","dateModified":"2025-01-13T15:16:10+00:00","description":"D\u00e9couvrez STAUB Cocotte Ronde 28 cm Sage sur ErresseShop. Qualit\u00e9, prix r\u00e9duits et achat s\u00e9curis\u00e9 \u2013 commandez d\u00e8s maintenant en ligne !","breadcrumb":{"@id":"https:\/\/www.erresse-shop.it\/fr\/shop\/poeles-pots\/marmites-et-cocottes-poeles-pots\/staub-cocotte-ronde-28-cm-sage\/#breadcrumb"},"inLanguage":"fr-FR","potentialAction":[{"@type":"ReadAction","target":["https:\/\/www.erresse-shop.it\/fr\/shop\/poeles-pots\/marmites-et-cocottes-poeles-pots\/staub-cocotte-ronde-28-cm-sage\/"]}]},{"@type":"BreadcrumbList","@id":"https:\/\/www.erresse-shop.it\/fr\/shop\/poeles-pots\/marmites-et-cocottes-poeles-pots\/staub-cocotte-ronde-28-cm-sage\/#breadcrumb","itemListElement":[{"@type":"ListItem","position":1,"name":"Home","item":"https:\/\/www.erresse-shop.it\/fr\/"},{"@type":"ListItem","position":2,"name":"Shop","item":"https:\/\/www.erresse-shop.it\/fr\/shop\/"},{"@type":"ListItem","position":3,"name":"STAUB Cocotte Ronde 28 cm Sage"}]},{"@type":"WebSite","@id":"https:\/\/www.erresse-shop.it\/fr\/#website","url":"https:\/\/www.erresse-shop.it\/fr\/","name":"Erresse Shop","description":"Articoli di qualit\u00e0 per la casa","potentialAction":[{"@type":"SearchAction","target":{"@type":"EntryPoint","urlTemplate":"https:\/\/www.erresse-shop.it\/fr\/?s={search_term_string}"},"query-input":"required name=search_term_string"}],"inLanguage":"fr-FR"}]}},"df_price":174.5,"df_sale_price":174.5,"df_regular_price":349,"df_image_link":"https:\/\/www.erresse-shop.it\/wp-content\/uploads\/2021\/08\/STAUB-Cocotte-Tonda-Salvia-300x300.jpg","_links":{"self":[{"href":"https:\/\/www.erresse-shop.it\/fr\/wp-json\/wp\/v2\/product\/111189"}],"collection":[{"href":"https:\/\/www.erresse-shop.it\/fr\/wp-json\/wp\/v2\/product"}],"about":[{"href":"https:\/\/www.erresse-shop.it\/fr\/wp-json\/wp\/v2\/types\/product"}],"wp:featuredmedia":[{"embeddable":true,"href":"https:\/\/www.erresse-shop.it\/fr\/wp-json\/wp\/v2\/media\/111179"}],"wp:attachment":[{"href":"https:\/\/www.erresse-shop.it\/fr\/wp-json\/wp\/v2\/media?parent=111189"}],"wp:term":[{"taxonomy":"product_cat","embeddable":true,"href":"https:\/\/www.erresse-shop.it\/fr\/wp-json\/wp\/v2\/product_cat?post=111189"},{"taxonomy":"product_tag","embeddable":true,"href":"https:\/\/www.erresse-shop.it\/fr\/wp-json\/wp\/v2\/product_tag?post=111189"}],"curies":[{"name":"wp","href":"https:\/\/api.w.org\/{rel}","templated":true}]}}