{"id":110996,"date":"2012-11-08T18:17:03","date_gmt":"2012-11-08T18:17:03","guid":{"rendered":"https:\/\/www.erresse-shop.it\/shop\/non%20class\u00e9\/zwilling-couteau-universel-professional-s\/"},"modified":"2025-01-13T15:15:19","modified_gmt":"2025-01-13T15:15:19","slug":"zwilling-couteau-universel-professional-s","status":"publish","type":"product","link":"https:\/\/www.erresse-shop.it\/fr\/shop\/cuisine\/couteaux\/zwilling-couteau-universel-professional-s\/","title":{"rendered":"ZWILLING Couteau Universel Professional S"},"content":{"rendered":"<p><strong>PROFESSIONNEL &#8220;S<\/strong><br \/>\nUn classique pour la cuisine professionnelle.<\/p>\n<p>TRADITIONNEL ET CLASSIQUE<br \/>\nLes chefs professionnels du monde entier font confiance \u00e0 la qualit\u00e9 et \u00e0 la tradition de cette s\u00e9rie de couteaux rivet\u00e9s. La solidit\u00e9 de l&#8217;ensemble de l&#8217;acier et la fabrication sans soudure cr\u00e9ent un excellent \u00e9quilibre et une manipulation s\u00fbre.<\/p>\n<p>&#8211; QUALIT\u00c9 :<br \/>\nLa composition unique de l&#8217;acier ZWILLING J.A. HENCKELS repr\u00e9sente l&#8217;\u00e9quilibre parfait entre la teneur en chrome et en carbone &#8211; le secret d&#8217;un acier de premi\u00e8re qualit\u00e9. Les couteaux portant la marque FRIODUR sont le produit d&#8217;un traitement sp\u00e9cial de durcissement cryog\u00e9nique qui renforce leur qualit\u00e9. Ils conservent extraordinairement bien leur tranchant, sont particuli\u00e8rement r\u00e9sistants \u00e0 la corrosion et flexibles.<\/p>\n<p>&#8211; FONCTIONNALIT\u00c9 :<br \/>\nLe n\u0153ud assure le bon \u00e9quilibre, il sert \u00e9galement de protection pour les doigts, les emp\u00eachant de glisser du manche \u00e0 la lame.<\/p>\n<p>&#8211; PRECISION :<br \/>\nLes couteaux portant la marque SIGMAFORGE sont obtenus par forgeage de pr\u00e9cision \u00e0 partir d&#8217;une seule pi\u00e8ce d&#8217;acier, pour une g\u00e9om\u00e9trie parfaite. Une condition fondamentale pour un aff\u00fbtage de pr\u00e9cision et les meilleures propri\u00e9t\u00e9s de coupe.<\/p>\n<p>&#8211; LA FACILIT\u00c9 DE GESTION :<br \/>\nLa continuit\u00e9 des lignes entre le n\u0153ud et le manche assure une manipulation maximale.<\/p>\n<p>&#8211; FORCE :<br \/>\nUn classique pour la cuisine professionnelle. La conception \u00e0 3 rivets et la soie sans soudure assurent un \u00e9quilibre parfait.<\/p>\n<p>Gr\u00e2ce \u00e0 sa lame ondul\u00e9e, vous pouvez trancher la charcuterie, le fromage, les l\u00e9gumes et m\u00eame le pain.<\/p>\n","protected":false},"excerpt":{"rendered":"<p>PROFESSIONNEL &#8220;S Un classique pour la cuisine professionnelle. TRADITIONNEL ET CLASSIQUE Les chefs professionnels du monde entier font confiance \u00e0<\/p>\n","protected":false},"featured_media":110998,"template":"","meta":{"_acf_changed":false,"inline_featured_image":false},"product_cat":[12742,14452,12748],"product_tag":[12838,12839,13621,15400,12823,15401,15402,12841],"acf":[],"yoast_head":"<!-- This site is optimized with the Yoast SEO Premium plugin v18.6 (Yoast SEO v19.13) - https:\/\/yoast.com\/wordpress\/plugins\/seo\/ -->\n<title>ZWILLING Couteau Universel Professional S<\/title>\n<meta name=\"description\" content=\"D\u00e9couvrez ZWILLING Couteau Universel Professional S sur ErresseShop. Qualit\u00e9, prix r\u00e9duits et achat s\u00e9curis\u00e9 \u2013 commandez d\u00e8s maintenant en ligne !\" \/>\n<meta name=\"robots\" content=\"index, follow, max-snippet:-1, max-image-preview:large, max-video-preview:-1\" \/>\n<link rel=\"canonical\" href=\"https:\/\/www.erresse-shop.it\/fr\/shop\/cuisine\/couteaux\/zwilling-couteau-universel-professional-s\/\" \/>\n<meta property=\"og:locale\" content=\"fr_FR\" \/>\n<meta property=\"og:type\" content=\"article\" \/>\n<meta property=\"og:title\" content=\"ZWILLING Couteau Universel Professional S\" \/>\n<meta property=\"og:description\" content=\"D\u00e9couvrez ZWILLING Couteau Universel Professional S sur ErresseShop. Qualit\u00e9, prix r\u00e9duits et achat s\u00e9curis\u00e9 \u2013 commandez d\u00e8s maintenant en ligne !\" \/>\n<meta property=\"og:url\" content=\"https:\/\/www.erresse-shop.it\/fr\/shop\/cuisine\/couteaux\/zwilling-couteau-universel-professional-s\/\" \/>\n<meta property=\"og:site_name\" content=\"Erresse Shop\" \/>\n<meta property=\"article:modified_time\" content=\"2025-01-13T15:15:19+00:00\" \/>\n<meta property=\"og:image\" content=\"https:\/\/www.erresse-shop.it\/wp-content\/uploads\/2012\/11\/31025-131-coltello-universale.jpg\" \/>\n\t<meta property=\"og:image:width\" content=\"600\" \/>\n\t<meta property=\"og:image:height\" content=\"600\" \/>\n\t<meta property=\"og:image:type\" content=\"image\/jpeg\" \/>\n<meta name=\"twitter:card\" content=\"summary_large_image\" \/>\n<script type=\"application\/ld+json\" class=\"yoast-schema-graph\">{\"@context\":\"https:\/\/schema.org\",\"@graph\":[{\"@type\":\"WebPage\",\"@id\":\"https:\/\/www.erresse-shop.it\/fr\/shop\/cuisine\/couteaux\/zwilling-couteau-universel-professional-s\/\",\"url\":\"https:\/\/www.erresse-shop.it\/fr\/shop\/cuisine\/couteaux\/zwilling-couteau-universel-professional-s\/\",\"name\":\"ZWILLING Couteau Universel Professional S\",\"isPartOf\":{\"@id\":\"https:\/\/www.erresse-shop.it\/fr\/#website\"},\"datePublished\":\"2012-11-08T18:17:03+00:00\",\"dateModified\":\"2025-01-13T15:15:19+00:00\",\"description\":\"D\u00e9couvrez ZWILLING Couteau Universel Professional S sur ErresseShop. Qualit\u00e9, prix r\u00e9duits et achat s\u00e9curis\u00e9 \u2013 commandez d\u00e8s maintenant en ligne !\",\"breadcrumb\":{\"@id\":\"https:\/\/www.erresse-shop.it\/fr\/shop\/cuisine\/couteaux\/zwilling-couteau-universel-professional-s\/#breadcrumb\"},\"inLanguage\":\"fr-FR\",\"potentialAction\":[{\"@type\":\"ReadAction\",\"target\":[\"https:\/\/www.erresse-shop.it\/fr\/shop\/cuisine\/couteaux\/zwilling-couteau-universel-professional-s\/\"]}]},{\"@type\":\"BreadcrumbList\",\"@id\":\"https:\/\/www.erresse-shop.it\/fr\/shop\/cuisine\/couteaux\/zwilling-couteau-universel-professional-s\/#breadcrumb\",\"itemListElement\":[{\"@type\":\"ListItem\",\"position\":1,\"name\":\"Home\",\"item\":\"https:\/\/www.erresse-shop.it\/fr\/\"},{\"@type\":\"ListItem\",\"position\":2,\"name\":\"Shop\",\"item\":\"https:\/\/www.erresse-shop.it\/fr\/shop\/\"},{\"@type\":\"ListItem\",\"position\":3,\"name\":\"ZWILLING Couteau Universel Professional S\"}]},{\"@type\":\"WebSite\",\"@id\":\"https:\/\/www.erresse-shop.it\/fr\/#website\",\"url\":\"https:\/\/www.erresse-shop.it\/fr\/\",\"name\":\"Erresse Shop\",\"description\":\"Articoli di qualit\u00e0 per la casa\",\"potentialAction\":[{\"@type\":\"SearchAction\",\"target\":{\"@type\":\"EntryPoint\",\"urlTemplate\":\"https:\/\/www.erresse-shop.it\/fr\/?s={search_term_string}\"},\"query-input\":\"required name=search_term_string\"}],\"inLanguage\":\"fr-FR\"}]}<\/script>\n<!-- \/ Yoast SEO Premium plugin. -->","yoast_head_json":{"title":"ZWILLING Couteau Universel Professional S","description":"D\u00e9couvrez ZWILLING Couteau Universel Professional S sur ErresseShop. Qualit\u00e9, prix r\u00e9duits et achat s\u00e9curis\u00e9 \u2013 commandez d\u00e8s maintenant en ligne !","robots":{"index":"index","follow":"follow","max-snippet":"max-snippet:-1","max-image-preview":"max-image-preview:large","max-video-preview":"max-video-preview:-1"},"canonical":"https:\/\/www.erresse-shop.it\/fr\/shop\/cuisine\/couteaux\/zwilling-couteau-universel-professional-s\/","og_locale":"fr_FR","og_type":"article","og_title":"ZWILLING Couteau Universel Professional S","og_description":"D\u00e9couvrez ZWILLING Couteau Universel Professional S sur ErresseShop. Qualit\u00e9, prix r\u00e9duits et achat s\u00e9curis\u00e9 \u2013 commandez d\u00e8s maintenant en ligne !","og_url":"https:\/\/www.erresse-shop.it\/fr\/shop\/cuisine\/couteaux\/zwilling-couteau-universel-professional-s\/","og_site_name":"Erresse Shop","article_modified_time":"2025-01-13T15:15:19+00:00","og_image":[{"width":600,"height":600,"url":"https:\/\/www.erresse-shop.it\/wp-content\/uploads\/2012\/11\/31025-131-coltello-universale.jpg","type":"image\/jpeg"}],"twitter_card":"summary_large_image","schema":{"@context":"https:\/\/schema.org","@graph":[{"@type":"WebPage","@id":"https:\/\/www.erresse-shop.it\/fr\/shop\/cuisine\/couteaux\/zwilling-couteau-universel-professional-s\/","url":"https:\/\/www.erresse-shop.it\/fr\/shop\/cuisine\/couteaux\/zwilling-couteau-universel-professional-s\/","name":"ZWILLING Couteau Universel Professional S","isPartOf":{"@id":"https:\/\/www.erresse-shop.it\/fr\/#website"},"datePublished":"2012-11-08T18:17:03+00:00","dateModified":"2025-01-13T15:15:19+00:00","description":"D\u00e9couvrez ZWILLING Couteau Universel Professional S sur ErresseShop. Qualit\u00e9, prix r\u00e9duits et achat s\u00e9curis\u00e9 \u2013 commandez d\u00e8s maintenant en ligne !","breadcrumb":{"@id":"https:\/\/www.erresse-shop.it\/fr\/shop\/cuisine\/couteaux\/zwilling-couteau-universel-professional-s\/#breadcrumb"},"inLanguage":"fr-FR","potentialAction":[{"@type":"ReadAction","target":["https:\/\/www.erresse-shop.it\/fr\/shop\/cuisine\/couteaux\/zwilling-couteau-universel-professional-s\/"]}]},{"@type":"BreadcrumbList","@id":"https:\/\/www.erresse-shop.it\/fr\/shop\/cuisine\/couteaux\/zwilling-couteau-universel-professional-s\/#breadcrumb","itemListElement":[{"@type":"ListItem","position":1,"name":"Home","item":"https:\/\/www.erresse-shop.it\/fr\/"},{"@type":"ListItem","position":2,"name":"Shop","item":"https:\/\/www.erresse-shop.it\/fr\/shop\/"},{"@type":"ListItem","position":3,"name":"ZWILLING Couteau Universel Professional S"}]},{"@type":"WebSite","@id":"https:\/\/www.erresse-shop.it\/fr\/#website","url":"https:\/\/www.erresse-shop.it\/fr\/","name":"Erresse Shop","description":"Articoli di qualit\u00e0 per la casa","potentialAction":[{"@type":"SearchAction","target":{"@type":"EntryPoint","urlTemplate":"https:\/\/www.erresse-shop.it\/fr\/?s={search_term_string}"},"query-input":"required name=search_term_string"}],"inLanguage":"fr-FR"}]}},"df_price":39,"df_sale_price":39,"df_regular_price":66.95,"df_image_link":"https:\/\/www.erresse-shop.it\/wp-content\/uploads\/2012\/11\/31025-131-coltello-universale-300x300.jpg","_links":{"self":[{"href":"https:\/\/www.erresse-shop.it\/fr\/wp-json\/wp\/v2\/product\/110996"}],"collection":[{"href":"https:\/\/www.erresse-shop.it\/fr\/wp-json\/wp\/v2\/product"}],"about":[{"href":"https:\/\/www.erresse-shop.it\/fr\/wp-json\/wp\/v2\/types\/product"}],"wp:featuredmedia":[{"embeddable":true,"href":"https:\/\/www.erresse-shop.it\/fr\/wp-json\/wp\/v2\/media\/110998"}],"wp:attachment":[{"href":"https:\/\/www.erresse-shop.it\/fr\/wp-json\/wp\/v2\/media?parent=110996"}],"wp:term":[{"taxonomy":"product_cat","embeddable":true,"href":"https:\/\/www.erresse-shop.it\/fr\/wp-json\/wp\/v2\/product_cat?post=110996"},{"taxonomy":"product_tag","embeddable":true,"href":"https:\/\/www.erresse-shop.it\/fr\/wp-json\/wp\/v2\/product_tag?post=110996"}],"curies":[{"name":"wp","href":"https:\/\/api.w.org\/{rel}","templated":true}]}}