{"id":110968,"date":"2021-07-28T14:26:02","date_gmt":"2021-07-28T14:26:29","guid":{"rendered":"https:\/\/www.erresse-shop.it\/?post_type=product&#038;p=110968"},"modified":"2025-01-13T15:14:59","modified_gmt":"2025-01-13T15:14:59","slug":"staub-cocotte-ronde-avec-panier-vapeur-24-cm-noir","status":"publish","type":"product","link":"https:\/\/www.erresse-shop.it\/fr\/shop\/poeles-pots\/marmites-et-cocottes-poeles-pots\/staub-cocotte-ronde-avec-panier-vapeur-24-cm-noir\/","title":{"rendered":"STAUB Cocotte Ronde avec Panier Vapeur 24 cm Noir"},"content":{"rendered":"<p>Cette cocotte, dot\u00e9e d&#8217;un panier vapeur sp\u00e9cial en acier inoxydable 18\/10 de haute qualit\u00e9, vous permet de cuire plusieurs ingr\u00e9dients \u00e0 la fois. Gr\u00e2ce \u00e0 l&#8217;\u00e9pais joint en silicone et aux trous dans la surface du panier, la chaleur est r\u00e9partie uniform\u00e9ment dans toute la casserole. La cocotte a un diam\u00e8tre de 26 cm et une capacit\u00e9 de 5,2 litres. Il mesure environ 33 cm de large, poign\u00e9es comprises, et 9,5 cm de haut sans le couvercle. Vous pouvez utiliser la cocotte sur tous les types de plaques de cuisson, y compris les plaques \u00e0 induction, ainsi qu&#8217;au four. L&#8217;int\u00e9rieur a une finition en \u00e9mail noir mat. Le mat\u00e9riau est durable, facile \u00e0 nettoyer et est appr\u00e9ci\u00e9 tant par les grands chefs que par les nouveaux venus dans la cuisine pour ses qualit\u00e9s exceptionnelles. La cocotte vous permet de faire mijoter les aliments efficacement et de pr\u00e9server les saveurs naturelles de vos ingr\u00e9dients. Le rev\u00eatement \u00e9maill\u00e9 retient la chaleur et la lib\u00e8re progressivement et uniform\u00e9ment. La structure sp\u00e9ciale en forme d&#8217;h\u00e9misph\u00e8re \u00e0 l&#8217;int\u00e9rieur du couvercle permet \u00e0 la condensation de s&#8217;\u00e9goutter uniform\u00e9ment sur les aliments en train de cuire, ce qui les rend agr\u00e9ables et juteux. Une fois le panier retir\u00e9, la cocotte noire Staub peut \u00eatre utilis\u00e9e pour servir les aliments avec style.<\/p>\n<p>&#8211; Id\u00e9al pour braiser et cuire \u00e0 l&#8217;\u00e9touff\u00e9e en m\u00eame temps, par exemple pour cuire du riz en bas et du poisson en haut.<br \/>\n&#8211; Pour un r\u00e9sultat de cuisson juteux et tendre gr\u00e2ce au couvercle<br \/>\n&#8211; L&#8217;\u00e9maillage int\u00e9rieur noir mat est id\u00e9al pour des braisages particuli\u00e8rement croustillants et est tr\u00e8s r\u00e9sistant.<br \/>\n&#8211; Convient \u00e0 tous les types de plaques de cuisson, y compris l&#8217;induction, et peut \u00e9galement \u00eatre plac\u00e9 dans le four\/gril.<br \/>\n&#8211; Couleur intense<\/p>\n<p><strong>Caract\u00e9ristiques :<\/strong><br \/>\n&#8211; R\u00e9sistance \u00e0 la chaleur (\u00b0C) : 240.00 \u00baC<br \/>\n&#8211; R\u00e9sistance au froid : -20.00 \u00baC<br \/>\n&#8211; Mat\u00e9riau : fonte<br \/>\n&#8211; Couvercle existant : oui<br \/>\n&#8211; Induction : Oui<br \/>\n&#8211; Passe au four : Oui<br \/>\n&#8211; Convient pour le cong\u00e9lateur : Oui<br \/>\n&#8211; Peut \u00eatre utilis\u00e9 sur la cuisini\u00e8re : oui<br \/>\n&#8211; Lavable au lave-vaisselle : oui<\/p>\n<p><strong>Taille :<\/strong><br \/>\n&#8211; Poids net : 4,60 kg<br \/>\n&#8211; Capacit\u00e9 : 3,80 l<br \/>\n&#8211; Longueur du produit : 30,30 cm<br \/>\n&#8211; Largeur du produit : 24,00 cm<br \/>\n&#8211; Hauteur du produit : 15,30 cm<br \/>\n&#8211; Hauteur sans couvercle : 10,50 cm<br \/>\n&#8211; Diam\u00e8tre du sommet : 24,00 cm<br \/>\n&#8211; Diam\u00e8tre du fond : 19,20 cm<br \/>\n&#8211; Longueur du manche : 2,00 cm<\/p>\n","protected":false},"excerpt":{"rendered":"<p>Cette cocotte, dot\u00e9e d&#8217;un panier vapeur sp\u00e9cial en acier inoxydable 18\/10 de haute qualit\u00e9, vous permet de cuire plusieurs ingr\u00e9dients<\/p>\n","protected":false},"featured_media":97872,"template":"","meta":{"_acf_changed":false,"inline_featured_image":false},"product_cat":[12458,14792],"product_tag":[25086,25021,12994,13187],"acf":[],"yoast_head":"<!-- This site is optimized with the Yoast SEO Premium plugin v18.6 (Yoast SEO v19.13) - https:\/\/yoast.com\/wordpress\/plugins\/seo\/ -->\n<title>STAUB Cocotte Ronde avec Panier Vapeur 24 cm Noir<\/title>\n<meta name=\"description\" content=\"D\u00e9couvrez STAUB Cocotte Ronde avec Panier Vapeur 24 cm Noir sur ErresseShop. Qualit\u00e9, prix r\u00e9duits et achat s\u00e9curis\u00e9 \u2013 commandez d\u00e8s maintenant en ligne !\" \/>\n<meta name=\"robots\" content=\"index, follow, max-snippet:-1, max-image-preview:large, max-video-preview:-1\" \/>\n<link rel=\"canonical\" href=\"https:\/\/www.erresse-shop.it\/fr\/shop\/poeles-pots\/marmites-et-cocottes-poeles-pots\/staub-cocotte-ronde-avec-panier-vapeur-24-cm-noir\/\" \/>\n<meta property=\"og:locale\" content=\"fr_FR\" \/>\n<meta property=\"og:type\" content=\"article\" \/>\n<meta property=\"og:title\" content=\"STAUB Cocotte Ronde avec Panier Vapeur 24 cm Noir\" \/>\n<meta property=\"og:description\" content=\"D\u00e9couvrez STAUB Cocotte Ronde avec Panier Vapeur 24 cm Noir sur ErresseShop. Qualit\u00e9, prix r\u00e9duits et achat s\u00e9curis\u00e9 \u2013 commandez d\u00e8s maintenant en ligne !\" \/>\n<meta property=\"og:url\" content=\"https:\/\/www.erresse-shop.it\/fr\/shop\/poeles-pots\/marmites-et-cocottes-poeles-pots\/staub-cocotte-ronde-avec-panier-vapeur-24-cm-noir\/\" \/>\n<meta property=\"og:site_name\" content=\"Erresse Shop\" \/>\n<meta property=\"article:modified_time\" content=\"2025-01-13T15:14:59+00:00\" \/>\n<meta property=\"og:image\" content=\"https:\/\/www.erresse-shop.it\/wp-content\/uploads\/2012\/07\/STAUB-Cocotte-con-Cestello-a-Vapore-Rotonda-26-cm.jpg\" \/>\n\t<meta property=\"og:image:width\" content=\"1000\" \/>\n\t<meta property=\"og:image:height\" content=\"1000\" \/>\n\t<meta property=\"og:image:type\" content=\"image\/jpeg\" \/>\n<meta name=\"twitter:card\" content=\"summary_large_image\" \/>\n<script type=\"application\/ld+json\" class=\"yoast-schema-graph\">{\"@context\":\"https:\/\/schema.org\",\"@graph\":[{\"@type\":\"WebPage\",\"@id\":\"https:\/\/www.erresse-shop.it\/fr\/shop\/poeles-pots\/marmites-et-cocottes-poeles-pots\/staub-cocotte-ronde-avec-panier-vapeur-24-cm-noir\/\",\"url\":\"https:\/\/www.erresse-shop.it\/fr\/shop\/poeles-pots\/marmites-et-cocottes-poeles-pots\/staub-cocotte-ronde-avec-panier-vapeur-24-cm-noir\/\",\"name\":\"STAUB Cocotte Ronde avec Panier Vapeur 24 cm Noir\",\"isPartOf\":{\"@id\":\"https:\/\/www.erresse-shop.it\/fr\/#website\"},\"datePublished\":\"2021-07-28T14:26:29+00:00\",\"dateModified\":\"2025-01-13T15:14:59+00:00\",\"description\":\"D\u00e9couvrez STAUB Cocotte Ronde avec Panier Vapeur 24 cm Noir sur ErresseShop. Qualit\u00e9, prix r\u00e9duits et achat s\u00e9curis\u00e9 \u2013 commandez d\u00e8s maintenant en ligne !\",\"breadcrumb\":{\"@id\":\"https:\/\/www.erresse-shop.it\/fr\/shop\/poeles-pots\/marmites-et-cocottes-poeles-pots\/staub-cocotte-ronde-avec-panier-vapeur-24-cm-noir\/#breadcrumb\"},\"inLanguage\":\"fr-FR\",\"potentialAction\":[{\"@type\":\"ReadAction\",\"target\":[\"https:\/\/www.erresse-shop.it\/fr\/shop\/poeles-pots\/marmites-et-cocottes-poeles-pots\/staub-cocotte-ronde-avec-panier-vapeur-24-cm-noir\/\"]}]},{\"@type\":\"BreadcrumbList\",\"@id\":\"https:\/\/www.erresse-shop.it\/fr\/shop\/poeles-pots\/marmites-et-cocottes-poeles-pots\/staub-cocotte-ronde-avec-panier-vapeur-24-cm-noir\/#breadcrumb\",\"itemListElement\":[{\"@type\":\"ListItem\",\"position\":1,\"name\":\"Home\",\"item\":\"https:\/\/www.erresse-shop.it\/fr\/\"},{\"@type\":\"ListItem\",\"position\":2,\"name\":\"Shop\",\"item\":\"https:\/\/www.erresse-shop.it\/fr\/shop\/\"},{\"@type\":\"ListItem\",\"position\":3,\"name\":\"STAUB Cocotte Ronde avec Panier Vapeur 24 cm Noir\"}]},{\"@type\":\"WebSite\",\"@id\":\"https:\/\/www.erresse-shop.it\/fr\/#website\",\"url\":\"https:\/\/www.erresse-shop.it\/fr\/\",\"name\":\"Erresse Shop\",\"description\":\"Articoli di qualit\u00e0 per la casa\",\"potentialAction\":[{\"@type\":\"SearchAction\",\"target\":{\"@type\":\"EntryPoint\",\"urlTemplate\":\"https:\/\/www.erresse-shop.it\/fr\/?s={search_term_string}\"},\"query-input\":\"required name=search_term_string\"}],\"inLanguage\":\"fr-FR\"}]}<\/script>\n<!-- \/ Yoast SEO Premium plugin. -->","yoast_head_json":{"title":"STAUB Cocotte Ronde avec Panier Vapeur 24 cm Noir","description":"D\u00e9couvrez STAUB Cocotte Ronde avec Panier Vapeur 24 cm Noir sur ErresseShop. Qualit\u00e9, prix r\u00e9duits et achat s\u00e9curis\u00e9 \u2013 commandez d\u00e8s maintenant en ligne !","robots":{"index":"index","follow":"follow","max-snippet":"max-snippet:-1","max-image-preview":"max-image-preview:large","max-video-preview":"max-video-preview:-1"},"canonical":"https:\/\/www.erresse-shop.it\/fr\/shop\/poeles-pots\/marmites-et-cocottes-poeles-pots\/staub-cocotte-ronde-avec-panier-vapeur-24-cm-noir\/","og_locale":"fr_FR","og_type":"article","og_title":"STAUB Cocotte Ronde avec Panier Vapeur 24 cm Noir","og_description":"D\u00e9couvrez STAUB Cocotte Ronde avec Panier Vapeur 24 cm Noir sur ErresseShop. Qualit\u00e9, prix r\u00e9duits et achat s\u00e9curis\u00e9 \u2013 commandez d\u00e8s maintenant en ligne !","og_url":"https:\/\/www.erresse-shop.it\/fr\/shop\/poeles-pots\/marmites-et-cocottes-poeles-pots\/staub-cocotte-ronde-avec-panier-vapeur-24-cm-noir\/","og_site_name":"Erresse Shop","article_modified_time":"2025-01-13T15:14:59+00:00","og_image":[{"width":1000,"height":1000,"url":"https:\/\/www.erresse-shop.it\/wp-content\/uploads\/2012\/07\/STAUB-Cocotte-con-Cestello-a-Vapore-Rotonda-26-cm.jpg","type":"image\/jpeg"}],"twitter_card":"summary_large_image","schema":{"@context":"https:\/\/schema.org","@graph":[{"@type":"WebPage","@id":"https:\/\/www.erresse-shop.it\/fr\/shop\/poeles-pots\/marmites-et-cocottes-poeles-pots\/staub-cocotte-ronde-avec-panier-vapeur-24-cm-noir\/","url":"https:\/\/www.erresse-shop.it\/fr\/shop\/poeles-pots\/marmites-et-cocottes-poeles-pots\/staub-cocotte-ronde-avec-panier-vapeur-24-cm-noir\/","name":"STAUB Cocotte Ronde avec Panier Vapeur 24 cm Noir","isPartOf":{"@id":"https:\/\/www.erresse-shop.it\/fr\/#website"},"datePublished":"2021-07-28T14:26:29+00:00","dateModified":"2025-01-13T15:14:59+00:00","description":"D\u00e9couvrez STAUB Cocotte Ronde avec Panier Vapeur 24 cm Noir sur ErresseShop. Qualit\u00e9, prix r\u00e9duits et achat s\u00e9curis\u00e9 \u2013 commandez d\u00e8s maintenant en ligne !","breadcrumb":{"@id":"https:\/\/www.erresse-shop.it\/fr\/shop\/poeles-pots\/marmites-et-cocottes-poeles-pots\/staub-cocotte-ronde-avec-panier-vapeur-24-cm-noir\/#breadcrumb"},"inLanguage":"fr-FR","potentialAction":[{"@type":"ReadAction","target":["https:\/\/www.erresse-shop.it\/fr\/shop\/poeles-pots\/marmites-et-cocottes-poeles-pots\/staub-cocotte-ronde-avec-panier-vapeur-24-cm-noir\/"]}]},{"@type":"BreadcrumbList","@id":"https:\/\/www.erresse-shop.it\/fr\/shop\/poeles-pots\/marmites-et-cocottes-poeles-pots\/staub-cocotte-ronde-avec-panier-vapeur-24-cm-noir\/#breadcrumb","itemListElement":[{"@type":"ListItem","position":1,"name":"Home","item":"https:\/\/www.erresse-shop.it\/fr\/"},{"@type":"ListItem","position":2,"name":"Shop","item":"https:\/\/www.erresse-shop.it\/fr\/shop\/"},{"@type":"ListItem","position":3,"name":"STAUB Cocotte Ronde avec Panier Vapeur 24 cm Noir"}]},{"@type":"WebSite","@id":"https:\/\/www.erresse-shop.it\/fr\/#website","url":"https:\/\/www.erresse-shop.it\/fr\/","name":"Erresse Shop","description":"Articoli di qualit\u00e0 per la casa","potentialAction":[{"@type":"SearchAction","target":{"@type":"EntryPoint","urlTemplate":"https:\/\/www.erresse-shop.it\/fr\/?s={search_term_string}"},"query-input":"required name=search_term_string"}],"inLanguage":"fr-FR"}]}},"df_price":186.95,"df_sale_price":186.95,"df_regular_price":299,"df_image_link":"https:\/\/www.erresse-shop.it\/wp-content\/uploads\/2012\/07\/STAUB-Cocotte-con-Cestello-a-Vapore-Rotonda-26-cm-300x300.jpg","_links":{"self":[{"href":"https:\/\/www.erresse-shop.it\/fr\/wp-json\/wp\/v2\/product\/110968"}],"collection":[{"href":"https:\/\/www.erresse-shop.it\/fr\/wp-json\/wp\/v2\/product"}],"about":[{"href":"https:\/\/www.erresse-shop.it\/fr\/wp-json\/wp\/v2\/types\/product"}],"wp:featuredmedia":[{"embeddable":true,"href":"https:\/\/www.erresse-shop.it\/fr\/wp-json\/wp\/v2\/media\/97872"}],"wp:attachment":[{"href":"https:\/\/www.erresse-shop.it\/fr\/wp-json\/wp\/v2\/media?parent=110968"}],"wp:term":[{"taxonomy":"product_cat","embeddable":true,"href":"https:\/\/www.erresse-shop.it\/fr\/wp-json\/wp\/v2\/product_cat?post=110968"},{"taxonomy":"product_tag","embeddable":true,"href":"https:\/\/www.erresse-shop.it\/fr\/wp-json\/wp\/v2\/product_tag?post=110968"}],"curies":[{"name":"wp","href":"https:\/\/api.w.org\/{rel}","templated":true}]}}