{"id":110600,"date":"2016-11-21T10:02:55","date_gmt":"2016-11-21T10:02:55","guid":{"rendered":"https:\/\/www.erresse-shop.it\/shop\/non%20class\u00e9\/giusti-broc-pallina-jaune\/"},"modified":"2025-01-13T15:12:51","modified_gmt":"2025-01-13T15:12:51","slug":"giusti-broc-pallina-jaune","status":"publish","type":"product","link":"https:\/\/www.erresse-shop.it\/fr\/shop\/table-fr-2\/carafes-bouteilles\/giusti-broc-pallina-jaune\/","title":{"rendered":"MARIO LUCA GIUSTI Broc Pallina Jaune"},"content":{"rendered":"<p>Des objets beaux, propres, simples et \u00e9l\u00e9gants, orient\u00e9s vers le design, color\u00e9s : con\u00e7us et r\u00e9alis\u00e9s par le designer Mario Luca Giusti, bas\u00e9 \u00e0 Florence.<\/p>\n<p>Une fa\u00e7on nouvelle et moderne de penser les verres, les carafes, les rehausseurs et les accessoires de table en mat\u00e9riaux plastiques : acrylique et polycarbonate.<\/p>\n<p>Les collections, dessin\u00e9es et con\u00e7ues par Giusti lui-m\u00eame, s&#8217;enrichissent chaque ann\u00e9e de nouveaux mod\u00e8les qui ajoutent des objets aux formes imaginatives et aux couleurs allant du blanc au noir, du transparent au plus brillant. L&#8217;inspiration vient de la nature, du paysage, de l&#8217;art italien ; pour fabriquer un verre, on regarde une colline ou les facettes d&#8217;un diamant, pour un service de table, on vole un dessin du XIXe si\u00e8cle, les plantes de la jungle \u00e9quatoriale, les fleurs d&#8217;un jardin anglais, le manteau des animaux de la savane. Pour les couleurs, on emprunte celles de l&#8217;arc-en-ciel et plus encore.<\/p>\n<p>Le pichet Palla rappelle le style des anciennes cruches italiennes, confortables et l\u00e9g\u00e8res. Il peut contenir plus de trois litres d&#8217;eau. R\u00e9alis\u00e9 en acrylique, il a une forme classique et ronde, id\u00e9ale pour d\u00e9corer la table avec style et essentialit\u00e9. Lavage \u00e0 la main, \u00e0 froid.<\/p>\n","protected":false},"excerpt":{"rendered":"<p>Des objets beaux, propres, simples et \u00e9l\u00e9gants, orient\u00e9s vers le design, color\u00e9s : con\u00e7us et r\u00e9alis\u00e9s par le designer Mario<\/p>\n","protected":false},"featured_media":434184,"template":"","meta":{"_acf_changed":false,"inline_featured_image":false},"product_cat":[12785,12782],"product_tag":[25026,13846,25021,24397,15740,15739,24603,13849],"acf":[],"yoast_head":"<!-- This site is optimized with the Yoast SEO Premium plugin v18.6 (Yoast SEO v19.13) - https:\/\/yoast.com\/wordpress\/plugins\/seo\/ -->\n<title>MARIO LUCA GIUSTI Broc Pallina Jaune<\/title>\n<meta name=\"description\" content=\"D\u00e9couvrez MARIO LUCA GIUSTI Broc Pallina Jaune sur ErresseShop. Qualit\u00e9, prix r\u00e9duits et achat s\u00e9curis\u00e9 \u2013 commandez d\u00e8s maintenant en ligne !\" \/>\n<meta name=\"robots\" content=\"index, follow, max-snippet:-1, max-image-preview:large, max-video-preview:-1\" \/>\n<link rel=\"canonical\" href=\"https:\/\/www.erresse-shop.it\/fr\/shop\/table-fr-2\/carafes-bouteilles\/giusti-broc-pallina-jaune\/\" \/>\n<meta property=\"og:locale\" content=\"fr_FR\" \/>\n<meta property=\"og:type\" content=\"article\" \/>\n<meta property=\"og:title\" content=\"MARIO LUCA GIUSTI Broc Pallina Jaune\" \/>\n<meta property=\"og:description\" content=\"D\u00e9couvrez MARIO LUCA GIUSTI Broc Pallina Jaune sur ErresseShop. Qualit\u00e9, prix r\u00e9duits et achat s\u00e9curis\u00e9 \u2013 commandez d\u00e8s maintenant en ligne !\" \/>\n<meta property=\"og:url\" content=\"https:\/\/www.erresse-shop.it\/fr\/shop\/table-fr-2\/carafes-bouteilles\/giusti-broc-pallina-jaune\/\" \/>\n<meta property=\"og:site_name\" content=\"Erresse Shop\" \/>\n<meta property=\"article:modified_time\" content=\"2025-01-13T15:12:51+00:00\" \/>\n<meta property=\"og:image\" content=\"https:\/\/www.erresse-shop.it\/wp-content\/uploads\/2016\/11\/MARIO-LUCA-GIUSTI-Brocca-Pallina-giallo-1.jpg\" \/>\n\t<meta property=\"og:image:width\" content=\"1200\" \/>\n\t<meta property=\"og:image:height\" content=\"1200\" \/>\n\t<meta property=\"og:image:type\" content=\"image\/jpeg\" \/>\n<meta name=\"twitter:card\" content=\"summary_large_image\" \/>\n<script type=\"application\/ld+json\" class=\"yoast-schema-graph\">{\"@context\":\"https:\/\/schema.org\",\"@graph\":[{\"@type\":\"WebPage\",\"@id\":\"https:\/\/www.erresse-shop.it\/fr\/shop\/table-fr-2\/carafes-bouteilles\/giusti-broc-pallina-jaune\/\",\"url\":\"https:\/\/www.erresse-shop.it\/fr\/shop\/table-fr-2\/carafes-bouteilles\/giusti-broc-pallina-jaune\/\",\"name\":\"MARIO LUCA GIUSTI Broc Pallina Jaune\",\"isPartOf\":{\"@id\":\"https:\/\/www.erresse-shop.it\/fr\/#website\"},\"datePublished\":\"2016-11-21T10:02:55+00:00\",\"dateModified\":\"2025-01-13T15:12:51+00:00\",\"description\":\"D\u00e9couvrez MARIO LUCA GIUSTI Broc Pallina Jaune sur ErresseShop. Qualit\u00e9, prix r\u00e9duits et achat s\u00e9curis\u00e9 \u2013 commandez d\u00e8s maintenant en ligne !\",\"breadcrumb\":{\"@id\":\"https:\/\/www.erresse-shop.it\/fr\/shop\/table-fr-2\/carafes-bouteilles\/giusti-broc-pallina-jaune\/#breadcrumb\"},\"inLanguage\":\"fr-FR\",\"potentialAction\":[{\"@type\":\"ReadAction\",\"target\":[\"https:\/\/www.erresse-shop.it\/fr\/shop\/table-fr-2\/carafes-bouteilles\/giusti-broc-pallina-jaune\/\"]}]},{\"@type\":\"BreadcrumbList\",\"@id\":\"https:\/\/www.erresse-shop.it\/fr\/shop\/table-fr-2\/carafes-bouteilles\/giusti-broc-pallina-jaune\/#breadcrumb\",\"itemListElement\":[{\"@type\":\"ListItem\",\"position\":1,\"name\":\"Home\",\"item\":\"https:\/\/www.erresse-shop.it\/fr\/\"},{\"@type\":\"ListItem\",\"position\":2,\"name\":\"Shop\",\"item\":\"https:\/\/www.erresse-shop.it\/fr\/shop\/\"},{\"@type\":\"ListItem\",\"position\":3,\"name\":\"MARIO LUCA GIUSTI Broc Pallina Jaune\"}]},{\"@type\":\"WebSite\",\"@id\":\"https:\/\/www.erresse-shop.it\/fr\/#website\",\"url\":\"https:\/\/www.erresse-shop.it\/fr\/\",\"name\":\"Erresse Shop\",\"description\":\"Articoli di qualit\u00e0 per la casa\",\"potentialAction\":[{\"@type\":\"SearchAction\",\"target\":{\"@type\":\"EntryPoint\",\"urlTemplate\":\"https:\/\/www.erresse-shop.it\/fr\/?s={search_term_string}\"},\"query-input\":\"required name=search_term_string\"}],\"inLanguage\":\"fr-FR\"}]}<\/script>\n<!-- \/ Yoast SEO Premium plugin. -->","yoast_head_json":{"title":"MARIO LUCA GIUSTI Broc Pallina Jaune","description":"D\u00e9couvrez MARIO LUCA GIUSTI Broc Pallina Jaune sur ErresseShop. Qualit\u00e9, prix r\u00e9duits et achat s\u00e9curis\u00e9 \u2013 commandez d\u00e8s maintenant en ligne !","robots":{"index":"index","follow":"follow","max-snippet":"max-snippet:-1","max-image-preview":"max-image-preview:large","max-video-preview":"max-video-preview:-1"},"canonical":"https:\/\/www.erresse-shop.it\/fr\/shop\/table-fr-2\/carafes-bouteilles\/giusti-broc-pallina-jaune\/","og_locale":"fr_FR","og_type":"article","og_title":"MARIO LUCA GIUSTI Broc Pallina Jaune","og_description":"D\u00e9couvrez MARIO LUCA GIUSTI Broc Pallina Jaune sur ErresseShop. Qualit\u00e9, prix r\u00e9duits et achat s\u00e9curis\u00e9 \u2013 commandez d\u00e8s maintenant en ligne !","og_url":"https:\/\/www.erresse-shop.it\/fr\/shop\/table-fr-2\/carafes-bouteilles\/giusti-broc-pallina-jaune\/","og_site_name":"Erresse Shop","article_modified_time":"2025-01-13T15:12:51+00:00","og_image":[{"width":1200,"height":1200,"url":"https:\/\/www.erresse-shop.it\/wp-content\/uploads\/2016\/11\/MARIO-LUCA-GIUSTI-Brocca-Pallina-giallo-1.jpg","type":"image\/jpeg"}],"twitter_card":"summary_large_image","schema":{"@context":"https:\/\/schema.org","@graph":[{"@type":"WebPage","@id":"https:\/\/www.erresse-shop.it\/fr\/shop\/table-fr-2\/carafes-bouteilles\/giusti-broc-pallina-jaune\/","url":"https:\/\/www.erresse-shop.it\/fr\/shop\/table-fr-2\/carafes-bouteilles\/giusti-broc-pallina-jaune\/","name":"MARIO LUCA GIUSTI Broc Pallina Jaune","isPartOf":{"@id":"https:\/\/www.erresse-shop.it\/fr\/#website"},"datePublished":"2016-11-21T10:02:55+00:00","dateModified":"2025-01-13T15:12:51+00:00","description":"D\u00e9couvrez MARIO LUCA GIUSTI Broc Pallina Jaune sur ErresseShop. Qualit\u00e9, prix r\u00e9duits et achat s\u00e9curis\u00e9 \u2013 commandez d\u00e8s maintenant en ligne !","breadcrumb":{"@id":"https:\/\/www.erresse-shop.it\/fr\/shop\/table-fr-2\/carafes-bouteilles\/giusti-broc-pallina-jaune\/#breadcrumb"},"inLanguage":"fr-FR","potentialAction":[{"@type":"ReadAction","target":["https:\/\/www.erresse-shop.it\/fr\/shop\/table-fr-2\/carafes-bouteilles\/giusti-broc-pallina-jaune\/"]}]},{"@type":"BreadcrumbList","@id":"https:\/\/www.erresse-shop.it\/fr\/shop\/table-fr-2\/carafes-bouteilles\/giusti-broc-pallina-jaune\/#breadcrumb","itemListElement":[{"@type":"ListItem","position":1,"name":"Home","item":"https:\/\/www.erresse-shop.it\/fr\/"},{"@type":"ListItem","position":2,"name":"Shop","item":"https:\/\/www.erresse-shop.it\/fr\/shop\/"},{"@type":"ListItem","position":3,"name":"MARIO LUCA GIUSTI Broc Pallina Jaune"}]},{"@type":"WebSite","@id":"https:\/\/www.erresse-shop.it\/fr\/#website","url":"https:\/\/www.erresse-shop.it\/fr\/","name":"Erresse Shop","description":"Articoli di qualit\u00e0 per la casa","potentialAction":[{"@type":"SearchAction","target":{"@type":"EntryPoint","urlTemplate":"https:\/\/www.erresse-shop.it\/fr\/?s={search_term_string}"},"query-input":"required name=search_term_string"}],"inLanguage":"fr-FR"}]}},"df_price":54,"df_sale_price":54,"df_regular_price":78,"df_image_link":"https:\/\/www.erresse-shop.it\/wp-content\/uploads\/2016\/11\/MARIO-LUCA-GIUSTI-Brocca-Pallina-giallo-1-300x300.jpg","_links":{"self":[{"href":"https:\/\/www.erresse-shop.it\/fr\/wp-json\/wp\/v2\/product\/110600"}],"collection":[{"href":"https:\/\/www.erresse-shop.it\/fr\/wp-json\/wp\/v2\/product"}],"about":[{"href":"https:\/\/www.erresse-shop.it\/fr\/wp-json\/wp\/v2\/types\/product"}],"wp:featuredmedia":[{"embeddable":true,"href":"https:\/\/www.erresse-shop.it\/fr\/wp-json\/wp\/v2\/media\/434184"}],"wp:attachment":[{"href":"https:\/\/www.erresse-shop.it\/fr\/wp-json\/wp\/v2\/media?parent=110600"}],"wp:term":[{"taxonomy":"product_cat","embeddable":true,"href":"https:\/\/www.erresse-shop.it\/fr\/wp-json\/wp\/v2\/product_cat?post=110600"},{"taxonomy":"product_tag","embeddable":true,"href":"https:\/\/www.erresse-shop.it\/fr\/wp-json\/wp\/v2\/product_tag?post=110600"}],"curies":[{"name":"wp","href":"https:\/\/api.w.org\/{rel}","templated":true}]}}