{"id":110415,"date":"2014-07-12T17:50:16","date_gmt":"2014-07-12T17:50:16","guid":{"rendered":"https:\/\/www.erresse-shop.it\/shop\/non%20class\u00e9\/miyabi-couteau-gyutoh-6000mct-200mm\/"},"modified":"2025-01-13T15:11:52","modified_gmt":"2025-01-13T15:11:52","slug":"miyabi-couteau-gyutoh-6000mct-200mm","status":"publish","type":"product","link":"https:\/\/www.erresse-shop.it\/fr\/shop\/cuisine\/couteaux\/miyabi-couteau-gyutoh-6000mct-200mm\/","title":{"rendered":"MIYABI Couteau Gyutoh 6000MCT 200mm"},"content":{"rendered":"<p><strong>MIYABI. La beaut\u00e9 de la nettet\u00e9.<\/strong><br \/>\nLes formes gracieuses, \u00e9l\u00e9gantes et sophistiqu\u00e9es typiques de la culture japonaise sont \u00e9galement synonymes de la nouvelle marque MIYABI de ZWILLING J.A. HENCKELS.<\/p>\n<p>Les couteaux MIYABI repr\u00e9sentent la beaut\u00e9 des lames tranchantes, suivant la tradition des c\u00e9l\u00e8bres \u00e9p\u00e9es japonaises qui \u00e9taient non seulement incroyablement tranchantes, mais aussi incroyablement belles.<\/p>\n<p>Les couteaux MIYABI fascinent d\u00e8s le premier instant par le style japonais authentique de leurs lames et leur extraordinaire pouvoir de coupe. Lors d&#8217;une utilisation quotidienne, les amateurs de cuisine japonaise appr\u00e9cieront l&#8217;\u00e9quilibre parfait et le confort de la poign\u00e9e.<\/p>\n<p>Les couteaux MIYABI sont produits dans la tradition des artisans d&#8217;antan qui fabriquaient les meilleures \u00e9p\u00e9es japonaises.<\/p>\n<p>Un design unique et une fonctionnalit\u00e9 maximale sont combin\u00e9s dans la symbiose parfaite des lignes de la lame et du manche. Fabriqu\u00e9 au Japon.<\/p>\n<p><strong>GYUTOH =<\/strong> couteau de chef<br \/>\nLame sym\u00e9trique<br \/>\n<strong>Longueur de la lame :<\/strong> 160 mm, 200 mm et 240 mm<br \/>\nPour couper la viande et les gros l\u00e9gumes.<\/p>\n","protected":false},"excerpt":{"rendered":"<p>MIYABI. La beaut\u00e9 de la nettet\u00e9. Les formes gracieuses, \u00e9l\u00e9gantes et sophistiqu\u00e9es typiques de la culture japonaise sont \u00e9galement synonymes<\/p>\n","protected":false},"featured_media":110416,"template":"","meta":{"_acf_changed":false,"inline_featured_image":false},"product_cat":[12742,14452,12748],"product_tag":[15839,12838,12839,15400,15830,15801,12824],"acf":[],"yoast_head":"<!-- This site is optimized with the Yoast SEO Premium plugin v18.6 (Yoast SEO v19.13) - https:\/\/yoast.com\/wordpress\/plugins\/seo\/ -->\n<title>MIYABI Couteau Gyutoh 6000MCT 200mm<\/title>\n<meta name=\"description\" content=\"D\u00e9couvrez MIYABI Couteau Gyutoh 6000MCT 200mm sur ErresseShop. Qualit\u00e9, prix r\u00e9duits et achat s\u00e9curis\u00e9 \u2013 commandez d\u00e8s maintenant en ligne !\" \/>\n<meta name=\"robots\" content=\"index, follow, max-snippet:-1, max-image-preview:large, max-video-preview:-1\" \/>\n<link rel=\"canonical\" href=\"https:\/\/www.erresse-shop.it\/fr\/shop\/cuisine\/couteaux\/miyabi-couteau-gyutoh-6000mct-200mm\/\" \/>\n<meta property=\"og:locale\" content=\"fr_FR\" \/>\n<meta property=\"og:type\" content=\"article\" \/>\n<meta property=\"og:title\" content=\"MIYABI Couteau Gyutoh 6000MCT 200mm\" \/>\n<meta property=\"og:description\" content=\"D\u00e9couvrez MIYABI Couteau Gyutoh 6000MCT 200mm sur ErresseShop. Qualit\u00e9, prix r\u00e9duits et achat s\u00e9curis\u00e9 \u2013 commandez d\u00e8s maintenant en ligne !\" \/>\n<meta property=\"og:url\" content=\"https:\/\/www.erresse-shop.it\/fr\/shop\/cuisine\/couteaux\/miyabi-couteau-gyutoh-6000mct-200mm\/\" \/>\n<meta property=\"og:site_name\" content=\"Erresse Shop\" \/>\n<meta property=\"article:modified_time\" content=\"2025-01-13T15:11:52+00:00\" \/>\n<meta property=\"og:image\" content=\"https:\/\/www.erresse-shop.it\/wp-content\/uploads\/2015\/01\/products-miyabi-6000mct-gyutoh-200mm.jpg\" \/>\n\t<meta property=\"og:image:width\" content=\"800\" \/>\n\t<meta property=\"og:image:height\" content=\"600\" \/>\n\t<meta property=\"og:image:type\" content=\"image\/jpeg\" \/>\n<meta name=\"twitter:card\" content=\"summary_large_image\" \/>\n<script type=\"application\/ld+json\" class=\"yoast-schema-graph\">{\"@context\":\"https:\/\/schema.org\",\"@graph\":[{\"@type\":\"WebPage\",\"@id\":\"https:\/\/www.erresse-shop.it\/fr\/shop\/cuisine\/couteaux\/miyabi-couteau-gyutoh-6000mct-200mm\/\",\"url\":\"https:\/\/www.erresse-shop.it\/fr\/shop\/cuisine\/couteaux\/miyabi-couteau-gyutoh-6000mct-200mm\/\",\"name\":\"MIYABI Couteau Gyutoh 6000MCT 200mm\",\"isPartOf\":{\"@id\":\"https:\/\/www.erresse-shop.it\/fr\/#website\"},\"datePublished\":\"2014-07-12T17:50:16+00:00\",\"dateModified\":\"2025-01-13T15:11:52+00:00\",\"description\":\"D\u00e9couvrez MIYABI Couteau Gyutoh 6000MCT 200mm sur ErresseShop. Qualit\u00e9, prix r\u00e9duits et achat s\u00e9curis\u00e9 \u2013 commandez d\u00e8s maintenant en ligne !\",\"breadcrumb\":{\"@id\":\"https:\/\/www.erresse-shop.it\/fr\/shop\/cuisine\/couteaux\/miyabi-couteau-gyutoh-6000mct-200mm\/#breadcrumb\"},\"inLanguage\":\"fr-FR\",\"potentialAction\":[{\"@type\":\"ReadAction\",\"target\":[\"https:\/\/www.erresse-shop.it\/fr\/shop\/cuisine\/couteaux\/miyabi-couteau-gyutoh-6000mct-200mm\/\"]}]},{\"@type\":\"BreadcrumbList\",\"@id\":\"https:\/\/www.erresse-shop.it\/fr\/shop\/cuisine\/couteaux\/miyabi-couteau-gyutoh-6000mct-200mm\/#breadcrumb\",\"itemListElement\":[{\"@type\":\"ListItem\",\"position\":1,\"name\":\"Home\",\"item\":\"https:\/\/www.erresse-shop.it\/fr\/\"},{\"@type\":\"ListItem\",\"position\":2,\"name\":\"Shop\",\"item\":\"https:\/\/www.erresse-shop.it\/fr\/shop\/\"},{\"@type\":\"ListItem\",\"position\":3,\"name\":\"MIYABI Couteau Gyutoh 6000MCT 200mm\"}]},{\"@type\":\"WebSite\",\"@id\":\"https:\/\/www.erresse-shop.it\/fr\/#website\",\"url\":\"https:\/\/www.erresse-shop.it\/fr\/\",\"name\":\"Erresse Shop\",\"description\":\"Articoli di qualit\u00e0 per la casa\",\"potentialAction\":[{\"@type\":\"SearchAction\",\"target\":{\"@type\":\"EntryPoint\",\"urlTemplate\":\"https:\/\/www.erresse-shop.it\/fr\/?s={search_term_string}\"},\"query-input\":\"required name=search_term_string\"}],\"inLanguage\":\"fr-FR\"}]}<\/script>\n<!-- \/ Yoast SEO Premium plugin. -->","yoast_head_json":{"title":"MIYABI Couteau Gyutoh 6000MCT 200mm","description":"D\u00e9couvrez MIYABI Couteau Gyutoh 6000MCT 200mm sur ErresseShop. Qualit\u00e9, prix r\u00e9duits et achat s\u00e9curis\u00e9 \u2013 commandez d\u00e8s maintenant en ligne !","robots":{"index":"index","follow":"follow","max-snippet":"max-snippet:-1","max-image-preview":"max-image-preview:large","max-video-preview":"max-video-preview:-1"},"canonical":"https:\/\/www.erresse-shop.it\/fr\/shop\/cuisine\/couteaux\/miyabi-couteau-gyutoh-6000mct-200mm\/","og_locale":"fr_FR","og_type":"article","og_title":"MIYABI Couteau Gyutoh 6000MCT 200mm","og_description":"D\u00e9couvrez MIYABI Couteau Gyutoh 6000MCT 200mm sur ErresseShop. Qualit\u00e9, prix r\u00e9duits et achat s\u00e9curis\u00e9 \u2013 commandez d\u00e8s maintenant en ligne !","og_url":"https:\/\/www.erresse-shop.it\/fr\/shop\/cuisine\/couteaux\/miyabi-couteau-gyutoh-6000mct-200mm\/","og_site_name":"Erresse Shop","article_modified_time":"2025-01-13T15:11:52+00:00","og_image":[{"width":800,"height":600,"url":"https:\/\/www.erresse-shop.it\/wp-content\/uploads\/2015\/01\/products-miyabi-6000mct-gyutoh-200mm.jpg","type":"image\/jpeg"}],"twitter_card":"summary_large_image","schema":{"@context":"https:\/\/schema.org","@graph":[{"@type":"WebPage","@id":"https:\/\/www.erresse-shop.it\/fr\/shop\/cuisine\/couteaux\/miyabi-couteau-gyutoh-6000mct-200mm\/","url":"https:\/\/www.erresse-shop.it\/fr\/shop\/cuisine\/couteaux\/miyabi-couteau-gyutoh-6000mct-200mm\/","name":"MIYABI Couteau Gyutoh 6000MCT 200mm","isPartOf":{"@id":"https:\/\/www.erresse-shop.it\/fr\/#website"},"datePublished":"2014-07-12T17:50:16+00:00","dateModified":"2025-01-13T15:11:52+00:00","description":"D\u00e9couvrez MIYABI Couteau Gyutoh 6000MCT 200mm sur ErresseShop. Qualit\u00e9, prix r\u00e9duits et achat s\u00e9curis\u00e9 \u2013 commandez d\u00e8s maintenant en ligne !","breadcrumb":{"@id":"https:\/\/www.erresse-shop.it\/fr\/shop\/cuisine\/couteaux\/miyabi-couteau-gyutoh-6000mct-200mm\/#breadcrumb"},"inLanguage":"fr-FR","potentialAction":[{"@type":"ReadAction","target":["https:\/\/www.erresse-shop.it\/fr\/shop\/cuisine\/couteaux\/miyabi-couteau-gyutoh-6000mct-200mm\/"]}]},{"@type":"BreadcrumbList","@id":"https:\/\/www.erresse-shop.it\/fr\/shop\/cuisine\/couteaux\/miyabi-couteau-gyutoh-6000mct-200mm\/#breadcrumb","itemListElement":[{"@type":"ListItem","position":1,"name":"Home","item":"https:\/\/www.erresse-shop.it\/fr\/"},{"@type":"ListItem","position":2,"name":"Shop","item":"https:\/\/www.erresse-shop.it\/fr\/shop\/"},{"@type":"ListItem","position":3,"name":"MIYABI Couteau Gyutoh 6000MCT 200mm"}]},{"@type":"WebSite","@id":"https:\/\/www.erresse-shop.it\/fr\/#website","url":"https:\/\/www.erresse-shop.it\/fr\/","name":"Erresse Shop","description":"Articoli di qualit\u00e0 per la casa","potentialAction":[{"@type":"SearchAction","target":{"@type":"EntryPoint","urlTemplate":"https:\/\/www.erresse-shop.it\/fr\/?s={search_term_string}"},"query-input":"required name=search_term_string"}],"inLanguage":"fr-FR"}]}},"df_price":153.45000000000002,"df_sale_price":153.45000000000002,"df_regular_price":279,"df_image_link":"https:\/\/www.erresse-shop.it\/wp-content\/uploads\/2015\/01\/products-miyabi-6000mct-gyutoh-200mm-300x225.jpg","_links":{"self":[{"href":"https:\/\/www.erresse-shop.it\/fr\/wp-json\/wp\/v2\/product\/110415"}],"collection":[{"href":"https:\/\/www.erresse-shop.it\/fr\/wp-json\/wp\/v2\/product"}],"about":[{"href":"https:\/\/www.erresse-shop.it\/fr\/wp-json\/wp\/v2\/types\/product"}],"wp:featuredmedia":[{"embeddable":true,"href":"https:\/\/www.erresse-shop.it\/fr\/wp-json\/wp\/v2\/media\/110416"}],"wp:attachment":[{"href":"https:\/\/www.erresse-shop.it\/fr\/wp-json\/wp\/v2\/media?parent=110415"}],"wp:term":[{"taxonomy":"product_cat","embeddable":true,"href":"https:\/\/www.erresse-shop.it\/fr\/wp-json\/wp\/v2\/product_cat?post=110415"},{"taxonomy":"product_tag","embeddable":true,"href":"https:\/\/www.erresse-shop.it\/fr\/wp-json\/wp\/v2\/product_tag?post=110415"}],"curies":[{"name":"wp","href":"https:\/\/api.w.org\/{rel}","templated":true}]}}