{"id":110411,"date":"2021-07-23T10:08:50","date_gmt":"2021-07-23T10:08:52","guid":{"rendered":"https:\/\/www.erresse-shop.it\/?post_type=product&#038;p=110411"},"modified":"2025-04-30T14:43:30","modified_gmt":"2025-04-30T14:43:30","slug":"staub-cocotte-lily-pattern-24-cm-grenade","status":"publish","type":"product","link":"https:\/\/www.erresse-shop.it\/fr\/shop\/poeles-pots\/marmites-et-cocottes-poeles-pots\/staub-cocotte-lily-pattern-24-cm-grenade\/","title":{"rendered":"STAUB Cocotte Lily Pattern 24 cm Grenade"},"content":{"rendered":"<p>Les cocottes en fonte <strong>Staub<\/strong> sont le meilleur choix pour les chefs professionnels et les cuisiniers \u00e0 domicile. Enracin\u00e9e dans le patrimoine culinaire fran\u00e7ais, cette marmite embl\u00e9matique passe merveilleusement du four \u00e0 la table. Le nouveau four fran\u00e7ais Staub Essential avec couvercle Lilly ajoute de l&#8217;\u00e9l\u00e9gance \u00e0 votre table. Le couvercle pr\u00e9sente le m\u00eame motif de fleur de lys, de c\u0153ur et de fleur que le populaire dessous de plat Lilly. Le design en relief a un effet HI\/LO accrocheur gr\u00e2ce \u00e0 la magnifique gla\u00e7ure majolique, une technique sp\u00e9ciale en trois \u00e9tapes qui conf\u00e8re \u00e0 la couleur brillance et profondeur. Ce couvercle chic est dot\u00e9 des pointes incurv\u00e9es de Staub &#8211; la structure innovante Chistera-drop &#8211; qui cr\u00e9ent une condensation continue pour une meilleure d\u00e9gustation des aliments.<\/p>\n<ul>\n<li>Construction en fonte : id\u00e9ale pour une friture, une cuisson et un rago\u00fbt \u00e0 haut rendement \u00e9nerg\u00e9tique.<\/li>\n<li>Forme parfaite pour remuer uniquement des lignes courbes<\/li>\n<li>Pluie d&#8217;ar\u00f4mes gr\u00e2ce \u00e0 la structure Chistera Drop-Structure sous le couvercle<\/li>\n<li>Un savoir-faire traditionnel associ\u00e9 \u00e0 une qualit\u00e9 sup\u00e9rieure<\/li>\n<li>Des r\u00e9sultats de cuisson juteux et aromatiques<\/li>\n<li>Convient \u00e0 tous les types de plaques de cuisson, y compris l&#8217;induction, et peut \u00e9galement \u00eatre plac\u00e9 dans le four\/gril.<\/li>\n<li>Du four directement \u00e0 la table<\/li>\n<li>Va au lave-vaisselle \/ Va au four jusqu&#8217;\u00e0 500 F<\/li>\n<\/ul>\n<p><strong>DIMENSION<\/strong><br \/>\nPoids net : 4,60 kg<br \/>\nCapacit\u00e9 : 3,50 l<br \/>\nLongueur du produit : 30,80 cm<br \/>\nLargeur du produit : 24,00 cm<br \/>\nHauteur du produit : 13,00 cm<br \/>\nDiam\u00e8tre sup\u00e9rieur : 24,00 cm<\/p>\n","protected":false},"excerpt":{"rendered":"<p>Les cocottes en fonte Staub sont le meilleur choix pour les chefs professionnels et les cuisiniers \u00e0 domicile. Enracin\u00e9e dans<\/p>\n","protected":false},"featured_media":110446,"template":"","meta":{"_acf_changed":false,"inline_featured_image":false},"product_cat":[12458,14792],"product_tag":[25086,23660,25021,24397,12994,12461,12465,12466,12468],"acf":[],"yoast_head":"<!-- This site is optimized with the Yoast SEO Premium plugin v18.6 (Yoast SEO v19.13) - https:\/\/yoast.com\/wordpress\/plugins\/seo\/ -->\n<title>STAUB Cocotte Lily Pattern 24 cm Grenade<\/title>\n<meta name=\"description\" content=\"D\u00e9couvrez STAUB Cocotte Lily Pattern 24 cm Grenade sur ErresseShop. Qualit\u00e9, prix r\u00e9duits et achat s\u00e9curis\u00e9 \u2013 commandez d\u00e8s maintenant en ligne !\" \/>\n<meta name=\"robots\" content=\"index, follow, max-snippet:-1, max-image-preview:large, max-video-preview:-1\" \/>\n<link rel=\"canonical\" href=\"https:\/\/www.erresse-shop.it\/fr\/shop\/poeles-pots\/marmites-et-cocottes-poeles-pots\/staub-cocotte-lily-pattern-24-cm-grenade\/\" \/>\n<meta property=\"og:locale\" content=\"fr_FR\" \/>\n<meta property=\"og:type\" content=\"article\" \/>\n<meta property=\"og:title\" content=\"STAUB Cocotte Lily Pattern 24 cm Grenade\" \/>\n<meta property=\"og:description\" content=\"D\u00e9couvrez STAUB Cocotte Lily Pattern 24 cm Grenade sur ErresseShop. Qualit\u00e9, prix r\u00e9duits et achat s\u00e9curis\u00e9 \u2013 commandez d\u00e8s maintenant en ligne !\" \/>\n<meta property=\"og:url\" content=\"https:\/\/www.erresse-shop.it\/fr\/shop\/poeles-pots\/marmites-et-cocottes-poeles-pots\/staub-cocotte-lily-pattern-24-cm-grenade\/\" \/>\n<meta property=\"og:site_name\" content=\"Erresse Shop\" \/>\n<meta property=\"article:modified_time\" content=\"2025-04-30T14:43:30+00:00\" \/>\n<meta property=\"og:image\" content=\"https:\/\/www.erresse-shop.it\/wp-content\/uploads\/2021\/07\/Staub-Lilly-Pattern.jpg\" \/>\n\t<meta property=\"og:image:width\" content=\"1350\" \/>\n\t<meta property=\"og:image:height\" content=\"1350\" \/>\n\t<meta property=\"og:image:type\" content=\"image\/jpeg\" \/>\n<meta name=\"twitter:card\" content=\"summary_large_image\" \/>\n<script type=\"application\/ld+json\" class=\"yoast-schema-graph\">{\"@context\":\"https:\/\/schema.org\",\"@graph\":[{\"@type\":\"WebPage\",\"@id\":\"https:\/\/www.erresse-shop.it\/fr\/shop\/poeles-pots\/marmites-et-cocottes-poeles-pots\/staub-cocotte-lily-pattern-24-cm-grenade\/\",\"url\":\"https:\/\/www.erresse-shop.it\/fr\/shop\/poeles-pots\/marmites-et-cocottes-poeles-pots\/staub-cocotte-lily-pattern-24-cm-grenade\/\",\"name\":\"STAUB Cocotte Lily Pattern 24 cm Grenade\",\"isPartOf\":{\"@id\":\"https:\/\/www.erresse-shop.it\/fr\/#website\"},\"datePublished\":\"2021-07-23T10:08:52+00:00\",\"dateModified\":\"2025-04-30T14:43:30+00:00\",\"description\":\"D\u00e9couvrez STAUB Cocotte Lily Pattern 24 cm Grenade sur ErresseShop. Qualit\u00e9, prix r\u00e9duits et achat s\u00e9curis\u00e9 \u2013 commandez d\u00e8s maintenant en ligne !\",\"breadcrumb\":{\"@id\":\"https:\/\/www.erresse-shop.it\/fr\/shop\/poeles-pots\/marmites-et-cocottes-poeles-pots\/staub-cocotte-lily-pattern-24-cm-grenade\/#breadcrumb\"},\"inLanguage\":\"fr-FR\",\"potentialAction\":[{\"@type\":\"ReadAction\",\"target\":[\"https:\/\/www.erresse-shop.it\/fr\/shop\/poeles-pots\/marmites-et-cocottes-poeles-pots\/staub-cocotte-lily-pattern-24-cm-grenade\/\"]}]},{\"@type\":\"BreadcrumbList\",\"@id\":\"https:\/\/www.erresse-shop.it\/fr\/shop\/poeles-pots\/marmites-et-cocottes-poeles-pots\/staub-cocotte-lily-pattern-24-cm-grenade\/#breadcrumb\",\"itemListElement\":[{\"@type\":\"ListItem\",\"position\":1,\"name\":\"Home\",\"item\":\"https:\/\/www.erresse-shop.it\/fr\/\"},{\"@type\":\"ListItem\",\"position\":2,\"name\":\"Shop\",\"item\":\"https:\/\/www.erresse-shop.it\/fr\/shop\/\"},{\"@type\":\"ListItem\",\"position\":3,\"name\":\"STAUB Cocotte Lily Pattern 24 cm Grenade\"}]},{\"@type\":\"WebSite\",\"@id\":\"https:\/\/www.erresse-shop.it\/fr\/#website\",\"url\":\"https:\/\/www.erresse-shop.it\/fr\/\",\"name\":\"Erresse Shop\",\"description\":\"Articoli di qualit\u00e0 per la casa\",\"potentialAction\":[{\"@type\":\"SearchAction\",\"target\":{\"@type\":\"EntryPoint\",\"urlTemplate\":\"https:\/\/www.erresse-shop.it\/fr\/?s={search_term_string}\"},\"query-input\":\"required name=search_term_string\"}],\"inLanguage\":\"fr-FR\"}]}<\/script>\n<!-- \/ Yoast SEO Premium plugin. -->","yoast_head_json":{"title":"STAUB Cocotte Lily Pattern 24 cm Grenade","description":"D\u00e9couvrez STAUB Cocotte Lily Pattern 24 cm Grenade sur ErresseShop. Qualit\u00e9, prix r\u00e9duits et achat s\u00e9curis\u00e9 \u2013 commandez d\u00e8s maintenant en ligne !","robots":{"index":"index","follow":"follow","max-snippet":"max-snippet:-1","max-image-preview":"max-image-preview:large","max-video-preview":"max-video-preview:-1"},"canonical":"https:\/\/www.erresse-shop.it\/fr\/shop\/poeles-pots\/marmites-et-cocottes-poeles-pots\/staub-cocotte-lily-pattern-24-cm-grenade\/","og_locale":"fr_FR","og_type":"article","og_title":"STAUB Cocotte Lily Pattern 24 cm Grenade","og_description":"D\u00e9couvrez STAUB Cocotte Lily Pattern 24 cm Grenade sur ErresseShop. Qualit\u00e9, prix r\u00e9duits et achat s\u00e9curis\u00e9 \u2013 commandez d\u00e8s maintenant en ligne !","og_url":"https:\/\/www.erresse-shop.it\/fr\/shop\/poeles-pots\/marmites-et-cocottes-poeles-pots\/staub-cocotte-lily-pattern-24-cm-grenade\/","og_site_name":"Erresse Shop","article_modified_time":"2025-04-30T14:43:30+00:00","og_image":[{"width":1350,"height":1350,"url":"https:\/\/www.erresse-shop.it\/wp-content\/uploads\/2021\/07\/Staub-Lilly-Pattern.jpg","type":"image\/jpeg"}],"twitter_card":"summary_large_image","schema":{"@context":"https:\/\/schema.org","@graph":[{"@type":"WebPage","@id":"https:\/\/www.erresse-shop.it\/fr\/shop\/poeles-pots\/marmites-et-cocottes-poeles-pots\/staub-cocotte-lily-pattern-24-cm-grenade\/","url":"https:\/\/www.erresse-shop.it\/fr\/shop\/poeles-pots\/marmites-et-cocottes-poeles-pots\/staub-cocotte-lily-pattern-24-cm-grenade\/","name":"STAUB Cocotte Lily Pattern 24 cm Grenade","isPartOf":{"@id":"https:\/\/www.erresse-shop.it\/fr\/#website"},"datePublished":"2021-07-23T10:08:52+00:00","dateModified":"2025-04-30T14:43:30+00:00","description":"D\u00e9couvrez STAUB Cocotte Lily Pattern 24 cm Grenade sur ErresseShop. Qualit\u00e9, prix r\u00e9duits et achat s\u00e9curis\u00e9 \u2013 commandez d\u00e8s maintenant en ligne !","breadcrumb":{"@id":"https:\/\/www.erresse-shop.it\/fr\/shop\/poeles-pots\/marmites-et-cocottes-poeles-pots\/staub-cocotte-lily-pattern-24-cm-grenade\/#breadcrumb"},"inLanguage":"fr-FR","potentialAction":[{"@type":"ReadAction","target":["https:\/\/www.erresse-shop.it\/fr\/shop\/poeles-pots\/marmites-et-cocottes-poeles-pots\/staub-cocotte-lily-pattern-24-cm-grenade\/"]}]},{"@type":"BreadcrumbList","@id":"https:\/\/www.erresse-shop.it\/fr\/shop\/poeles-pots\/marmites-et-cocottes-poeles-pots\/staub-cocotte-lily-pattern-24-cm-grenade\/#breadcrumb","itemListElement":[{"@type":"ListItem","position":1,"name":"Home","item":"https:\/\/www.erresse-shop.it\/fr\/"},{"@type":"ListItem","position":2,"name":"Shop","item":"https:\/\/www.erresse-shop.it\/fr\/shop\/"},{"@type":"ListItem","position":3,"name":"STAUB Cocotte Lily Pattern 24 cm Grenade"}]},{"@type":"WebSite","@id":"https:\/\/www.erresse-shop.it\/fr\/#website","url":"https:\/\/www.erresse-shop.it\/fr\/","name":"Erresse Shop","description":"Articoli di qualit\u00e0 per la casa","potentialAction":[{"@type":"SearchAction","target":{"@type":"EntryPoint","urlTemplate":"https:\/\/www.erresse-shop.it\/fr\/?s={search_term_string}"},"query-input":"required name=search_term_string"}],"inLanguage":"fr-FR"}]}},"df_price":134.5,"df_sale_price":134.5,"df_regular_price":269,"df_image_link":"https:\/\/www.erresse-shop.it\/wp-content\/uploads\/2021\/07\/Staub-Lilly-Pattern-300x300.jpg","_links":{"self":[{"href":"https:\/\/www.erresse-shop.it\/fr\/wp-json\/wp\/v2\/product\/110411"}],"collection":[{"href":"https:\/\/www.erresse-shop.it\/fr\/wp-json\/wp\/v2\/product"}],"about":[{"href":"https:\/\/www.erresse-shop.it\/fr\/wp-json\/wp\/v2\/types\/product"}],"wp:featuredmedia":[{"embeddable":true,"href":"https:\/\/www.erresse-shop.it\/fr\/wp-json\/wp\/v2\/media\/110446"}],"wp:attachment":[{"href":"https:\/\/www.erresse-shop.it\/fr\/wp-json\/wp\/v2\/media?parent=110411"}],"wp:term":[{"taxonomy":"product_cat","embeddable":true,"href":"https:\/\/www.erresse-shop.it\/fr\/wp-json\/wp\/v2\/product_cat?post=110411"},{"taxonomy":"product_tag","embeddable":true,"href":"https:\/\/www.erresse-shop.it\/fr\/wp-json\/wp\/v2\/product_tag?post=110411"}],"curies":[{"name":"wp","href":"https:\/\/api.w.org\/{rel}","templated":true}]}}