{"id":110303,"date":"2017-04-12T16:51:32","date_gmt":"2017-04-12T16:51:32","guid":{"rendered":"https:\/\/www.erresse-shop.it\/shop\/non%20class\u00e9\/giusti-roberta-broc-bleu\/"},"modified":"2025-01-13T15:10:23","modified_gmt":"2025-01-13T15:10:23","slug":"giusti-roberta-broc-bleu","status":"publish","type":"product","link":"https:\/\/www.erresse-shop.it\/fr\/shop\/table-fr-2\/carafes-bouteilles\/giusti-roberta-broc-bleu\/","title":{"rendered":"MARIO LUCA GIUSTI Roberta Broc Bleu"},"content":{"rendered":"<p>Des objets beaux, propres, simples et \u00e9l\u00e9gants, design, color\u00e9s : con\u00e7us et r\u00e9alis\u00e9s par le designer florentin <strong>Mario Luca Giusti<\/strong>.<\/p>\n<p>Une fa\u00e7on nouvelle et moderne de penser les verres, les pichets, les rehausses et les accessoires de table en mati\u00e8re plastique : acrylique et polycarbonate.<\/p>\n<p><span style=\"text-decoration: underline;\"><strong>Les verres vendus sont sans bo\u00eete.<\/strong><\/span><\/p>\n<p>Les collections, dessin\u00e9es et con\u00e7ues par Giusti lui-m\u00eame, s&#8217;enrichissent chaque ann\u00e9e de nouveaux mod\u00e8les, ajoutant des objets aux formes imaginatives et aux couleurs allant du blanc au noir, du transparent au plus vif. L&#8217;inspiration vient de la nature, du paysage, de l&#8217;art italien ; pour faire un verre, on regarde une colline ou les facettes d&#8217;un diamant, pour un jeu d&#8217;assiettes, on vole un dessin du XIXe si\u00e8cle, les plantes de la jungle \u00e9quatoriale, les fleurs d&#8217;un jardin anglais, le manteau des animaux de la savane. Les couleurs sont emprunt\u00e9es \u00e0 l&#8217;arc-en-ciel et plus encore.<\/p>\n","protected":false},"excerpt":{"rendered":"<p>Des objets beaux, propres, simples et \u00e9l\u00e9gants, design, color\u00e9s : con\u00e7us et r\u00e9alis\u00e9s par le designer florentin <strong>Mario Luca Giusti<\/strong>.<\/p>\n<p>Une fa\u00e7on nouvelle et moderne de penser les verres, les pichets, les rehausses et les accessoires de table en mati\u00e8re plastique : acrylique et polycarbonate.<\/p>\n","protected":false},"featured_media":434129,"template":"","meta":{"_acf_changed":false,"inline_featured_image":false},"product_cat":[12785,12782],"product_tag":[25026,13846,25021,24397,15739,24603,15823,13849],"acf":[],"yoast_head":"<!-- This site is optimized with the Yoast SEO Premium plugin v18.6 (Yoast SEO v19.13) - https:\/\/yoast.com\/wordpress\/plugins\/seo\/ -->\n<title>MARIO LUCA GIUSTI Roberta Broc Bleu<\/title>\n<meta name=\"description\" content=\"D\u00e9couvrez MARIO LUCA GIUSTI Roberta Broc Bleu sur ErresseShop. Qualit\u00e9, prix r\u00e9duits et achat s\u00e9curis\u00e9 \u2013 commandez d\u00e8s maintenant en ligne !\" \/>\n<meta name=\"robots\" content=\"index, follow, max-snippet:-1, max-image-preview:large, max-video-preview:-1\" \/>\n<link rel=\"canonical\" href=\"https:\/\/www.erresse-shop.it\/fr\/shop\/table-fr-2\/carafes-bouteilles\/giusti-roberta-broc-bleu\/\" \/>\n<meta property=\"og:locale\" content=\"fr_FR\" \/>\n<meta property=\"og:type\" content=\"article\" \/>\n<meta property=\"og:title\" content=\"MARIO LUCA GIUSTI Roberta Broc Bleu\" \/>\n<meta property=\"og:description\" content=\"D\u00e9couvrez MARIO LUCA GIUSTI Roberta Broc Bleu sur ErresseShop. Qualit\u00e9, prix r\u00e9duits et achat s\u00e9curis\u00e9 \u2013 commandez d\u00e8s maintenant en ligne !\" \/>\n<meta property=\"og:url\" content=\"https:\/\/www.erresse-shop.it\/fr\/shop\/table-fr-2\/carafes-bouteilles\/giusti-roberta-broc-bleu\/\" \/>\n<meta property=\"og:site_name\" content=\"Erresse Shop\" \/>\n<meta property=\"article:modified_time\" content=\"2025-01-13T15:10:23+00:00\" \/>\n<meta property=\"og:image\" content=\"https:\/\/www.erresse-shop.it\/wp-content\/uploads\/2017\/04\/MARIO-LUCA-GIUSTI-Brocca-Roberta-blu-1.jpg\" \/>\n\t<meta property=\"og:image:width\" content=\"1200\" \/>\n\t<meta property=\"og:image:height\" content=\"1200\" \/>\n\t<meta property=\"og:image:type\" content=\"image\/jpeg\" \/>\n<meta name=\"twitter:card\" content=\"summary_large_image\" \/>\n<script type=\"application\/ld+json\" class=\"yoast-schema-graph\">{\"@context\":\"https:\/\/schema.org\",\"@graph\":[{\"@type\":\"WebPage\",\"@id\":\"https:\/\/www.erresse-shop.it\/fr\/shop\/table-fr-2\/carafes-bouteilles\/giusti-roberta-broc-bleu\/\",\"url\":\"https:\/\/www.erresse-shop.it\/fr\/shop\/table-fr-2\/carafes-bouteilles\/giusti-roberta-broc-bleu\/\",\"name\":\"MARIO LUCA GIUSTI Roberta Broc Bleu\",\"isPartOf\":{\"@id\":\"https:\/\/www.erresse-shop.it\/fr\/#website\"},\"datePublished\":\"2017-04-12T16:51:32+00:00\",\"dateModified\":\"2025-01-13T15:10:23+00:00\",\"description\":\"D\u00e9couvrez MARIO LUCA GIUSTI Roberta Broc Bleu sur ErresseShop. Qualit\u00e9, prix r\u00e9duits et achat s\u00e9curis\u00e9 \u2013 commandez d\u00e8s maintenant en ligne !\",\"breadcrumb\":{\"@id\":\"https:\/\/www.erresse-shop.it\/fr\/shop\/table-fr-2\/carafes-bouteilles\/giusti-roberta-broc-bleu\/#breadcrumb\"},\"inLanguage\":\"fr-FR\",\"potentialAction\":[{\"@type\":\"ReadAction\",\"target\":[\"https:\/\/www.erresse-shop.it\/fr\/shop\/table-fr-2\/carafes-bouteilles\/giusti-roberta-broc-bleu\/\"]}]},{\"@type\":\"BreadcrumbList\",\"@id\":\"https:\/\/www.erresse-shop.it\/fr\/shop\/table-fr-2\/carafes-bouteilles\/giusti-roberta-broc-bleu\/#breadcrumb\",\"itemListElement\":[{\"@type\":\"ListItem\",\"position\":1,\"name\":\"Home\",\"item\":\"https:\/\/www.erresse-shop.it\/fr\/\"},{\"@type\":\"ListItem\",\"position\":2,\"name\":\"Shop\",\"item\":\"https:\/\/www.erresse-shop.it\/fr\/shop\/\"},{\"@type\":\"ListItem\",\"position\":3,\"name\":\"MARIO LUCA GIUSTI Roberta Broc Bleu\"}]},{\"@type\":\"WebSite\",\"@id\":\"https:\/\/www.erresse-shop.it\/fr\/#website\",\"url\":\"https:\/\/www.erresse-shop.it\/fr\/\",\"name\":\"Erresse Shop\",\"description\":\"Articoli di qualit\u00e0 per la casa\",\"potentialAction\":[{\"@type\":\"SearchAction\",\"target\":{\"@type\":\"EntryPoint\",\"urlTemplate\":\"https:\/\/www.erresse-shop.it\/fr\/?s={search_term_string}\"},\"query-input\":\"required name=search_term_string\"}],\"inLanguage\":\"fr-FR\"}]}<\/script>\n<!-- \/ Yoast SEO Premium plugin. -->","yoast_head_json":{"title":"MARIO LUCA GIUSTI Roberta Broc Bleu","description":"D\u00e9couvrez MARIO LUCA GIUSTI Roberta Broc Bleu sur ErresseShop. Qualit\u00e9, prix r\u00e9duits et achat s\u00e9curis\u00e9 \u2013 commandez d\u00e8s maintenant en ligne !","robots":{"index":"index","follow":"follow","max-snippet":"max-snippet:-1","max-image-preview":"max-image-preview:large","max-video-preview":"max-video-preview:-1"},"canonical":"https:\/\/www.erresse-shop.it\/fr\/shop\/table-fr-2\/carafes-bouteilles\/giusti-roberta-broc-bleu\/","og_locale":"fr_FR","og_type":"article","og_title":"MARIO LUCA GIUSTI Roberta Broc Bleu","og_description":"D\u00e9couvrez MARIO LUCA GIUSTI Roberta Broc Bleu sur ErresseShop. Qualit\u00e9, prix r\u00e9duits et achat s\u00e9curis\u00e9 \u2013 commandez d\u00e8s maintenant en ligne !","og_url":"https:\/\/www.erresse-shop.it\/fr\/shop\/table-fr-2\/carafes-bouteilles\/giusti-roberta-broc-bleu\/","og_site_name":"Erresse Shop","article_modified_time":"2025-01-13T15:10:23+00:00","og_image":[{"width":1200,"height":1200,"url":"https:\/\/www.erresse-shop.it\/wp-content\/uploads\/2017\/04\/MARIO-LUCA-GIUSTI-Brocca-Roberta-blu-1.jpg","type":"image\/jpeg"}],"twitter_card":"summary_large_image","schema":{"@context":"https:\/\/schema.org","@graph":[{"@type":"WebPage","@id":"https:\/\/www.erresse-shop.it\/fr\/shop\/table-fr-2\/carafes-bouteilles\/giusti-roberta-broc-bleu\/","url":"https:\/\/www.erresse-shop.it\/fr\/shop\/table-fr-2\/carafes-bouteilles\/giusti-roberta-broc-bleu\/","name":"MARIO LUCA GIUSTI Roberta Broc Bleu","isPartOf":{"@id":"https:\/\/www.erresse-shop.it\/fr\/#website"},"datePublished":"2017-04-12T16:51:32+00:00","dateModified":"2025-01-13T15:10:23+00:00","description":"D\u00e9couvrez MARIO LUCA GIUSTI Roberta Broc Bleu sur ErresseShop. Qualit\u00e9, prix r\u00e9duits et achat s\u00e9curis\u00e9 \u2013 commandez d\u00e8s maintenant en ligne !","breadcrumb":{"@id":"https:\/\/www.erresse-shop.it\/fr\/shop\/table-fr-2\/carafes-bouteilles\/giusti-roberta-broc-bleu\/#breadcrumb"},"inLanguage":"fr-FR","potentialAction":[{"@type":"ReadAction","target":["https:\/\/www.erresse-shop.it\/fr\/shop\/table-fr-2\/carafes-bouteilles\/giusti-roberta-broc-bleu\/"]}]},{"@type":"BreadcrumbList","@id":"https:\/\/www.erresse-shop.it\/fr\/shop\/table-fr-2\/carafes-bouteilles\/giusti-roberta-broc-bleu\/#breadcrumb","itemListElement":[{"@type":"ListItem","position":1,"name":"Home","item":"https:\/\/www.erresse-shop.it\/fr\/"},{"@type":"ListItem","position":2,"name":"Shop","item":"https:\/\/www.erresse-shop.it\/fr\/shop\/"},{"@type":"ListItem","position":3,"name":"MARIO LUCA GIUSTI Roberta Broc Bleu"}]},{"@type":"WebSite","@id":"https:\/\/www.erresse-shop.it\/fr\/#website","url":"https:\/\/www.erresse-shop.it\/fr\/","name":"Erresse Shop","description":"Articoli di qualit\u00e0 per la casa","potentialAction":[{"@type":"SearchAction","target":{"@type":"EntryPoint","urlTemplate":"https:\/\/www.erresse-shop.it\/fr\/?s={search_term_string}"},"query-input":"required name=search_term_string"}],"inLanguage":"fr-FR"}]}},"df_price":62,"df_sale_price":62,"df_regular_price":93,"df_image_link":"https:\/\/www.erresse-shop.it\/wp-content\/uploads\/2017\/04\/MARIO-LUCA-GIUSTI-Brocca-Roberta-blu-1-300x300.jpg","_links":{"self":[{"href":"https:\/\/www.erresse-shop.it\/fr\/wp-json\/wp\/v2\/product\/110303"}],"collection":[{"href":"https:\/\/www.erresse-shop.it\/fr\/wp-json\/wp\/v2\/product"}],"about":[{"href":"https:\/\/www.erresse-shop.it\/fr\/wp-json\/wp\/v2\/types\/product"}],"wp:featuredmedia":[{"embeddable":true,"href":"https:\/\/www.erresse-shop.it\/fr\/wp-json\/wp\/v2\/media\/434129"}],"wp:attachment":[{"href":"https:\/\/www.erresse-shop.it\/fr\/wp-json\/wp\/v2\/media?parent=110303"}],"wp:term":[{"taxonomy":"product_cat","embeddable":true,"href":"https:\/\/www.erresse-shop.it\/fr\/wp-json\/wp\/v2\/product_cat?post=110303"},{"taxonomy":"product_tag","embeddable":true,"href":"https:\/\/www.erresse-shop.it\/fr\/wp-json\/wp\/v2\/product_tag?post=110303"}],"curies":[{"name":"wp","href":"https:\/\/api.w.org\/{rel}","templated":true}]}}