{"id":110181,"date":"2017-08-28T16:25:42","date_gmt":"2017-08-28T16:25:42","guid":{"rendered":"https:\/\/www.erresse-shop.it\/shop\/non%20class\u00e9\/zafferano-melting-pot-6-verres-rouges-assortis\/"},"modified":"2025-01-13T15:09:25","modified_gmt":"2025-01-13T15:09:25","slug":"zafferano-melting-pot-6-verres-rouges-assortis","status":"publish","type":"product","link":"https:\/\/www.erresse-shop.it\/fr\/shop\/table-fr-2\/verres\/zafferano-melting-pot-6-verres-rouges-assortis\/","title":{"rendered":"ZAFFERANO Melting Pot 6 Verres Rouges Assortis"},"content":{"rendered":"<p>Le design et la fonctionnalit\u00e9 inspirent le travail de <strong>Federico de Majo<\/strong>. Ses cr\u00e9ations vont des lignes les plus traditionnelles \u00e0 d&#8217;autres \u00e0 fort contenu technique, exprimant un go\u00fbt pour l&#8217;innovation et la recherche de produits.<\/p>\n<p>Avec Zafferano, l&#8217;exp\u00e9rience de la verrerie rencontre la culture du vin. <strong>L&#8217;histoire de Federico de Majo commence dans la verrerie familiale de Murano<\/strong>. C&#8217;est l\u00e0, au milieu des ann\u00e9es 1970, que Federico de Majo a commenc\u00e9 \u00e0 se consacrer avec passion au verre souffl\u00e9 et artistique. Plus tard, son attention et son go\u00fbt pour la bonne boisson lui ont donn\u00e9 l&#8217;envie de cr\u00e9er une entreprise d\u00e9di\u00e9e \u00e0 la recherche et \u00e0 la production de verres de d\u00e9gustation.<\/p>\n<p>Les collections Zafferano sont<strong> souffl\u00e9es \u00e0 la bouche et fabriqu\u00e9es \u00e0 la main<\/strong> par des artisans qui travaillent encore comme par le pass\u00e9. Ce savoir-faire artisanal rend chaque pi\u00e8ce unique et diff\u00e9rente des autres, et pour cette raison d&#8217;autant plus pr\u00e9cieuse. Le logo caract\u00e9ristique, avec le gobelet et le Z de Safran \u00e0 l&#8217;int\u00e9rieur, certifie que le produit est fait \u00e0 la main.<\/p>\n<p>Diff\u00e9rents m\u00e9langes de collections, avec une contamination de formes et de couleurs &#8211; tendance et avec des propositions mono ou bicolores &#8211; qui dans leur m\u00e9lange produisent des effets et des solutions chaque fois diff\u00e9rents et surprenants Melting Pot : une approche innovante de la vaisselle. Trois m\u00e9langes diff\u00e9rents de collections sont propos\u00e9s, avec une contamination des formes et des couleurs &#8211; tendance et avec des propositions mono ou bicolores &#8211; qui, dans leur m\u00e9lange, produisent des effets et des solutions toujours diff\u00e9rents et surprenants. Cette nouveaut\u00e9 dans la proposition des collections d\u00e9coule de l&#8217;observation de la r\u00e9alit\u00e9. Tout comme la r\u00e9alit\u00e9 dans laquelle nous vivons est le r\u00e9sultat d&#8217;un m\u00e9lange d&#8217;\u00e9l\u00e9ments qui interagissent sans cesse les uns avec les autres dans de nouvelles combinaisons, nos nouvelles propositions de collection traduisent la nature contemporaine de la vie quotidienne. Il ne s&#8217;agit donc plus seulement d&#8217;une vari\u00e9t\u00e9 de formes et de couleurs dans les diff\u00e9rentes lignes de produits, mais d&#8217;une \u00e9tape suppl\u00e9mentaire. Pour l&#8217;emballage de ces assortiments, Zafferano choisira au hasard : trois gobelets des collections Perle, Tirache, Bon Bon et Gessato et trois gobelets des collections Veneziano, Barocco, Provenzale, Big John et Mr. Wilson.<\/p>\n<p>Verrerie artistique<\/p>\n<p>La ligne Perle permet d&#8217;obtenir des effets extraordinairement fascinants gr\u00e2ce au m\u00e9lange de transparents et de p\u00e2te de verre, obtenu par un processus artistique sp\u00e9cial, r\u00e9alis\u00e9 enti\u00e8rement \u00e0 la main et habilement interpr\u00e9t\u00e9 par la touche de ma\u00eetres verriers qualifi\u00e9s. C&#8217;est un proc\u00e9d\u00e9 ancien, celui de la spirale appliqu\u00e9e et bris\u00e9e, que Federico de Majo a repris pour concevoir cette collection, rendant ces produits uniques et pr\u00e9cieux.<br \/>\nChaque geste des diff\u00e9rentes phases du travail n&#8217;est pas reproductible, la quantit\u00e9 de verre tir\u00e9e pour les parties appliqu\u00e9es \u00e0 chaud ne peut pas toujours \u00eatre dos\u00e9e de la m\u00eame fa\u00e7on par la main, pourtant experte, de l&#8217;homme ; les formes elles-m\u00eames, toujours semblables, jouissent de cette unicit\u00e9, donn\u00e9e par le travail, qui fait que chaque produit de cette collection n&#8217;est pas exactement reproductible.<\/p>\n","protected":false},"excerpt":{"rendered":"<p>Le design et la fonctionnalit\u00e9 inspirent le travail de Federico de Majo. Ses cr\u00e9ations vont des lignes les plus traditionnelles<\/p>\n","protected":false},"featured_media":110182,"template":"","meta":{"_acf_changed":false,"inline_featured_image":false},"product_cat":[12782,12784],"product_tag":[25026,25021,12827,15804,24603,12829,12826,14889],"acf":[],"yoast_head":"<!-- This site is optimized with the Yoast SEO Premium plugin v18.6 (Yoast SEO v19.13) - https:\/\/yoast.com\/wordpress\/plugins\/seo\/ -->\n<title>ZAFFERANO Melting Pot 6 Verres Rouges Assortis<\/title>\n<meta name=\"description\" content=\"D\u00e9couvrez ZAFFERANO Melting Pot 6 Verres Rouges Assortis sur ErresseShop. Qualit\u00e9, prix r\u00e9duits et achat s\u00e9curis\u00e9 \u2013 commandez d\u00e8s maintenant en ligne !\" \/>\n<meta name=\"robots\" content=\"index, follow, max-snippet:-1, max-image-preview:large, max-video-preview:-1\" \/>\n<link rel=\"canonical\" href=\"https:\/\/www.erresse-shop.it\/fr\/shop\/table-fr-2\/verres\/zafferano-melting-pot-6-verres-rouges-assortis\/\" \/>\n<meta property=\"og:locale\" content=\"fr_FR\" \/>\n<meta property=\"og:type\" content=\"article\" \/>\n<meta property=\"og:title\" content=\"ZAFFERANO Melting Pot 6 Verres Rouges Assortis\" \/>\n<meta property=\"og:description\" content=\"D\u00e9couvrez ZAFFERANO Melting Pot 6 Verres Rouges Assortis sur ErresseShop. Qualit\u00e9, prix r\u00e9duits et achat s\u00e9curis\u00e9 \u2013 commandez d\u00e8s maintenant en ligne !\" \/>\n<meta property=\"og:url\" content=\"https:\/\/www.erresse-shop.it\/fr\/shop\/table-fr-2\/verres\/zafferano-melting-pot-6-verres-rouges-assortis\/\" \/>\n<meta property=\"og:site_name\" content=\"Erresse Shop\" \/>\n<meta property=\"article:modified_time\" content=\"2025-01-13T15:09:25+00:00\" \/>\n<meta property=\"og:image\" content=\"https:\/\/www.erresse-shop.it\/wp-content\/uploads\/2017\/08\/products-melting20pot20rosso-1.jpg\" \/>\n\t<meta property=\"og:image:width\" content=\"768\" \/>\n\t<meta property=\"og:image:height\" content=\"1032\" \/>\n\t<meta property=\"og:image:type\" content=\"image\/jpeg\" \/>\n<meta name=\"twitter:card\" content=\"summary_large_image\" \/>\n<script type=\"application\/ld+json\" class=\"yoast-schema-graph\">{\"@context\":\"https:\/\/schema.org\",\"@graph\":[{\"@type\":\"WebPage\",\"@id\":\"https:\/\/www.erresse-shop.it\/fr\/shop\/table-fr-2\/verres\/zafferano-melting-pot-6-verres-rouges-assortis\/\",\"url\":\"https:\/\/www.erresse-shop.it\/fr\/shop\/table-fr-2\/verres\/zafferano-melting-pot-6-verres-rouges-assortis\/\",\"name\":\"ZAFFERANO Melting Pot 6 Verres Rouges Assortis\",\"isPartOf\":{\"@id\":\"https:\/\/www.erresse-shop.it\/fr\/#website\"},\"datePublished\":\"2017-08-28T16:25:42+00:00\",\"dateModified\":\"2025-01-13T15:09:25+00:00\",\"description\":\"D\u00e9couvrez ZAFFERANO Melting Pot 6 Verres Rouges Assortis sur ErresseShop. Qualit\u00e9, prix r\u00e9duits et achat s\u00e9curis\u00e9 \u2013 commandez d\u00e8s maintenant en ligne !\",\"breadcrumb\":{\"@id\":\"https:\/\/www.erresse-shop.it\/fr\/shop\/table-fr-2\/verres\/zafferano-melting-pot-6-verres-rouges-assortis\/#breadcrumb\"},\"inLanguage\":\"fr-FR\",\"potentialAction\":[{\"@type\":\"ReadAction\",\"target\":[\"https:\/\/www.erresse-shop.it\/fr\/shop\/table-fr-2\/verres\/zafferano-melting-pot-6-verres-rouges-assortis\/\"]}]},{\"@type\":\"BreadcrumbList\",\"@id\":\"https:\/\/www.erresse-shop.it\/fr\/shop\/table-fr-2\/verres\/zafferano-melting-pot-6-verres-rouges-assortis\/#breadcrumb\",\"itemListElement\":[{\"@type\":\"ListItem\",\"position\":1,\"name\":\"Home\",\"item\":\"https:\/\/www.erresse-shop.it\/fr\/\"},{\"@type\":\"ListItem\",\"position\":2,\"name\":\"Shop\",\"item\":\"https:\/\/www.erresse-shop.it\/fr\/shop\/\"},{\"@type\":\"ListItem\",\"position\":3,\"name\":\"ZAFFERANO Melting Pot 6 Verres Rouges Assortis\"}]},{\"@type\":\"WebSite\",\"@id\":\"https:\/\/www.erresse-shop.it\/fr\/#website\",\"url\":\"https:\/\/www.erresse-shop.it\/fr\/\",\"name\":\"Erresse Shop\",\"description\":\"Articoli di qualit\u00e0 per la casa\",\"potentialAction\":[{\"@type\":\"SearchAction\",\"target\":{\"@type\":\"EntryPoint\",\"urlTemplate\":\"https:\/\/www.erresse-shop.it\/fr\/?s={search_term_string}\"},\"query-input\":\"required name=search_term_string\"}],\"inLanguage\":\"fr-FR\"}]}<\/script>\n<!-- \/ Yoast SEO Premium plugin. -->","yoast_head_json":{"title":"ZAFFERANO Melting Pot 6 Verres Rouges Assortis","description":"D\u00e9couvrez ZAFFERANO Melting Pot 6 Verres Rouges Assortis sur ErresseShop. Qualit\u00e9, prix r\u00e9duits et achat s\u00e9curis\u00e9 \u2013 commandez d\u00e8s maintenant en ligne !","robots":{"index":"index","follow":"follow","max-snippet":"max-snippet:-1","max-image-preview":"max-image-preview:large","max-video-preview":"max-video-preview:-1"},"canonical":"https:\/\/www.erresse-shop.it\/fr\/shop\/table-fr-2\/verres\/zafferano-melting-pot-6-verres-rouges-assortis\/","og_locale":"fr_FR","og_type":"article","og_title":"ZAFFERANO Melting Pot 6 Verres Rouges Assortis","og_description":"D\u00e9couvrez ZAFFERANO Melting Pot 6 Verres Rouges Assortis sur ErresseShop. Qualit\u00e9, prix r\u00e9duits et achat s\u00e9curis\u00e9 \u2013 commandez d\u00e8s maintenant en ligne !","og_url":"https:\/\/www.erresse-shop.it\/fr\/shop\/table-fr-2\/verres\/zafferano-melting-pot-6-verres-rouges-assortis\/","og_site_name":"Erresse Shop","article_modified_time":"2025-01-13T15:09:25+00:00","og_image":[{"width":768,"height":1032,"url":"https:\/\/www.erresse-shop.it\/wp-content\/uploads\/2017\/08\/products-melting20pot20rosso-1.jpg","type":"image\/jpeg"}],"twitter_card":"summary_large_image","schema":{"@context":"https:\/\/schema.org","@graph":[{"@type":"WebPage","@id":"https:\/\/www.erresse-shop.it\/fr\/shop\/table-fr-2\/verres\/zafferano-melting-pot-6-verres-rouges-assortis\/","url":"https:\/\/www.erresse-shop.it\/fr\/shop\/table-fr-2\/verres\/zafferano-melting-pot-6-verres-rouges-assortis\/","name":"ZAFFERANO Melting Pot 6 Verres Rouges Assortis","isPartOf":{"@id":"https:\/\/www.erresse-shop.it\/fr\/#website"},"datePublished":"2017-08-28T16:25:42+00:00","dateModified":"2025-01-13T15:09:25+00:00","description":"D\u00e9couvrez ZAFFERANO Melting Pot 6 Verres Rouges Assortis sur ErresseShop. Qualit\u00e9, prix r\u00e9duits et achat s\u00e9curis\u00e9 \u2013 commandez d\u00e8s maintenant en ligne !","breadcrumb":{"@id":"https:\/\/www.erresse-shop.it\/fr\/shop\/table-fr-2\/verres\/zafferano-melting-pot-6-verres-rouges-assortis\/#breadcrumb"},"inLanguage":"fr-FR","potentialAction":[{"@type":"ReadAction","target":["https:\/\/www.erresse-shop.it\/fr\/shop\/table-fr-2\/verres\/zafferano-melting-pot-6-verres-rouges-assortis\/"]}]},{"@type":"BreadcrumbList","@id":"https:\/\/www.erresse-shop.it\/fr\/shop\/table-fr-2\/verres\/zafferano-melting-pot-6-verres-rouges-assortis\/#breadcrumb","itemListElement":[{"@type":"ListItem","position":1,"name":"Home","item":"https:\/\/www.erresse-shop.it\/fr\/"},{"@type":"ListItem","position":2,"name":"Shop","item":"https:\/\/www.erresse-shop.it\/fr\/shop\/"},{"@type":"ListItem","position":3,"name":"ZAFFERANO Melting Pot 6 Verres Rouges Assortis"}]},{"@type":"WebSite","@id":"https:\/\/www.erresse-shop.it\/fr\/#website","url":"https:\/\/www.erresse-shop.it\/fr\/","name":"Erresse Shop","description":"Articoli di qualit\u00e0 per la casa","potentialAction":[{"@type":"SearchAction","target":{"@type":"EntryPoint","urlTemplate":"https:\/\/www.erresse-shop.it\/fr\/?s={search_term_string}"},"query-input":"required name=search_term_string"}],"inLanguage":"fr-FR"}]}},"df_price":38.25,"df_sale_price":38.25,"df_regular_price":85,"df_image_link":"https:\/\/www.erresse-shop.it\/wp-content\/uploads\/2017\/08\/products-melting20pot20rosso-1-223x300.jpg","_links":{"self":[{"href":"https:\/\/www.erresse-shop.it\/fr\/wp-json\/wp\/v2\/product\/110181"}],"collection":[{"href":"https:\/\/www.erresse-shop.it\/fr\/wp-json\/wp\/v2\/product"}],"about":[{"href":"https:\/\/www.erresse-shop.it\/fr\/wp-json\/wp\/v2\/types\/product"}],"wp:featuredmedia":[{"embeddable":true,"href":"https:\/\/www.erresse-shop.it\/fr\/wp-json\/wp\/v2\/media\/110182"}],"wp:attachment":[{"href":"https:\/\/www.erresse-shop.it\/fr\/wp-json\/wp\/v2\/media?parent=110181"}],"wp:term":[{"taxonomy":"product_cat","embeddable":true,"href":"https:\/\/www.erresse-shop.it\/fr\/wp-json\/wp\/v2\/product_cat?post=110181"},{"taxonomy":"product_tag","embeddable":true,"href":"https:\/\/www.erresse-shop.it\/fr\/wp-json\/wp\/v2\/product_tag?post=110181"}],"curies":[{"name":"wp","href":"https:\/\/api.w.org\/{rel}","templated":true}]}}