{"id":110129,"date":"2017-09-18T15:53:13","date_gmt":"2017-09-18T15:53:13","guid":{"rendered":"https:\/\/www.erresse-shop.it\/shop\/non%20class\u00e9\/miyabi-4000-fc-kudamono-90mm\/"},"modified":"2025-01-13T15:08:55","modified_gmt":"2025-01-13T15:08:55","slug":"miyabi-4000-fc-kudamono-90mm","status":"publish","type":"product","link":"https:\/\/www.erresse-shop.it\/fr\/shop\/cuisine\/couteaux\/miyabi-4000-fc-kudamono-90mm\/","title":{"rendered":"MIYABI 4000 FC Kudamono 90mm"},"content":{"rendered":"<p><strong>MIYABI. La beaut\u00e9 de la nettet\u00e9.<\/strong><br \/>\nLes formes gracieuses, \u00e9l\u00e9gantes et sophistiqu\u00e9es typiques de la culture japonaise sont \u00e9galement synonymes de la nouvelle marque MIYABI de ZWILLING J.A. HENCKELS.<\/p>\n<p>Les couteaux MIYABI repr\u00e9sentent la beaut\u00e9 des lames tranchantes, suivant la tradition des c\u00e9l\u00e8bres \u00e9p\u00e9es japonaises qui \u00e9taient non seulement incroyablement tranchantes, mais aussi incroyablement belles.<\/p>\n<p>Les couteaux MIYABI fascinent d\u00e8s le premier instant par le style japonais authentique de leurs lames et leur extraordinaire pouvoir de coupe. Lors d&#8217;une utilisation quotidienne, les amateurs de cuisine japonaise appr\u00e9cieront l&#8217;\u00e9quilibre parfait et le confort de la poign\u00e9e.<\/p>\n<p>Les couteaux MIYABI sont produits dans la tradition des artisans d&#8217;antan qui fabriquaient les meilleures \u00e9p\u00e9es japonaises.<\/p>\n<p>Un design unique et une fonctionnalit\u00e9 maximale sont combin\u00e9s dans la symbiose parfaite des lignes de la lame et du manche. Fabriqu\u00e9 au Japon.<\/p>\n<p>La s\u00e9rie de couteaux MIYABI <strong>4000FC<\/strong> vous rapproche de l&#8217;artisanat traditionnel japonais. Ce Kudamono avec une longueur de lame de 90 mm et une lame courte et \u00e9troite est id\u00e9al pour couper les l\u00e9gumes. La lame du couteau FRIODUR est fabriqu\u00e9e en acier FC61.<\/p>\n","protected":false},"excerpt":{"rendered":"<p>MIYABI. La beaut\u00e9 de la nettet\u00e9. Les formes gracieuses, \u00e9l\u00e9gantes et sophistiqu\u00e9es typiques de la culture japonaise sont \u00e9galement synonymes<\/p>\n","protected":false},"featured_media":110130,"template":"","meta":{"_acf_changed":false,"inline_featured_image":false},"product_cat":[12742,14452,12748],"product_tag":[25026,15800,12838,12839,25021,15400,15801,15802,12824],"acf":[],"yoast_head":"<!-- This site is optimized with the Yoast SEO Premium plugin v18.6 (Yoast SEO v19.13) - https:\/\/yoast.com\/wordpress\/plugins\/seo\/ -->\n<title>MIYABI 4000 FC Kudamono 90mm<\/title>\n<meta name=\"description\" content=\"D\u00e9couvrez MIYABI 4000 FC Kudamono 90mm sur ErresseShop. Qualit\u00e9, prix r\u00e9duits et achat s\u00e9curis\u00e9 \u2013 commandez d\u00e8s maintenant en ligne !\" \/>\n<meta name=\"robots\" content=\"index, follow, max-snippet:-1, max-image-preview:large, max-video-preview:-1\" \/>\n<link rel=\"canonical\" href=\"https:\/\/www.erresse-shop.it\/fr\/shop\/cuisine\/couteaux\/miyabi-4000-fc-kudamono-90mm\/\" \/>\n<meta property=\"og:locale\" content=\"fr_FR\" \/>\n<meta property=\"og:type\" content=\"article\" \/>\n<meta property=\"og:title\" content=\"MIYABI 4000 FC Kudamono 90mm\" \/>\n<meta property=\"og:description\" content=\"D\u00e9couvrez MIYABI 4000 FC Kudamono 90mm sur ErresseShop. Qualit\u00e9, prix r\u00e9duits et achat s\u00e9curis\u00e9 \u2013 commandez d\u00e8s maintenant en ligne !\" \/>\n<meta property=\"og:url\" content=\"https:\/\/www.erresse-shop.it\/fr\/shop\/cuisine\/couteaux\/miyabi-4000-fc-kudamono-90mm\/\" \/>\n<meta property=\"og:site_name\" content=\"Erresse Shop\" \/>\n<meta property=\"article:modified_time\" content=\"2025-01-13T15:08:55+00:00\" \/>\n<meta property=\"og:image\" content=\"https:\/\/www.erresse-shop.it\/wp-content\/uploads\/2017\/09\/products-33950-091_2.jpg\" \/>\n\t<meta property=\"og:image:width\" content=\"650\" \/>\n\t<meta property=\"og:image:height\" content=\"650\" \/>\n\t<meta property=\"og:image:type\" content=\"image\/jpeg\" \/>\n<meta name=\"twitter:card\" content=\"summary_large_image\" \/>\n<script type=\"application\/ld+json\" class=\"yoast-schema-graph\">{\"@context\":\"https:\/\/schema.org\",\"@graph\":[{\"@type\":\"WebPage\",\"@id\":\"https:\/\/www.erresse-shop.it\/fr\/shop\/cuisine\/couteaux\/miyabi-4000-fc-kudamono-90mm\/\",\"url\":\"https:\/\/www.erresse-shop.it\/fr\/shop\/cuisine\/couteaux\/miyabi-4000-fc-kudamono-90mm\/\",\"name\":\"MIYABI 4000 FC Kudamono 90mm\",\"isPartOf\":{\"@id\":\"https:\/\/www.erresse-shop.it\/fr\/#website\"},\"datePublished\":\"2017-09-18T15:53:13+00:00\",\"dateModified\":\"2025-01-13T15:08:55+00:00\",\"description\":\"D\u00e9couvrez MIYABI 4000 FC Kudamono 90mm sur ErresseShop. Qualit\u00e9, prix r\u00e9duits et achat s\u00e9curis\u00e9 \u2013 commandez d\u00e8s maintenant en ligne !\",\"breadcrumb\":{\"@id\":\"https:\/\/www.erresse-shop.it\/fr\/shop\/cuisine\/couteaux\/miyabi-4000-fc-kudamono-90mm\/#breadcrumb\"},\"inLanguage\":\"fr-FR\",\"potentialAction\":[{\"@type\":\"ReadAction\",\"target\":[\"https:\/\/www.erresse-shop.it\/fr\/shop\/cuisine\/couteaux\/miyabi-4000-fc-kudamono-90mm\/\"]}]},{\"@type\":\"BreadcrumbList\",\"@id\":\"https:\/\/www.erresse-shop.it\/fr\/shop\/cuisine\/couteaux\/miyabi-4000-fc-kudamono-90mm\/#breadcrumb\",\"itemListElement\":[{\"@type\":\"ListItem\",\"position\":1,\"name\":\"Home\",\"item\":\"https:\/\/www.erresse-shop.it\/fr\/\"},{\"@type\":\"ListItem\",\"position\":2,\"name\":\"Shop\",\"item\":\"https:\/\/www.erresse-shop.it\/fr\/shop\/\"},{\"@type\":\"ListItem\",\"position\":3,\"name\":\"MIYABI 4000 FC Kudamono 90mm\"}]},{\"@type\":\"WebSite\",\"@id\":\"https:\/\/www.erresse-shop.it\/fr\/#website\",\"url\":\"https:\/\/www.erresse-shop.it\/fr\/\",\"name\":\"Erresse Shop\",\"description\":\"Articoli di qualit\u00e0 per la casa\",\"potentialAction\":[{\"@type\":\"SearchAction\",\"target\":{\"@type\":\"EntryPoint\",\"urlTemplate\":\"https:\/\/www.erresse-shop.it\/fr\/?s={search_term_string}\"},\"query-input\":\"required name=search_term_string\"}],\"inLanguage\":\"fr-FR\"}]}<\/script>\n<!-- \/ Yoast SEO Premium plugin. -->","yoast_head_json":{"title":"MIYABI 4000 FC Kudamono 90mm","description":"D\u00e9couvrez MIYABI 4000 FC Kudamono 90mm sur ErresseShop. Qualit\u00e9, prix r\u00e9duits et achat s\u00e9curis\u00e9 \u2013 commandez d\u00e8s maintenant en ligne !","robots":{"index":"index","follow":"follow","max-snippet":"max-snippet:-1","max-image-preview":"max-image-preview:large","max-video-preview":"max-video-preview:-1"},"canonical":"https:\/\/www.erresse-shop.it\/fr\/shop\/cuisine\/couteaux\/miyabi-4000-fc-kudamono-90mm\/","og_locale":"fr_FR","og_type":"article","og_title":"MIYABI 4000 FC Kudamono 90mm","og_description":"D\u00e9couvrez MIYABI 4000 FC Kudamono 90mm sur ErresseShop. Qualit\u00e9, prix r\u00e9duits et achat s\u00e9curis\u00e9 \u2013 commandez d\u00e8s maintenant en ligne !","og_url":"https:\/\/www.erresse-shop.it\/fr\/shop\/cuisine\/couteaux\/miyabi-4000-fc-kudamono-90mm\/","og_site_name":"Erresse Shop","article_modified_time":"2025-01-13T15:08:55+00:00","og_image":[{"width":650,"height":650,"url":"https:\/\/www.erresse-shop.it\/wp-content\/uploads\/2017\/09\/products-33950-091_2.jpg","type":"image\/jpeg"}],"twitter_card":"summary_large_image","schema":{"@context":"https:\/\/schema.org","@graph":[{"@type":"WebPage","@id":"https:\/\/www.erresse-shop.it\/fr\/shop\/cuisine\/couteaux\/miyabi-4000-fc-kudamono-90mm\/","url":"https:\/\/www.erresse-shop.it\/fr\/shop\/cuisine\/couteaux\/miyabi-4000-fc-kudamono-90mm\/","name":"MIYABI 4000 FC Kudamono 90mm","isPartOf":{"@id":"https:\/\/www.erresse-shop.it\/fr\/#website"},"datePublished":"2017-09-18T15:53:13+00:00","dateModified":"2025-01-13T15:08:55+00:00","description":"D\u00e9couvrez MIYABI 4000 FC Kudamono 90mm sur ErresseShop. Qualit\u00e9, prix r\u00e9duits et achat s\u00e9curis\u00e9 \u2013 commandez d\u00e8s maintenant en ligne !","breadcrumb":{"@id":"https:\/\/www.erresse-shop.it\/fr\/shop\/cuisine\/couteaux\/miyabi-4000-fc-kudamono-90mm\/#breadcrumb"},"inLanguage":"fr-FR","potentialAction":[{"@type":"ReadAction","target":["https:\/\/www.erresse-shop.it\/fr\/shop\/cuisine\/couteaux\/miyabi-4000-fc-kudamono-90mm\/"]}]},{"@type":"BreadcrumbList","@id":"https:\/\/www.erresse-shop.it\/fr\/shop\/cuisine\/couteaux\/miyabi-4000-fc-kudamono-90mm\/#breadcrumb","itemListElement":[{"@type":"ListItem","position":1,"name":"Home","item":"https:\/\/www.erresse-shop.it\/fr\/"},{"@type":"ListItem","position":2,"name":"Shop","item":"https:\/\/www.erresse-shop.it\/fr\/shop\/"},{"@type":"ListItem","position":3,"name":"MIYABI 4000 FC Kudamono 90mm"}]},{"@type":"WebSite","@id":"https:\/\/www.erresse-shop.it\/fr\/#website","url":"https:\/\/www.erresse-shop.it\/fr\/","name":"Erresse Shop","description":"Articoli di qualit\u00e0 per la casa","potentialAction":[{"@type":"SearchAction","target":{"@type":"EntryPoint","urlTemplate":"https:\/\/www.erresse-shop.it\/fr\/?s={search_term_string}"},"query-input":"required name=search_term_string"}],"inLanguage":"fr-FR"}]}},"df_price":152.15,"df_sale_price":152.15,"df_regular_price":139,"df_image_link":"https:\/\/www.erresse-shop.it\/wp-content\/uploads\/2017\/09\/products-33950-091_2-300x300.jpg","_links":{"self":[{"href":"https:\/\/www.erresse-shop.it\/fr\/wp-json\/wp\/v2\/product\/110129"}],"collection":[{"href":"https:\/\/www.erresse-shop.it\/fr\/wp-json\/wp\/v2\/product"}],"about":[{"href":"https:\/\/www.erresse-shop.it\/fr\/wp-json\/wp\/v2\/types\/product"}],"wp:featuredmedia":[{"embeddable":true,"href":"https:\/\/www.erresse-shop.it\/fr\/wp-json\/wp\/v2\/media\/110130"}],"wp:attachment":[{"href":"https:\/\/www.erresse-shop.it\/fr\/wp-json\/wp\/v2\/media?parent=110129"}],"wp:term":[{"taxonomy":"product_cat","embeddable":true,"href":"https:\/\/www.erresse-shop.it\/fr\/wp-json\/wp\/v2\/product_cat?post=110129"},{"taxonomy":"product_tag","embeddable":true,"href":"https:\/\/www.erresse-shop.it\/fr\/wp-json\/wp\/v2\/product_tag?post=110129"}],"curies":[{"name":"wp","href":"https:\/\/api.w.org\/{rel}","templated":true}]}}