{"id":110113,"date":"2018-02-23T11:42:35","date_gmt":"2018-02-23T11:42:35","guid":{"rendered":"https:\/\/www.erresse-shop.it\/shop\/non%20class\u00e9\/magimix-accessoire-presse-supplementaire-xl-pour-3200-2021-4200-5200-patissier-cook-expert\/"},"modified":"2025-01-20T09:59:35","modified_gmt":"2025-01-20T09:59:35","slug":"magimix-accessoire-presse-supplementaire-xl-pour-3200-2021-4200-5200-patissier-cook-expert","status":"publish","type":"product","link":"https:\/\/www.erresse-shop.it\/fr\/shop\/petits-electromenagers\/robots-de-cuisine\/magimix-accessoire-presse-supplementaire-xl-pour-3200-2021-4200-5200-patissier-cook-expert\/","title":{"rendered":"MAGIMIX Accessoire Presse Suppl\u00e9mentaire XL pour 3200 (2021)-4200-5200-Patissier-Cook Expert"},"content":{"rendered":"<p><span style=\"text-decoration: underline;\"><strong>MAGIMIX. GARANTIE ITALIENNE<\/strong><\/span><\/p>\n<p>C&#8217;est en France, au c\u0153ur de la Bourgogne, r\u00e9gion c\u00e9l\u00e8bre pour sa gastronomie, que Magimix a invent\u00e9 le robot m\u00e9nager il y a plus de quarante ans.<br \/>\nAujourd&#8217;hui, les appareils Magimix sont la version domestique des appareils con\u00e7us pour les professionnels. Les plus grands restaurants du monde utilisent la version professionnelle de nos produits.<br \/>\nAu sein de la gamme Magimix, vous trouverez toute la gamme des petits appareils de cuisine.<br \/>\nToujours \u00e0 la pointe de l&#8217;innovation en cuisine, Magimix est heureux de pr\u00e9senter sa derni\u00e8re collection pour le plaisir de cuisiner comme un grand cuisinier.<\/p>\n<p><strong>Presse suppl\u00e9mentaire XL pour 3200 (2021), 4200, 5200, P\u00e2tissier et Cook Expert<\/strong><\/p>\n<p>Kit qui transforme votre appareil Magimix en un extracteur de jus exceptionnel : les fruits et l\u00e9gumes sont fra\u00eechement extraits avec facilit\u00e9 et une grande efficacit\u00e9. Nouvelle invention brevet\u00e9e de Magimix pour l&#8217;extraction \u00e0 froid des fruits et l\u00e9gumes mous ou cuits, des jus, nectars ou sauces.<\/p>\n","protected":false},"excerpt":{"rendered":"<p>MAGIMIX. GARANTIE ITALIENNE C&#8217;est en France, au c\u0153ur de la Bourgogne, r\u00e9gion c\u00e9l\u00e8bre pour sa gastronomie, que Magimix a invent\u00e9<\/p>\n","protected":false},"featured_media":110114,"template":"","meta":{"_acf_changed":false,"inline_featured_image":false},"product_cat":[12449,12768],"product_tag":[15904,15905,14064,15906,15731,12948,25021,15798,13088,12994,15610,15799],"acf":[],"yoast_head":"<!-- This site is optimized with the Yoast SEO Premium plugin v18.6 (Yoast SEO v19.13) - https:\/\/yoast.com\/wordpress\/plugins\/seo\/ -->\n<title>MAGIMIX Accessoire Presse Suppl\u00e9mentaire XL pour 3200 (2021)-4200-5200-Patissier-Cook Expert<\/title>\n<meta name=\"description\" content=\"D\u00e9couvrez MAGIMIX Accessoire Presse Suppl\u00e9mentaire XL pour 3200 (2021)-4200-5200-Patissier-Cook Expert sur ErresseShop. Qualit\u00e9, prix r\u00e9duits et achat s\u00e9curis\u00e9 \u2013 commandez d\u00e8s maintenant en ligne !\" \/>\n<meta name=\"robots\" content=\"index, follow, max-snippet:-1, max-image-preview:large, max-video-preview:-1\" \/>\n<link rel=\"canonical\" href=\"https:\/\/www.erresse-shop.it\/fr\/shop\/petits-electromenagers\/robots-de-cuisine\/magimix-accessoire-presse-supplementaire-xl-pour-3200-2021-4200-5200-patissier-cook-expert\/\" \/>\n<meta property=\"og:locale\" content=\"fr_FR\" \/>\n<meta property=\"og:type\" content=\"article\" \/>\n<meta property=\"og:title\" content=\"MAGIMIX Accessoire Presse Suppl\u00e9mentaire XL pour 3200 (2021)-4200-5200-Patissier-Cook Expert\" \/>\n<meta property=\"og:description\" content=\"D\u00e9couvrez MAGIMIX Accessoire Presse Suppl\u00e9mentaire XL pour 3200 (2021)-4200-5200-Patissier-Cook Expert sur ErresseShop. Qualit\u00e9, prix r\u00e9duits et achat s\u00e9curis\u00e9 \u2013 commandez d\u00e8s maintenant en ligne !\" \/>\n<meta property=\"og:url\" content=\"https:\/\/www.erresse-shop.it\/fr\/shop\/petits-electromenagers\/robots-de-cuisine\/magimix-accessoire-presse-supplementaire-xl-pour-3200-2021-4200-5200-patissier-cook-expert\/\" \/>\n<meta property=\"og:site_name\" content=\"Erresse Shop\" \/>\n<meta property=\"article:modified_time\" content=\"2025-01-20T09:59:35+00:00\" \/>\n<meta property=\"og:image\" content=\"https:\/\/www.erresse-shop.it\/wp-content\/uploads\/2018\/02\/products-17655.jpg\" \/>\n\t<meta property=\"og:image:width\" content=\"800\" \/>\n\t<meta property=\"og:image:height\" content=\"800\" \/>\n\t<meta property=\"og:image:type\" content=\"image\/jpeg\" \/>\n<meta name=\"twitter:card\" content=\"summary_large_image\" \/>\n<script type=\"application\/ld+json\" class=\"yoast-schema-graph\">{\"@context\":\"https:\/\/schema.org\",\"@graph\":[{\"@type\":\"WebPage\",\"@id\":\"https:\/\/www.erresse-shop.it\/fr\/shop\/petits-electromenagers\/robots-de-cuisine\/magimix-accessoire-presse-supplementaire-xl-pour-3200-2021-4200-5200-patissier-cook-expert\/\",\"url\":\"https:\/\/www.erresse-shop.it\/fr\/shop\/petits-electromenagers\/robots-de-cuisine\/magimix-accessoire-presse-supplementaire-xl-pour-3200-2021-4200-5200-patissier-cook-expert\/\",\"name\":\"MAGIMIX Accessoire Presse Suppl\u00e9mentaire XL pour 3200 (2021)-4200-5200-Patissier-Cook Expert\",\"isPartOf\":{\"@id\":\"https:\/\/www.erresse-shop.it\/fr\/#website\"},\"datePublished\":\"2018-02-23T11:42:35+00:00\",\"dateModified\":\"2025-01-20T09:59:35+00:00\",\"description\":\"D\u00e9couvrez MAGIMIX Accessoire Presse Suppl\u00e9mentaire XL pour 3200 (2021)-4200-5200-Patissier-Cook Expert sur ErresseShop. Qualit\u00e9, prix r\u00e9duits et achat s\u00e9curis\u00e9 \u2013 commandez d\u00e8s maintenant en ligne !\",\"breadcrumb\":{\"@id\":\"https:\/\/www.erresse-shop.it\/fr\/shop\/petits-electromenagers\/robots-de-cuisine\/magimix-accessoire-presse-supplementaire-xl-pour-3200-2021-4200-5200-patissier-cook-expert\/#breadcrumb\"},\"inLanguage\":\"fr-FR\",\"potentialAction\":[{\"@type\":\"ReadAction\",\"target\":[\"https:\/\/www.erresse-shop.it\/fr\/shop\/petits-electromenagers\/robots-de-cuisine\/magimix-accessoire-presse-supplementaire-xl-pour-3200-2021-4200-5200-patissier-cook-expert\/\"]}]},{\"@type\":\"BreadcrumbList\",\"@id\":\"https:\/\/www.erresse-shop.it\/fr\/shop\/petits-electromenagers\/robots-de-cuisine\/magimix-accessoire-presse-supplementaire-xl-pour-3200-2021-4200-5200-patissier-cook-expert\/#breadcrumb\",\"itemListElement\":[{\"@type\":\"ListItem\",\"position\":1,\"name\":\"Home\",\"item\":\"https:\/\/www.erresse-shop.it\/fr\/\"},{\"@type\":\"ListItem\",\"position\":2,\"name\":\"Shop\",\"item\":\"https:\/\/www.erresse-shop.it\/fr\/shop\/\"},{\"@type\":\"ListItem\",\"position\":3,\"name\":\"MAGIMIX Accessoire Presse Suppl\u00e9mentaire XL pour 3200 (2021)-4200-5200-Patissier-Cook Expert\"}]},{\"@type\":\"WebSite\",\"@id\":\"https:\/\/www.erresse-shop.it\/fr\/#website\",\"url\":\"https:\/\/www.erresse-shop.it\/fr\/\",\"name\":\"Erresse Shop\",\"description\":\"Articoli di qualit\u00e0 per la casa\",\"potentialAction\":[{\"@type\":\"SearchAction\",\"target\":{\"@type\":\"EntryPoint\",\"urlTemplate\":\"https:\/\/www.erresse-shop.it\/fr\/?s={search_term_string}\"},\"query-input\":\"required name=search_term_string\"}],\"inLanguage\":\"fr-FR\"}]}<\/script>\n<!-- \/ Yoast SEO Premium plugin. -->","yoast_head_json":{"title":"MAGIMIX Accessoire Presse Suppl\u00e9mentaire XL pour 3200 (2021)-4200-5200-Patissier-Cook Expert","description":"D\u00e9couvrez MAGIMIX Accessoire Presse Suppl\u00e9mentaire XL pour 3200 (2021)-4200-5200-Patissier-Cook Expert sur ErresseShop. Qualit\u00e9, prix r\u00e9duits et achat s\u00e9curis\u00e9 \u2013 commandez d\u00e8s maintenant en ligne !","robots":{"index":"index","follow":"follow","max-snippet":"max-snippet:-1","max-image-preview":"max-image-preview:large","max-video-preview":"max-video-preview:-1"},"canonical":"https:\/\/www.erresse-shop.it\/fr\/shop\/petits-electromenagers\/robots-de-cuisine\/magimix-accessoire-presse-supplementaire-xl-pour-3200-2021-4200-5200-patissier-cook-expert\/","og_locale":"fr_FR","og_type":"article","og_title":"MAGIMIX Accessoire Presse Suppl\u00e9mentaire XL pour 3200 (2021)-4200-5200-Patissier-Cook Expert","og_description":"D\u00e9couvrez MAGIMIX Accessoire Presse Suppl\u00e9mentaire XL pour 3200 (2021)-4200-5200-Patissier-Cook Expert sur ErresseShop. Qualit\u00e9, prix r\u00e9duits et achat s\u00e9curis\u00e9 \u2013 commandez d\u00e8s maintenant en ligne !","og_url":"https:\/\/www.erresse-shop.it\/fr\/shop\/petits-electromenagers\/robots-de-cuisine\/magimix-accessoire-presse-supplementaire-xl-pour-3200-2021-4200-5200-patissier-cook-expert\/","og_site_name":"Erresse Shop","article_modified_time":"2025-01-20T09:59:35+00:00","og_image":[{"width":800,"height":800,"url":"https:\/\/www.erresse-shop.it\/wp-content\/uploads\/2018\/02\/products-17655.jpg","type":"image\/jpeg"}],"twitter_card":"summary_large_image","schema":{"@context":"https:\/\/schema.org","@graph":[{"@type":"WebPage","@id":"https:\/\/www.erresse-shop.it\/fr\/shop\/petits-electromenagers\/robots-de-cuisine\/magimix-accessoire-presse-supplementaire-xl-pour-3200-2021-4200-5200-patissier-cook-expert\/","url":"https:\/\/www.erresse-shop.it\/fr\/shop\/petits-electromenagers\/robots-de-cuisine\/magimix-accessoire-presse-supplementaire-xl-pour-3200-2021-4200-5200-patissier-cook-expert\/","name":"MAGIMIX Accessoire Presse Suppl\u00e9mentaire XL pour 3200 (2021)-4200-5200-Patissier-Cook Expert","isPartOf":{"@id":"https:\/\/www.erresse-shop.it\/fr\/#website"},"datePublished":"2018-02-23T11:42:35+00:00","dateModified":"2025-01-20T09:59:35+00:00","description":"D\u00e9couvrez MAGIMIX Accessoire Presse Suppl\u00e9mentaire XL pour 3200 (2021)-4200-5200-Patissier-Cook Expert sur ErresseShop. Qualit\u00e9, prix r\u00e9duits et achat s\u00e9curis\u00e9 \u2013 commandez d\u00e8s maintenant en ligne !","breadcrumb":{"@id":"https:\/\/www.erresse-shop.it\/fr\/shop\/petits-electromenagers\/robots-de-cuisine\/magimix-accessoire-presse-supplementaire-xl-pour-3200-2021-4200-5200-patissier-cook-expert\/#breadcrumb"},"inLanguage":"fr-FR","potentialAction":[{"@type":"ReadAction","target":["https:\/\/www.erresse-shop.it\/fr\/shop\/petits-electromenagers\/robots-de-cuisine\/magimix-accessoire-presse-supplementaire-xl-pour-3200-2021-4200-5200-patissier-cook-expert\/"]}]},{"@type":"BreadcrumbList","@id":"https:\/\/www.erresse-shop.it\/fr\/shop\/petits-electromenagers\/robots-de-cuisine\/magimix-accessoire-presse-supplementaire-xl-pour-3200-2021-4200-5200-patissier-cook-expert\/#breadcrumb","itemListElement":[{"@type":"ListItem","position":1,"name":"Home","item":"https:\/\/www.erresse-shop.it\/fr\/"},{"@type":"ListItem","position":2,"name":"Shop","item":"https:\/\/www.erresse-shop.it\/fr\/shop\/"},{"@type":"ListItem","position":3,"name":"MAGIMIX Accessoire Presse Suppl\u00e9mentaire XL pour 3200 (2021)-4200-5200-Patissier-Cook Expert"}]},{"@type":"WebSite","@id":"https:\/\/www.erresse-shop.it\/fr\/#website","url":"https:\/\/www.erresse-shop.it\/fr\/","name":"Erresse Shop","description":"Articoli di qualit\u00e0 per la casa","potentialAction":[{"@type":"SearchAction","target":{"@type":"EntryPoint","urlTemplate":"https:\/\/www.erresse-shop.it\/fr\/?s={search_term_string}"},"query-input":"required name=search_term_string"}],"inLanguage":"fr-FR"}]}},"df_price":119,"df_sale_price":119,"df_regular_price":225,"df_image_link":"https:\/\/www.erresse-shop.it\/wp-content\/uploads\/2018\/02\/products-17655-300x300.jpg","_links":{"self":[{"href":"https:\/\/www.erresse-shop.it\/fr\/wp-json\/wp\/v2\/product\/110113"}],"collection":[{"href":"https:\/\/www.erresse-shop.it\/fr\/wp-json\/wp\/v2\/product"}],"about":[{"href":"https:\/\/www.erresse-shop.it\/fr\/wp-json\/wp\/v2\/types\/product"}],"wp:featuredmedia":[{"embeddable":true,"href":"https:\/\/www.erresse-shop.it\/fr\/wp-json\/wp\/v2\/media\/110114"}],"wp:attachment":[{"href":"https:\/\/www.erresse-shop.it\/fr\/wp-json\/wp\/v2\/media?parent=110113"}],"wp:term":[{"taxonomy":"product_cat","embeddable":true,"href":"https:\/\/www.erresse-shop.it\/fr\/wp-json\/wp\/v2\/product_cat?post=110113"},{"taxonomy":"product_tag","embeddable":true,"href":"https:\/\/www.erresse-shop.it\/fr\/wp-json\/wp\/v2\/product_tag?post=110113"}],"curies":[{"name":"wp","href":"https:\/\/api.w.org\/{rel}","templated":true}]}}