{"id":110100,"date":"2018-10-29T17:20:45","date_gmt":"2018-10-29T17:20:45","guid":{"rendered":"https:\/\/www.erresse-shop.it\/shop\/non%20class\u00e9\/seletti-lampe-dinosaure-en-resine-t-rex\/"},"modified":"2025-01-13T15:08:49","modified_gmt":"2025-01-13T15:08:49","slug":"seletti-lampe-dinosaure-en-resine-t-rex","status":"publish","type":"product","link":"https:\/\/www.erresse-shop.it\/fr\/shop\/ameublement-maison\/lampes\/seletti-lampe-dinosaure-en-resine-t-rex\/","title":{"rendered":"SELETTI Lampe Dinosaure en R\u00e9sine T-Rex"},"content":{"rendered":"<p><strong>Seletti,<\/strong> une histoire d&#8217;entreprise faite de vision et d&#8217;\u00e9volution. Une histoire qui a commenc\u00e9 en 1964 \u00e0 Cicognara (Mantoue). Aujourd&#8217;hui, Seletti collabore avec de jeunes designers italiens et internationaux, des jeunes qui se font rapidement un nom, l&#8217;envie est de cr\u00e9er un groupe pour grandir et \u00e9voluer ensemble, un d\u00e9fi qui donne de grands r\u00e9sultats : &#8221; Je collabore \u00e9galement avec des personnes et des personnalit\u00e9s qui ne font pas partie du monde du design au sens strict du terme : des artistes, des visionnaires, avec lesquels je voudrais d\u00e9passer certaines &#8221; barri\u00e8res &#8220;. Mon parcours atypique et non acad\u00e9mique m&#8217;am\u00e8ne naturellement \u00e0 \u00eatre &#8220;transversal&#8221;, un voyage dans l&#8217;id\u00e9e d&#8217;une &#8220;nouvelle beaut\u00e9&#8221;. C&#8217;est la (r)\u00e9volution pour nous&#8221;.<\/p>\n<p>Les lampes Jurassic sont fabriqu\u00e9es en r\u00e9sine blanche et sont disponibles en 2 options diff\u00e9rentes, Brontosaurus et Tyrannousaurus. Ils comportent respectivement 8 et 7 ampoules LED chaudes.<\/p>\n<p><strong>Mat\u00e9riau :<\/strong> R\u00e9sine<br \/>\n<strong>Dimensions :<\/strong> 39 x 13 h 33,5 cm<br \/>\nPour un usage int\u00e9rieur uniquement<br \/>\nAmpoules LED incluses, LED E12 &#8211; 0,20W &#8211; 14 Lumen &#8211; 2200 K &#8211; Lumi\u00e8re LED chaude<br \/>\n230 V &#8211; 50 Hz<\/p>\n","protected":false},"excerpt":{"rendered":"<p>Seletti, une histoire d&#8217;entreprise faite de vision et d&#8217;\u00e9volution. Une histoire qui a commenc\u00e9 en 1964 \u00e0 Cicognara (Mantoue). Aujourd&#8217;hui,<\/p>\n","protected":false},"featured_media":110101,"template":"","meta":{"_acf_changed":false,"inline_featured_image":false},"product_cat":[12738,12741],"product_tag":[15796,15915,25021,12793,15795,13355,13013,13222,15797],"acf":[],"yoast_head":"<!-- This site is optimized with the Yoast SEO Premium plugin v18.6 (Yoast SEO v19.13) - https:\/\/yoast.com\/wordpress\/plugins\/seo\/ -->\n<title>SELETTI Lampe Dinosaure en R\u00e9sine T-Rex<\/title>\n<meta name=\"description\" content=\"D\u00e9couvrez SELETTI Lampe Dinosaure en R\u00e9sine T-Rex sur ErresseShop. Qualit\u00e9, prix r\u00e9duits et achat s\u00e9curis\u00e9 \u2013 commandez d\u00e8s maintenant en ligne !\" \/>\n<meta name=\"robots\" content=\"index, follow, max-snippet:-1, max-image-preview:large, max-video-preview:-1\" \/>\n<link rel=\"canonical\" href=\"https:\/\/www.erresse-shop.it\/fr\/shop\/ameublement-maison\/lampes\/seletti-lampe-dinosaure-en-resine-t-rex\/\" \/>\n<meta property=\"og:locale\" content=\"fr_FR\" \/>\n<meta property=\"og:type\" content=\"article\" \/>\n<meta property=\"og:title\" content=\"SELETTI Lampe Dinosaure en R\u00e9sine T-Rex\" \/>\n<meta property=\"og:description\" content=\"D\u00e9couvrez SELETTI Lampe Dinosaure en R\u00e9sine T-Rex sur ErresseShop. Qualit\u00e9, prix r\u00e9duits et achat s\u00e9curis\u00e9 \u2013 commandez d\u00e8s maintenant en ligne !\" \/>\n<meta property=\"og:url\" content=\"https:\/\/www.erresse-shop.it\/fr\/shop\/ameublement-maison\/lampes\/seletti-lampe-dinosaure-en-resine-t-rex\/\" \/>\n<meta property=\"og:site_name\" content=\"Erresse Shop\" \/>\n<meta property=\"article:modified_time\" content=\"2025-01-13T15:08:49+00:00\" \/>\n<meta property=\"og:image\" content=\"https:\/\/www.erresse-shop.it\/wp-content\/uploads\/2018\/10\/products-14783.jpg\" \/>\n\t<meta property=\"og:image:width\" content=\"2000\" \/>\n\t<meta property=\"og:image:height\" content=\"2000\" \/>\n\t<meta property=\"og:image:type\" content=\"image\/jpeg\" \/>\n<meta name=\"twitter:card\" content=\"summary_large_image\" \/>\n<script type=\"application\/ld+json\" class=\"yoast-schema-graph\">{\"@context\":\"https:\/\/schema.org\",\"@graph\":[{\"@type\":\"WebPage\",\"@id\":\"https:\/\/www.erresse-shop.it\/fr\/shop\/ameublement-maison\/lampes\/seletti-lampe-dinosaure-en-resine-t-rex\/\",\"url\":\"https:\/\/www.erresse-shop.it\/fr\/shop\/ameublement-maison\/lampes\/seletti-lampe-dinosaure-en-resine-t-rex\/\",\"name\":\"SELETTI Lampe Dinosaure en R\u00e9sine T-Rex\",\"isPartOf\":{\"@id\":\"https:\/\/www.erresse-shop.it\/fr\/#website\"},\"datePublished\":\"2018-10-29T17:20:45+00:00\",\"dateModified\":\"2025-01-13T15:08:49+00:00\",\"description\":\"D\u00e9couvrez SELETTI Lampe Dinosaure en R\u00e9sine T-Rex sur ErresseShop. Qualit\u00e9, prix r\u00e9duits et achat s\u00e9curis\u00e9 \u2013 commandez d\u00e8s maintenant en ligne !\",\"breadcrumb\":{\"@id\":\"https:\/\/www.erresse-shop.it\/fr\/shop\/ameublement-maison\/lampes\/seletti-lampe-dinosaure-en-resine-t-rex\/#breadcrumb\"},\"inLanguage\":\"fr-FR\",\"potentialAction\":[{\"@type\":\"ReadAction\",\"target\":[\"https:\/\/www.erresse-shop.it\/fr\/shop\/ameublement-maison\/lampes\/seletti-lampe-dinosaure-en-resine-t-rex\/\"]}]},{\"@type\":\"BreadcrumbList\",\"@id\":\"https:\/\/www.erresse-shop.it\/fr\/shop\/ameublement-maison\/lampes\/seletti-lampe-dinosaure-en-resine-t-rex\/#breadcrumb\",\"itemListElement\":[{\"@type\":\"ListItem\",\"position\":1,\"name\":\"Home\",\"item\":\"https:\/\/www.erresse-shop.it\/fr\/\"},{\"@type\":\"ListItem\",\"position\":2,\"name\":\"Shop\",\"item\":\"https:\/\/www.erresse-shop.it\/fr\/shop\/\"},{\"@type\":\"ListItem\",\"position\":3,\"name\":\"SELETTI Lampe Dinosaure en R\u00e9sine T-Rex\"}]},{\"@type\":\"WebSite\",\"@id\":\"https:\/\/www.erresse-shop.it\/fr\/#website\",\"url\":\"https:\/\/www.erresse-shop.it\/fr\/\",\"name\":\"Erresse Shop\",\"description\":\"Articoli di qualit\u00e0 per la casa\",\"potentialAction\":[{\"@type\":\"SearchAction\",\"target\":{\"@type\":\"EntryPoint\",\"urlTemplate\":\"https:\/\/www.erresse-shop.it\/fr\/?s={search_term_string}\"},\"query-input\":\"required name=search_term_string\"}],\"inLanguage\":\"fr-FR\"}]}<\/script>\n<!-- \/ Yoast SEO Premium plugin. -->","yoast_head_json":{"title":"SELETTI Lampe Dinosaure en R\u00e9sine T-Rex","description":"D\u00e9couvrez SELETTI Lampe Dinosaure en R\u00e9sine T-Rex sur ErresseShop. Qualit\u00e9, prix r\u00e9duits et achat s\u00e9curis\u00e9 \u2013 commandez d\u00e8s maintenant en ligne !","robots":{"index":"index","follow":"follow","max-snippet":"max-snippet:-1","max-image-preview":"max-image-preview:large","max-video-preview":"max-video-preview:-1"},"canonical":"https:\/\/www.erresse-shop.it\/fr\/shop\/ameublement-maison\/lampes\/seletti-lampe-dinosaure-en-resine-t-rex\/","og_locale":"fr_FR","og_type":"article","og_title":"SELETTI Lampe Dinosaure en R\u00e9sine T-Rex","og_description":"D\u00e9couvrez SELETTI Lampe Dinosaure en R\u00e9sine T-Rex sur ErresseShop. Qualit\u00e9, prix r\u00e9duits et achat s\u00e9curis\u00e9 \u2013 commandez d\u00e8s maintenant en ligne !","og_url":"https:\/\/www.erresse-shop.it\/fr\/shop\/ameublement-maison\/lampes\/seletti-lampe-dinosaure-en-resine-t-rex\/","og_site_name":"Erresse Shop","article_modified_time":"2025-01-13T15:08:49+00:00","og_image":[{"width":2000,"height":2000,"url":"https:\/\/www.erresse-shop.it\/wp-content\/uploads\/2018\/10\/products-14783.jpg","type":"image\/jpeg"}],"twitter_card":"summary_large_image","schema":{"@context":"https:\/\/schema.org","@graph":[{"@type":"WebPage","@id":"https:\/\/www.erresse-shop.it\/fr\/shop\/ameublement-maison\/lampes\/seletti-lampe-dinosaure-en-resine-t-rex\/","url":"https:\/\/www.erresse-shop.it\/fr\/shop\/ameublement-maison\/lampes\/seletti-lampe-dinosaure-en-resine-t-rex\/","name":"SELETTI Lampe Dinosaure en R\u00e9sine T-Rex","isPartOf":{"@id":"https:\/\/www.erresse-shop.it\/fr\/#website"},"datePublished":"2018-10-29T17:20:45+00:00","dateModified":"2025-01-13T15:08:49+00:00","description":"D\u00e9couvrez SELETTI Lampe Dinosaure en R\u00e9sine T-Rex sur ErresseShop. Qualit\u00e9, prix r\u00e9duits et achat s\u00e9curis\u00e9 \u2013 commandez d\u00e8s maintenant en ligne !","breadcrumb":{"@id":"https:\/\/www.erresse-shop.it\/fr\/shop\/ameublement-maison\/lampes\/seletti-lampe-dinosaure-en-resine-t-rex\/#breadcrumb"},"inLanguage":"fr-FR","potentialAction":[{"@type":"ReadAction","target":["https:\/\/www.erresse-shop.it\/fr\/shop\/ameublement-maison\/lampes\/seletti-lampe-dinosaure-en-resine-t-rex\/"]}]},{"@type":"BreadcrumbList","@id":"https:\/\/www.erresse-shop.it\/fr\/shop\/ameublement-maison\/lampes\/seletti-lampe-dinosaure-en-resine-t-rex\/#breadcrumb","itemListElement":[{"@type":"ListItem","position":1,"name":"Home","item":"https:\/\/www.erresse-shop.it\/fr\/"},{"@type":"ListItem","position":2,"name":"Shop","item":"https:\/\/www.erresse-shop.it\/fr\/shop\/"},{"@type":"ListItem","position":3,"name":"SELETTI Lampe Dinosaure en R\u00e9sine T-Rex"}]},{"@type":"WebSite","@id":"https:\/\/www.erresse-shop.it\/fr\/#website","url":"https:\/\/www.erresse-shop.it\/fr\/","name":"Erresse Shop","description":"Articoli di qualit\u00e0 per la casa","potentialAction":[{"@type":"SearchAction","target":{"@type":"EntryPoint","urlTemplate":"https:\/\/www.erresse-shop.it\/fr\/?s={search_term_string}"},"query-input":"required name=search_term_string"}],"inLanguage":"fr-FR"}]}},"df_price":114.75,"df_sale_price":114.75,"df_regular_price":255,"df_image_link":"https:\/\/www.erresse-shop.it\/wp-content\/uploads\/2018\/10\/products-14783-300x300.jpg","_links":{"self":[{"href":"https:\/\/www.erresse-shop.it\/fr\/wp-json\/wp\/v2\/product\/110100"}],"collection":[{"href":"https:\/\/www.erresse-shop.it\/fr\/wp-json\/wp\/v2\/product"}],"about":[{"href":"https:\/\/www.erresse-shop.it\/fr\/wp-json\/wp\/v2\/types\/product"}],"wp:featuredmedia":[{"embeddable":true,"href":"https:\/\/www.erresse-shop.it\/fr\/wp-json\/wp\/v2\/media\/110101"}],"wp:attachment":[{"href":"https:\/\/www.erresse-shop.it\/fr\/wp-json\/wp\/v2\/media?parent=110100"}],"wp:term":[{"taxonomy":"product_cat","embeddable":true,"href":"https:\/\/www.erresse-shop.it\/fr\/wp-json\/wp\/v2\/product_cat?post=110100"},{"taxonomy":"product_tag","embeddable":true,"href":"https:\/\/www.erresse-shop.it\/fr\/wp-json\/wp\/v2\/product_tag?post=110100"}],"curies":[{"name":"wp","href":"https:\/\/api.w.org\/{rel}","templated":true}]}}