{"id":109977,"date":"2019-03-20T15:46:37","date_gmt":"2019-03-20T15:46:37","guid":{"rendered":"https:\/\/www.erresse-shop.it\/shop\/non%20class\u00e9\/seletti-lampe-oiseau-en-attente-blanc\/"},"modified":"2021-12-22T08:18:21","modified_gmt":"2021-12-22T08:18:21","slug":"seletti-lampe-oiseau-en-attente-blanc","status":"publish","type":"product","link":"https:\/\/www.erresse-shop.it\/fr\/shop\/ameublement-maison\/lampes\/seletti-lampe-oiseau-en-attente-blanc\/","title":{"rendered":"SELETTI Lampe Oiseau en Attente Blanc"},"content":{"rendered":"<p>Comme dans un conte de f\u00e9es, trois courageux petits oiseaux font briller une lumi\u00e8re pour que vous puissiez trouver votre chemin. Ces oiseaux gentils et fantaisistes sont r\u00e9alis\u00e9s en r\u00e9sine en deux variantes de couleur, dessin\u00e9s par Marcantonio dans trois poses diff\u00e9rentes.<\/p>\n<p>Illuminez votre chambre avec l&#8217;aide d&#8217;un ami \u00e0 plumes.<\/p>\n<p><strong>Mat\u00e9riau :<\/strong> r\u00e9sine<br \/>\n<strong>Taille :<\/strong> cm 29,5 x 12 h. 18,5<br \/>\nPour usage int\u00e9rieur uniquement &#8211; Ampoule LED incluse<br \/>\nLED E14 &#8211; 2W &#8211; 120 Lumen &#8211; 2200K &#8211; Lampe \u00e0 led chaude<br \/>\nVersion EU\/UK : entr\u00e9e 230V &#8211; 50 Hz<\/p>\n","protected":false},"excerpt":{"rendered":"<p>Comme dans un conte de f\u00e9es, trois courageux petits oiseaux font briller une lumi\u00e8re pour que vous puissiez trouver votre<\/p>\n","protected":false},"featured_media":109792,"template":"","meta":{"_acf_changed":false,"inline_featured_image":false},"product_cat":[12738,12741],"product_tag":[15741,12794,15767,13013,13352],"acf":[],"yoast_head":"<!-- This site is optimized with the Yoast SEO Premium plugin v18.6 (Yoast SEO v19.13) - https:\/\/yoast.com\/wordpress\/plugins\/seo\/ -->\n<title>SELETTI Lampe Oiseau en Attente Blanc - Erresse Shop<\/title>\n<meta name=\"description\" content=\"Comme dans un conte de f\u00e9es, trois courageux petits oiseaux font briller une lumi\u00e8re pour que vous puissiez trouver votre chemin. Ces oiseaux gentils et\" \/>\n<meta name=\"robots\" content=\"index, follow, max-snippet:-1, max-image-preview:large, max-video-preview:-1\" \/>\n<link rel=\"canonical\" href=\"https:\/\/www.erresse-shop.it\/fr\/shop\/ameublement-maison\/lampes\/seletti-lampe-oiseau-en-attente-blanc\/\" \/>\n<meta property=\"og:locale\" content=\"fr_FR\" \/>\n<meta property=\"og:type\" content=\"article\" \/>\n<meta property=\"og:title\" content=\"SELETTI Lampe Oiseau en Attente Blanc\" \/>\n<meta property=\"og:description\" content=\"Comme dans un conte de f\u00e9es, trois courageux petits oiseaux font briller une lumi\u00e8re pour que vous puissiez trouver votre chemin. Ces oiseaux gentils et\" \/>\n<meta property=\"og:url\" content=\"https:\/\/www.erresse-shop.it\/fr\/shop\/ameublement-maison\/lampes\/seletti-lampe-oiseau-en-attente-blanc\/\" \/>\n<meta property=\"og:site_name\" content=\"Erresse Shop\" \/>\n<meta property=\"article:modified_time\" content=\"2021-12-22T08:18:21+00:00\" \/>\n<meta property=\"og:image\" content=\"https:\/\/www.erresse-shop.it\/wp-content\/uploads\/2019\/03\/products-14732_1.jpg\" \/>\n\t<meta property=\"og:image:width\" content=\"2000\" \/>\n\t<meta property=\"og:image:height\" content=\"2000\" \/>\n\t<meta property=\"og:image:type\" content=\"image\/jpeg\" \/>\n<meta name=\"twitter:card\" content=\"summary_large_image\" \/>\n<script type=\"application\/ld+json\" class=\"yoast-schema-graph\">{\"@context\":\"https:\/\/schema.org\",\"@graph\":[{\"@type\":\"WebPage\",\"@id\":\"https:\/\/www.erresse-shop.it\/fr\/shop\/ameublement-maison\/lampes\/seletti-lampe-oiseau-en-attente-blanc\/\",\"url\":\"https:\/\/www.erresse-shop.it\/fr\/shop\/ameublement-maison\/lampes\/seletti-lampe-oiseau-en-attente-blanc\/\",\"name\":\"SELETTI Lampe Oiseau en Attente Blanc - Erresse Shop\",\"isPartOf\":{\"@id\":\"https:\/\/www.erresse-shop.it\/fr\/#website\"},\"datePublished\":\"2019-03-20T15:46:37+00:00\",\"dateModified\":\"2021-12-22T08:18:21+00:00\",\"description\":\"Comme dans un conte de f\u00e9es, trois courageux petits oiseaux font briller une lumi\u00e8re pour que vous puissiez trouver votre chemin. Ces oiseaux gentils et\",\"breadcrumb\":{\"@id\":\"https:\/\/www.erresse-shop.it\/fr\/shop\/ameublement-maison\/lampes\/seletti-lampe-oiseau-en-attente-blanc\/#breadcrumb\"},\"inLanguage\":\"fr-FR\",\"potentialAction\":[{\"@type\":\"ReadAction\",\"target\":[\"https:\/\/www.erresse-shop.it\/fr\/shop\/ameublement-maison\/lampes\/seletti-lampe-oiseau-en-attente-blanc\/\"]}]},{\"@type\":\"BreadcrumbList\",\"@id\":\"https:\/\/www.erresse-shop.it\/fr\/shop\/ameublement-maison\/lampes\/seletti-lampe-oiseau-en-attente-blanc\/#breadcrumb\",\"itemListElement\":[{\"@type\":\"ListItem\",\"position\":1,\"name\":\"Home\",\"item\":\"https:\/\/www.erresse-shop.it\/fr\/\"},{\"@type\":\"ListItem\",\"position\":2,\"name\":\"Shop\",\"item\":\"https:\/\/www.erresse-shop.it\/fr\/shop\/\"},{\"@type\":\"ListItem\",\"position\":3,\"name\":\"SELETTI Lampe Oiseau en Attente Blanc\"}]},{\"@type\":\"WebSite\",\"@id\":\"https:\/\/www.erresse-shop.it\/fr\/#website\",\"url\":\"https:\/\/www.erresse-shop.it\/fr\/\",\"name\":\"Erresse Shop\",\"description\":\"Articoli di qualit\u00e0 per la casa\",\"potentialAction\":[{\"@type\":\"SearchAction\",\"target\":{\"@type\":\"EntryPoint\",\"urlTemplate\":\"https:\/\/www.erresse-shop.it\/fr\/?s={search_term_string}\"},\"query-input\":\"required name=search_term_string\"}],\"inLanguage\":\"fr-FR\"}]}<\/script>\n<!-- \/ Yoast SEO Premium plugin. -->","yoast_head_json":{"title":"SELETTI Lampe Oiseau en Attente Blanc - Erresse Shop","description":"Comme dans un conte de f\u00e9es, trois courageux petits oiseaux font briller une lumi\u00e8re pour que vous puissiez trouver votre chemin. Ces oiseaux gentils et","robots":{"index":"index","follow":"follow","max-snippet":"max-snippet:-1","max-image-preview":"max-image-preview:large","max-video-preview":"max-video-preview:-1"},"canonical":"https:\/\/www.erresse-shop.it\/fr\/shop\/ameublement-maison\/lampes\/seletti-lampe-oiseau-en-attente-blanc\/","og_locale":"fr_FR","og_type":"article","og_title":"SELETTI Lampe Oiseau en Attente Blanc","og_description":"Comme dans un conte de f\u00e9es, trois courageux petits oiseaux font briller une lumi\u00e8re pour que vous puissiez trouver votre chemin. Ces oiseaux gentils et","og_url":"https:\/\/www.erresse-shop.it\/fr\/shop\/ameublement-maison\/lampes\/seletti-lampe-oiseau-en-attente-blanc\/","og_site_name":"Erresse Shop","article_modified_time":"2021-12-22T08:18:21+00:00","og_image":[{"width":2000,"height":2000,"url":"https:\/\/www.erresse-shop.it\/wp-content\/uploads\/2019\/03\/products-14732_1.jpg","type":"image\/jpeg"}],"twitter_card":"summary_large_image","schema":{"@context":"https:\/\/schema.org","@graph":[{"@type":"WebPage","@id":"https:\/\/www.erresse-shop.it\/fr\/shop\/ameublement-maison\/lampes\/seletti-lampe-oiseau-en-attente-blanc\/","url":"https:\/\/www.erresse-shop.it\/fr\/shop\/ameublement-maison\/lampes\/seletti-lampe-oiseau-en-attente-blanc\/","name":"SELETTI Lampe Oiseau en Attente Blanc - Erresse Shop","isPartOf":{"@id":"https:\/\/www.erresse-shop.it\/fr\/#website"},"datePublished":"2019-03-20T15:46:37+00:00","dateModified":"2021-12-22T08:18:21+00:00","description":"Comme dans un conte de f\u00e9es, trois courageux petits oiseaux font briller une lumi\u00e8re pour que vous puissiez trouver votre chemin. Ces oiseaux gentils et","breadcrumb":{"@id":"https:\/\/www.erresse-shop.it\/fr\/shop\/ameublement-maison\/lampes\/seletti-lampe-oiseau-en-attente-blanc\/#breadcrumb"},"inLanguage":"fr-FR","potentialAction":[{"@type":"ReadAction","target":["https:\/\/www.erresse-shop.it\/fr\/shop\/ameublement-maison\/lampes\/seletti-lampe-oiseau-en-attente-blanc\/"]}]},{"@type":"BreadcrumbList","@id":"https:\/\/www.erresse-shop.it\/fr\/shop\/ameublement-maison\/lampes\/seletti-lampe-oiseau-en-attente-blanc\/#breadcrumb","itemListElement":[{"@type":"ListItem","position":1,"name":"Home","item":"https:\/\/www.erresse-shop.it\/fr\/"},{"@type":"ListItem","position":2,"name":"Shop","item":"https:\/\/www.erresse-shop.it\/fr\/shop\/"},{"@type":"ListItem","position":3,"name":"SELETTI Lampe Oiseau en Attente Blanc"}]},{"@type":"WebSite","@id":"https:\/\/www.erresse-shop.it\/fr\/#website","url":"https:\/\/www.erresse-shop.it\/fr\/","name":"Erresse Shop","description":"Articoli di qualit\u00e0 per la casa","potentialAction":[{"@type":"SearchAction","target":{"@type":"EntryPoint","urlTemplate":"https:\/\/www.erresse-shop.it\/fr\/?s={search_term_string}"},"query-input":"required name=search_term_string"}],"inLanguage":"fr-FR"}]}},"df_price":96.95,"df_sale_price":96.95,"df_regular_price":146,"df_image_link":"https:\/\/www.erresse-shop.it\/wp-content\/uploads\/2019\/03\/products-14732_1-300x300.jpg","_links":{"self":[{"href":"https:\/\/www.erresse-shop.it\/fr\/wp-json\/wp\/v2\/product\/109977"}],"collection":[{"href":"https:\/\/www.erresse-shop.it\/fr\/wp-json\/wp\/v2\/product"}],"about":[{"href":"https:\/\/www.erresse-shop.it\/fr\/wp-json\/wp\/v2\/types\/product"}],"wp:featuredmedia":[{"embeddable":true,"href":"https:\/\/www.erresse-shop.it\/fr\/wp-json\/wp\/v2\/media\/109792"}],"wp:attachment":[{"href":"https:\/\/www.erresse-shop.it\/fr\/wp-json\/wp\/v2\/media?parent=109977"}],"wp:term":[{"taxonomy":"product_cat","embeddable":true,"href":"https:\/\/www.erresse-shop.it\/fr\/wp-json\/wp\/v2\/product_cat?post=109977"},{"taxonomy":"product_tag","embeddable":true,"href":"https:\/\/www.erresse-shop.it\/fr\/wp-json\/wp\/v2\/product_tag?post=109977"}],"curies":[{"name":"wp","href":"https:\/\/api.w.org\/{rel}","templated":true}]}}