{"id":109966,"date":"2018-11-16T19:15:34","date_gmt":"2018-11-16T19:15:34","guid":{"rendered":"https:\/\/www.erresse-shop.it\/shop\/non%20class\u00e9\/seletti-kintsugi-tasse-a-cafe-no1-en-porcelaine\/"},"modified":"2025-01-13T15:07:43","modified_gmt":"2025-01-13T15:07:43","slug":"seletti-kintsugi-tasse-a-cafe-no1-en-porcelaine","status":"publish","type":"product","link":"https:\/\/www.erresse-shop.it\/fr\/shop\/table-fr-2\/tasses\/seletti-kintsugi-tasse-a-cafe-no1-en-porcelaine\/","title":{"rendered":"SELETTI Kintsugi Tasse \u00e0 Caf\u00e9 No\u00b01 en Porcelaine"},"content":{"rendered":"<p><strong>Seletti,<\/strong> une histoire d&#8217;entreprise faite de vision et d&#8217;\u00e9volution. Une histoire qui a commenc\u00e9 en 1964 \u00e0 Cicognara (Mantoue). Aujourd&#8217;hui, Seletti collabore avec de jeunes designers italiens et internationaux, des jeunes qui se font rapidement un nom, l&#8217;envie est de cr\u00e9er un groupe pour grandir et \u00e9voluer ensemble, un d\u00e9fi qui donne de grands r\u00e9sultats : &#8221; Je collabore \u00e9galement avec des personnes et des personnalit\u00e9s qui ne font pas partie du monde du design au sens strict du terme : des artistes, des visionnaires, avec lesquels je voudrais d\u00e9passer certaines &#8221; barri\u00e8res &#8220;. Mon parcours atypique et non acad\u00e9mique m&#8217;am\u00e8ne naturellement \u00e0 \u00eatre &#8220;transversal&#8221;, un voyage dans l&#8217;id\u00e9e d&#8217;une &#8220;nouvelle beaut\u00e9&#8221;. C&#8217;est la (r)\u00e9volution pour nous&#8221;.<\/p>\n<p>La ligne Kintsugi, con\u00e7ue par Marcantonio Raimondi Malerba pour Seletti, s&#8217;inspire de la technique Kintsugi, originaire du Japon, qui consiste \u00e0 utiliser des m\u00e9taux pr\u00e9cieux comme l&#8217;or 24 carats pour r\u00e9parer la vaisselle en porcelaine. La technique Kintsugi de r\u00e9paration de la porcelaine vient de la philosophie de vouloir transformer et donner une nouvelle vie \u00e0 un objet cass\u00e9 ou f\u00eal\u00e9 et donc inutilisable, le rendant encore plus pr\u00e9cieux qu&#8217;avant sa r\u00e9paration. Une transformation qui, en plus de la valeur de l&#8217;objet lui-m\u00eame, lui donne un nouveau look et lui permet d&#8217;\u00eatre r\u00e9utilis\u00e9. Seletti avec sa ligne de porcelaine Kintsugi d\u00e9die une collection enti\u00e8re \u00e0 la d\u00e9coration de la table, Marcantonio Raimondi Malerba propose 6 assiettes, 3 bols, 3 mugs et 3 tasses \u00e0 th\u00e9 avec soucoupes, tous enrichis d&#8217;or 24 carats.<\/p>\n","protected":false},"excerpt":{"rendered":"<p>Seletti, une histoire d&#8217;entreprise faite de vision et d&#8217;\u00e9volution. Une histoire qui a commenc\u00e9 en 1964 \u00e0 Cicognara (Mantoue). Aujourd&#8217;hui,<\/p>\n","protected":false},"featured_media":109967,"template":"","meta":{"_acf_changed":false,"inline_featured_image":false},"product_cat":[12782,12791],"product_tag":[15681,23563,25021,13041,15737,14276,15764,16906],"acf":[],"yoast_head":"<!-- This site is optimized with the Yoast SEO Premium plugin v18.6 (Yoast SEO v19.13) - https:\/\/yoast.com\/wordpress\/plugins\/seo\/ -->\n<title>SELETTI Kintsugi Tasse \u00e0 Caf\u00e9 No\u00b01 en Porcelaine<\/title>\n<meta name=\"description\" content=\"D\u00e9couvrez SELETTI Kintsugi Tasse \u00e0 Caf\u00e9 No\u00b01 en Porcelaine sur ErresseShop. Qualit\u00e9, prix r\u00e9duits et achat s\u00e9curis\u00e9 \u2013 commandez d\u00e8s maintenant en ligne !\" \/>\n<meta name=\"robots\" content=\"index, follow, max-snippet:-1, max-image-preview:large, max-video-preview:-1\" \/>\n<link rel=\"canonical\" href=\"https:\/\/www.erresse-shop.it\/fr\/shop\/table-fr-2\/tasses\/seletti-kintsugi-tasse-a-cafe-no1-en-porcelaine\/\" \/>\n<meta property=\"og:locale\" content=\"fr_FR\" \/>\n<meta property=\"og:type\" content=\"article\" \/>\n<meta property=\"og:title\" content=\"SELETTI Kintsugi Tasse \u00e0 Caf\u00e9 No\u00b01 en Porcelaine\" \/>\n<meta property=\"og:description\" content=\"D\u00e9couvrez SELETTI Kintsugi Tasse \u00e0 Caf\u00e9 No\u00b01 en Porcelaine sur ErresseShop. Qualit\u00e9, prix r\u00e9duits et achat s\u00e9curis\u00e9 \u2013 commandez d\u00e8s maintenant en ligne !\" \/>\n<meta property=\"og:url\" content=\"https:\/\/www.erresse-shop.it\/fr\/shop\/table-fr-2\/tasses\/seletti-kintsugi-tasse-a-cafe-no1-en-porcelaine\/\" \/>\n<meta property=\"og:site_name\" content=\"Erresse Shop\" \/>\n<meta property=\"article:modified_time\" content=\"2025-01-13T15:07:43+00:00\" \/>\n<meta property=\"og:image\" content=\"https:\/\/www.erresse-shop.it\/wp-content\/uploads\/2018\/11\/products-09641.jpg\" \/>\n\t<meta property=\"og:image:width\" content=\"1200\" \/>\n\t<meta property=\"og:image:height\" content=\"1200\" \/>\n\t<meta property=\"og:image:type\" content=\"image\/jpeg\" \/>\n<meta name=\"twitter:card\" content=\"summary_large_image\" \/>\n<script type=\"application\/ld+json\" class=\"yoast-schema-graph\">{\"@context\":\"https:\/\/schema.org\",\"@graph\":[{\"@type\":\"WebPage\",\"@id\":\"https:\/\/www.erresse-shop.it\/fr\/shop\/table-fr-2\/tasses\/seletti-kintsugi-tasse-a-cafe-no1-en-porcelaine\/\",\"url\":\"https:\/\/www.erresse-shop.it\/fr\/shop\/table-fr-2\/tasses\/seletti-kintsugi-tasse-a-cafe-no1-en-porcelaine\/\",\"name\":\"SELETTI Kintsugi Tasse \u00e0 Caf\u00e9 No\u00b01 en Porcelaine\",\"isPartOf\":{\"@id\":\"https:\/\/www.erresse-shop.it\/fr\/#website\"},\"datePublished\":\"2018-11-16T19:15:34+00:00\",\"dateModified\":\"2025-01-13T15:07:43+00:00\",\"description\":\"D\u00e9couvrez SELETTI Kintsugi Tasse \u00e0 Caf\u00e9 No\u00b01 en Porcelaine sur ErresseShop. Qualit\u00e9, prix r\u00e9duits et achat s\u00e9curis\u00e9 \u2013 commandez d\u00e8s maintenant en ligne !\",\"breadcrumb\":{\"@id\":\"https:\/\/www.erresse-shop.it\/fr\/shop\/table-fr-2\/tasses\/seletti-kintsugi-tasse-a-cafe-no1-en-porcelaine\/#breadcrumb\"},\"inLanguage\":\"fr-FR\",\"potentialAction\":[{\"@type\":\"ReadAction\",\"target\":[\"https:\/\/www.erresse-shop.it\/fr\/shop\/table-fr-2\/tasses\/seletti-kintsugi-tasse-a-cafe-no1-en-porcelaine\/\"]}]},{\"@type\":\"BreadcrumbList\",\"@id\":\"https:\/\/www.erresse-shop.it\/fr\/shop\/table-fr-2\/tasses\/seletti-kintsugi-tasse-a-cafe-no1-en-porcelaine\/#breadcrumb\",\"itemListElement\":[{\"@type\":\"ListItem\",\"position\":1,\"name\":\"Home\",\"item\":\"https:\/\/www.erresse-shop.it\/fr\/\"},{\"@type\":\"ListItem\",\"position\":2,\"name\":\"Shop\",\"item\":\"https:\/\/www.erresse-shop.it\/fr\/shop\/\"},{\"@type\":\"ListItem\",\"position\":3,\"name\":\"SELETTI Kintsugi Tasse \u00e0 Caf\u00e9 No\u00b01 en Porcelaine\"}]},{\"@type\":\"WebSite\",\"@id\":\"https:\/\/www.erresse-shop.it\/fr\/#website\",\"url\":\"https:\/\/www.erresse-shop.it\/fr\/\",\"name\":\"Erresse Shop\",\"description\":\"Articoli di qualit\u00e0 per la casa\",\"potentialAction\":[{\"@type\":\"SearchAction\",\"target\":{\"@type\":\"EntryPoint\",\"urlTemplate\":\"https:\/\/www.erresse-shop.it\/fr\/?s={search_term_string}\"},\"query-input\":\"required name=search_term_string\"}],\"inLanguage\":\"fr-FR\"}]}<\/script>\n<!-- \/ Yoast SEO Premium plugin. -->","yoast_head_json":{"title":"SELETTI Kintsugi Tasse \u00e0 Caf\u00e9 No\u00b01 en Porcelaine","description":"D\u00e9couvrez SELETTI Kintsugi Tasse \u00e0 Caf\u00e9 No\u00b01 en Porcelaine sur ErresseShop. Qualit\u00e9, prix r\u00e9duits et achat s\u00e9curis\u00e9 \u2013 commandez d\u00e8s maintenant en ligne !","robots":{"index":"index","follow":"follow","max-snippet":"max-snippet:-1","max-image-preview":"max-image-preview:large","max-video-preview":"max-video-preview:-1"},"canonical":"https:\/\/www.erresse-shop.it\/fr\/shop\/table-fr-2\/tasses\/seletti-kintsugi-tasse-a-cafe-no1-en-porcelaine\/","og_locale":"fr_FR","og_type":"article","og_title":"SELETTI Kintsugi Tasse \u00e0 Caf\u00e9 No\u00b01 en Porcelaine","og_description":"D\u00e9couvrez SELETTI Kintsugi Tasse \u00e0 Caf\u00e9 No\u00b01 en Porcelaine sur ErresseShop. Qualit\u00e9, prix r\u00e9duits et achat s\u00e9curis\u00e9 \u2013 commandez d\u00e8s maintenant en ligne !","og_url":"https:\/\/www.erresse-shop.it\/fr\/shop\/table-fr-2\/tasses\/seletti-kintsugi-tasse-a-cafe-no1-en-porcelaine\/","og_site_name":"Erresse Shop","article_modified_time":"2025-01-13T15:07:43+00:00","og_image":[{"width":1200,"height":1200,"url":"https:\/\/www.erresse-shop.it\/wp-content\/uploads\/2018\/11\/products-09641.jpg","type":"image\/jpeg"}],"twitter_card":"summary_large_image","schema":{"@context":"https:\/\/schema.org","@graph":[{"@type":"WebPage","@id":"https:\/\/www.erresse-shop.it\/fr\/shop\/table-fr-2\/tasses\/seletti-kintsugi-tasse-a-cafe-no1-en-porcelaine\/","url":"https:\/\/www.erresse-shop.it\/fr\/shop\/table-fr-2\/tasses\/seletti-kintsugi-tasse-a-cafe-no1-en-porcelaine\/","name":"SELETTI Kintsugi Tasse \u00e0 Caf\u00e9 No\u00b01 en Porcelaine","isPartOf":{"@id":"https:\/\/www.erresse-shop.it\/fr\/#website"},"datePublished":"2018-11-16T19:15:34+00:00","dateModified":"2025-01-13T15:07:43+00:00","description":"D\u00e9couvrez SELETTI Kintsugi Tasse \u00e0 Caf\u00e9 No\u00b01 en Porcelaine sur ErresseShop. Qualit\u00e9, prix r\u00e9duits et achat s\u00e9curis\u00e9 \u2013 commandez d\u00e8s maintenant en ligne !","breadcrumb":{"@id":"https:\/\/www.erresse-shop.it\/fr\/shop\/table-fr-2\/tasses\/seletti-kintsugi-tasse-a-cafe-no1-en-porcelaine\/#breadcrumb"},"inLanguage":"fr-FR","potentialAction":[{"@type":"ReadAction","target":["https:\/\/www.erresse-shop.it\/fr\/shop\/table-fr-2\/tasses\/seletti-kintsugi-tasse-a-cafe-no1-en-porcelaine\/"]}]},{"@type":"BreadcrumbList","@id":"https:\/\/www.erresse-shop.it\/fr\/shop\/table-fr-2\/tasses\/seletti-kintsugi-tasse-a-cafe-no1-en-porcelaine\/#breadcrumb","itemListElement":[{"@type":"ListItem","position":1,"name":"Home","item":"https:\/\/www.erresse-shop.it\/fr\/"},{"@type":"ListItem","position":2,"name":"Shop","item":"https:\/\/www.erresse-shop.it\/fr\/shop\/"},{"@type":"ListItem","position":3,"name":"SELETTI Kintsugi Tasse \u00e0 Caf\u00e9 No\u00b01 en Porcelaine"}]},{"@type":"WebSite","@id":"https:\/\/www.erresse-shop.it\/fr\/#website","url":"https:\/\/www.erresse-shop.it\/fr\/","name":"Erresse Shop","description":"Articoli di qualit\u00e0 per la casa","potentialAction":[{"@type":"SearchAction","target":{"@type":"EntryPoint","urlTemplate":"https:\/\/www.erresse-shop.it\/fr\/?s={search_term_string}"},"query-input":"required name=search_term_string"}],"inLanguage":"fr-FR"}]}},"df_price":24.75,"df_sale_price":24.75,"df_regular_price":55,"df_image_link":"https:\/\/www.erresse-shop.it\/wp-content\/uploads\/2018\/11\/products-09641-300x300.jpg","_links":{"self":[{"href":"https:\/\/www.erresse-shop.it\/fr\/wp-json\/wp\/v2\/product\/109966"}],"collection":[{"href":"https:\/\/www.erresse-shop.it\/fr\/wp-json\/wp\/v2\/product"}],"about":[{"href":"https:\/\/www.erresse-shop.it\/fr\/wp-json\/wp\/v2\/types\/product"}],"wp:featuredmedia":[{"embeddable":true,"href":"https:\/\/www.erresse-shop.it\/fr\/wp-json\/wp\/v2\/media\/109967"}],"wp:attachment":[{"href":"https:\/\/www.erresse-shop.it\/fr\/wp-json\/wp\/v2\/media?parent=109966"}],"wp:term":[{"taxonomy":"product_cat","embeddable":true,"href":"https:\/\/www.erresse-shop.it\/fr\/wp-json\/wp\/v2\/product_cat?post=109966"},{"taxonomy":"product_tag","embeddable":true,"href":"https:\/\/www.erresse-shop.it\/fr\/wp-json\/wp\/v2\/product_tag?post=109966"}],"curies":[{"name":"wp","href":"https:\/\/api.w.org\/{rel}","templated":true}]}}