{"id":109946,"date":"2019-03-21T10:45:30","date_gmt":"2019-03-21T10:45:30","guid":{"rendered":"https:\/\/www.erresse-shop.it\/shop\/non%20class\u00e9\/seletti-studio-job-blow-chaise-pliante-en-metal-langue\/"},"modified":"2025-01-13T15:07:35","modified_gmt":"2025-01-13T15:07:35","slug":"seletti-studio-job-blow-chaise-pliante-en-metal-langue","status":"publish","type":"product","link":"https:\/\/www.erresse-shop.it\/fr\/shop\/ameublement-maison\/chaises-et-fauteuils\/seletti-studio-job-blow-chaise-pliante-en-metal-langue\/","title":{"rendered":"SELETTI STUDIO JOB-Blow Chaise Pliante en M\u00e9tal Langue"},"content":{"rendered":"<p><strong>Seletti,<\/strong> une histoire d&#8217;entreprise faite de vision et d&#8217;\u00e9volution. Une histoire qui a commenc\u00e9 en 1964 \u00e0 Cicognara (Mantoue). Aujourd&#8217;hui, Seletti collabore avec de jeunes designers italiens et internationaux, des jeunes qui se font rapidement un nom, l&#8217;envie est de cr\u00e9er un groupe pour grandir et \u00e9voluer ensemble, un d\u00e9fi qui donne de grands r\u00e9sultats : &#8221; Je collabore \u00e9galement avec des personnes et des personnalit\u00e9s qui ne font pas partie du monde du design au sens strict du terme : des artistes, des visionnaires, avec lesquels je voudrais d\u00e9passer certaines &#8221; barri\u00e8res &#8220;. Mon parcours atypique et non acad\u00e9mique m&#8217;am\u00e8ne naturellement \u00e0 \u00eatre &#8220;transversal&#8221;, un voyage dans l&#8217;id\u00e9e d&#8217;une &#8220;nouvelle beaut\u00e9&#8221;. C&#8217;est la (r)\u00e9volution pour nous&#8221;.<\/p>\n<p>Iconique et audacieuse, cette collection de mugs en c\u00e9ramique con\u00e7ue par<strong> Studio Job<\/strong> est le parfait antidote \u00e0 un petit-d\u00e9jeuner super-pop-liscious.<\/p>\n","protected":false},"excerpt":{"rendered":"<p>Seletti, une histoire d&#8217;entreprise faite de vision et d&#8217;\u00e9volution. Une histoire qui a commenc\u00e9 en 1964 \u00e0 Cicognara (Mantoue). Aujourd&#8217;hui,<\/p>\n","protected":false},"featured_media":109947,"template":"","meta":{"_acf_changed":false,"inline_featured_image":false},"product_cat":[12738,14437],"product_tag":[13354,15759,15760,15761,25021,15758,24603,13356,13358],"acf":[],"yoast_head":"<!-- This site is optimized with the Yoast SEO Premium plugin v18.6 (Yoast SEO v19.13) - https:\/\/yoast.com\/wordpress\/plugins\/seo\/ -->\n<title>SELETTI STUDIO JOB-Blow Chaise Pliante en M\u00e9tal Langue<\/title>\n<meta name=\"description\" content=\"D\u00e9couvrez SELETTI STUDIO JOB-Blow Chaise Pliante en M\u00e9tal Langue sur ErresseShop. Qualit\u00e9, prix r\u00e9duits et achat s\u00e9curis\u00e9 \u2013 commandez d\u00e8s maintenant en ligne !\" \/>\n<meta name=\"robots\" content=\"index, follow, max-snippet:-1, max-image-preview:large, max-video-preview:-1\" \/>\n<link rel=\"canonical\" href=\"https:\/\/www.erresse-shop.it\/fr\/shop\/ameublement-maison\/chaises-et-fauteuils\/seletti-studio-job-blow-chaise-pliante-en-metal-langue\/\" \/>\n<meta property=\"og:locale\" content=\"fr_FR\" \/>\n<meta property=\"og:type\" content=\"article\" \/>\n<meta property=\"og:title\" content=\"SELETTI STUDIO JOB-Blow Chaise Pliante en M\u00e9tal Langue\" \/>\n<meta property=\"og:description\" content=\"D\u00e9couvrez SELETTI STUDIO JOB-Blow Chaise Pliante en M\u00e9tal Langue sur ErresseShop. Qualit\u00e9, prix r\u00e9duits et achat s\u00e9curis\u00e9 \u2013 commandez d\u00e8s maintenant en ligne !\" \/>\n<meta property=\"og:url\" content=\"https:\/\/www.erresse-shop.it\/fr\/shop\/ameublement-maison\/chaises-et-fauteuils\/seletti-studio-job-blow-chaise-pliante-en-metal-langue\/\" \/>\n<meta property=\"og:site_name\" content=\"Erresse Shop\" \/>\n<meta property=\"article:modified_time\" content=\"2025-01-13T15:07:35+00:00\" \/>\n<meta property=\"og:image\" content=\"https:\/\/www.erresse-shop.it\/wp-content\/uploads\/2019\/03\/products-18559.jpg\" \/>\n\t<meta property=\"og:image:width\" content=\"1200\" \/>\n\t<meta property=\"og:image:height\" content=\"1200\" \/>\n\t<meta property=\"og:image:type\" content=\"image\/jpeg\" \/>\n<meta name=\"twitter:card\" content=\"summary_large_image\" \/>\n<script type=\"application\/ld+json\" class=\"yoast-schema-graph\">{\"@context\":\"https:\/\/schema.org\",\"@graph\":[{\"@type\":\"WebPage\",\"@id\":\"https:\/\/www.erresse-shop.it\/fr\/shop\/ameublement-maison\/chaises-et-fauteuils\/seletti-studio-job-blow-chaise-pliante-en-metal-langue\/\",\"url\":\"https:\/\/www.erresse-shop.it\/fr\/shop\/ameublement-maison\/chaises-et-fauteuils\/seletti-studio-job-blow-chaise-pliante-en-metal-langue\/\",\"name\":\"SELETTI STUDIO JOB-Blow Chaise Pliante en M\u00e9tal Langue\",\"isPartOf\":{\"@id\":\"https:\/\/www.erresse-shop.it\/fr\/#website\"},\"datePublished\":\"2019-03-21T10:45:30+00:00\",\"dateModified\":\"2025-01-13T15:07:35+00:00\",\"description\":\"D\u00e9couvrez SELETTI STUDIO JOB-Blow Chaise Pliante en M\u00e9tal Langue sur ErresseShop. Qualit\u00e9, prix r\u00e9duits et achat s\u00e9curis\u00e9 \u2013 commandez d\u00e8s maintenant en ligne !\",\"breadcrumb\":{\"@id\":\"https:\/\/www.erresse-shop.it\/fr\/shop\/ameublement-maison\/chaises-et-fauteuils\/seletti-studio-job-blow-chaise-pliante-en-metal-langue\/#breadcrumb\"},\"inLanguage\":\"fr-FR\",\"potentialAction\":[{\"@type\":\"ReadAction\",\"target\":[\"https:\/\/www.erresse-shop.it\/fr\/shop\/ameublement-maison\/chaises-et-fauteuils\/seletti-studio-job-blow-chaise-pliante-en-metal-langue\/\"]}]},{\"@type\":\"BreadcrumbList\",\"@id\":\"https:\/\/www.erresse-shop.it\/fr\/shop\/ameublement-maison\/chaises-et-fauteuils\/seletti-studio-job-blow-chaise-pliante-en-metal-langue\/#breadcrumb\",\"itemListElement\":[{\"@type\":\"ListItem\",\"position\":1,\"name\":\"Home\",\"item\":\"https:\/\/www.erresse-shop.it\/fr\/\"},{\"@type\":\"ListItem\",\"position\":2,\"name\":\"Shop\",\"item\":\"https:\/\/www.erresse-shop.it\/fr\/shop\/\"},{\"@type\":\"ListItem\",\"position\":3,\"name\":\"SELETTI STUDIO JOB-Blow Chaise Pliante en M\u00e9tal Langue\"}]},{\"@type\":\"WebSite\",\"@id\":\"https:\/\/www.erresse-shop.it\/fr\/#website\",\"url\":\"https:\/\/www.erresse-shop.it\/fr\/\",\"name\":\"Erresse Shop\",\"description\":\"Articoli di qualit\u00e0 per la casa\",\"potentialAction\":[{\"@type\":\"SearchAction\",\"target\":{\"@type\":\"EntryPoint\",\"urlTemplate\":\"https:\/\/www.erresse-shop.it\/fr\/?s={search_term_string}\"},\"query-input\":\"required name=search_term_string\"}],\"inLanguage\":\"fr-FR\"}]}<\/script>\n<!-- \/ Yoast SEO Premium plugin. -->","yoast_head_json":{"title":"SELETTI STUDIO JOB-Blow Chaise Pliante en M\u00e9tal Langue","description":"D\u00e9couvrez SELETTI STUDIO JOB-Blow Chaise Pliante en M\u00e9tal Langue sur ErresseShop. Qualit\u00e9, prix r\u00e9duits et achat s\u00e9curis\u00e9 \u2013 commandez d\u00e8s maintenant en ligne !","robots":{"index":"index","follow":"follow","max-snippet":"max-snippet:-1","max-image-preview":"max-image-preview:large","max-video-preview":"max-video-preview:-1"},"canonical":"https:\/\/www.erresse-shop.it\/fr\/shop\/ameublement-maison\/chaises-et-fauteuils\/seletti-studio-job-blow-chaise-pliante-en-metal-langue\/","og_locale":"fr_FR","og_type":"article","og_title":"SELETTI STUDIO JOB-Blow Chaise Pliante en M\u00e9tal Langue","og_description":"D\u00e9couvrez SELETTI STUDIO JOB-Blow Chaise Pliante en M\u00e9tal Langue sur ErresseShop. Qualit\u00e9, prix r\u00e9duits et achat s\u00e9curis\u00e9 \u2013 commandez d\u00e8s maintenant en ligne !","og_url":"https:\/\/www.erresse-shop.it\/fr\/shop\/ameublement-maison\/chaises-et-fauteuils\/seletti-studio-job-blow-chaise-pliante-en-metal-langue\/","og_site_name":"Erresse Shop","article_modified_time":"2025-01-13T15:07:35+00:00","og_image":[{"width":1200,"height":1200,"url":"https:\/\/www.erresse-shop.it\/wp-content\/uploads\/2019\/03\/products-18559.jpg","type":"image\/jpeg"}],"twitter_card":"summary_large_image","schema":{"@context":"https:\/\/schema.org","@graph":[{"@type":"WebPage","@id":"https:\/\/www.erresse-shop.it\/fr\/shop\/ameublement-maison\/chaises-et-fauteuils\/seletti-studio-job-blow-chaise-pliante-en-metal-langue\/","url":"https:\/\/www.erresse-shop.it\/fr\/shop\/ameublement-maison\/chaises-et-fauteuils\/seletti-studio-job-blow-chaise-pliante-en-metal-langue\/","name":"SELETTI STUDIO JOB-Blow Chaise Pliante en M\u00e9tal Langue","isPartOf":{"@id":"https:\/\/www.erresse-shop.it\/fr\/#website"},"datePublished":"2019-03-21T10:45:30+00:00","dateModified":"2025-01-13T15:07:35+00:00","description":"D\u00e9couvrez SELETTI STUDIO JOB-Blow Chaise Pliante en M\u00e9tal Langue sur ErresseShop. Qualit\u00e9, prix r\u00e9duits et achat s\u00e9curis\u00e9 \u2013 commandez d\u00e8s maintenant en ligne !","breadcrumb":{"@id":"https:\/\/www.erresse-shop.it\/fr\/shop\/ameublement-maison\/chaises-et-fauteuils\/seletti-studio-job-blow-chaise-pliante-en-metal-langue\/#breadcrumb"},"inLanguage":"fr-FR","potentialAction":[{"@type":"ReadAction","target":["https:\/\/www.erresse-shop.it\/fr\/shop\/ameublement-maison\/chaises-et-fauteuils\/seletti-studio-job-blow-chaise-pliante-en-metal-langue\/"]}]},{"@type":"BreadcrumbList","@id":"https:\/\/www.erresse-shop.it\/fr\/shop\/ameublement-maison\/chaises-et-fauteuils\/seletti-studio-job-blow-chaise-pliante-en-metal-langue\/#breadcrumb","itemListElement":[{"@type":"ListItem","position":1,"name":"Home","item":"https:\/\/www.erresse-shop.it\/fr\/"},{"@type":"ListItem","position":2,"name":"Shop","item":"https:\/\/www.erresse-shop.it\/fr\/shop\/"},{"@type":"ListItem","position":3,"name":"SELETTI STUDIO JOB-Blow Chaise Pliante en M\u00e9tal Langue"}]},{"@type":"WebSite","@id":"https:\/\/www.erresse-shop.it\/fr\/#website","url":"https:\/\/www.erresse-shop.it\/fr\/","name":"Erresse Shop","description":"Articoli di qualit\u00e0 per la casa","potentialAction":[{"@type":"SearchAction","target":{"@type":"EntryPoint","urlTemplate":"https:\/\/www.erresse-shop.it\/fr\/?s={search_term_string}"},"query-input":"required name=search_term_string"}],"inLanguage":"fr-FR"}]}},"df_price":40.050000000000004,"df_sale_price":40.050000000000004,"df_regular_price":89,"df_image_link":"https:\/\/www.erresse-shop.it\/wp-content\/uploads\/2019\/03\/products-18559-300x300.jpg","_links":{"self":[{"href":"https:\/\/www.erresse-shop.it\/fr\/wp-json\/wp\/v2\/product\/109946"}],"collection":[{"href":"https:\/\/www.erresse-shop.it\/fr\/wp-json\/wp\/v2\/product"}],"about":[{"href":"https:\/\/www.erresse-shop.it\/fr\/wp-json\/wp\/v2\/types\/product"}],"wp:featuredmedia":[{"embeddable":true,"href":"https:\/\/www.erresse-shop.it\/fr\/wp-json\/wp\/v2\/media\/109947"}],"wp:attachment":[{"href":"https:\/\/www.erresse-shop.it\/fr\/wp-json\/wp\/v2\/media?parent=109946"}],"wp:term":[{"taxonomy":"product_cat","embeddable":true,"href":"https:\/\/www.erresse-shop.it\/fr\/wp-json\/wp\/v2\/product_cat?post=109946"},{"taxonomy":"product_tag","embeddable":true,"href":"https:\/\/www.erresse-shop.it\/fr\/wp-json\/wp\/v2\/product_tag?post=109946"}],"curies":[{"name":"wp","href":"https:\/\/api.w.org\/{rel}","templated":true}]}}