{"id":109779,"date":"2019-10-18T13:19:13","date_gmt":"2019-10-18T13:19:13","guid":{"rendered":"https:\/\/www.erresse-shop.it\/shop\/non%20class\u00e9\/seletti-lampe-bird-black-playing-outdoor\/"},"modified":"2025-01-13T15:07:00","modified_gmt":"2025-01-13T15:07:00","slug":"seletti-lampe-bird-black-playing-outdoor","status":"publish","type":"product","link":"https:\/\/www.erresse-shop.it\/fr\/shop\/cuisine\/seletti-lampe-bird-black-playing-outdoor\/","title":{"rendered":"SELETTI Lampe Bird Black Playing Outdoor"},"content":{"rendered":"<p>Comme dans un conte de f\u00e9es, trois courageux petits oiseaux font briller une lumi\u00e8re pour que vous puissiez trouver votre chemin. Ces oiseaux gentils et fantaisistes sont r\u00e9alis\u00e9s en r\u00e9sine en deux variantes de couleur, dessin\u00e9s par Marcantonio dans trois poses diff\u00e9rentes.<\/p>\n<p>Illuminez votre pi\u00e8ce avec l&#8217;aide d&#8217;un ami \u00e0 plumes.<\/p>\n<p><strong>Mat\u00e9riau :<\/strong> r\u00e9sine<br \/>\n<strong>Taille :<\/strong> cm 33,5 x 11,5 h. 10,5<br \/>\nPour usage int\u00e9rieur et ext\u00e9rieur &#8211; Ampoule LED incluse<br \/>\nLED E14 &#8211; 2W &#8211; 120 Lumen &#8211; 2200K &#8211; Lampe \u00e0 led chaude<br \/>\nVersion EU\/UK : entr\u00e9e 230V &#8211; 50 Hz<\/p>\n","protected":false},"excerpt":{"rendered":"<p>Comme dans un conte de f\u00e9es, trois courageux petits oiseaux font briller une lumi\u00e8re pour que vous puissiez trouver votre<\/p>\n","protected":false},"featured_media":285661,"template":"","meta":{"_acf_changed":false,"inline_featured_image":false},"product_cat":[12748],"product_tag":[13169,25021,17526,14261],"acf":[],"yoast_head":"<!-- This site is optimized with the Yoast SEO Premium plugin v18.6 (Yoast SEO v19.13) - https:\/\/yoast.com\/wordpress\/plugins\/seo\/ -->\n<title>SELETTI Lampe Bird Black Playing Outdoor<\/title>\n<meta name=\"description\" content=\"D\u00e9couvrez SELETTI Lampe Bird Black Playing Outdoor sur ErresseShop. Qualit\u00e9, prix r\u00e9duits et achat s\u00e9curis\u00e9 \u2013 commandez d\u00e8s maintenant en ligne !\" \/>\n<meta name=\"robots\" content=\"index, follow, max-snippet:-1, max-image-preview:large, max-video-preview:-1\" \/>\n<link rel=\"canonical\" href=\"https:\/\/www.erresse-shop.it\/fr\/shop\/cuisine\/seletti-lampe-bird-black-playing-outdoor\/\" \/>\n<meta property=\"og:locale\" content=\"fr_FR\" \/>\n<meta property=\"og:type\" content=\"article\" \/>\n<meta property=\"og:title\" content=\"SELETTI Lampe Bird Black Playing Outdoor\" \/>\n<meta property=\"og:description\" content=\"D\u00e9couvrez SELETTI Lampe Bird Black Playing Outdoor sur ErresseShop. Qualit\u00e9, prix r\u00e9duits et achat s\u00e9curis\u00e9 \u2013 commandez d\u00e8s maintenant en ligne !\" \/>\n<meta property=\"og:url\" content=\"https:\/\/www.erresse-shop.it\/fr\/shop\/cuisine\/seletti-lampe-bird-black-playing-outdoor\/\" \/>\n<meta property=\"og:site_name\" content=\"Erresse Shop\" \/>\n<meta property=\"article:modified_time\" content=\"2025-01-13T15:07:00+00:00\" \/>\n<meta property=\"og:image\" content=\"https:\/\/www.erresse-shop.it\/wp-content\/uploads\/2019\/10\/14736.jpg\" \/>\n\t<meta property=\"og:image:width\" content=\"2000\" \/>\n\t<meta property=\"og:image:height\" content=\"2000\" \/>\n\t<meta property=\"og:image:type\" content=\"image\/jpeg\" \/>\n<meta name=\"twitter:card\" content=\"summary_large_image\" \/>\n<script type=\"application\/ld+json\" class=\"yoast-schema-graph\">{\"@context\":\"https:\/\/schema.org\",\"@graph\":[{\"@type\":\"WebPage\",\"@id\":\"https:\/\/www.erresse-shop.it\/fr\/shop\/cuisine\/seletti-lampe-bird-black-playing-outdoor\/\",\"url\":\"https:\/\/www.erresse-shop.it\/fr\/shop\/cuisine\/seletti-lampe-bird-black-playing-outdoor\/\",\"name\":\"SELETTI Lampe Bird Black Playing Outdoor\",\"isPartOf\":{\"@id\":\"https:\/\/www.erresse-shop.it\/fr\/#website\"},\"datePublished\":\"2019-10-18T13:19:13+00:00\",\"dateModified\":\"2025-01-13T15:07:00+00:00\",\"description\":\"D\u00e9couvrez SELETTI Lampe Bird Black Playing Outdoor sur ErresseShop. Qualit\u00e9, prix r\u00e9duits et achat s\u00e9curis\u00e9 \u2013 commandez d\u00e8s maintenant en ligne !\",\"breadcrumb\":{\"@id\":\"https:\/\/www.erresse-shop.it\/fr\/shop\/cuisine\/seletti-lampe-bird-black-playing-outdoor\/#breadcrumb\"},\"inLanguage\":\"fr-FR\",\"potentialAction\":[{\"@type\":\"ReadAction\",\"target\":[\"https:\/\/www.erresse-shop.it\/fr\/shop\/cuisine\/seletti-lampe-bird-black-playing-outdoor\/\"]}]},{\"@type\":\"BreadcrumbList\",\"@id\":\"https:\/\/www.erresse-shop.it\/fr\/shop\/cuisine\/seletti-lampe-bird-black-playing-outdoor\/#breadcrumb\",\"itemListElement\":[{\"@type\":\"ListItem\",\"position\":1,\"name\":\"Home\",\"item\":\"https:\/\/www.erresse-shop.it\/fr\/\"},{\"@type\":\"ListItem\",\"position\":2,\"name\":\"Shop\",\"item\":\"https:\/\/www.erresse-shop.it\/fr\/shop\/\"},{\"@type\":\"ListItem\",\"position\":3,\"name\":\"SELETTI Lampe Bird Black Playing Outdoor\"}]},{\"@type\":\"WebSite\",\"@id\":\"https:\/\/www.erresse-shop.it\/fr\/#website\",\"url\":\"https:\/\/www.erresse-shop.it\/fr\/\",\"name\":\"Erresse Shop\",\"description\":\"Articoli di qualit\u00e0 per la casa\",\"potentialAction\":[{\"@type\":\"SearchAction\",\"target\":{\"@type\":\"EntryPoint\",\"urlTemplate\":\"https:\/\/www.erresse-shop.it\/fr\/?s={search_term_string}\"},\"query-input\":\"required name=search_term_string\"}],\"inLanguage\":\"fr-FR\"}]}<\/script>\n<!-- \/ Yoast SEO Premium plugin. -->","yoast_head_json":{"title":"SELETTI Lampe Bird Black Playing Outdoor","description":"D\u00e9couvrez SELETTI Lampe Bird Black Playing Outdoor sur ErresseShop. Qualit\u00e9, prix r\u00e9duits et achat s\u00e9curis\u00e9 \u2013 commandez d\u00e8s maintenant en ligne !","robots":{"index":"index","follow":"follow","max-snippet":"max-snippet:-1","max-image-preview":"max-image-preview:large","max-video-preview":"max-video-preview:-1"},"canonical":"https:\/\/www.erresse-shop.it\/fr\/shop\/cuisine\/seletti-lampe-bird-black-playing-outdoor\/","og_locale":"fr_FR","og_type":"article","og_title":"SELETTI Lampe Bird Black Playing Outdoor","og_description":"D\u00e9couvrez SELETTI Lampe Bird Black Playing Outdoor sur ErresseShop. Qualit\u00e9, prix r\u00e9duits et achat s\u00e9curis\u00e9 \u2013 commandez d\u00e8s maintenant en ligne !","og_url":"https:\/\/www.erresse-shop.it\/fr\/shop\/cuisine\/seletti-lampe-bird-black-playing-outdoor\/","og_site_name":"Erresse Shop","article_modified_time":"2025-01-13T15:07:00+00:00","og_image":[{"width":2000,"height":2000,"url":"https:\/\/www.erresse-shop.it\/wp-content\/uploads\/2019\/10\/14736.jpg","type":"image\/jpeg"}],"twitter_card":"summary_large_image","schema":{"@context":"https:\/\/schema.org","@graph":[{"@type":"WebPage","@id":"https:\/\/www.erresse-shop.it\/fr\/shop\/cuisine\/seletti-lampe-bird-black-playing-outdoor\/","url":"https:\/\/www.erresse-shop.it\/fr\/shop\/cuisine\/seletti-lampe-bird-black-playing-outdoor\/","name":"SELETTI Lampe Bird Black Playing Outdoor","isPartOf":{"@id":"https:\/\/www.erresse-shop.it\/fr\/#website"},"datePublished":"2019-10-18T13:19:13+00:00","dateModified":"2025-01-13T15:07:00+00:00","description":"D\u00e9couvrez SELETTI Lampe Bird Black Playing Outdoor sur ErresseShop. Qualit\u00e9, prix r\u00e9duits et achat s\u00e9curis\u00e9 \u2013 commandez d\u00e8s maintenant en ligne !","breadcrumb":{"@id":"https:\/\/www.erresse-shop.it\/fr\/shop\/cuisine\/seletti-lampe-bird-black-playing-outdoor\/#breadcrumb"},"inLanguage":"fr-FR","potentialAction":[{"@type":"ReadAction","target":["https:\/\/www.erresse-shop.it\/fr\/shop\/cuisine\/seletti-lampe-bird-black-playing-outdoor\/"]}]},{"@type":"BreadcrumbList","@id":"https:\/\/www.erresse-shop.it\/fr\/shop\/cuisine\/seletti-lampe-bird-black-playing-outdoor\/#breadcrumb","itemListElement":[{"@type":"ListItem","position":1,"name":"Home","item":"https:\/\/www.erresse-shop.it\/fr\/"},{"@type":"ListItem","position":2,"name":"Shop","item":"https:\/\/www.erresse-shop.it\/fr\/shop\/"},{"@type":"ListItem","position":3,"name":"SELETTI Lampe Bird Black Playing Outdoor"}]},{"@type":"WebSite","@id":"https:\/\/www.erresse-shop.it\/fr\/#website","url":"https:\/\/www.erresse-shop.it\/fr\/","name":"Erresse Shop","description":"Articoli di qualit\u00e0 per la casa","potentialAction":[{"@type":"SearchAction","target":{"@type":"EntryPoint","urlTemplate":"https:\/\/www.erresse-shop.it\/fr\/?s={search_term_string}"},"query-input":"required name=search_term_string"}],"inLanguage":"fr-FR"}]}},"df_price":168,"df_sale_price":168,"df_regular_price":168,"df_image_link":"https:\/\/www.erresse-shop.it\/wp-content\/uploads\/2019\/10\/14736-300x300.jpg","_links":{"self":[{"href":"https:\/\/www.erresse-shop.it\/fr\/wp-json\/wp\/v2\/product\/109779"}],"collection":[{"href":"https:\/\/www.erresse-shop.it\/fr\/wp-json\/wp\/v2\/product"}],"about":[{"href":"https:\/\/www.erresse-shop.it\/fr\/wp-json\/wp\/v2\/types\/product"}],"wp:featuredmedia":[{"embeddable":true,"href":"https:\/\/www.erresse-shop.it\/fr\/wp-json\/wp\/v2\/media\/285661"}],"wp:attachment":[{"href":"https:\/\/www.erresse-shop.it\/fr\/wp-json\/wp\/v2\/media?parent=109779"}],"wp:term":[{"taxonomy":"product_cat","embeddable":true,"href":"https:\/\/www.erresse-shop.it\/fr\/wp-json\/wp\/v2\/product_cat?post=109779"},{"taxonomy":"product_tag","embeddable":true,"href":"https:\/\/www.erresse-shop.it\/fr\/wp-json\/wp\/v2\/product_tag?post=109779"}],"curies":[{"name":"wp","href":"https:\/\/api.w.org\/{rel}","templated":true}]}}