{"id":108742,"date":"2014-06-21T18:16:02","date_gmt":"2014-06-21T18:16:02","guid":{"rendered":"https:\/\/www.erresse-shop.it\/shop\/non%20class\u00e9\/zafferano-vem-4300-set-de-6-verres-a-vin-blanc-et-mousseux\/"},"modified":"2025-01-13T15:06:28","modified_gmt":"2025-01-13T15:06:28","slug":"zafferano-vem-4300-set-de-6-verres-a-vin-blanc-et-mousseux","status":"publish","type":"product","link":"https:\/\/www.erresse-shop.it\/fr\/shop\/table-fr-2\/vin\/zafferano-vem-4300-set-de-6-verres-a-vin-blanc-et-mousseux\/","title":{"rendered":"ZAFFERANO VEM 4300 Set de 6 Verres \u00e0 Vin Blanc et Mousseux"},"content":{"rendered":"<p>Le design et la fonctionnalit\u00e9 inspirent le travail de <strong>Federico de Majo<\/strong>. Ses cr\u00e9ations vont des lignes les plus traditionnelles \u00e0 d&#8217;autres \u00e0 fort contenu technique, o\u00f9 s&#8217;expriment le go\u00fbt pour l&#8217;innovation et la recherche de produits.<\/p>\n<p>Avec Zafferano, l&#8217;exp\u00e9rience de la verrerie rencontre la culture du vin. L&#8217;histoire de Federico de Majo commence dans la verrerie familiale de Murano. C&#8217;est l\u00e0, au milieu des ann\u00e9es soixante-dix, que Federico de Majo a commenc\u00e9 \u00e0 se consacrer avec passion au verre souffl\u00e9 et artistique. Plus tard, l&#8217;attention et le go\u00fbt du bien boire feront na\u00eetre en lui le d\u00e9sir de cr\u00e9er une entreprise d\u00e9di\u00e9e \u00e0 la recherche et \u00e0 la production de verres de d\u00e9gustation.<\/p>\n<p><strong>VEM<\/strong><\/p>\n<p>Les formes sinueuses de cette ligne ne n\u00e9gligent pas la vocation technique de valoriser les aspects sensoriels de ces lunettes.<br \/>\nEn partant des plus petites tailles adapt\u00e9es aux bulles aux ar\u00f4mes primaires, nous passons aux fl\u00fbtes g\u00e9n\u00e9reuses pour mettre en valeur la puissance des champagnes et des m\u00e9thodes classiques, qu&#8217;ils soient mill\u00e9sim\u00e9s ou vieillis, et enfin aux deux derni\u00e8res tailles qui accueillent les rouges vieillis importants et amplifient les ar\u00f4mes gr\u00e2ce \u00e0 leur capacit\u00e9 et \u00e0 la grande surface de contact.<\/p>\n","protected":false},"excerpt":{"rendered":"<p>Le design et la fonctionnalit\u00e9 inspirent le travail de Federico de Majo. Ses cr\u00e9ations vont des lignes les plus traditionnelles<\/p>\n","protected":false},"featured_media":108740,"template":"","meta":{"_acf_changed":false,"inline_featured_image":false},"product_cat":[12782,14460,12754],"product_tag":[25026,15665,25021,12827,12856,15666,14592,15667,12826,14889,23682],"acf":[],"yoast_head":"<!-- This site is optimized with the Yoast SEO Premium plugin v18.6 (Yoast SEO v19.13) - https:\/\/yoast.com\/wordpress\/plugins\/seo\/ -->\n<title>ZAFFERANO VEM 4300 Set de 6 Verres \u00e0 Vin Blanc et Mousseux<\/title>\n<meta name=\"description\" content=\"D\u00e9couvrez ZAFFERANO VEM 4300 Set de 6 Verres \u00e0 Vin Blanc et Mousseux sur ErresseShop. Qualit\u00e9, prix r\u00e9duits et achat s\u00e9curis\u00e9 \u2013 commandez d\u00e8s maintenant en ligne !\" \/>\n<meta name=\"robots\" content=\"index, follow, max-snippet:-1, max-image-preview:large, max-video-preview:-1\" \/>\n<link rel=\"canonical\" href=\"https:\/\/www.erresse-shop.it\/fr\/shop\/table-fr-2\/vin\/zafferano-vem-4300-set-de-6-verres-a-vin-blanc-et-mousseux\/\" \/>\n<meta property=\"og:locale\" content=\"fr_FR\" \/>\n<meta property=\"og:type\" content=\"article\" \/>\n<meta property=\"og:title\" content=\"ZAFFERANO VEM 4300 Set de 6 Verres \u00e0 Vin Blanc et Mousseux\" \/>\n<meta property=\"og:description\" content=\"D\u00e9couvrez ZAFFERANO VEM 4300 Set de 6 Verres \u00e0 Vin Blanc et Mousseux sur ErresseShop. Qualit\u00e9, prix r\u00e9duits et achat s\u00e9curis\u00e9 \u2013 commandez d\u00e8s maintenant en ligne !\" \/>\n<meta property=\"og:url\" content=\"https:\/\/www.erresse-shop.it\/fr\/shop\/table-fr-2\/vin\/zafferano-vem-4300-set-de-6-verres-a-vin-blanc-et-mousseux\/\" \/>\n<meta property=\"og:site_name\" content=\"Erresse Shop\" \/>\n<meta property=\"article:modified_time\" content=\"2025-01-13T15:06:28+00:00\" \/>\n<meta property=\"og:image\" content=\"https:\/\/www.erresse-shop.it\/wp-content\/uploads\/2014\/06\/ZAFFERANO-6-Calici-VIno-Bianco-VEM4300.jpg\" \/>\n\t<meta property=\"og:image:width\" content=\"1000\" \/>\n\t<meta property=\"og:image:height\" content=\"1000\" \/>\n\t<meta property=\"og:image:type\" content=\"image\/jpeg\" \/>\n<meta name=\"twitter:card\" content=\"summary_large_image\" \/>\n<script type=\"application\/ld+json\" class=\"yoast-schema-graph\">{\"@context\":\"https:\/\/schema.org\",\"@graph\":[{\"@type\":\"WebPage\",\"@id\":\"https:\/\/www.erresse-shop.it\/fr\/shop\/table-fr-2\/vin\/zafferano-vem-4300-set-de-6-verres-a-vin-blanc-et-mousseux\/\",\"url\":\"https:\/\/www.erresse-shop.it\/fr\/shop\/table-fr-2\/vin\/zafferano-vem-4300-set-de-6-verres-a-vin-blanc-et-mousseux\/\",\"name\":\"ZAFFERANO VEM 4300 Set de 6 Verres \u00e0 Vin Blanc et Mousseux\",\"isPartOf\":{\"@id\":\"https:\/\/www.erresse-shop.it\/fr\/#website\"},\"datePublished\":\"2014-06-21T18:16:02+00:00\",\"dateModified\":\"2025-01-13T15:06:28+00:00\",\"description\":\"D\u00e9couvrez ZAFFERANO VEM 4300 Set de 6 Verres \u00e0 Vin Blanc et Mousseux sur ErresseShop. Qualit\u00e9, prix r\u00e9duits et achat s\u00e9curis\u00e9 \u2013 commandez d\u00e8s maintenant en ligne !\",\"breadcrumb\":{\"@id\":\"https:\/\/www.erresse-shop.it\/fr\/shop\/table-fr-2\/vin\/zafferano-vem-4300-set-de-6-verres-a-vin-blanc-et-mousseux\/#breadcrumb\"},\"inLanguage\":\"fr-FR\",\"potentialAction\":[{\"@type\":\"ReadAction\",\"target\":[\"https:\/\/www.erresse-shop.it\/fr\/shop\/table-fr-2\/vin\/zafferano-vem-4300-set-de-6-verres-a-vin-blanc-et-mousseux\/\"]}]},{\"@type\":\"BreadcrumbList\",\"@id\":\"https:\/\/www.erresse-shop.it\/fr\/shop\/table-fr-2\/vin\/zafferano-vem-4300-set-de-6-verres-a-vin-blanc-et-mousseux\/#breadcrumb\",\"itemListElement\":[{\"@type\":\"ListItem\",\"position\":1,\"name\":\"Home\",\"item\":\"https:\/\/www.erresse-shop.it\/fr\/\"},{\"@type\":\"ListItem\",\"position\":2,\"name\":\"Shop\",\"item\":\"https:\/\/www.erresse-shop.it\/fr\/shop\/\"},{\"@type\":\"ListItem\",\"position\":3,\"name\":\"ZAFFERANO VEM 4300 Set de 6 Verres \u00e0 Vin Blanc et Mousseux\"}]},{\"@type\":\"WebSite\",\"@id\":\"https:\/\/www.erresse-shop.it\/fr\/#website\",\"url\":\"https:\/\/www.erresse-shop.it\/fr\/\",\"name\":\"Erresse Shop\",\"description\":\"Articoli di qualit\u00e0 per la casa\",\"potentialAction\":[{\"@type\":\"SearchAction\",\"target\":{\"@type\":\"EntryPoint\",\"urlTemplate\":\"https:\/\/www.erresse-shop.it\/fr\/?s={search_term_string}\"},\"query-input\":\"required name=search_term_string\"}],\"inLanguage\":\"fr-FR\"}]}<\/script>\n<!-- \/ Yoast SEO Premium plugin. -->","yoast_head_json":{"title":"ZAFFERANO VEM 4300 Set de 6 Verres \u00e0 Vin Blanc et Mousseux","description":"D\u00e9couvrez ZAFFERANO VEM 4300 Set de 6 Verres \u00e0 Vin Blanc et Mousseux sur ErresseShop. Qualit\u00e9, prix r\u00e9duits et achat s\u00e9curis\u00e9 \u2013 commandez d\u00e8s maintenant en ligne !","robots":{"index":"index","follow":"follow","max-snippet":"max-snippet:-1","max-image-preview":"max-image-preview:large","max-video-preview":"max-video-preview:-1"},"canonical":"https:\/\/www.erresse-shop.it\/fr\/shop\/table-fr-2\/vin\/zafferano-vem-4300-set-de-6-verres-a-vin-blanc-et-mousseux\/","og_locale":"fr_FR","og_type":"article","og_title":"ZAFFERANO VEM 4300 Set de 6 Verres \u00e0 Vin Blanc et Mousseux","og_description":"D\u00e9couvrez ZAFFERANO VEM 4300 Set de 6 Verres \u00e0 Vin Blanc et Mousseux sur ErresseShop. Qualit\u00e9, prix r\u00e9duits et achat s\u00e9curis\u00e9 \u2013 commandez d\u00e8s maintenant en ligne !","og_url":"https:\/\/www.erresse-shop.it\/fr\/shop\/table-fr-2\/vin\/zafferano-vem-4300-set-de-6-verres-a-vin-blanc-et-mousseux\/","og_site_name":"Erresse Shop","article_modified_time":"2025-01-13T15:06:28+00:00","og_image":[{"width":1000,"height":1000,"url":"https:\/\/www.erresse-shop.it\/wp-content\/uploads\/2014\/06\/ZAFFERANO-6-Calici-VIno-Bianco-VEM4300.jpg","type":"image\/jpeg"}],"twitter_card":"summary_large_image","schema":{"@context":"https:\/\/schema.org","@graph":[{"@type":"WebPage","@id":"https:\/\/www.erresse-shop.it\/fr\/shop\/table-fr-2\/vin\/zafferano-vem-4300-set-de-6-verres-a-vin-blanc-et-mousseux\/","url":"https:\/\/www.erresse-shop.it\/fr\/shop\/table-fr-2\/vin\/zafferano-vem-4300-set-de-6-verres-a-vin-blanc-et-mousseux\/","name":"ZAFFERANO VEM 4300 Set de 6 Verres \u00e0 Vin Blanc et Mousseux","isPartOf":{"@id":"https:\/\/www.erresse-shop.it\/fr\/#website"},"datePublished":"2014-06-21T18:16:02+00:00","dateModified":"2025-01-13T15:06:28+00:00","description":"D\u00e9couvrez ZAFFERANO VEM 4300 Set de 6 Verres \u00e0 Vin Blanc et Mousseux sur ErresseShop. Qualit\u00e9, prix r\u00e9duits et achat s\u00e9curis\u00e9 \u2013 commandez d\u00e8s maintenant en ligne !","breadcrumb":{"@id":"https:\/\/www.erresse-shop.it\/fr\/shop\/table-fr-2\/vin\/zafferano-vem-4300-set-de-6-verres-a-vin-blanc-et-mousseux\/#breadcrumb"},"inLanguage":"fr-FR","potentialAction":[{"@type":"ReadAction","target":["https:\/\/www.erresse-shop.it\/fr\/shop\/table-fr-2\/vin\/zafferano-vem-4300-set-de-6-verres-a-vin-blanc-et-mousseux\/"]}]},{"@type":"BreadcrumbList","@id":"https:\/\/www.erresse-shop.it\/fr\/shop\/table-fr-2\/vin\/zafferano-vem-4300-set-de-6-verres-a-vin-blanc-et-mousseux\/#breadcrumb","itemListElement":[{"@type":"ListItem","position":1,"name":"Home","item":"https:\/\/www.erresse-shop.it\/fr\/"},{"@type":"ListItem","position":2,"name":"Shop","item":"https:\/\/www.erresse-shop.it\/fr\/shop\/"},{"@type":"ListItem","position":3,"name":"ZAFFERANO VEM 4300 Set de 6 Verres \u00e0 Vin Blanc et Mousseux"}]},{"@type":"WebSite","@id":"https:\/\/www.erresse-shop.it\/fr\/#website","url":"https:\/\/www.erresse-shop.it\/fr\/","name":"Erresse Shop","description":"Articoli di qualit\u00e0 per la casa","potentialAction":[{"@type":"SearchAction","target":{"@type":"EntryPoint","urlTemplate":"https:\/\/www.erresse-shop.it\/fr\/?s={search_term_string}"},"query-input":"required name=search_term_string"}],"inLanguage":"fr-FR"}]}},"df_price":24.3,"df_sale_price":24.3,"df_regular_price":54,"df_image_link":"https:\/\/www.erresse-shop.it\/wp-content\/uploads\/2014\/06\/ZAFFERANO-6-Calici-VIno-Bianco-VEM4300-300x300.jpg","_links":{"self":[{"href":"https:\/\/www.erresse-shop.it\/fr\/wp-json\/wp\/v2\/product\/108742"}],"collection":[{"href":"https:\/\/www.erresse-shop.it\/fr\/wp-json\/wp\/v2\/product"}],"about":[{"href":"https:\/\/www.erresse-shop.it\/fr\/wp-json\/wp\/v2\/types\/product"}],"wp:featuredmedia":[{"embeddable":true,"href":"https:\/\/www.erresse-shop.it\/fr\/wp-json\/wp\/v2\/media\/108740"}],"wp:attachment":[{"href":"https:\/\/www.erresse-shop.it\/fr\/wp-json\/wp\/v2\/media?parent=108742"}],"wp:term":[{"taxonomy":"product_cat","embeddable":true,"href":"https:\/\/www.erresse-shop.it\/fr\/wp-json\/wp\/v2\/product_cat?post=108742"},{"taxonomy":"product_tag","embeddable":true,"href":"https:\/\/www.erresse-shop.it\/fr\/wp-json\/wp\/v2\/product_tag?post=108742"}],"curies":[{"name":"wp","href":"https:\/\/api.w.org\/{rel}","templated":true}]}}