{"id":107513,"date":"2021-07-01T09:57:11","date_gmt":"2021-07-01T09:57:13","guid":{"rendered":"https:\/\/www.erresse-shop.it\/?post_type=product&#038;p=107513"},"modified":"2025-10-23T19:40:07","modified_gmt":"2025-10-23T19:40:07","slug":"les-jardins-de-la-comtesse-panier-pique-nique-4-personnes-marly","status":"publish","type":"product","link":"https:\/\/www.erresse-shop.it\/fr\/shop\/table-fr-2\/paniers-pique-nique\/les-jardins-de-la-comtesse-panier-pique-nique-4-personnes-marly\/","title":{"rendered":"LES JARDINS DE LA COMTESSE Panier Pique-nique 4 Personnes Marly"},"content":{"rendered":"<p>Le panier de pique-nique en osier <strong>&#8220;Marly&#8221;<\/strong> est pratique, avec un grand et \u00e9l\u00e9gant compartiment isotherme et un int\u00e9rieur avec des carreaux rouges et blancs.<br \/>\n\u00c9l\u00e9gant et classique, ce panier en osier patin\u00e9 vous accompagnera dans tous vos repas en plein air.<\/p>\n<p>Contenu :<\/p>\n<ul>\n<li>4 assiettes en c\u00e9ramique de couleur cr\u00e8me avec les armoiries des Jardins de la Comtesse, diam\u00e8tre 20cm<\/li>\n<li>4 verres \u00e0 vin en verre (12 cl),<\/li>\n<li>4 jeux complets de couverts en acier inoxydable avec manches en m\u00e9lamine<\/li>\n<li>blanche.<\/li>\n<li>1 ensemble burette \u00e0 huile et poivri\u00e8re,<\/li>\n<li>1 tire-bouchon \/ d\u00e9capsuleur blanc<\/li>\n<li>2 attaches pour maintenir une bouteille \u00e0 l&#8217;int\u00e9rieur du compartiment isotherme.<\/li>\n<li>1 petit sac pour ranger la vaisselle sale<\/li>\n<\/ul>\n<p>Ses assiettes, verres, couverts et accessoires passent au lave-vaisselle.<br \/>\nDimensions : 46 x 31 x 20 cm.<br \/>\nPoids : 4200 gr.<\/p>\n","protected":false},"excerpt":{"rendered":"<p>Le panier de pique-nique en osier &#8220;Marly&#8221; est pratique, avec un grand et \u00e9l\u00e9gant compartiment isotherme et un int\u00e9rieur avec<\/p>\n","protected":false},"featured_media":107518,"template":"","meta":{"_acf_changed":false,"inline_featured_image":false},"product_cat":[15510,12782],"product_tag":[25036,13384,25021,24397,13485,15502,24603],"acf":[],"yoast_head":"<!-- This site is optimized with the Yoast SEO Premium plugin v18.6 (Yoast SEO v19.13) - https:\/\/yoast.com\/wordpress\/plugins\/seo\/ -->\n<title>LES JARDINS DE LA COMTESSE Panier Pique-nique 4 Personnes Marly<\/title>\n<meta name=\"description\" content=\"D\u00e9couvrez LES JARDINS DE LA COMTESSE Panier Pique-nique 4 Personnes Marly sur ErresseShop. Qualit\u00e9, prix r\u00e9duits et achat s\u00e9curis\u00e9 \u2013 commandez d\u00e8s maintenant en ligne !\" \/>\n<meta name=\"robots\" content=\"index, follow, max-snippet:-1, max-image-preview:large, max-video-preview:-1\" \/>\n<link rel=\"canonical\" href=\"https:\/\/www.erresse-shop.it\/fr\/shop\/table-fr-2\/paniers-pique-nique\/les-jardins-de-la-comtesse-panier-pique-nique-4-personnes-marly\/\" \/>\n<meta property=\"og:locale\" content=\"fr_FR\" \/>\n<meta property=\"og:type\" content=\"article\" \/>\n<meta property=\"og:title\" content=\"LES JARDINS DE LA COMTESSE Panier Pique-nique 4 Personnes Marly\" \/>\n<meta property=\"og:description\" content=\"D\u00e9couvrez LES JARDINS DE LA COMTESSE Panier Pique-nique 4 Personnes Marly sur ErresseShop. Qualit\u00e9, prix r\u00e9duits et achat s\u00e9curis\u00e9 \u2013 commandez d\u00e8s maintenant en ligne !\" \/>\n<meta property=\"og:url\" content=\"https:\/\/www.erresse-shop.it\/fr\/shop\/table-fr-2\/paniers-pique-nique\/les-jardins-de-la-comtesse-panier-pique-nique-4-personnes-marly\/\" \/>\n<meta property=\"og:site_name\" content=\"Erresse Shop\" \/>\n<meta property=\"article:modified_time\" content=\"2025-10-23T19:40:07+00:00\" \/>\n<meta property=\"og:image\" content=\"https:\/\/www.erresse-shop.it\/wp-content\/uploads\/2021\/07\/P-1914.jpg\" \/>\n\t<meta property=\"og:image:width\" content=\"860\" \/>\n\t<meta property=\"og:image:height\" content=\"1000\" \/>\n\t<meta property=\"og:image:type\" content=\"image\/jpeg\" \/>\n<meta name=\"twitter:card\" content=\"summary_large_image\" \/>\n<script type=\"application\/ld+json\" class=\"yoast-schema-graph\">{\"@context\":\"https:\/\/schema.org\",\"@graph\":[{\"@type\":\"WebPage\",\"@id\":\"https:\/\/www.erresse-shop.it\/fr\/shop\/table-fr-2\/paniers-pique-nique\/les-jardins-de-la-comtesse-panier-pique-nique-4-personnes-marly\/\",\"url\":\"https:\/\/www.erresse-shop.it\/fr\/shop\/table-fr-2\/paniers-pique-nique\/les-jardins-de-la-comtesse-panier-pique-nique-4-personnes-marly\/\",\"name\":\"LES JARDINS DE LA COMTESSE Panier Pique-nique 4 Personnes Marly\",\"isPartOf\":{\"@id\":\"https:\/\/www.erresse-shop.it\/fr\/#website\"},\"datePublished\":\"2021-07-01T09:57:13+00:00\",\"dateModified\":\"2025-10-23T19:40:07+00:00\",\"description\":\"D\u00e9couvrez LES JARDINS DE LA COMTESSE Panier Pique-nique 4 Personnes Marly sur ErresseShop. Qualit\u00e9, prix r\u00e9duits et achat s\u00e9curis\u00e9 \u2013 commandez d\u00e8s maintenant en ligne !\",\"breadcrumb\":{\"@id\":\"https:\/\/www.erresse-shop.it\/fr\/shop\/table-fr-2\/paniers-pique-nique\/les-jardins-de-la-comtesse-panier-pique-nique-4-personnes-marly\/#breadcrumb\"},\"inLanguage\":\"fr-FR\",\"potentialAction\":[{\"@type\":\"ReadAction\",\"target\":[\"https:\/\/www.erresse-shop.it\/fr\/shop\/table-fr-2\/paniers-pique-nique\/les-jardins-de-la-comtesse-panier-pique-nique-4-personnes-marly\/\"]}]},{\"@type\":\"BreadcrumbList\",\"@id\":\"https:\/\/www.erresse-shop.it\/fr\/shop\/table-fr-2\/paniers-pique-nique\/les-jardins-de-la-comtesse-panier-pique-nique-4-personnes-marly\/#breadcrumb\",\"itemListElement\":[{\"@type\":\"ListItem\",\"position\":1,\"name\":\"Home\",\"item\":\"https:\/\/www.erresse-shop.it\/fr\/\"},{\"@type\":\"ListItem\",\"position\":2,\"name\":\"Shop\",\"item\":\"https:\/\/www.erresse-shop.it\/fr\/shop\/\"},{\"@type\":\"ListItem\",\"position\":3,\"name\":\"LES JARDINS DE LA COMTESSE Panier Pique-nique 4 Personnes Marly\"}]},{\"@type\":\"WebSite\",\"@id\":\"https:\/\/www.erresse-shop.it\/fr\/#website\",\"url\":\"https:\/\/www.erresse-shop.it\/fr\/\",\"name\":\"Erresse Shop\",\"description\":\"Articoli di qualit\u00e0 per la casa\",\"potentialAction\":[{\"@type\":\"SearchAction\",\"target\":{\"@type\":\"EntryPoint\",\"urlTemplate\":\"https:\/\/www.erresse-shop.it\/fr\/?s={search_term_string}\"},\"query-input\":\"required name=search_term_string\"}],\"inLanguage\":\"fr-FR\"}]}<\/script>\n<!-- \/ Yoast SEO Premium plugin. -->","yoast_head_json":{"title":"LES JARDINS DE LA COMTESSE Panier Pique-nique 4 Personnes Marly","description":"D\u00e9couvrez LES JARDINS DE LA COMTESSE Panier Pique-nique 4 Personnes Marly sur ErresseShop. Qualit\u00e9, prix r\u00e9duits et achat s\u00e9curis\u00e9 \u2013 commandez d\u00e8s maintenant en ligne !","robots":{"index":"index","follow":"follow","max-snippet":"max-snippet:-1","max-image-preview":"max-image-preview:large","max-video-preview":"max-video-preview:-1"},"canonical":"https:\/\/www.erresse-shop.it\/fr\/shop\/table-fr-2\/paniers-pique-nique\/les-jardins-de-la-comtesse-panier-pique-nique-4-personnes-marly\/","og_locale":"fr_FR","og_type":"article","og_title":"LES JARDINS DE LA COMTESSE Panier Pique-nique 4 Personnes Marly","og_description":"D\u00e9couvrez LES JARDINS DE LA COMTESSE Panier Pique-nique 4 Personnes Marly sur ErresseShop. Qualit\u00e9, prix r\u00e9duits et achat s\u00e9curis\u00e9 \u2013 commandez d\u00e8s maintenant en ligne !","og_url":"https:\/\/www.erresse-shop.it\/fr\/shop\/table-fr-2\/paniers-pique-nique\/les-jardins-de-la-comtesse-panier-pique-nique-4-personnes-marly\/","og_site_name":"Erresse Shop","article_modified_time":"2025-10-23T19:40:07+00:00","og_image":[{"width":860,"height":1000,"url":"https:\/\/www.erresse-shop.it\/wp-content\/uploads\/2021\/07\/P-1914.jpg","type":"image\/jpeg"}],"twitter_card":"summary_large_image","schema":{"@context":"https:\/\/schema.org","@graph":[{"@type":"WebPage","@id":"https:\/\/www.erresse-shop.it\/fr\/shop\/table-fr-2\/paniers-pique-nique\/les-jardins-de-la-comtesse-panier-pique-nique-4-personnes-marly\/","url":"https:\/\/www.erresse-shop.it\/fr\/shop\/table-fr-2\/paniers-pique-nique\/les-jardins-de-la-comtesse-panier-pique-nique-4-personnes-marly\/","name":"LES JARDINS DE LA COMTESSE Panier Pique-nique 4 Personnes Marly","isPartOf":{"@id":"https:\/\/www.erresse-shop.it\/fr\/#website"},"datePublished":"2021-07-01T09:57:13+00:00","dateModified":"2025-10-23T19:40:07+00:00","description":"D\u00e9couvrez LES JARDINS DE LA COMTESSE Panier Pique-nique 4 Personnes Marly sur ErresseShop. Qualit\u00e9, prix r\u00e9duits et achat s\u00e9curis\u00e9 \u2013 commandez d\u00e8s maintenant en ligne !","breadcrumb":{"@id":"https:\/\/www.erresse-shop.it\/fr\/shop\/table-fr-2\/paniers-pique-nique\/les-jardins-de-la-comtesse-panier-pique-nique-4-personnes-marly\/#breadcrumb"},"inLanguage":"fr-FR","potentialAction":[{"@type":"ReadAction","target":["https:\/\/www.erresse-shop.it\/fr\/shop\/table-fr-2\/paniers-pique-nique\/les-jardins-de-la-comtesse-panier-pique-nique-4-personnes-marly\/"]}]},{"@type":"BreadcrumbList","@id":"https:\/\/www.erresse-shop.it\/fr\/shop\/table-fr-2\/paniers-pique-nique\/les-jardins-de-la-comtesse-panier-pique-nique-4-personnes-marly\/#breadcrumb","itemListElement":[{"@type":"ListItem","position":1,"name":"Home","item":"https:\/\/www.erresse-shop.it\/fr\/"},{"@type":"ListItem","position":2,"name":"Shop","item":"https:\/\/www.erresse-shop.it\/fr\/shop\/"},{"@type":"ListItem","position":3,"name":"LES JARDINS DE LA COMTESSE Panier Pique-nique 4 Personnes Marly"}]},{"@type":"WebSite","@id":"https:\/\/www.erresse-shop.it\/fr\/#website","url":"https:\/\/www.erresse-shop.it\/fr\/","name":"Erresse Shop","description":"Articoli di qualit\u00e0 per la casa","potentialAction":[{"@type":"SearchAction","target":{"@type":"EntryPoint","urlTemplate":"https:\/\/www.erresse-shop.it\/fr\/?s={search_term_string}"},"query-input":"required name=search_term_string"}],"inLanguage":"fr-FR"}]}},"df_price":98.8,"df_sale_price":98.8,"df_regular_price":119,"df_image_link":"https:\/\/www.erresse-shop.it\/wp-content\/uploads\/2021\/07\/P-1914-258x300.jpg","_links":{"self":[{"href":"https:\/\/www.erresse-shop.it\/fr\/wp-json\/wp\/v2\/product\/107513"}],"collection":[{"href":"https:\/\/www.erresse-shop.it\/fr\/wp-json\/wp\/v2\/product"}],"about":[{"href":"https:\/\/www.erresse-shop.it\/fr\/wp-json\/wp\/v2\/types\/product"}],"wp:featuredmedia":[{"embeddable":true,"href":"https:\/\/www.erresse-shop.it\/fr\/wp-json\/wp\/v2\/media\/107518"}],"wp:attachment":[{"href":"https:\/\/www.erresse-shop.it\/fr\/wp-json\/wp\/v2\/media?parent=107513"}],"wp:term":[{"taxonomy":"product_cat","embeddable":true,"href":"https:\/\/www.erresse-shop.it\/fr\/wp-json\/wp\/v2\/product_cat?post=107513"},{"taxonomy":"product_tag","embeddable":true,"href":"https:\/\/www.erresse-shop.it\/fr\/wp-json\/wp\/v2\/product_tag?post=107513"}],"curies":[{"name":"wp","href":"https:\/\/api.w.org\/{rel}","templated":true}]}}