{"id":107482,"date":"2021-07-01T09:32:41","date_gmt":"2021-07-01T09:32:42","guid":{"rendered":"https:\/\/www.erresse-shop.it\/?post_type=product&#038;p=107482"},"modified":"2025-05-09T12:40:07","modified_gmt":"2025-05-09T12:40:07","slug":"les-jardins-de-la-comtesse-panier-pique-nique-4-personnes-fontainebleau","status":"publish","type":"product","link":"https:\/\/www.erresse-shop.it\/fr\/shop\/table-fr-2\/paniers-pique-nique\/les-jardins-de-la-comtesse-panier-pique-nique-4-personnes-fontainebleau\/","title":{"rendered":"LES JARDINS DE LA COMTESSE Panier Pique-nique 4 Personnes Fontainebleau"},"content":{"rendered":"<p>Un panier de pique-nique qui ravira les amoureux entre amis ou en famille !<br \/>\nLe panier de pique-nique <strong>&#8220;Fontainebleau&#8221;<\/strong> a \u00e9t\u00e9 fabriqu\u00e9 \u00e0 la main en osier naturel. Il est con\u00e7u pour 4 personnes, pour sublimer vos d\u00e9jeuners entre amis ou en famille, le temps d&#8217;un week-end dans un parc ou sur la plage. Chic et pratique, vous trouverez \u00e0 l&#8217;int\u00e9rieur du panier &#8220;Fontainebleau&#8221; 4 compartiments pour ranger les verres, ainsi qu&#8217;un compartiment isotherme avec une fermeture \u00e9clair. Ce compartiment sera tr\u00e8s utile pour conserver vos aliments au frais ou au chaud, pendant que vous trouverez l&#8217;endroit id\u00e9al pour votre pique-nique. Placez une bouteille \u00e0 l&#8217;int\u00e9rieur, gr\u00e2ce aux sangles qui se trouvent dans le compartiment isotherme.<br \/>\nLe panier &#8220;Fontainebleau&#8221; est doubl\u00e9 d&#8217;un tissu en coton, avec des rayures verticales bleues et blanches qui lui donnent une touche tr\u00e8s moderne.<br \/>\nIl est dot\u00e9 d&#8217;une bandouli\u00e8re qui permet de le porter plus facilement \u00e0 l&#8217;\u00e9paule. Sinon, son \u00e9l\u00e9gante poign\u00e9e en similicuir bleu sur le dessus vous permet de la transporter comme une valise.<\/p>\n<p>Vous l&#8217;aurez devin\u00e9, en plus d&#8217;\u00eatre l&#8217;accessoire tendance de l&#8217;\u00e9t\u00e9, ce panier sera tr\u00e8s utile pour passer le temps autour du d\u00e9jeuner !<\/p>\n<ul>\n<li>4 assiettes en porcelaine blanche diam\u00e8tre 20,5 cm.<\/li>\n<li>4 serviettes de table,<\/li>\n<li>4 verres \u00e0 vin en verre (12 cl),<\/li>\n<li>4 jeux complets de couverts en acier inoxydable<\/li>\n<li>1 sali\u00e8re \/ 1 poivri\u00e8re<\/li>\n<li>1 tire-bouchon \/ d\u00e9capsuleur<\/li>\n<li>1 petit sac pour ranger la vaisselle sale<\/li>\n<\/ul>\n<p>&#8211; Longueur : 51 cm<br \/>\n&#8211; Largeur : 36 cm<br \/>\n&#8211; Hauteur : 22 cm<br \/>\n&#8211; Poids : 3 800 g<\/p>\n","protected":false},"excerpt":{"rendered":"<p>Un panier de pique-nique qui ravira les amoureux entre amis ou en famille ! Le panier de pique-nique &#8220;Fontainebleau&#8221; a<\/p>\n","protected":false},"featured_media":107487,"template":"","meta":{"_acf_changed":false,"inline_featured_image":false},"product_cat":[15510,12782],"product_tag":[25036,13384,25021,24397,13485,15502,24603],"acf":[],"yoast_head":"<!-- This site is optimized with the Yoast SEO Premium plugin v18.6 (Yoast SEO v19.13) - https:\/\/yoast.com\/wordpress\/plugins\/seo\/ -->\n<title>LES JARDINS DE LA COMTESSE Panier Pique-nique 4 Personnes Fontainebleau<\/title>\n<meta name=\"description\" content=\"D\u00e9couvrez LES JARDINS DE LA COMTESSE Panier Pique-nique 4 Personnes Fontainebleau sur ErresseShop. Qualit\u00e9, prix r\u00e9duits et achat s\u00e9curis\u00e9 \u2013 commandez d\u00e8s maintenant en ligne !\" \/>\n<meta name=\"robots\" content=\"index, follow, max-snippet:-1, max-image-preview:large, max-video-preview:-1\" \/>\n<link rel=\"canonical\" href=\"https:\/\/www.erresse-shop.it\/fr\/shop\/table-fr-2\/paniers-pique-nique\/les-jardins-de-la-comtesse-panier-pique-nique-4-personnes-fontainebleau\/\" \/>\n<meta property=\"og:locale\" content=\"fr_FR\" \/>\n<meta property=\"og:type\" content=\"article\" \/>\n<meta property=\"og:title\" content=\"LES JARDINS DE LA COMTESSE Panier Pique-nique 4 Personnes Fontainebleau\" \/>\n<meta property=\"og:description\" content=\"D\u00e9couvrez LES JARDINS DE LA COMTESSE Panier Pique-nique 4 Personnes Fontainebleau sur ErresseShop. Qualit\u00e9, prix r\u00e9duits et achat s\u00e9curis\u00e9 \u2013 commandez d\u00e8s maintenant en ligne !\" \/>\n<meta property=\"og:url\" content=\"https:\/\/www.erresse-shop.it\/fr\/shop\/table-fr-2\/paniers-pique-nique\/les-jardins-de-la-comtesse-panier-pique-nique-4-personnes-fontainebleau\/\" \/>\n<meta property=\"og:site_name\" content=\"Erresse Shop\" \/>\n<meta property=\"article:modified_time\" content=\"2025-05-09T12:40:07+00:00\" \/>\n<meta property=\"og:image\" content=\"https:\/\/www.erresse-shop.it\/wp-content\/uploads\/2021\/07\/P-4000.jpg\" \/>\n\t<meta property=\"og:image:width\" content=\"1299\" \/>\n\t<meta property=\"og:image:height\" content=\"1394\" \/>\n\t<meta property=\"og:image:type\" content=\"image\/jpeg\" \/>\n<meta name=\"twitter:card\" content=\"summary_large_image\" \/>\n<script type=\"application\/ld+json\" class=\"yoast-schema-graph\">{\"@context\":\"https:\/\/schema.org\",\"@graph\":[{\"@type\":\"WebPage\",\"@id\":\"https:\/\/www.erresse-shop.it\/fr\/shop\/table-fr-2\/paniers-pique-nique\/les-jardins-de-la-comtesse-panier-pique-nique-4-personnes-fontainebleau\/\",\"url\":\"https:\/\/www.erresse-shop.it\/fr\/shop\/table-fr-2\/paniers-pique-nique\/les-jardins-de-la-comtesse-panier-pique-nique-4-personnes-fontainebleau\/\",\"name\":\"LES JARDINS DE LA COMTESSE Panier Pique-nique 4 Personnes Fontainebleau\",\"isPartOf\":{\"@id\":\"https:\/\/www.erresse-shop.it\/fr\/#website\"},\"datePublished\":\"2021-07-01T09:32:42+00:00\",\"dateModified\":\"2025-05-09T12:40:07+00:00\",\"description\":\"D\u00e9couvrez LES JARDINS DE LA COMTESSE Panier Pique-nique 4 Personnes Fontainebleau sur ErresseShop. Qualit\u00e9, prix r\u00e9duits et achat s\u00e9curis\u00e9 \u2013 commandez d\u00e8s maintenant en ligne !\",\"breadcrumb\":{\"@id\":\"https:\/\/www.erresse-shop.it\/fr\/shop\/table-fr-2\/paniers-pique-nique\/les-jardins-de-la-comtesse-panier-pique-nique-4-personnes-fontainebleau\/#breadcrumb\"},\"inLanguage\":\"fr-FR\",\"potentialAction\":[{\"@type\":\"ReadAction\",\"target\":[\"https:\/\/www.erresse-shop.it\/fr\/shop\/table-fr-2\/paniers-pique-nique\/les-jardins-de-la-comtesse-panier-pique-nique-4-personnes-fontainebleau\/\"]}]},{\"@type\":\"BreadcrumbList\",\"@id\":\"https:\/\/www.erresse-shop.it\/fr\/shop\/table-fr-2\/paniers-pique-nique\/les-jardins-de-la-comtesse-panier-pique-nique-4-personnes-fontainebleau\/#breadcrumb\",\"itemListElement\":[{\"@type\":\"ListItem\",\"position\":1,\"name\":\"Home\",\"item\":\"https:\/\/www.erresse-shop.it\/fr\/\"},{\"@type\":\"ListItem\",\"position\":2,\"name\":\"Shop\",\"item\":\"https:\/\/www.erresse-shop.it\/fr\/shop\/\"},{\"@type\":\"ListItem\",\"position\":3,\"name\":\"LES JARDINS DE LA COMTESSE Panier Pique-nique 4 Personnes Fontainebleau\"}]},{\"@type\":\"WebSite\",\"@id\":\"https:\/\/www.erresse-shop.it\/fr\/#website\",\"url\":\"https:\/\/www.erresse-shop.it\/fr\/\",\"name\":\"Erresse Shop\",\"description\":\"Articoli di qualit\u00e0 per la casa\",\"potentialAction\":[{\"@type\":\"SearchAction\",\"target\":{\"@type\":\"EntryPoint\",\"urlTemplate\":\"https:\/\/www.erresse-shop.it\/fr\/?s={search_term_string}\"},\"query-input\":\"required name=search_term_string\"}],\"inLanguage\":\"fr-FR\"}]}<\/script>\n<!-- \/ Yoast SEO Premium plugin. -->","yoast_head_json":{"title":"LES JARDINS DE LA COMTESSE Panier Pique-nique 4 Personnes Fontainebleau","description":"D\u00e9couvrez LES JARDINS DE LA COMTESSE Panier Pique-nique 4 Personnes Fontainebleau sur ErresseShop. Qualit\u00e9, prix r\u00e9duits et achat s\u00e9curis\u00e9 \u2013 commandez d\u00e8s maintenant en ligne !","robots":{"index":"index","follow":"follow","max-snippet":"max-snippet:-1","max-image-preview":"max-image-preview:large","max-video-preview":"max-video-preview:-1"},"canonical":"https:\/\/www.erresse-shop.it\/fr\/shop\/table-fr-2\/paniers-pique-nique\/les-jardins-de-la-comtesse-panier-pique-nique-4-personnes-fontainebleau\/","og_locale":"fr_FR","og_type":"article","og_title":"LES JARDINS DE LA COMTESSE Panier Pique-nique 4 Personnes Fontainebleau","og_description":"D\u00e9couvrez LES JARDINS DE LA COMTESSE Panier Pique-nique 4 Personnes Fontainebleau sur ErresseShop. Qualit\u00e9, prix r\u00e9duits et achat s\u00e9curis\u00e9 \u2013 commandez d\u00e8s maintenant en ligne !","og_url":"https:\/\/www.erresse-shop.it\/fr\/shop\/table-fr-2\/paniers-pique-nique\/les-jardins-de-la-comtesse-panier-pique-nique-4-personnes-fontainebleau\/","og_site_name":"Erresse Shop","article_modified_time":"2025-05-09T12:40:07+00:00","og_image":[{"width":1299,"height":1394,"url":"https:\/\/www.erresse-shop.it\/wp-content\/uploads\/2021\/07\/P-4000.jpg","type":"image\/jpeg"}],"twitter_card":"summary_large_image","schema":{"@context":"https:\/\/schema.org","@graph":[{"@type":"WebPage","@id":"https:\/\/www.erresse-shop.it\/fr\/shop\/table-fr-2\/paniers-pique-nique\/les-jardins-de-la-comtesse-panier-pique-nique-4-personnes-fontainebleau\/","url":"https:\/\/www.erresse-shop.it\/fr\/shop\/table-fr-2\/paniers-pique-nique\/les-jardins-de-la-comtesse-panier-pique-nique-4-personnes-fontainebleau\/","name":"LES JARDINS DE LA COMTESSE Panier Pique-nique 4 Personnes Fontainebleau","isPartOf":{"@id":"https:\/\/www.erresse-shop.it\/fr\/#website"},"datePublished":"2021-07-01T09:32:42+00:00","dateModified":"2025-05-09T12:40:07+00:00","description":"D\u00e9couvrez LES JARDINS DE LA COMTESSE Panier Pique-nique 4 Personnes Fontainebleau sur ErresseShop. Qualit\u00e9, prix r\u00e9duits et achat s\u00e9curis\u00e9 \u2013 commandez d\u00e8s maintenant en ligne !","breadcrumb":{"@id":"https:\/\/www.erresse-shop.it\/fr\/shop\/table-fr-2\/paniers-pique-nique\/les-jardins-de-la-comtesse-panier-pique-nique-4-personnes-fontainebleau\/#breadcrumb"},"inLanguage":"fr-FR","potentialAction":[{"@type":"ReadAction","target":["https:\/\/www.erresse-shop.it\/fr\/shop\/table-fr-2\/paniers-pique-nique\/les-jardins-de-la-comtesse-panier-pique-nique-4-personnes-fontainebleau\/"]}]},{"@type":"BreadcrumbList","@id":"https:\/\/www.erresse-shop.it\/fr\/shop\/table-fr-2\/paniers-pique-nique\/les-jardins-de-la-comtesse-panier-pique-nique-4-personnes-fontainebleau\/#breadcrumb","itemListElement":[{"@type":"ListItem","position":1,"name":"Home","item":"https:\/\/www.erresse-shop.it\/fr\/"},{"@type":"ListItem","position":2,"name":"Shop","item":"https:\/\/www.erresse-shop.it\/fr\/shop\/"},{"@type":"ListItem","position":3,"name":"LES JARDINS DE LA COMTESSE Panier Pique-nique 4 Personnes Fontainebleau"}]},{"@type":"WebSite","@id":"https:\/\/www.erresse-shop.it\/fr\/#website","url":"https:\/\/www.erresse-shop.it\/fr\/","name":"Erresse Shop","description":"Articoli di qualit\u00e0 per la casa","potentialAction":[{"@type":"SearchAction","target":{"@type":"EntryPoint","urlTemplate":"https:\/\/www.erresse-shop.it\/fr\/?s={search_term_string}"},"query-input":"required name=search_term_string"}],"inLanguage":"fr-FR"}]}},"df_price":127.8,"df_sale_price":127.8,"df_regular_price":149.9,"df_image_link":"https:\/\/www.erresse-shop.it\/wp-content\/uploads\/2021\/07\/P-4000-280x300.jpg","_links":{"self":[{"href":"https:\/\/www.erresse-shop.it\/fr\/wp-json\/wp\/v2\/product\/107482"}],"collection":[{"href":"https:\/\/www.erresse-shop.it\/fr\/wp-json\/wp\/v2\/product"}],"about":[{"href":"https:\/\/www.erresse-shop.it\/fr\/wp-json\/wp\/v2\/types\/product"}],"wp:featuredmedia":[{"embeddable":true,"href":"https:\/\/www.erresse-shop.it\/fr\/wp-json\/wp\/v2\/media\/107487"}],"wp:attachment":[{"href":"https:\/\/www.erresse-shop.it\/fr\/wp-json\/wp\/v2\/media?parent=107482"}],"wp:term":[{"taxonomy":"product_cat","embeddable":true,"href":"https:\/\/www.erresse-shop.it\/fr\/wp-json\/wp\/v2\/product_cat?post=107482"},{"taxonomy":"product_tag","embeddable":true,"href":"https:\/\/www.erresse-shop.it\/fr\/wp-json\/wp\/v2\/product_tag?post=107482"}],"curies":[{"name":"wp","href":"https:\/\/api.w.org\/{rel}","templated":true}]}}