{"id":107334,"date":"2021-06-30T12:19:52","date_gmt":"2021-06-30T12:19:54","guid":{"rendered":"https:\/\/www.erresse-shop.it\/?post_type=product&#038;p=107334"},"modified":"2025-02-15T09:09:12","modified_gmt":"2025-02-15T09:09:12","slug":"sage-the-smart-oven-air-fryer","status":"publish","type":"product","link":"https:\/\/www.erresse-shop.it\/fr\/shop\/petits-electromenagers\/fours\/sage-the-smart-oven-air-fryer\/","title":{"rendered":"SAGE The Smart Oven Air Fryer"},"content":{"rendered":"<p><strong>10 FONCTIONS DE CUISSON INTELLIGENTES DONT LA FRITURE \u00c0 L&#8217;AIR CHAUD<\/strong><br \/>\nThe Smart Oven Air Fryer \u00e9quip\u00e9 de notre syst\u00e8me Element iQ\u2122 offre des performances et une polyvalence optimales. Des algorithmes intelligents reproduisent l&#8217;environnement de cuisson id\u00e9al pour la friture \u00e0 l&#8217;air chaud ainsi que neuf techniques de cuisson suppl\u00e9mentaires. Les temp\u00e9ratures \u00e9lev\u00e9es et la super convection acc\u00e9l\u00e8rent le temps de cuisson tout en garantissant un croustillant parfait.<\/p>\n<p><strong>R\u00c9GLAGE FRITURE \u00c0 L&#8217;AIR CHAUD D\u00c9DI\u00c9<\/strong><br \/>\nPourquoi acheter une friteuse sans huile quand vous pouvez cuire frites, poulet et plus encore sans culpabiliser avec the Smart Oven\u2122 Air Fryer ? Les temp\u00e9ratures \u00e9lev\u00e9es combin\u00e9es \u00e0 une super convection (d\u00e9bit d&#8217;air maximis\u00e9) garantissent une friture dor\u00e9e, croustillante et savoureuse.<\/p>\n<p><strong>SYST\u00c8ME ELEMENT iQ\u2122<\/strong><br \/>\nDes algorithmes intelligents permettent de diriger la chaleur vers l&#8217;endroit et au moment requis pour un environnement de cuisson id\u00e9al et diff\u00e9rentes techniques de cuisson. Gr\u00e2ce aux capteurs et au contr\u00f4le de la temp\u00e9rature par PID, l&#8217;appareil \u00e9limine les zones froides pour une cuisson pr\u00e9cise et homog\u00e8ne. Les \u00e9l\u00e9ments chauffants ind\u00e9pendants et le positionnement des grilles id\u00e9al garantissent des r\u00e9sultats pr\u00e9cis.<\/p>\n<p><strong>ULTRA-POLYVALENT<\/strong><br \/>\n10 fonctions de cuisson pour vous guider vers la perfection : Toast 6 slices, Crumpet, Grill, Bake, Roast, Warm, Pizza, Air Fry, Reheat et Slow Cook, pour les cuissons longues \u00e0 basse temp\u00e9rature.<\/p>\n<p><strong>CONVECTION DOUBLE VITESSE<\/strong><br \/>\nLa convection permet de r\u00e9duire le temps de cuisson jusqu&#8217;\u00e0 30 %. Elle acc\u00e9l\u00e8re le processus de cuisson en augmentant la quantit\u00e9 d&#8217;air chaud et en diminuant l&#8217;air froid moins dense, pour une cuisson plus rapide. La super convection maximise le d\u00e9bit d&#8217;air et est id\u00e9ale pour la friture \u00e0 l&#8217;air chaud.<\/p>\n<p><strong>\u00c9CRAN LCD<\/strong><br \/>\nL&#8217;\u00e9cran LCD permet d&#8217;acc\u00e9der facilement \u00e0 la fonction intelligente int\u00e9gr\u00e9e de s\u00e9lection parmi 10 fonctions de cuisson. Il indique \u00e9galement lorsque le pr\u00e9chauffage est termin\u00e9 et lance automatiquement le compte \u00e0 rebours de la cuisson, pour des r\u00e9sultats parfaits.<\/p>\n<p><strong>\u00c9CLAIRAGE INT\u00c9RIEUR DU FOUR<\/strong><br \/>\nL&#8217;\u00e9clairage int\u00e9rieur du four s&#8217;active automatiquement \u00e0 la fin du cycle de cuisson pour une meilleure visibilit\u00e9. Il peut \u00eatre allum\u00e9 \u00e0 tout moment pour surveiller la cuisson. Comme pour un four classique, les composants peuvent \u00eatre remplac\u00e9s.<\/p>\n<p><strong>SP\u00c9CIFICATION DE PRODUIT<\/strong><br \/>\n&#8211; Dimensions internes (IxPxH): 47 x 37 x 28 cm<br \/>\n&#8211; Garantie: Garantie remplacement ou r\u00e9paration de 2 ans<br \/>\n&#8211; Mat\u00e9riaux: Acier inoxydable bross\u00e9<br \/>\n&#8211; Capacit\u00e9: 22 L; 6 toasts, pizza de 30 cm, poulet entier, moule pour 9 muffins<br \/>\n&#8211; Param\u00e8tres: 10 fonctions pr\u00e9r\u00e9gl\u00e9es : Toast, Crumpet, Bake, Roast, Grill, Pizza, Air Fry, Reheat, Warm et Slow Cook<\/p>\n","protected":false},"excerpt":{"rendered":"<p>10 FONCTIONS DE CUISSON INTELLIGENTES DONT LA FRITURE \u00c0 L&#8217;AIR CHAUD The Smart Oven Air Fryer \u00e9quip\u00e9 de notre syst\u00e8me<\/p>\n","protected":false},"featured_media":107339,"template":"","meta":{"_acf_changed":false,"inline_featured_image":false},"product_cat":[15660,12449],"product_tag":[21495,23660,12948,24415,17107,20942,20943],"acf":[],"yoast_head":"<!-- This site is optimized with the Yoast SEO Premium plugin v18.6 (Yoast SEO v19.13) - https:\/\/yoast.com\/wordpress\/plugins\/seo\/ -->\n<title>SAGE The Smart Oven Air Fryer<\/title>\n<meta name=\"description\" content=\"D\u00e9couvrez SAGE The Smart Oven Air Fryer sur ErresseShop. Qualit\u00e9, prix r\u00e9duits et achat s\u00e9curis\u00e9 \u2013 commandez d\u00e8s maintenant en ligne !\" \/>\n<meta name=\"robots\" content=\"index, follow, max-snippet:-1, max-image-preview:large, max-video-preview:-1\" \/>\n<link rel=\"canonical\" href=\"https:\/\/www.erresse-shop.it\/fr\/shop\/petits-electromenagers\/fours\/sage-the-smart-oven-air-fryer\/\" \/>\n<meta property=\"og:locale\" content=\"fr_FR\" \/>\n<meta property=\"og:type\" content=\"article\" \/>\n<meta property=\"og:title\" content=\"SAGE The Smart Oven Air Fryer\" \/>\n<meta property=\"og:description\" content=\"D\u00e9couvrez SAGE The Smart Oven Air Fryer sur ErresseShop. Qualit\u00e9, prix r\u00e9duits et achat s\u00e9curis\u00e9 \u2013 commandez d\u00e8s maintenant en ligne !\" \/>\n<meta property=\"og:url\" content=\"https:\/\/www.erresse-shop.it\/fr\/shop\/petits-electromenagers\/fours\/sage-the-smart-oven-air-fryer\/\" \/>\n<meta property=\"og:site_name\" content=\"Erresse Shop\" \/>\n<meta property=\"article:modified_time\" content=\"2025-02-15T09:09:12+00:00\" \/>\n<meta property=\"og:image\" content=\"https:\/\/www.erresse-shop.it\/wp-content\/uploads\/2021\/06\/SOV860BSS.jpg\" \/>\n\t<meta property=\"og:image:width\" content=\"992\" \/>\n\t<meta property=\"og:image:height\" content=\"992\" \/>\n\t<meta property=\"og:image:type\" content=\"image\/jpeg\" \/>\n<meta name=\"twitter:card\" content=\"summary_large_image\" \/>\n<script type=\"application\/ld+json\" class=\"yoast-schema-graph\">{\"@context\":\"https:\/\/schema.org\",\"@graph\":[{\"@type\":\"WebPage\",\"@id\":\"https:\/\/www.erresse-shop.it\/fr\/shop\/petits-electromenagers\/fours\/sage-the-smart-oven-air-fryer\/\",\"url\":\"https:\/\/www.erresse-shop.it\/fr\/shop\/petits-electromenagers\/fours\/sage-the-smart-oven-air-fryer\/\",\"name\":\"SAGE The Smart Oven Air Fryer\",\"isPartOf\":{\"@id\":\"https:\/\/www.erresse-shop.it\/fr\/#website\"},\"datePublished\":\"2021-06-30T12:19:54+00:00\",\"dateModified\":\"2025-02-15T09:09:12+00:00\",\"description\":\"D\u00e9couvrez SAGE The Smart Oven Air Fryer sur ErresseShop. Qualit\u00e9, prix r\u00e9duits et achat s\u00e9curis\u00e9 \u2013 commandez d\u00e8s maintenant en ligne !\",\"breadcrumb\":{\"@id\":\"https:\/\/www.erresse-shop.it\/fr\/shop\/petits-electromenagers\/fours\/sage-the-smart-oven-air-fryer\/#breadcrumb\"},\"inLanguage\":\"fr-FR\",\"potentialAction\":[{\"@type\":\"ReadAction\",\"target\":[\"https:\/\/www.erresse-shop.it\/fr\/shop\/petits-electromenagers\/fours\/sage-the-smart-oven-air-fryer\/\"]}]},{\"@type\":\"BreadcrumbList\",\"@id\":\"https:\/\/www.erresse-shop.it\/fr\/shop\/petits-electromenagers\/fours\/sage-the-smart-oven-air-fryer\/#breadcrumb\",\"itemListElement\":[{\"@type\":\"ListItem\",\"position\":1,\"name\":\"Home\",\"item\":\"https:\/\/www.erresse-shop.it\/fr\/\"},{\"@type\":\"ListItem\",\"position\":2,\"name\":\"Shop\",\"item\":\"https:\/\/www.erresse-shop.it\/fr\/shop\/\"},{\"@type\":\"ListItem\",\"position\":3,\"name\":\"SAGE The Smart Oven Air Fryer\"}]},{\"@type\":\"WebSite\",\"@id\":\"https:\/\/www.erresse-shop.it\/fr\/#website\",\"url\":\"https:\/\/www.erresse-shop.it\/fr\/\",\"name\":\"Erresse Shop\",\"description\":\"Articoli di qualit\u00e0 per la casa\",\"potentialAction\":[{\"@type\":\"SearchAction\",\"target\":{\"@type\":\"EntryPoint\",\"urlTemplate\":\"https:\/\/www.erresse-shop.it\/fr\/?s={search_term_string}\"},\"query-input\":\"required name=search_term_string\"}],\"inLanguage\":\"fr-FR\"}]}<\/script>\n<!-- \/ Yoast SEO Premium plugin. -->","yoast_head_json":{"title":"SAGE The Smart Oven Air Fryer","description":"D\u00e9couvrez SAGE The Smart Oven Air Fryer sur ErresseShop. Qualit\u00e9, prix r\u00e9duits et achat s\u00e9curis\u00e9 \u2013 commandez d\u00e8s maintenant en ligne !","robots":{"index":"index","follow":"follow","max-snippet":"max-snippet:-1","max-image-preview":"max-image-preview:large","max-video-preview":"max-video-preview:-1"},"canonical":"https:\/\/www.erresse-shop.it\/fr\/shop\/petits-electromenagers\/fours\/sage-the-smart-oven-air-fryer\/","og_locale":"fr_FR","og_type":"article","og_title":"SAGE The Smart Oven Air Fryer","og_description":"D\u00e9couvrez SAGE The Smart Oven Air Fryer sur ErresseShop. Qualit\u00e9, prix r\u00e9duits et achat s\u00e9curis\u00e9 \u2013 commandez d\u00e8s maintenant en ligne !","og_url":"https:\/\/www.erresse-shop.it\/fr\/shop\/petits-electromenagers\/fours\/sage-the-smart-oven-air-fryer\/","og_site_name":"Erresse Shop","article_modified_time":"2025-02-15T09:09:12+00:00","og_image":[{"width":992,"height":992,"url":"https:\/\/www.erresse-shop.it\/wp-content\/uploads\/2021\/06\/SOV860BSS.jpg","type":"image\/jpeg"}],"twitter_card":"summary_large_image","schema":{"@context":"https:\/\/schema.org","@graph":[{"@type":"WebPage","@id":"https:\/\/www.erresse-shop.it\/fr\/shop\/petits-electromenagers\/fours\/sage-the-smart-oven-air-fryer\/","url":"https:\/\/www.erresse-shop.it\/fr\/shop\/petits-electromenagers\/fours\/sage-the-smart-oven-air-fryer\/","name":"SAGE The Smart Oven Air Fryer","isPartOf":{"@id":"https:\/\/www.erresse-shop.it\/fr\/#website"},"datePublished":"2021-06-30T12:19:54+00:00","dateModified":"2025-02-15T09:09:12+00:00","description":"D\u00e9couvrez SAGE The Smart Oven Air Fryer sur ErresseShop. Qualit\u00e9, prix r\u00e9duits et achat s\u00e9curis\u00e9 \u2013 commandez d\u00e8s maintenant en ligne !","breadcrumb":{"@id":"https:\/\/www.erresse-shop.it\/fr\/shop\/petits-electromenagers\/fours\/sage-the-smart-oven-air-fryer\/#breadcrumb"},"inLanguage":"fr-FR","potentialAction":[{"@type":"ReadAction","target":["https:\/\/www.erresse-shop.it\/fr\/shop\/petits-electromenagers\/fours\/sage-the-smart-oven-air-fryer\/"]}]},{"@type":"BreadcrumbList","@id":"https:\/\/www.erresse-shop.it\/fr\/shop\/petits-electromenagers\/fours\/sage-the-smart-oven-air-fryer\/#breadcrumb","itemListElement":[{"@type":"ListItem","position":1,"name":"Home","item":"https:\/\/www.erresse-shop.it\/fr\/"},{"@type":"ListItem","position":2,"name":"Shop","item":"https:\/\/www.erresse-shop.it\/fr\/shop\/"},{"@type":"ListItem","position":3,"name":"SAGE The Smart Oven Air Fryer"}]},{"@type":"WebSite","@id":"https:\/\/www.erresse-shop.it\/fr\/#website","url":"https:\/\/www.erresse-shop.it\/fr\/","name":"Erresse Shop","description":"Articoli di qualit\u00e0 per la casa","potentialAction":[{"@type":"SearchAction","target":{"@type":"EntryPoint","urlTemplate":"https:\/\/www.erresse-shop.it\/fr\/?s={search_term_string}"},"query-input":"required name=search_term_string"}],"inLanguage":"fr-FR"}]}},"df_price":359.95,"df_sale_price":359.95,"df_regular_price":429.9,"df_image_link":"https:\/\/www.erresse-shop.it\/wp-content\/uploads\/2021\/06\/SOV860BSS-300x300.jpg","_links":{"self":[{"href":"https:\/\/www.erresse-shop.it\/fr\/wp-json\/wp\/v2\/product\/107334"}],"collection":[{"href":"https:\/\/www.erresse-shop.it\/fr\/wp-json\/wp\/v2\/product"}],"about":[{"href":"https:\/\/www.erresse-shop.it\/fr\/wp-json\/wp\/v2\/types\/product"}],"wp:featuredmedia":[{"embeddable":true,"href":"https:\/\/www.erresse-shop.it\/fr\/wp-json\/wp\/v2\/media\/107339"}],"wp:attachment":[{"href":"https:\/\/www.erresse-shop.it\/fr\/wp-json\/wp\/v2\/media?parent=107334"}],"wp:term":[{"taxonomy":"product_cat","embeddable":true,"href":"https:\/\/www.erresse-shop.it\/fr\/wp-json\/wp\/v2\/product_cat?post=107334"},{"taxonomy":"product_tag","embeddable":true,"href":"https:\/\/www.erresse-shop.it\/fr\/wp-json\/wp\/v2\/product_tag?post=107334"}],"curies":[{"name":"wp","href":"https:\/\/api.w.org\/{rel}","templated":true}]}}