{"id":107272,"date":"2021-06-30T09:08:24","date_gmt":"2021-06-30T09:08:27","guid":{"rendered":"https:\/\/www.erresse-shop.it\/?post_type=product&#038;p=107272"},"modified":"2025-01-13T15:05:51","modified_gmt":"2025-01-13T15:05:51","slug":"sage-the-a-bit-more-toaster-4-tranches","status":"publish","type":"product","link":"https:\/\/www.erresse-shop.it\/fr\/shop\/petits-electromenagers\/grille-pains\/sage-the-a-bit-more-toaster-4-tranches\/","title":{"rendered":"SAGE the &#8216;A Bit More&#8217; Toaster 4 tranches"},"content":{"rendered":"<p><strong>GRILLE-PAIN \u00c0 LONGUE FENTE 4 TRANCHES EN ACIER INOXYDABLE<\/strong><br \/>\nVous contr\u00f4lez le niveau de grillage de vos toasts gr\u00e2ce au voyant indicateur de progression. La fonction \u00ab A Bit More \u00bb\u2122 peut \u00eatre activ\u00e9e par une simple pression sur un bouton. Les r\u00e9glages Frozen et Crumpet sont \u00e9galement \u00e0 disposition.<\/p>\n<p><strong>FONCTIONS AUTOMATIQUES INNOVANTES<\/strong><br \/>\nLes fonctions une touche \u00ab A Bit More\u2122 \u00bb, \u00ab Lift &amp; Look \u00bb, Crumpet et Frozen sont inspir\u00e9es de vos commentaires, pour une cuisson parfaite.<\/p>\n<p><strong>CAPACIT\u00c9 EXTRA-LONGUE DE 4 TRANCHES<\/strong><br \/>\nLes gros pains artisanaux, les bagels \u00e9pais et les p\u00e2tisseries volumineuses exigent des fentes plus longues, ce dont nous avons tenu compte.<\/p>\n<p><strong>CONTR\u00d4LE DU BRUNISSAGE VARIABLE<\/strong><br \/>\nGrillez votre toast selon vos envies gr\u00e2ce au voyant indiquant la progression de grillage.<\/p>\n<p><strong>NETTOYAGE FACILE<\/strong><br \/>\nInutile de d\u00e9placer l&#8217;appareil pour le nettoyer. Il suffit de retirer le tiroir ramasse-miettes \u00e0 l&#8217;avant et de jeter les miettes \u00e0 la poubelle.<\/p>\n<p><strong>SP\u00c9CIFICATION DE PRODUIT<\/strong><br \/>\n&#8211; Dimensions internes (IxPxH): 40,9 x 20,6 x 19,3 cm<br \/>\n&#8211; Garantie: Garantie r\u00e9paration, remplacement ou remboursement de 2 ans (\u00e0 la seule discr\u00e9tion de Sage Appliances)<br \/>\n&#8211; Mat\u00e9riaux: Acier inoxydable bross\u00e9<br \/>\n&#8211; Capacit\u00e9: 4 tranches extra-larges pour tous types de pain<br \/>\n&#8211; Param\u00e8tres: 5 r\u00e9glages dont : &#8216;A Bit More&#8217;\u2122, Fruit Loaf, Crumpet et Frozen<\/p>\n","protected":false},"excerpt":{"rendered":"<p>GRILLE-PAIN \u00c0 LONGUE FENTE 4 TRANCHES EN ACIER INOXYDABLE Vous contr\u00f4lez le niveau de grillage de vos toasts gr\u00e2ce au<\/p>\n","protected":false},"featured_media":107278,"template":"","meta":{"_acf_changed":false,"inline_featured_image":false},"product_cat":[12770,12449],"product_tag":[23910,12948],"acf":[],"yoast_head":"<!-- This site is optimized with the Yoast SEO Premium plugin v18.6 (Yoast SEO v19.13) - https:\/\/yoast.com\/wordpress\/plugins\/seo\/ -->\n<title>SAGE the &#039;A Bit More&#039; Toaster 4 tranches<\/title>\n<meta name=\"description\" content=\"D\u00e9couvrez SAGE the &#039;A Bit More&#039; Toaster 4 tranches sur ErresseShop. Qualit\u00e9, prix r\u00e9duits et achat s\u00e9curis\u00e9 \u2013 commandez d\u00e8s maintenant en ligne !\" \/>\n<meta name=\"robots\" content=\"index, follow, max-snippet:-1, max-image-preview:large, max-video-preview:-1\" \/>\n<link rel=\"canonical\" href=\"https:\/\/www.erresse-shop.it\/fr\/shop\/petits-electromenagers\/grille-pains\/sage-the-a-bit-more-toaster-4-tranches\/\" \/>\n<meta property=\"og:locale\" content=\"fr_FR\" \/>\n<meta property=\"og:type\" content=\"article\" \/>\n<meta property=\"og:title\" content=\"SAGE the &#039;A Bit More&#039; Toaster 4 tranches\" \/>\n<meta property=\"og:description\" content=\"D\u00e9couvrez SAGE the &#039;A Bit More&#039; Toaster 4 tranches sur ErresseShop. Qualit\u00e9, prix r\u00e9duits et achat s\u00e9curis\u00e9 \u2013 commandez d\u00e8s maintenant en ligne !\" \/>\n<meta property=\"og:url\" content=\"https:\/\/www.erresse-shop.it\/fr\/shop\/petits-electromenagers\/grille-pains\/sage-the-a-bit-more-toaster-4-tranches\/\" \/>\n<meta property=\"og:site_name\" content=\"Erresse Shop\" \/>\n<meta property=\"article:modified_time\" content=\"2025-01-13T15:05:51+00:00\" \/>\n<meta property=\"og:image\" content=\"https:\/\/www.erresse-shop.it\/wp-content\/uploads\/2021\/06\/STA730BSS.jpg\" \/>\n\t<meta property=\"og:image:width\" content=\"992\" \/>\n\t<meta property=\"og:image:height\" content=\"992\" \/>\n\t<meta property=\"og:image:type\" content=\"image\/jpeg\" \/>\n<meta name=\"twitter:card\" content=\"summary_large_image\" \/>\n<script type=\"application\/ld+json\" class=\"yoast-schema-graph\">{\"@context\":\"https:\/\/schema.org\",\"@graph\":[{\"@type\":\"WebPage\",\"@id\":\"https:\/\/www.erresse-shop.it\/fr\/shop\/petits-electromenagers\/grille-pains\/sage-the-a-bit-more-toaster-4-tranches\/\",\"url\":\"https:\/\/www.erresse-shop.it\/fr\/shop\/petits-electromenagers\/grille-pains\/sage-the-a-bit-more-toaster-4-tranches\/\",\"name\":\"SAGE the 'A Bit More' Toaster 4 tranches\",\"isPartOf\":{\"@id\":\"https:\/\/www.erresse-shop.it\/fr\/#website\"},\"datePublished\":\"2021-06-30T09:08:27+00:00\",\"dateModified\":\"2025-01-13T15:05:51+00:00\",\"description\":\"D\u00e9couvrez SAGE the 'A Bit More' Toaster 4 tranches sur ErresseShop. Qualit\u00e9, prix r\u00e9duits et achat s\u00e9curis\u00e9 \u2013 commandez d\u00e8s maintenant en ligne !\",\"breadcrumb\":{\"@id\":\"https:\/\/www.erresse-shop.it\/fr\/shop\/petits-electromenagers\/grille-pains\/sage-the-a-bit-more-toaster-4-tranches\/#breadcrumb\"},\"inLanguage\":\"fr-FR\",\"potentialAction\":[{\"@type\":\"ReadAction\",\"target\":[\"https:\/\/www.erresse-shop.it\/fr\/shop\/petits-electromenagers\/grille-pains\/sage-the-a-bit-more-toaster-4-tranches\/\"]}]},{\"@type\":\"BreadcrumbList\",\"@id\":\"https:\/\/www.erresse-shop.it\/fr\/shop\/petits-electromenagers\/grille-pains\/sage-the-a-bit-more-toaster-4-tranches\/#breadcrumb\",\"itemListElement\":[{\"@type\":\"ListItem\",\"position\":1,\"name\":\"Home\",\"item\":\"https:\/\/www.erresse-shop.it\/fr\/\"},{\"@type\":\"ListItem\",\"position\":2,\"name\":\"Shop\",\"item\":\"https:\/\/www.erresse-shop.it\/fr\/shop\/\"},{\"@type\":\"ListItem\",\"position\":3,\"name\":\"SAGE the &#8216;A Bit More&#8217; Toaster 4 tranches\"}]},{\"@type\":\"WebSite\",\"@id\":\"https:\/\/www.erresse-shop.it\/fr\/#website\",\"url\":\"https:\/\/www.erresse-shop.it\/fr\/\",\"name\":\"Erresse Shop\",\"description\":\"Articoli di qualit\u00e0 per la casa\",\"potentialAction\":[{\"@type\":\"SearchAction\",\"target\":{\"@type\":\"EntryPoint\",\"urlTemplate\":\"https:\/\/www.erresse-shop.it\/fr\/?s={search_term_string}\"},\"query-input\":\"required name=search_term_string\"}],\"inLanguage\":\"fr-FR\"}]}<\/script>\n<!-- \/ Yoast SEO Premium plugin. -->","yoast_head_json":{"title":"SAGE the 'A Bit More' Toaster 4 tranches","description":"D\u00e9couvrez SAGE the 'A Bit More' Toaster 4 tranches sur ErresseShop. Qualit\u00e9, prix r\u00e9duits et achat s\u00e9curis\u00e9 \u2013 commandez d\u00e8s maintenant en ligne !","robots":{"index":"index","follow":"follow","max-snippet":"max-snippet:-1","max-image-preview":"max-image-preview:large","max-video-preview":"max-video-preview:-1"},"canonical":"https:\/\/www.erresse-shop.it\/fr\/shop\/petits-electromenagers\/grille-pains\/sage-the-a-bit-more-toaster-4-tranches\/","og_locale":"fr_FR","og_type":"article","og_title":"SAGE the 'A Bit More' Toaster 4 tranches","og_description":"D\u00e9couvrez SAGE the 'A Bit More' Toaster 4 tranches sur ErresseShop. Qualit\u00e9, prix r\u00e9duits et achat s\u00e9curis\u00e9 \u2013 commandez d\u00e8s maintenant en ligne !","og_url":"https:\/\/www.erresse-shop.it\/fr\/shop\/petits-electromenagers\/grille-pains\/sage-the-a-bit-more-toaster-4-tranches\/","og_site_name":"Erresse Shop","article_modified_time":"2025-01-13T15:05:51+00:00","og_image":[{"width":992,"height":992,"url":"https:\/\/www.erresse-shop.it\/wp-content\/uploads\/2021\/06\/STA730BSS.jpg","type":"image\/jpeg"}],"twitter_card":"summary_large_image","schema":{"@context":"https:\/\/schema.org","@graph":[{"@type":"WebPage","@id":"https:\/\/www.erresse-shop.it\/fr\/shop\/petits-electromenagers\/grille-pains\/sage-the-a-bit-more-toaster-4-tranches\/","url":"https:\/\/www.erresse-shop.it\/fr\/shop\/petits-electromenagers\/grille-pains\/sage-the-a-bit-more-toaster-4-tranches\/","name":"SAGE the 'A Bit More' Toaster 4 tranches","isPartOf":{"@id":"https:\/\/www.erresse-shop.it\/fr\/#website"},"datePublished":"2021-06-30T09:08:27+00:00","dateModified":"2025-01-13T15:05:51+00:00","description":"D\u00e9couvrez SAGE the 'A Bit More' Toaster 4 tranches sur ErresseShop. Qualit\u00e9, prix r\u00e9duits et achat s\u00e9curis\u00e9 \u2013 commandez d\u00e8s maintenant en ligne !","breadcrumb":{"@id":"https:\/\/www.erresse-shop.it\/fr\/shop\/petits-electromenagers\/grille-pains\/sage-the-a-bit-more-toaster-4-tranches\/#breadcrumb"},"inLanguage":"fr-FR","potentialAction":[{"@type":"ReadAction","target":["https:\/\/www.erresse-shop.it\/fr\/shop\/petits-electromenagers\/grille-pains\/sage-the-a-bit-more-toaster-4-tranches\/"]}]},{"@type":"BreadcrumbList","@id":"https:\/\/www.erresse-shop.it\/fr\/shop\/petits-electromenagers\/grille-pains\/sage-the-a-bit-more-toaster-4-tranches\/#breadcrumb","itemListElement":[{"@type":"ListItem","position":1,"name":"Home","item":"https:\/\/www.erresse-shop.it\/fr\/"},{"@type":"ListItem","position":2,"name":"Shop","item":"https:\/\/www.erresse-shop.it\/fr\/shop\/"},{"@type":"ListItem","position":3,"name":"SAGE the &#8216;A Bit More&#8217; Toaster 4 tranches"}]},{"@type":"WebSite","@id":"https:\/\/www.erresse-shop.it\/fr\/#website","url":"https:\/\/www.erresse-shop.it\/fr\/","name":"Erresse Shop","description":"Articoli di qualit\u00e0 per la casa","potentialAction":[{"@type":"SearchAction","target":{"@type":"EntryPoint","urlTemplate":"https:\/\/www.erresse-shop.it\/fr\/?s={search_term_string}"},"query-input":"required name=search_term_string"}],"inLanguage":"fr-FR"}]}},"df_price":139.9,"df_sale_price":139.9,"df_regular_price":139.9,"df_image_link":"https:\/\/www.erresse-shop.it\/wp-content\/uploads\/2021\/06\/STA730BSS-300x300.jpg","_links":{"self":[{"href":"https:\/\/www.erresse-shop.it\/fr\/wp-json\/wp\/v2\/product\/107272"}],"collection":[{"href":"https:\/\/www.erresse-shop.it\/fr\/wp-json\/wp\/v2\/product"}],"about":[{"href":"https:\/\/www.erresse-shop.it\/fr\/wp-json\/wp\/v2\/types\/product"}],"wp:featuredmedia":[{"embeddable":true,"href":"https:\/\/www.erresse-shop.it\/fr\/wp-json\/wp\/v2\/media\/107278"}],"wp:attachment":[{"href":"https:\/\/www.erresse-shop.it\/fr\/wp-json\/wp\/v2\/media?parent=107272"}],"wp:term":[{"taxonomy":"product_cat","embeddable":true,"href":"https:\/\/www.erresse-shop.it\/fr\/wp-json\/wp\/v2\/product_cat?post=107272"},{"taxonomy":"product_tag","embeddable":true,"href":"https:\/\/www.erresse-shop.it\/fr\/wp-json\/wp\/v2\/product_tag?post=107272"}],"curies":[{"name":"wp","href":"https:\/\/api.w.org\/{rel}","templated":true}]}}