{"id":107215,"date":"2021-06-29T14:14:03","date_gmt":"2021-06-29T14:14:04","guid":{"rendered":"https:\/\/www.erresse-shop.it\/?post_type=product&#038;p=107215"},"modified":"2025-01-13T15:05:48","modified_gmt":"2025-01-13T15:05:48","slug":"sage-the-sage-smart-tea-infuser-compact","status":"publish","type":"product","link":"https:\/\/www.erresse-shop.it\/fr\/shop\/petits-electromenagers\/bouilloires-electriques\/sage-the-sage-smart-tea-infuser-compact\/","title":{"rendered":"SAGE The Sage Smart Tea Infuser Compact"},"content":{"rendered":"<p><strong>LA BONNE TEMP\u00c9RATURE ET TEMPS D&#8217;INFUSION POUR VOTRE TH\u00c9<\/strong><br \/>\nLe Sage Smart Tea Infuser Compact conna\u00eet la bonne temp\u00e9rature et le temps d&#8217;infusion n\u00e9cessaires pour tirer le meilleur parti de vos th\u00e9s pr\u00e9f\u00e9r\u00e9s. R\u00e9glez la minuterie pour savoir quand la perfusion est termin\u00e9e\u00a0; la bouilloire maintient automatiquement la temp\u00e9rature jusqu&#8217;\u00e0 ce qu&#8217;il soit temps de d\u00e9guster votre boisson. L&#8217;infusion toujours parfaite pour chaque tasse de th\u00e9, pour un moment \u00e0 soi ou \u00e0 partager avec qui vous voulez.<\/p>\n<p><strong>BIEN TRAITER VOTRE TH\u00c9<\/strong><br \/>\nLib\u00e9rez tout le potentiel de votre tasse de th\u00e9. Contr\u00f4lez la temp\u00e9rature, r\u00e9glez le temps d&#8217;infusion et red\u00e9couvrez l&#8217;ar\u00f4me de votre m\u00e9lange pr\u00e9f\u00e9r\u00e9.<\/p>\n<p><strong>5 PR\u00c9R\u00c9GLAGES POUR VOTRE TH\u00c9 PR\u00c9F\u00c9R\u00c9<\/strong><br \/>\n5 r\u00e9glages de temp\u00e9rature diff\u00e9rents adapt\u00e9s aux tisanes noires, vertes, blanches, Oolong et aux herbes.<\/p>\n<p><strong>TEMPS D&#8217;INFUSION VARIABLE<\/strong><br \/>\nR\u00e9glez le temps d&#8217;infusion de 1 \u00e0 5 minutes pour un th\u00e9 l\u00e9ger, moyen ou fort, selon votre go\u00fbt. La minuterie \u00e9met un signal sonore lorsque le temps d&#8217;infusion id\u00e9al est \u00e9coul\u00e9, afin que vous sachiez quand retirer le filtre \u00e0 th\u00e9.<\/p>\n<p><strong>FORMAT COMPACT<\/strong><br \/>\nPichet de 4 tasses\/1 litre.<\/p>\n<p><strong>FACILE \u00c0 UTILISER ET \u00c0 NETTOYER<\/strong><br \/>\nRetirer le filtre \u00e0 th\u00e9 est une op\u00e9ration simple et s\u00fbre gr\u00e2ce au syst\u00e8me de fixation magn\u00e9tique.<\/p>\n<p><strong>Bouilloire<\/strong><br \/>\nAvez-vous besoin de faire bouillir de l\u2019eau pour une autre raison ? Pas de probl\u00e8me, vous pouvez \u00e9galement faire bouillir de l&#8217;eau pour d&#8217;autres boissons.<\/p>\n<p><strong>SP\u00c9CIFICATIONS DU PRODUIT<\/strong><br \/>\n&#8211; Dimensions (LxPxH) : 21,3 x 23,7 x 21 cm<br \/>\n&#8211; Garantie\u00a0: garantie de 2\u00a0ans pour la r\u00e9paration, le remplacement ou le remboursement (\u00e0 la seule discr\u00e9tion de Sage Appliances)<br \/>\n&#8211; Mat\u00e9riaux de construction : Verre r\u00e9sistant aux chocs thermiques. Acier inoxydable bross\u00e9. Passoire \u00e0 th\u00e9 en acier inoxydable<br \/>\n&#8211; Capacit\u00e9 : 4 tasses &#8211; 1 l<br \/>\n&#8211; Param\u00e8tres : Temp\u00e9rature : 80\u00b0C, 85\u00b0C, 90\u00b0C, 95\u00b0C, 100\u00b0C. Temps de perfusion : 1 \u00e0 5 minutes<\/p>\n<p><span style=\"text-decoration: underline;\"><strong>Pas \u00e0 vendre en dehors de l&#8217;Europe<\/strong><\/span><\/p>\n","protected":false},"excerpt":{"rendered":"<p>LA BONNE TEMP\u00c9RATURE ET TEMPS D&#8217;INFUSION POUR VOTRE TH\u00c9 Le Sage Smart Tea Infuser Compact conna\u00eet la bonne temp\u00e9rature et<\/p>\n","protected":false},"featured_media":107220,"template":"","meta":{"_acf_changed":false,"inline_featured_image":false},"product_cat":[12763,12449],"product_tag":[13265,12948],"acf":[],"yoast_head":"<!-- This site is optimized with the Yoast SEO Premium plugin v18.6 (Yoast SEO v19.13) - https:\/\/yoast.com\/wordpress\/plugins\/seo\/ -->\n<title>SAGE The Sage Smart Tea Infuser Compact<\/title>\n<meta name=\"description\" content=\"D\u00e9couvrez SAGE The Sage Smart Tea Infuser Compact sur ErresseShop. Qualit\u00e9, prix r\u00e9duits et achat s\u00e9curis\u00e9 \u2013 commandez d\u00e8s maintenant en ligne !\" \/>\n<meta name=\"robots\" content=\"index, follow, max-snippet:-1, max-image-preview:large, max-video-preview:-1\" \/>\n<link rel=\"canonical\" href=\"https:\/\/www.erresse-shop.it\/fr\/shop\/petits-electromenagers\/bouilloires-electriques\/sage-the-sage-smart-tea-infuser-compact\/\" \/>\n<meta property=\"og:locale\" content=\"fr_FR\" \/>\n<meta property=\"og:type\" content=\"article\" \/>\n<meta property=\"og:title\" content=\"SAGE The Sage Smart Tea Infuser Compact\" \/>\n<meta property=\"og:description\" content=\"D\u00e9couvrez SAGE The Sage Smart Tea Infuser Compact sur ErresseShop. Qualit\u00e9, prix r\u00e9duits et achat s\u00e9curis\u00e9 \u2013 commandez d\u00e8s maintenant en ligne !\" \/>\n<meta property=\"og:url\" content=\"https:\/\/www.erresse-shop.it\/fr\/shop\/petits-electromenagers\/bouilloires-electriques\/sage-the-sage-smart-tea-infuser-compact\/\" \/>\n<meta property=\"og:site_name\" content=\"Erresse Shop\" \/>\n<meta property=\"article:modified_time\" content=\"2025-01-13T15:05:48+00:00\" \/>\n<meta property=\"og:image\" content=\"https:\/\/www.erresse-shop.it\/wp-content\/uploads\/2021\/06\/STM500CLR.jpg\" \/>\n\t<meta property=\"og:image:width\" content=\"992\" \/>\n\t<meta property=\"og:image:height\" content=\"992\" \/>\n\t<meta property=\"og:image:type\" content=\"image\/jpeg\" \/>\n<meta name=\"twitter:card\" content=\"summary_large_image\" \/>\n<script type=\"application\/ld+json\" class=\"yoast-schema-graph\">{\"@context\":\"https:\/\/schema.org\",\"@graph\":[{\"@type\":\"WebPage\",\"@id\":\"https:\/\/www.erresse-shop.it\/fr\/shop\/petits-electromenagers\/bouilloires-electriques\/sage-the-sage-smart-tea-infuser-compact\/\",\"url\":\"https:\/\/www.erresse-shop.it\/fr\/shop\/petits-electromenagers\/bouilloires-electriques\/sage-the-sage-smart-tea-infuser-compact\/\",\"name\":\"SAGE The Sage Smart Tea Infuser Compact\",\"isPartOf\":{\"@id\":\"https:\/\/www.erresse-shop.it\/fr\/#website\"},\"datePublished\":\"2021-06-29T14:14:04+00:00\",\"dateModified\":\"2025-01-13T15:05:48+00:00\",\"description\":\"D\u00e9couvrez SAGE The Sage Smart Tea Infuser Compact sur ErresseShop. Qualit\u00e9, prix r\u00e9duits et achat s\u00e9curis\u00e9 \u2013 commandez d\u00e8s maintenant en ligne !\",\"breadcrumb\":{\"@id\":\"https:\/\/www.erresse-shop.it\/fr\/shop\/petits-electromenagers\/bouilloires-electriques\/sage-the-sage-smart-tea-infuser-compact\/#breadcrumb\"},\"inLanguage\":\"fr-FR\",\"potentialAction\":[{\"@type\":\"ReadAction\",\"target\":[\"https:\/\/www.erresse-shop.it\/fr\/shop\/petits-electromenagers\/bouilloires-electriques\/sage-the-sage-smart-tea-infuser-compact\/\"]}]},{\"@type\":\"BreadcrumbList\",\"@id\":\"https:\/\/www.erresse-shop.it\/fr\/shop\/petits-electromenagers\/bouilloires-electriques\/sage-the-sage-smart-tea-infuser-compact\/#breadcrumb\",\"itemListElement\":[{\"@type\":\"ListItem\",\"position\":1,\"name\":\"Home\",\"item\":\"https:\/\/www.erresse-shop.it\/fr\/\"},{\"@type\":\"ListItem\",\"position\":2,\"name\":\"Shop\",\"item\":\"https:\/\/www.erresse-shop.it\/fr\/shop\/\"},{\"@type\":\"ListItem\",\"position\":3,\"name\":\"SAGE The Sage Smart Tea Infuser Compact\"}]},{\"@type\":\"WebSite\",\"@id\":\"https:\/\/www.erresse-shop.it\/fr\/#website\",\"url\":\"https:\/\/www.erresse-shop.it\/fr\/\",\"name\":\"Erresse Shop\",\"description\":\"Articoli di qualit\u00e0 per la casa\",\"potentialAction\":[{\"@type\":\"SearchAction\",\"target\":{\"@type\":\"EntryPoint\",\"urlTemplate\":\"https:\/\/www.erresse-shop.it\/fr\/?s={search_term_string}\"},\"query-input\":\"required name=search_term_string\"}],\"inLanguage\":\"fr-FR\"}]}<\/script>\n<!-- \/ Yoast SEO Premium plugin. -->","yoast_head_json":{"title":"SAGE The Sage Smart Tea Infuser Compact","description":"D\u00e9couvrez SAGE The Sage Smart Tea Infuser Compact sur ErresseShop. Qualit\u00e9, prix r\u00e9duits et achat s\u00e9curis\u00e9 \u2013 commandez d\u00e8s maintenant en ligne !","robots":{"index":"index","follow":"follow","max-snippet":"max-snippet:-1","max-image-preview":"max-image-preview:large","max-video-preview":"max-video-preview:-1"},"canonical":"https:\/\/www.erresse-shop.it\/fr\/shop\/petits-electromenagers\/bouilloires-electriques\/sage-the-sage-smart-tea-infuser-compact\/","og_locale":"fr_FR","og_type":"article","og_title":"SAGE The Sage Smart Tea Infuser Compact","og_description":"D\u00e9couvrez SAGE The Sage Smart Tea Infuser Compact sur ErresseShop. Qualit\u00e9, prix r\u00e9duits et achat s\u00e9curis\u00e9 \u2013 commandez d\u00e8s maintenant en ligne !","og_url":"https:\/\/www.erresse-shop.it\/fr\/shop\/petits-electromenagers\/bouilloires-electriques\/sage-the-sage-smart-tea-infuser-compact\/","og_site_name":"Erresse Shop","article_modified_time":"2025-01-13T15:05:48+00:00","og_image":[{"width":992,"height":992,"url":"https:\/\/www.erresse-shop.it\/wp-content\/uploads\/2021\/06\/STM500CLR.jpg","type":"image\/jpeg"}],"twitter_card":"summary_large_image","schema":{"@context":"https:\/\/schema.org","@graph":[{"@type":"WebPage","@id":"https:\/\/www.erresse-shop.it\/fr\/shop\/petits-electromenagers\/bouilloires-electriques\/sage-the-sage-smart-tea-infuser-compact\/","url":"https:\/\/www.erresse-shop.it\/fr\/shop\/petits-electromenagers\/bouilloires-electriques\/sage-the-sage-smart-tea-infuser-compact\/","name":"SAGE The Sage Smart Tea Infuser Compact","isPartOf":{"@id":"https:\/\/www.erresse-shop.it\/fr\/#website"},"datePublished":"2021-06-29T14:14:04+00:00","dateModified":"2025-01-13T15:05:48+00:00","description":"D\u00e9couvrez SAGE The Sage Smart Tea Infuser Compact sur ErresseShop. Qualit\u00e9, prix r\u00e9duits et achat s\u00e9curis\u00e9 \u2013 commandez d\u00e8s maintenant en ligne !","breadcrumb":{"@id":"https:\/\/www.erresse-shop.it\/fr\/shop\/petits-electromenagers\/bouilloires-electriques\/sage-the-sage-smart-tea-infuser-compact\/#breadcrumb"},"inLanguage":"fr-FR","potentialAction":[{"@type":"ReadAction","target":["https:\/\/www.erresse-shop.it\/fr\/shop\/petits-electromenagers\/bouilloires-electriques\/sage-the-sage-smart-tea-infuser-compact\/"]}]},{"@type":"BreadcrumbList","@id":"https:\/\/www.erresse-shop.it\/fr\/shop\/petits-electromenagers\/bouilloires-electriques\/sage-the-sage-smart-tea-infuser-compact\/#breadcrumb","itemListElement":[{"@type":"ListItem","position":1,"name":"Home","item":"https:\/\/www.erresse-shop.it\/fr\/"},{"@type":"ListItem","position":2,"name":"Shop","item":"https:\/\/www.erresse-shop.it\/fr\/shop\/"},{"@type":"ListItem","position":3,"name":"SAGE The Sage Smart Tea Infuser Compact"}]},{"@type":"WebSite","@id":"https:\/\/www.erresse-shop.it\/fr\/#website","url":"https:\/\/www.erresse-shop.it\/fr\/","name":"Erresse Shop","description":"Articoli di qualit\u00e0 per la casa","potentialAction":[{"@type":"SearchAction","target":{"@type":"EntryPoint","urlTemplate":"https:\/\/www.erresse-shop.it\/fr\/?s={search_term_string}"},"query-input":"required name=search_term_string"}],"inLanguage":"fr-FR"}]}},"df_price":149.95,"df_sale_price":149.95,"df_regular_price":179.9,"df_image_link":"https:\/\/www.erresse-shop.it\/wp-content\/uploads\/2021\/06\/STM500CLR-300x300.jpg","_links":{"self":[{"href":"https:\/\/www.erresse-shop.it\/fr\/wp-json\/wp\/v2\/product\/107215"}],"collection":[{"href":"https:\/\/www.erresse-shop.it\/fr\/wp-json\/wp\/v2\/product"}],"about":[{"href":"https:\/\/www.erresse-shop.it\/fr\/wp-json\/wp\/v2\/types\/product"}],"wp:featuredmedia":[{"embeddable":true,"href":"https:\/\/www.erresse-shop.it\/fr\/wp-json\/wp\/v2\/media\/107220"}],"wp:attachment":[{"href":"https:\/\/www.erresse-shop.it\/fr\/wp-json\/wp\/v2\/media?parent=107215"}],"wp:term":[{"taxonomy":"product_cat","embeddable":true,"href":"https:\/\/www.erresse-shop.it\/fr\/wp-json\/wp\/v2\/product_cat?post=107215"},{"taxonomy":"product_tag","embeddable":true,"href":"https:\/\/www.erresse-shop.it\/fr\/wp-json\/wp\/v2\/product_tag?post=107215"}],"curies":[{"name":"wp","href":"https:\/\/api.w.org\/{rel}","templated":true}]}}