{"id":107140,"date":"2021-06-29T12:26:18","date_gmt":"2021-06-29T12:26:21","guid":{"rendered":"https:\/\/www.erresse-shop.it\/?post_type=product&#038;p=107140"},"modified":"2025-01-13T15:05:43","modified_gmt":"2025-01-13T15:05:43","slug":"sage-the-crystal-clear","status":"publish","type":"product","link":"https:\/\/www.erresse-shop.it\/fr\/shop\/petits-electromenagers\/bouilloires-electriques\/sage-the-crystal-clear\/","title":{"rendered":"SAGE The Crystal Clear"},"content":{"rendered":"<p><strong>UNE BOUILLOIRE EN VERRE \u00c9L\u00c9GANTE AVEC COUVERCLE \u00c0 OUVERTURE FACILE<\/strong><br \/>\nLa puissance de chauffe 2000 Watts permet une \u00e9bullition plus rapide. Vous pouvez regarder la pr\u00e9paration \u00e0 travers le verre r\u00e9sistant aux chocs thermiques. Un r\u00e9servoir grande capacit\u00e9 et un couvercle \u00e0 ouverture facile rendent le processus simple comme bonjour.<\/p>\n<p><strong>BOUILLOIRE EN VERRE MODERNE<\/strong><br \/>\nRegardez votre eau bouillir \u00e0 travers un verre clair et r\u00e9sistant.<\/p>\n<p><strong>COUVERCLE SOFT TOP\u2122<\/strong><br \/>\nLe couvercle sp\u00e9cial lib\u00e8re doucement la vapeur et \u00e9vite les \u00e9claboussures.<\/p>\n<p><strong>ARR\u00caT AUTOMATIQUE<\/strong><br \/>\nLa bouilloire the Crystal Clear s&#8217;\u00e9teint automatiquement lorsqu&#8217;elle atteint son point d&#8217;\u00e9bullition.<\/p>\n<p><strong>LE CONFORT SANS FIL<\/strong><br \/>\nBouilloire sans fil avec base multidirectionnelle \u00e0 360 degr\u00e9s \u00e9quip\u00e9e d&#8217;un espace de rangement pour le cordon.<\/p>\n<p><strong>SP\u00c9CIFICATION DE PRODUIT<\/strong><br \/>\n&#8211; Dimensions (IxPxH): 23,2 x 14,8 x 27,3 cm<br \/>\n&#8211; Garantie: Garantie r\u00e9paration, remplacement ou remboursement de 2 ans (\u00e0 la seule discr\u00e9tion de Sage Appliances)<br \/>\n&#8211; Mat\u00e9riaux: R\u00e9cipient en verre, Base d&#8217;alimentation en acier inoxydable bross\u00e9<br \/>\n&#8211; Capacit\u00e9: 1,7 L &#8211; 7 tasses<br \/>\n&#8211; Param\u00e8tres: On\/Off<\/p>\n","protected":false},"excerpt":{"rendered":"<p>UNE BOUILLOIRE EN VERRE \u00c9L\u00c9GANTE AVEC COUVERCLE \u00c0 OUVERTURE FACILE La puissance de chauffe 2000 Watts permet une \u00e9bullition plus<\/p>\n","protected":false},"featured_media":107185,"template":"","meta":{"_acf_changed":false,"inline_featured_image":false},"product_cat":[12763,12449],"product_tag":[23910,13265,13895],"acf":[],"yoast_head":"<!-- This site is optimized with the Yoast SEO Premium plugin v18.6 (Yoast SEO v19.13) - https:\/\/yoast.com\/wordpress\/plugins\/seo\/ -->\n<title>SAGE The Crystal Clear<\/title>\n<meta name=\"description\" content=\"D\u00e9couvrez SAGE The Crystal Clear sur ErresseShop. Qualit\u00e9, prix r\u00e9duits et achat s\u00e9curis\u00e9 \u2013 commandez d\u00e8s maintenant en ligne !\" \/>\n<meta name=\"robots\" content=\"index, follow, max-snippet:-1, max-image-preview:large, max-video-preview:-1\" \/>\n<link rel=\"canonical\" href=\"https:\/\/www.erresse-shop.it\/fr\/shop\/petits-electromenagers\/bouilloires-electriques\/sage-the-crystal-clear\/\" \/>\n<meta property=\"og:locale\" content=\"fr_FR\" \/>\n<meta property=\"og:type\" content=\"article\" \/>\n<meta property=\"og:title\" content=\"SAGE The Crystal Clear\" \/>\n<meta property=\"og:description\" content=\"D\u00e9couvrez SAGE The Crystal Clear sur ErresseShop. Qualit\u00e9, prix r\u00e9duits et achat s\u00e9curis\u00e9 \u2013 commandez d\u00e8s maintenant en ligne !\" \/>\n<meta property=\"og:url\" content=\"https:\/\/www.erresse-shop.it\/fr\/shop\/petits-electromenagers\/bouilloires-electriques\/sage-the-crystal-clear\/\" \/>\n<meta property=\"og:site_name\" content=\"Erresse Shop\" \/>\n<meta property=\"article:modified_time\" content=\"2025-01-13T15:05:43+00:00\" \/>\n<meta property=\"og:image\" content=\"https:\/\/www.erresse-shop.it\/wp-content\/uploads\/2021\/06\/SKE750CLR.jpg\" \/>\n\t<meta property=\"og:image:width\" content=\"992\" \/>\n\t<meta property=\"og:image:height\" content=\"992\" \/>\n\t<meta property=\"og:image:type\" content=\"image\/jpeg\" \/>\n<meta name=\"twitter:card\" content=\"summary_large_image\" \/>\n<script type=\"application\/ld+json\" class=\"yoast-schema-graph\">{\"@context\":\"https:\/\/schema.org\",\"@graph\":[{\"@type\":\"WebPage\",\"@id\":\"https:\/\/www.erresse-shop.it\/fr\/shop\/petits-electromenagers\/bouilloires-electriques\/sage-the-crystal-clear\/\",\"url\":\"https:\/\/www.erresse-shop.it\/fr\/shop\/petits-electromenagers\/bouilloires-electriques\/sage-the-crystal-clear\/\",\"name\":\"SAGE The Crystal Clear\",\"isPartOf\":{\"@id\":\"https:\/\/www.erresse-shop.it\/fr\/#website\"},\"datePublished\":\"2021-06-29T12:26:21+00:00\",\"dateModified\":\"2025-01-13T15:05:43+00:00\",\"description\":\"D\u00e9couvrez SAGE The Crystal Clear sur ErresseShop. Qualit\u00e9, prix r\u00e9duits et achat s\u00e9curis\u00e9 \u2013 commandez d\u00e8s maintenant en ligne !\",\"breadcrumb\":{\"@id\":\"https:\/\/www.erresse-shop.it\/fr\/shop\/petits-electromenagers\/bouilloires-electriques\/sage-the-crystal-clear\/#breadcrumb\"},\"inLanguage\":\"fr-FR\",\"potentialAction\":[{\"@type\":\"ReadAction\",\"target\":[\"https:\/\/www.erresse-shop.it\/fr\/shop\/petits-electromenagers\/bouilloires-electriques\/sage-the-crystal-clear\/\"]}]},{\"@type\":\"BreadcrumbList\",\"@id\":\"https:\/\/www.erresse-shop.it\/fr\/shop\/petits-electromenagers\/bouilloires-electriques\/sage-the-crystal-clear\/#breadcrumb\",\"itemListElement\":[{\"@type\":\"ListItem\",\"position\":1,\"name\":\"Home\",\"item\":\"https:\/\/www.erresse-shop.it\/fr\/\"},{\"@type\":\"ListItem\",\"position\":2,\"name\":\"Shop\",\"item\":\"https:\/\/www.erresse-shop.it\/fr\/shop\/\"},{\"@type\":\"ListItem\",\"position\":3,\"name\":\"SAGE The Crystal Clear\"}]},{\"@type\":\"WebSite\",\"@id\":\"https:\/\/www.erresse-shop.it\/fr\/#website\",\"url\":\"https:\/\/www.erresse-shop.it\/fr\/\",\"name\":\"Erresse Shop\",\"description\":\"Articoli di qualit\u00e0 per la casa\",\"potentialAction\":[{\"@type\":\"SearchAction\",\"target\":{\"@type\":\"EntryPoint\",\"urlTemplate\":\"https:\/\/www.erresse-shop.it\/fr\/?s={search_term_string}\"},\"query-input\":\"required name=search_term_string\"}],\"inLanguage\":\"fr-FR\"}]}<\/script>\n<!-- \/ Yoast SEO Premium plugin. -->","yoast_head_json":{"title":"SAGE The Crystal Clear","description":"D\u00e9couvrez SAGE The Crystal Clear sur ErresseShop. Qualit\u00e9, prix r\u00e9duits et achat s\u00e9curis\u00e9 \u2013 commandez d\u00e8s maintenant en ligne !","robots":{"index":"index","follow":"follow","max-snippet":"max-snippet:-1","max-image-preview":"max-image-preview:large","max-video-preview":"max-video-preview:-1"},"canonical":"https:\/\/www.erresse-shop.it\/fr\/shop\/petits-electromenagers\/bouilloires-electriques\/sage-the-crystal-clear\/","og_locale":"fr_FR","og_type":"article","og_title":"SAGE The Crystal Clear","og_description":"D\u00e9couvrez SAGE The Crystal Clear sur ErresseShop. Qualit\u00e9, prix r\u00e9duits et achat s\u00e9curis\u00e9 \u2013 commandez d\u00e8s maintenant en ligne !","og_url":"https:\/\/www.erresse-shop.it\/fr\/shop\/petits-electromenagers\/bouilloires-electriques\/sage-the-crystal-clear\/","og_site_name":"Erresse Shop","article_modified_time":"2025-01-13T15:05:43+00:00","og_image":[{"width":992,"height":992,"url":"https:\/\/www.erresse-shop.it\/wp-content\/uploads\/2021\/06\/SKE750CLR.jpg","type":"image\/jpeg"}],"twitter_card":"summary_large_image","schema":{"@context":"https:\/\/schema.org","@graph":[{"@type":"WebPage","@id":"https:\/\/www.erresse-shop.it\/fr\/shop\/petits-electromenagers\/bouilloires-electriques\/sage-the-crystal-clear\/","url":"https:\/\/www.erresse-shop.it\/fr\/shop\/petits-electromenagers\/bouilloires-electriques\/sage-the-crystal-clear\/","name":"SAGE The Crystal Clear","isPartOf":{"@id":"https:\/\/www.erresse-shop.it\/fr\/#website"},"datePublished":"2021-06-29T12:26:21+00:00","dateModified":"2025-01-13T15:05:43+00:00","description":"D\u00e9couvrez SAGE The Crystal Clear sur ErresseShop. Qualit\u00e9, prix r\u00e9duits et achat s\u00e9curis\u00e9 \u2013 commandez d\u00e8s maintenant en ligne !","breadcrumb":{"@id":"https:\/\/www.erresse-shop.it\/fr\/shop\/petits-electromenagers\/bouilloires-electriques\/sage-the-crystal-clear\/#breadcrumb"},"inLanguage":"fr-FR","potentialAction":[{"@type":"ReadAction","target":["https:\/\/www.erresse-shop.it\/fr\/shop\/petits-electromenagers\/bouilloires-electriques\/sage-the-crystal-clear\/"]}]},{"@type":"BreadcrumbList","@id":"https:\/\/www.erresse-shop.it\/fr\/shop\/petits-electromenagers\/bouilloires-electriques\/sage-the-crystal-clear\/#breadcrumb","itemListElement":[{"@type":"ListItem","position":1,"name":"Home","item":"https:\/\/www.erresse-shop.it\/fr\/"},{"@type":"ListItem","position":2,"name":"Shop","item":"https:\/\/www.erresse-shop.it\/fr\/shop\/"},{"@type":"ListItem","position":3,"name":"SAGE The Crystal Clear"}]},{"@type":"WebSite","@id":"https:\/\/www.erresse-shop.it\/fr\/#website","url":"https:\/\/www.erresse-shop.it\/fr\/","name":"Erresse Shop","description":"Articoli di qualit\u00e0 per la casa","potentialAction":[{"@type":"SearchAction","target":{"@type":"EntryPoint","urlTemplate":"https:\/\/www.erresse-shop.it\/fr\/?s={search_term_string}"},"query-input":"required name=search_term_string"}],"inLanguage":"fr-FR"}]}},"df_price":129.9,"df_sale_price":129.9,"df_regular_price":129.9,"df_image_link":"https:\/\/www.erresse-shop.it\/wp-content\/uploads\/2021\/06\/SKE750CLR-300x300.jpg","_links":{"self":[{"href":"https:\/\/www.erresse-shop.it\/fr\/wp-json\/wp\/v2\/product\/107140"}],"collection":[{"href":"https:\/\/www.erresse-shop.it\/fr\/wp-json\/wp\/v2\/product"}],"about":[{"href":"https:\/\/www.erresse-shop.it\/fr\/wp-json\/wp\/v2\/types\/product"}],"wp:featuredmedia":[{"embeddable":true,"href":"https:\/\/www.erresse-shop.it\/fr\/wp-json\/wp\/v2\/media\/107185"}],"wp:attachment":[{"href":"https:\/\/www.erresse-shop.it\/fr\/wp-json\/wp\/v2\/media?parent=107140"}],"wp:term":[{"taxonomy":"product_cat","embeddable":true,"href":"https:\/\/www.erresse-shop.it\/fr\/wp-json\/wp\/v2\/product_cat?post=107140"},{"taxonomy":"product_tag","embeddable":true,"href":"https:\/\/www.erresse-shop.it\/fr\/wp-json\/wp\/v2\/product_tag?post=107140"}],"curies":[{"name":"wp","href":"https:\/\/api.w.org\/{rel}","templated":true}]}}