{"id":106973,"date":"2021-06-29T09:06:51","date_gmt":"2021-06-29T09:06:52","guid":{"rendered":"https:\/\/www.erresse-shop.it\/?post_type=product&#038;p=106973"},"modified":"2025-01-13T15:05:33","modified_gmt":"2025-01-13T15:05:33","slug":"staub-cuiseur-de-poulet-24-cm-noir","status":"publish","type":"product","link":"https:\/\/www.erresse-shop.it\/fr\/shop\/poeles-pots\/plats-et-casseroles-a-four\/staub-cuiseur-de-poulet-24-cm-noir\/","title":{"rendered":"STAUB Cuiseur de poulet 24 cm Noir"},"content":{"rendered":"<p>La r\u00f4tissoire ronde <strong>Staub<\/strong> vous permet de pr\u00e9parer un poulet croustillant avec une saveur &#8220;fra\u00eechement sortie du gril&#8221;. Il suffit de placer le poulet dans la r\u00f4tissoire et de l&#8217;enfourner pour qu&#8217;il soit cuit uniform\u00e9ment de tous les c\u00f4t\u00e9s et que sa peau soit croustillante. La r\u00f4tissoire Staub est dot\u00e9e d&#8217;une broche en fonte conductrice de chaleur, qui garantit la cuisson compl\u00e8te du poulet. Le reste de la casserole est \u00e9galement en fonte recouverte d&#8217;un \u00e9mail noir mat. La l\u00e8chefrite de <em>24 cm<\/em> de large recueille l&#8217;exc\u00e8s de graisse, ce qui permet d&#8217;obtenir une viande tendre et peu grasse. La grande r\u00f4tissoire ronde permet \u00e9galement de garder le four propre, ce qui signifie que vous n&#8217;avez pas besoin de penser \u00e0 autre chose qu&#8217;au plat que vous pr\u00e9parez. La r\u00f4tissoire Staub peut \u00eatre utilis\u00e9e dans n&#8217;importe quel four pour cuire le poulet et la volaille en g\u00e9n\u00e9ral. Le poids de cette po\u00eale la rend extr\u00eamement stable, m\u00eame pour la cuisson de grands oiseaux. Il peut \u00e9galement \u00eatre facilement ins\u00e9r\u00e9 et retir\u00e9 du four gr\u00e2ce aux poign\u00e9es lat\u00e9rales. La r\u00f4tissoire Staub offre une option saine et pauvre en graisses pour la cuisson du canard, des petites dindes ou des perdrix.<\/p>\n<ul>\n<li>Pour pr\u00e9parer les poulets entiers<\/li>\n<li>Un poulet, une pintade ou un petit canard assaisonn\u00e9 ou marin\u00e9 est simplement plac\u00e9 \u00e0 la verticale.<\/li>\n<li>Les plats d&#8217;accompagnement peuvent \u00eatre plac\u00e9s dans le bol<\/li>\n<li>La fonte \u00e9maill\u00e9e<\/li>\n<li>Deux becs lat\u00e9raux facilitent l&#8217;\u00e9vacuation de l&#8217;exc\u00e8s de graisse ou de liquide.<\/li>\n<\/ul>\n<p><strong>TAILLE<\/strong><br \/>\nPoids net : 2,67 kg<br \/>\nCapacit\u00e9 : 1,00 l<br \/>\nLongueur du produit : 26,20 cm<br \/>\nLargeur du produit : 22,20 cm<br \/>\nHauteur du produit : 11,50 cm<br \/>\nDiam\u00e8tre sup\u00e9rieur : 24,00 cm<\/p>\n","protected":false},"excerpt":{"rendered":"<p>La r\u00f4tissoire ronde Staub vous permet de pr\u00e9parer un poulet croustillant avec une saveur &#8220;fra\u00eechement sortie du gril&#8221;. Il suffit<\/p>\n","protected":false},"featured_media":106978,"template":"","meta":{"_acf_changed":false,"inline_featured_image":false},"product_cat":[12458,14805],"product_tag":[15636,12994,12461,14570],"acf":[],"yoast_head":"<!-- This site is optimized with the Yoast SEO Premium plugin v18.6 (Yoast SEO v19.13) - https:\/\/yoast.com\/wordpress\/plugins\/seo\/ -->\n<title>STAUB Cuiseur de poulet 24 cm Noir<\/title>\n<meta name=\"description\" content=\"D\u00e9couvrez STAUB Cuiseur de poulet 24 cm Noir sur ErresseShop. Qualit\u00e9, prix r\u00e9duits et achat s\u00e9curis\u00e9 \u2013 commandez d\u00e8s maintenant en ligne !\" \/>\n<meta name=\"robots\" content=\"index, follow, max-snippet:-1, max-image-preview:large, max-video-preview:-1\" \/>\n<link rel=\"canonical\" href=\"https:\/\/www.erresse-shop.it\/fr\/shop\/poeles-pots\/plats-et-casseroles-a-four\/staub-cuiseur-de-poulet-24-cm-noir\/\" \/>\n<meta property=\"og:locale\" content=\"fr_FR\" \/>\n<meta property=\"og:type\" content=\"article\" \/>\n<meta property=\"og:title\" content=\"STAUB Cuiseur de poulet 24 cm Noir\" \/>\n<meta property=\"og:description\" content=\"D\u00e9couvrez STAUB Cuiseur de poulet 24 cm Noir sur ErresseShop. Qualit\u00e9, prix r\u00e9duits et achat s\u00e9curis\u00e9 \u2013 commandez d\u00e8s maintenant en ligne !\" \/>\n<meta property=\"og:url\" content=\"https:\/\/www.erresse-shop.it\/fr\/shop\/poeles-pots\/plats-et-casseroles-a-four\/staub-cuiseur-de-poulet-24-cm-noir\/\" \/>\n<meta property=\"og:site_name\" content=\"Erresse Shop\" \/>\n<meta property=\"article:modified_time\" content=\"2025-01-13T15:05:33+00:00\" \/>\n<meta property=\"og:image\" content=\"https:\/\/www.erresse-shop.it\/wp-content\/uploads\/2021\/06\/40509-339.jpg\" \/>\n\t<meta property=\"og:image:width\" content=\"1350\" \/>\n\t<meta property=\"og:image:height\" content=\"1350\" \/>\n\t<meta property=\"og:image:type\" content=\"image\/jpeg\" \/>\n<meta name=\"twitter:card\" content=\"summary_large_image\" \/>\n<script type=\"application\/ld+json\" class=\"yoast-schema-graph\">{\"@context\":\"https:\/\/schema.org\",\"@graph\":[{\"@type\":\"WebPage\",\"@id\":\"https:\/\/www.erresse-shop.it\/fr\/shop\/poeles-pots\/plats-et-casseroles-a-four\/staub-cuiseur-de-poulet-24-cm-noir\/\",\"url\":\"https:\/\/www.erresse-shop.it\/fr\/shop\/poeles-pots\/plats-et-casseroles-a-four\/staub-cuiseur-de-poulet-24-cm-noir\/\",\"name\":\"STAUB Cuiseur de poulet 24 cm Noir\",\"isPartOf\":{\"@id\":\"https:\/\/www.erresse-shop.it\/fr\/#website\"},\"datePublished\":\"2021-06-29T09:06:52+00:00\",\"dateModified\":\"2025-01-13T15:05:33+00:00\",\"description\":\"D\u00e9couvrez STAUB Cuiseur de poulet 24 cm Noir sur ErresseShop. Qualit\u00e9, prix r\u00e9duits et achat s\u00e9curis\u00e9 \u2013 commandez d\u00e8s maintenant en ligne !\",\"breadcrumb\":{\"@id\":\"https:\/\/www.erresse-shop.it\/fr\/shop\/poeles-pots\/plats-et-casseroles-a-four\/staub-cuiseur-de-poulet-24-cm-noir\/#breadcrumb\"},\"inLanguage\":\"fr-FR\",\"potentialAction\":[{\"@type\":\"ReadAction\",\"target\":[\"https:\/\/www.erresse-shop.it\/fr\/shop\/poeles-pots\/plats-et-casseroles-a-four\/staub-cuiseur-de-poulet-24-cm-noir\/\"]}]},{\"@type\":\"BreadcrumbList\",\"@id\":\"https:\/\/www.erresse-shop.it\/fr\/shop\/poeles-pots\/plats-et-casseroles-a-four\/staub-cuiseur-de-poulet-24-cm-noir\/#breadcrumb\",\"itemListElement\":[{\"@type\":\"ListItem\",\"position\":1,\"name\":\"Home\",\"item\":\"https:\/\/www.erresse-shop.it\/fr\/\"},{\"@type\":\"ListItem\",\"position\":2,\"name\":\"Shop\",\"item\":\"https:\/\/www.erresse-shop.it\/fr\/shop\/\"},{\"@type\":\"ListItem\",\"position\":3,\"name\":\"STAUB Cuiseur de poulet 24 cm Noir\"}]},{\"@type\":\"WebSite\",\"@id\":\"https:\/\/www.erresse-shop.it\/fr\/#website\",\"url\":\"https:\/\/www.erresse-shop.it\/fr\/\",\"name\":\"Erresse Shop\",\"description\":\"Articoli di qualit\u00e0 per la casa\",\"potentialAction\":[{\"@type\":\"SearchAction\",\"target\":{\"@type\":\"EntryPoint\",\"urlTemplate\":\"https:\/\/www.erresse-shop.it\/fr\/?s={search_term_string}\"},\"query-input\":\"required name=search_term_string\"}],\"inLanguage\":\"fr-FR\"}]}<\/script>\n<!-- \/ Yoast SEO Premium plugin. -->","yoast_head_json":{"title":"STAUB Cuiseur de poulet 24 cm Noir","description":"D\u00e9couvrez STAUB Cuiseur de poulet 24 cm Noir sur ErresseShop. Qualit\u00e9, prix r\u00e9duits et achat s\u00e9curis\u00e9 \u2013 commandez d\u00e8s maintenant en ligne !","robots":{"index":"index","follow":"follow","max-snippet":"max-snippet:-1","max-image-preview":"max-image-preview:large","max-video-preview":"max-video-preview:-1"},"canonical":"https:\/\/www.erresse-shop.it\/fr\/shop\/poeles-pots\/plats-et-casseroles-a-four\/staub-cuiseur-de-poulet-24-cm-noir\/","og_locale":"fr_FR","og_type":"article","og_title":"STAUB Cuiseur de poulet 24 cm Noir","og_description":"D\u00e9couvrez STAUB Cuiseur de poulet 24 cm Noir sur ErresseShop. Qualit\u00e9, prix r\u00e9duits et achat s\u00e9curis\u00e9 \u2013 commandez d\u00e8s maintenant en ligne !","og_url":"https:\/\/www.erresse-shop.it\/fr\/shop\/poeles-pots\/plats-et-casseroles-a-four\/staub-cuiseur-de-poulet-24-cm-noir\/","og_site_name":"Erresse Shop","article_modified_time":"2025-01-13T15:05:33+00:00","og_image":[{"width":1350,"height":1350,"url":"https:\/\/www.erresse-shop.it\/wp-content\/uploads\/2021\/06\/40509-339.jpg","type":"image\/jpeg"}],"twitter_card":"summary_large_image","schema":{"@context":"https:\/\/schema.org","@graph":[{"@type":"WebPage","@id":"https:\/\/www.erresse-shop.it\/fr\/shop\/poeles-pots\/plats-et-casseroles-a-four\/staub-cuiseur-de-poulet-24-cm-noir\/","url":"https:\/\/www.erresse-shop.it\/fr\/shop\/poeles-pots\/plats-et-casseroles-a-four\/staub-cuiseur-de-poulet-24-cm-noir\/","name":"STAUB Cuiseur de poulet 24 cm Noir","isPartOf":{"@id":"https:\/\/www.erresse-shop.it\/fr\/#website"},"datePublished":"2021-06-29T09:06:52+00:00","dateModified":"2025-01-13T15:05:33+00:00","description":"D\u00e9couvrez STAUB Cuiseur de poulet 24 cm Noir sur ErresseShop. Qualit\u00e9, prix r\u00e9duits et achat s\u00e9curis\u00e9 \u2013 commandez d\u00e8s maintenant en ligne !","breadcrumb":{"@id":"https:\/\/www.erresse-shop.it\/fr\/shop\/poeles-pots\/plats-et-casseroles-a-four\/staub-cuiseur-de-poulet-24-cm-noir\/#breadcrumb"},"inLanguage":"fr-FR","potentialAction":[{"@type":"ReadAction","target":["https:\/\/www.erresse-shop.it\/fr\/shop\/poeles-pots\/plats-et-casseroles-a-four\/staub-cuiseur-de-poulet-24-cm-noir\/"]}]},{"@type":"BreadcrumbList","@id":"https:\/\/www.erresse-shop.it\/fr\/shop\/poeles-pots\/plats-et-casseroles-a-four\/staub-cuiseur-de-poulet-24-cm-noir\/#breadcrumb","itemListElement":[{"@type":"ListItem","position":1,"name":"Home","item":"https:\/\/www.erresse-shop.it\/fr\/"},{"@type":"ListItem","position":2,"name":"Shop","item":"https:\/\/www.erresse-shop.it\/fr\/shop\/"},{"@type":"ListItem","position":3,"name":"STAUB Cuiseur de poulet 24 cm Noir"}]},{"@type":"WebSite","@id":"https:\/\/www.erresse-shop.it\/fr\/#website","url":"https:\/\/www.erresse-shop.it\/fr\/","name":"Erresse Shop","description":"Articoli di qualit\u00e0 per la casa","potentialAction":[{"@type":"SearchAction","target":{"@type":"EntryPoint","urlTemplate":"https:\/\/www.erresse-shop.it\/fr\/?s={search_term_string}"},"query-input":"required name=search_term_string"}],"inLanguage":"fr-FR"}]}},"df_price":79.5,"df_sale_price":79.5,"df_regular_price":159,"df_image_link":"https:\/\/www.erresse-shop.it\/wp-content\/uploads\/2021\/06\/40509-339-300x300.jpg","_links":{"self":[{"href":"https:\/\/www.erresse-shop.it\/fr\/wp-json\/wp\/v2\/product\/106973"}],"collection":[{"href":"https:\/\/www.erresse-shop.it\/fr\/wp-json\/wp\/v2\/product"}],"about":[{"href":"https:\/\/www.erresse-shop.it\/fr\/wp-json\/wp\/v2\/types\/product"}],"wp:featuredmedia":[{"embeddable":true,"href":"https:\/\/www.erresse-shop.it\/fr\/wp-json\/wp\/v2\/media\/106978"}],"wp:attachment":[{"href":"https:\/\/www.erresse-shop.it\/fr\/wp-json\/wp\/v2\/media?parent=106973"}],"wp:term":[{"taxonomy":"product_cat","embeddable":true,"href":"https:\/\/www.erresse-shop.it\/fr\/wp-json\/wp\/v2\/product_cat?post=106973"},{"taxonomy":"product_tag","embeddable":true,"href":"https:\/\/www.erresse-shop.it\/fr\/wp-json\/wp\/v2\/product_tag?post=106973"}],"curies":[{"name":"wp","href":"https:\/\/api.w.org\/{rel}","templated":true}]}}