{"id":106852,"date":"2021-06-28T13:57:23","date_gmt":"2021-06-28T13:57:25","guid":{"rendered":"https:\/\/www.erresse-shop.it\/?post_type=product&#038;p=106852"},"modified":"2025-01-13T15:05:17","modified_gmt":"2025-01-13T15:05:17","slug":"sage-precision-brewer-thermal","status":"publish","type":"product","link":"https:\/\/www.erresse-shop.it\/fr\/shop\/petits-electromenagers\/machines-cafe\/a-filtre\/sage-precision-brewer-thermal\/","title":{"rendered":"SAGE Precision Brewer Thermal"},"content":{"rendered":"<p><strong>PR\u00c9PAREZ VOTRE CAF\u00c9 FILTRE AUTOMATIQUEMENT<\/strong><br \/>\nLa premi\u00e8re cafeti\u00e8re filtre de 1,7 L au monde qui permet de pr\u00e9parer automatiquement un caf\u00e9 filtre de sp\u00e9cialit\u00e9 de troisi\u00e8me g\u00e9n\u00e9ration. D\u00e9gustez votre caf\u00e9 pr\u00e9f\u00e9r\u00e9 \u00e0 la temp\u00e9rature et \u00e0 la dur\u00e9e d&#8217;infusion id\u00e9ales, quels que soient son origine, son \u00e2ge et sa torr\u00e9faction.<\/p>\n<p><strong>DES \u00c9TUDES R\u00c9CENTES LE CONFIRMENT<\/strong><br \/>\nLa saveur du caf\u00e9 varie en fonction de la forme du panier-filtre. R\u00e9alisez la boisson parfaite gr\u00e2ce au syst\u00e8me de contr\u00f4le de pr\u00e9cision.<\/p>\n<p><strong>INCLUS DES PANIERS-FILTRES CONIQUE ET \u00c0 FOND PLAT<\/strong><br \/>\nPr\u00e9parez n&#8217;importe quel volume de caf\u00e9 de la mani\u00e8re dont vous le souhaitez, depuis chez vous.<\/p>\n<p><strong>6 PR\u00c9R\u00c9GLAGES, DONT LA NORME \u00ab GOLD CUP \u00bb<\/strong><br \/>\nLes pr\u00e9r\u00e9glages incluent Gold, Fast, Strong, Iced et Cold Brew.<\/p>\n<p><strong>MY BREW<\/strong><br \/>\nCe r\u00e9glage vous permet de personnaliser n&#8217;importe quel param\u00e8tre, comme le temps de formation de la mousse, la temp\u00e9rature d&#8217;infusion et le d\u00e9bit d&#8217;\u00e9coulement, en fonction de vos pr\u00e9f\u00e9rences gustatives et du grain de caf\u00e9 que vous utilisez (floral, fruit\u00e9 ou terreux).<\/p>\n<p><strong>TEMPS DE FORMATION DE LA MOUSSE R\u00c9GLABLE<\/strong><br \/>\nLe contr\u00f4le r\u00e9glable vous permet de choisir le temps de formation de la mousse qui convient au grain de caf\u00e9 utilis\u00e9. Une fois la mousse form\u00e9e, l&#8217;eau restante est vers\u00e9e dans la mouture pour finaliser l&#8217;infusion.<\/p>\n<p><strong>TEMP\u00c9RATURE D&#8217;INFUSION PR\u00c9CISE<\/strong><br \/>\nLe syst\u00e8me de chauffe Thermocoil \u00e9quip\u00e9 de la technologie de contr\u00f4le PID garantit un caf\u00e9 de qualit\u00e9 sup\u00e9rieure gr\u00e2ce \u00e0 une ma\u00eetrise parfaite de la temp\u00e9rature, du d\u00e9bit d&#8217;\u00e9coulement et du temps de contact.<\/p>\n<p><strong>D\u00c9BIT D&#8217;\u00c9COULEMENT R\u00c9GLABLE<\/strong><br \/>\nS\u00e9lectionnez parmi 3 d\u00e9bits afin d&#8217;optimiser la dur\u00e9e de contact.<\/p>\n<p><strong>SP\u00c9CIFICATION DE PRODUIT<\/strong><br \/>\n&#8211; Dimensions (IxPxH): 36 x 16,8 x 39,5 cm<br \/>\n&#8211; Garantie: Garantie r\u00e9paration, remplacement ou remboursement de 2 ans (\u00e0 la seule discr\u00e9tion de Sage Appliances)<br \/>\n&#8211; Mat\u00e9riaux: Acier inoxydable bross\u00e9<br \/>\n&#8211; Capacit\u00e9: 1,7 L\/12 tasses<br \/>\n&#8211; Param\u00e8tres: Gold Cup, Fast, Strong Brew, Cold Brew, My Brew,Pour Over<\/p>\n","protected":false},"excerpt":{"rendered":"<p>PR\u00c9PAREZ VOTRE CAF\u00c9 FILTRE AUTOMATIQUEMENT La premi\u00e8re cafeti\u00e8re filtre de 1,7 L au monde qui permet de pr\u00e9parer automatiquement un<\/p>\n","protected":false},"featured_media":106857,"template":"","meta":{"_acf_changed":false,"inline_featured_image":false},"product_cat":[25375,12764,12449],"product_tag":[23563,12948,12950,23603,21821],"acf":[],"yoast_head":"<!-- This site is optimized with the Yoast SEO Premium plugin v18.6 (Yoast SEO v19.13) - https:\/\/yoast.com\/wordpress\/plugins\/seo\/ -->\n<title>SAGE Precision Brewer Thermal<\/title>\n<meta name=\"description\" content=\"D\u00e9couvrez SAGE Precision Brewer Thermal sur ErresseShop. Qualit\u00e9, prix r\u00e9duits et achat s\u00e9curis\u00e9 \u2013 commandez d\u00e8s maintenant en ligne !\" \/>\n<meta name=\"robots\" content=\"index, follow, max-snippet:-1, max-image-preview:large, max-video-preview:-1\" \/>\n<link rel=\"canonical\" href=\"https:\/\/www.erresse-shop.it\/fr\/shop\/petits-electromenagers\/machines-cafe\/a-filtre\/sage-precision-brewer-thermal\/\" \/>\n<meta property=\"og:locale\" content=\"fr_FR\" \/>\n<meta property=\"og:type\" content=\"article\" \/>\n<meta property=\"og:title\" content=\"SAGE Precision Brewer Thermal\" \/>\n<meta property=\"og:description\" content=\"D\u00e9couvrez SAGE Precision Brewer Thermal sur ErresseShop. Qualit\u00e9, prix r\u00e9duits et achat s\u00e9curis\u00e9 \u2013 commandez d\u00e8s maintenant en ligne !\" \/>\n<meta property=\"og:url\" content=\"https:\/\/www.erresse-shop.it\/fr\/shop\/petits-electromenagers\/machines-cafe\/a-filtre\/sage-precision-brewer-thermal\/\" \/>\n<meta property=\"og:site_name\" content=\"Erresse Shop\" \/>\n<meta property=\"article:modified_time\" content=\"2025-01-13T15:05:17+00:00\" \/>\n<meta property=\"og:image\" content=\"https:\/\/www.erresse-shop.it\/wp-content\/uploads\/2021\/06\/SDC450BSS.jpg\" \/>\n\t<meta property=\"og:image:width\" content=\"992\" \/>\n\t<meta property=\"og:image:height\" content=\"992\" \/>\n\t<meta property=\"og:image:type\" content=\"image\/jpeg\" \/>\n<meta name=\"twitter:card\" content=\"summary_large_image\" \/>\n<script type=\"application\/ld+json\" class=\"yoast-schema-graph\">{\"@context\":\"https:\/\/schema.org\",\"@graph\":[{\"@type\":\"WebPage\",\"@id\":\"https:\/\/www.erresse-shop.it\/fr\/shop\/petits-electromenagers\/machines-cafe\/a-filtre\/sage-precision-brewer-thermal\/\",\"url\":\"https:\/\/www.erresse-shop.it\/fr\/shop\/petits-electromenagers\/machines-cafe\/a-filtre\/sage-precision-brewer-thermal\/\",\"name\":\"SAGE Precision Brewer Thermal\",\"isPartOf\":{\"@id\":\"https:\/\/www.erresse-shop.it\/fr\/#website\"},\"datePublished\":\"2021-06-28T13:57:25+00:00\",\"dateModified\":\"2025-01-13T15:05:17+00:00\",\"description\":\"D\u00e9couvrez SAGE Precision Brewer Thermal sur ErresseShop. Qualit\u00e9, prix r\u00e9duits et achat s\u00e9curis\u00e9 \u2013 commandez d\u00e8s maintenant en ligne !\",\"breadcrumb\":{\"@id\":\"https:\/\/www.erresse-shop.it\/fr\/shop\/petits-electromenagers\/machines-cafe\/a-filtre\/sage-precision-brewer-thermal\/#breadcrumb\"},\"inLanguage\":\"fr-FR\",\"potentialAction\":[{\"@type\":\"ReadAction\",\"target\":[\"https:\/\/www.erresse-shop.it\/fr\/shop\/petits-electromenagers\/machines-cafe\/a-filtre\/sage-precision-brewer-thermal\/\"]}]},{\"@type\":\"BreadcrumbList\",\"@id\":\"https:\/\/www.erresse-shop.it\/fr\/shop\/petits-electromenagers\/machines-cafe\/a-filtre\/sage-precision-brewer-thermal\/#breadcrumb\",\"itemListElement\":[{\"@type\":\"ListItem\",\"position\":1,\"name\":\"Home\",\"item\":\"https:\/\/www.erresse-shop.it\/fr\/\"},{\"@type\":\"ListItem\",\"position\":2,\"name\":\"Shop\",\"item\":\"https:\/\/www.erresse-shop.it\/fr\/shop\/\"},{\"@type\":\"ListItem\",\"position\":3,\"name\":\"SAGE Precision Brewer Thermal\"}]},{\"@type\":\"WebSite\",\"@id\":\"https:\/\/www.erresse-shop.it\/fr\/#website\",\"url\":\"https:\/\/www.erresse-shop.it\/fr\/\",\"name\":\"Erresse Shop\",\"description\":\"Articoli di qualit\u00e0 per la casa\",\"potentialAction\":[{\"@type\":\"SearchAction\",\"target\":{\"@type\":\"EntryPoint\",\"urlTemplate\":\"https:\/\/www.erresse-shop.it\/fr\/?s={search_term_string}\"},\"query-input\":\"required name=search_term_string\"}],\"inLanguage\":\"fr-FR\"}]}<\/script>\n<!-- \/ Yoast SEO Premium plugin. -->","yoast_head_json":{"title":"SAGE Precision Brewer Thermal","description":"D\u00e9couvrez SAGE Precision Brewer Thermal sur ErresseShop. Qualit\u00e9, prix r\u00e9duits et achat s\u00e9curis\u00e9 \u2013 commandez d\u00e8s maintenant en ligne !","robots":{"index":"index","follow":"follow","max-snippet":"max-snippet:-1","max-image-preview":"max-image-preview:large","max-video-preview":"max-video-preview:-1"},"canonical":"https:\/\/www.erresse-shop.it\/fr\/shop\/petits-electromenagers\/machines-cafe\/a-filtre\/sage-precision-brewer-thermal\/","og_locale":"fr_FR","og_type":"article","og_title":"SAGE Precision Brewer Thermal","og_description":"D\u00e9couvrez SAGE Precision Brewer Thermal sur ErresseShop. Qualit\u00e9, prix r\u00e9duits et achat s\u00e9curis\u00e9 \u2013 commandez d\u00e8s maintenant en ligne !","og_url":"https:\/\/www.erresse-shop.it\/fr\/shop\/petits-electromenagers\/machines-cafe\/a-filtre\/sage-precision-brewer-thermal\/","og_site_name":"Erresse Shop","article_modified_time":"2025-01-13T15:05:17+00:00","og_image":[{"width":992,"height":992,"url":"https:\/\/www.erresse-shop.it\/wp-content\/uploads\/2021\/06\/SDC450BSS.jpg","type":"image\/jpeg"}],"twitter_card":"summary_large_image","schema":{"@context":"https:\/\/schema.org","@graph":[{"@type":"WebPage","@id":"https:\/\/www.erresse-shop.it\/fr\/shop\/petits-electromenagers\/machines-cafe\/a-filtre\/sage-precision-brewer-thermal\/","url":"https:\/\/www.erresse-shop.it\/fr\/shop\/petits-electromenagers\/machines-cafe\/a-filtre\/sage-precision-brewer-thermal\/","name":"SAGE Precision Brewer Thermal","isPartOf":{"@id":"https:\/\/www.erresse-shop.it\/fr\/#website"},"datePublished":"2021-06-28T13:57:25+00:00","dateModified":"2025-01-13T15:05:17+00:00","description":"D\u00e9couvrez SAGE Precision Brewer Thermal sur ErresseShop. Qualit\u00e9, prix r\u00e9duits et achat s\u00e9curis\u00e9 \u2013 commandez d\u00e8s maintenant en ligne !","breadcrumb":{"@id":"https:\/\/www.erresse-shop.it\/fr\/shop\/petits-electromenagers\/machines-cafe\/a-filtre\/sage-precision-brewer-thermal\/#breadcrumb"},"inLanguage":"fr-FR","potentialAction":[{"@type":"ReadAction","target":["https:\/\/www.erresse-shop.it\/fr\/shop\/petits-electromenagers\/machines-cafe\/a-filtre\/sage-precision-brewer-thermal\/"]}]},{"@type":"BreadcrumbList","@id":"https:\/\/www.erresse-shop.it\/fr\/shop\/petits-electromenagers\/machines-cafe\/a-filtre\/sage-precision-brewer-thermal\/#breadcrumb","itemListElement":[{"@type":"ListItem","position":1,"name":"Home","item":"https:\/\/www.erresse-shop.it\/fr\/"},{"@type":"ListItem","position":2,"name":"Shop","item":"https:\/\/www.erresse-shop.it\/fr\/shop\/"},{"@type":"ListItem","position":3,"name":"SAGE Precision Brewer Thermal"}]},{"@type":"WebSite","@id":"https:\/\/www.erresse-shop.it\/fr\/#website","url":"https:\/\/www.erresse-shop.it\/fr\/","name":"Erresse Shop","description":"Articoli di qualit\u00e0 per la casa","potentialAction":[{"@type":"SearchAction","target":{"@type":"EntryPoint","urlTemplate":"https:\/\/www.erresse-shop.it\/fr\/?s={search_term_string}"},"query-input":"required name=search_term_string"}],"inLanguage":"fr-FR"}]}},"df_price":279.95,"df_sale_price":279.95,"df_regular_price":329.9,"df_image_link":"https:\/\/www.erresse-shop.it\/wp-content\/uploads\/2021\/06\/SDC450BSS-300x300.jpg","_links":{"self":[{"href":"https:\/\/www.erresse-shop.it\/fr\/wp-json\/wp\/v2\/product\/106852"}],"collection":[{"href":"https:\/\/www.erresse-shop.it\/fr\/wp-json\/wp\/v2\/product"}],"about":[{"href":"https:\/\/www.erresse-shop.it\/fr\/wp-json\/wp\/v2\/types\/product"}],"wp:featuredmedia":[{"embeddable":true,"href":"https:\/\/www.erresse-shop.it\/fr\/wp-json\/wp\/v2\/media\/106857"}],"wp:attachment":[{"href":"https:\/\/www.erresse-shop.it\/fr\/wp-json\/wp\/v2\/media?parent=106852"}],"wp:term":[{"taxonomy":"product_cat","embeddable":true,"href":"https:\/\/www.erresse-shop.it\/fr\/wp-json\/wp\/v2\/product_cat?post=106852"},{"taxonomy":"product_tag","embeddable":true,"href":"https:\/\/www.erresse-shop.it\/fr\/wp-json\/wp\/v2\/product_tag?post=106852"}],"curies":[{"name":"wp","href":"https:\/\/api.w.org\/{rel}","templated":true}]}}