{"id":106686,"date":"2021-06-28T09:01:58","date_gmt":"2021-06-28T09:01:59","guid":{"rendered":"https:\/\/www.erresse-shop.it\/?post_type=product&#038;p=106686"},"modified":"2025-01-13T15:04:44","modified_gmt":"2025-01-13T15:04:44","slug":"sage-the-bambino-plus-noir","status":"publish","type":"product","link":"https:\/\/www.erresse-shop.it\/fr\/shop\/petits-electromenagers\/machines-cafe\/manuels\/sage-the-bambino-plus-noir\/","title":{"rendered":"SAGE The Bambino Plus Noir"},"content":{"rendered":"<p><strong>UN EXPRESSO AUTHENTIQUE. DES RESULTATS RAPIDES ET PROFESSIONNELS CHEZ VOUS<br \/>\n<\/strong>Identique \u00e0 une machine professionnelle, the Bambino Plus vous offre un Caf\u00e9 de Sp\u00e9cialit\u00e9 de Troisi\u00e8me G\u00e9n\u00e9ration chez vous gr\u00e2ce \u00e0 sa formule bas\u00e9e sur 4 \u00e9l\u00e9ments cl\u00e9s. Offrez-vous des performances de barista gr\u00e2ce au porte-filtre 54 mm contenant 18 g de caf\u00e9 pour une saveur intense, et \u00e0 la buse vapeur mains-libres cr\u00e9ant la micro-mousse essentielle \u00e0 l&#8217;art du latte. Dot\u00e9e d&#8217;un syst\u00e8me de chauffe ThermoJet, la machine est op\u00e9rationnelle en 3 secondes.<\/p>\n<p><strong>MOUSSE DE LAIT AUTOMATIQUE<\/strong><br \/>\nLa buse \u00e0 vapeur automatique permet de personnaliser la mousse et la temp\u00e9rature du lait pour obtenir une mousse \u00e0 micro-bulles comme au bar, ce qui rehausse l&#8217;ar\u00f4me du caf\u00e9 et est essentiel pour le latte art.<\/p>\n<p><strong>CHAUFFAGE RAPIDE<\/strong><br \/>\nLe syst\u00e8me de chauffage innovant ThermoJet\u00ae vous permet d&#8217;atteindre la temp\u00e9rature d&#8217;extraction id\u00e9ale en seulement 3 secondes. Plus besoin d&#8217;attendre pour d\u00e9guster une bonne tasse de caf\u00e9.<\/p>\n<p><strong>18 GRAMMES DE CAF\u00c9 POUR UN AR\u00d4ME CORS\u00c9<\/strong><br \/>\nLa bonne quantit\u00e9 de poudre de caf\u00e9 est la base d&#8217;un espresso \u00e9quilibr\u00e9. Le porte-filtre de 54 mm avec sa capacit\u00e9 de 18 grammes est la cl\u00e9 d&#8217;un caf\u00e9 de troisi\u00e8me g\u00e9n\u00e9ration savoureux et \u00e9quilibr\u00e9.<\/p>\n<p><strong>LAVAGE AUTOMATIQUE<\/strong><br \/>\nLe syst\u00e8me de chauffage \u00e9tant automatiquement rinc\u00e9 apr\u00e8s la distribution de la vapeur, l&#8217;espresso est toujours distribu\u00e9 \u00e0 la bonne temp\u00e9rature.<\/p>\n<p><strong>Garantie :<\/strong> 2 ans pour r\u00e9paration, remplacement ou remboursement (\u00e0 la seule discr\u00e9tion de Sage Appliances).<br \/>\n<strong>Mat\u00e9riaux de construction :<\/strong> acier inoxydable<br \/>\n<strong>Capacit\u00e9 du r\u00e9servoir d&#8217;eau :<\/strong> 1,9 l<br \/>\n<strong>R\u00e9glages Panneau de commande :<\/strong> boutons 1 CUP, 2 CUP et STEAM<br \/>\n<strong>Temp\u00e9rature et niveau de mousse du lait r\u00e9glables<\/strong><\/p>\n<p><strong>Accessoires inclus :<\/strong><\/p>\n<ul>\n<li>Porte-filtre de 54 mm<\/li>\n<li>Presseur de 54 mm<\/li>\n<li>L&#8217;outil de dosage de pr\u00e9cision Razor\u2122<\/li>\n<li>Filtre \u00e0 eau Claro Swiss<\/li>\n<li>Pot \u00e0 lait en acier inoxydable de 480 ml<\/li>\n<li>Filtre \u00e0 double paroi pour 1 et 2 tasses<\/li>\n<li>Accessoire de nettoyage<\/li>\n<li>Disque de nettoyage<\/li>\n<\/ul>\n<p><strong>Quelques vid\u00e9os de d\u00e9monstration :<\/strong><\/p>\n<div class=\"su-youtube su-u-responsive-media-yes\"><iframe loading=\"lazy\" width=\"500\" height=\"200\" src=\"https:\/\/www.youtube.com\/embed\/RNgXOg-Gr2E?\" frameborder=\"0\" allowfullscreen allow=\"autoplay; encrypted-media; picture-in-picture\" title=\"\"><\/iframe><\/div>\n<p><a href=\"https:\/\/www.youtube.com\/watch?v=wATqZLsyqq0\" target=\"_blank\" rel=\"noopener\">https:\/\/www.youtube.com\/watch?v=wATqZLsyqq0<br \/>\n<\/a><a href=\"https:\/\/www.youtube.com\/watch?v=RNgXOg-Gr2E\" target=\"_blank\" rel=\"noopener\">https:\/\/www.youtube.com\/watch?v=RNgXOg-Gr2E<\/a><br \/>\n<a href=\"https:\/\/www.youtube.com\/watch?v=CmNGoS-B8gg\" target=\"_blank\" rel=\"noopener\">https:\/\/www.youtube.com\/watch?v=CmNGoS-B8gg<\/a><\/p>\n<p><span style=\"text-decoration: underline;\"><strong>Ne peut \u00eatre vendu en dehors de l&#8217;Europe<\/strong><\/span><\/p>\n","protected":false},"excerpt":{"rendered":"<p>UN EXPRESSO AUTHENTIQUE. DES RESULTATS RAPIDES ET PROFESSIONNELS CHEZ VOUS Identique \u00e0 une machine professionnelle, the Bambino Plus vous offre<\/p>\n","protected":false},"featured_media":106691,"template":"","meta":{"_acf_changed":false,"inline_featured_image":false},"product_cat":[12764,25365,12449],"product_tag":[23563,13254,23581,12856],"acf":[],"yoast_head":"<!-- This site is optimized with the Yoast SEO Premium plugin v18.6 (Yoast SEO v19.13) - https:\/\/yoast.com\/wordpress\/plugins\/seo\/ -->\n<title>SAGE The Bambino Plus Noir<\/title>\n<meta name=\"description\" content=\"D\u00e9couvrez SAGE The Bambino Plus Noir sur ErresseShop. Qualit\u00e9, prix r\u00e9duits et achat s\u00e9curis\u00e9 \u2013 commandez d\u00e8s maintenant en ligne !\" \/>\n<meta name=\"robots\" content=\"index, follow, max-snippet:-1, max-image-preview:large, max-video-preview:-1\" \/>\n<link rel=\"canonical\" href=\"https:\/\/www.erresse-shop.it\/fr\/shop\/petits-electromenagers\/machines-cafe\/manuels\/sage-the-bambino-plus-noir\/\" \/>\n<meta property=\"og:locale\" content=\"fr_FR\" \/>\n<meta property=\"og:type\" content=\"article\" \/>\n<meta property=\"og:title\" content=\"SAGE The Bambino Plus Noir\" \/>\n<meta property=\"og:description\" content=\"D\u00e9couvrez SAGE The Bambino Plus Noir sur ErresseShop. Qualit\u00e9, prix r\u00e9duits et achat s\u00e9curis\u00e9 \u2013 commandez d\u00e8s maintenant en ligne !\" \/>\n<meta property=\"og:url\" content=\"https:\/\/www.erresse-shop.it\/fr\/shop\/petits-electromenagers\/machines-cafe\/manuels\/sage-the-bambino-plus-noir\/\" \/>\n<meta property=\"og:site_name\" content=\"Erresse Shop\" \/>\n<meta property=\"article:modified_time\" content=\"2025-01-13T15:04:44+00:00\" \/>\n<meta property=\"og:image\" content=\"https:\/\/www.erresse-shop.it\/wp-content\/uploads\/2021\/06\/BAMBINO-PLUS.jpg\" \/>\n\t<meta property=\"og:image:width\" content=\"992\" \/>\n\t<meta property=\"og:image:height\" content=\"992\" \/>\n\t<meta property=\"og:image:type\" content=\"image\/jpeg\" \/>\n<meta name=\"twitter:card\" content=\"summary_large_image\" \/>\n<script type=\"application\/ld+json\" class=\"yoast-schema-graph\">{\"@context\":\"https:\/\/schema.org\",\"@graph\":[{\"@type\":\"WebPage\",\"@id\":\"https:\/\/www.erresse-shop.it\/fr\/shop\/petits-electromenagers\/machines-cafe\/manuels\/sage-the-bambino-plus-noir\/\",\"url\":\"https:\/\/www.erresse-shop.it\/fr\/shop\/petits-electromenagers\/machines-cafe\/manuels\/sage-the-bambino-plus-noir\/\",\"name\":\"SAGE The Bambino Plus Noir\",\"isPartOf\":{\"@id\":\"https:\/\/www.erresse-shop.it\/fr\/#website\"},\"datePublished\":\"2021-06-28T09:01:59+00:00\",\"dateModified\":\"2025-01-13T15:04:44+00:00\",\"description\":\"D\u00e9couvrez SAGE The Bambino Plus Noir sur ErresseShop. Qualit\u00e9, prix r\u00e9duits et achat s\u00e9curis\u00e9 \u2013 commandez d\u00e8s maintenant en ligne !\",\"breadcrumb\":{\"@id\":\"https:\/\/www.erresse-shop.it\/fr\/shop\/petits-electromenagers\/machines-cafe\/manuels\/sage-the-bambino-plus-noir\/#breadcrumb\"},\"inLanguage\":\"fr-FR\",\"potentialAction\":[{\"@type\":\"ReadAction\",\"target\":[\"https:\/\/www.erresse-shop.it\/fr\/shop\/petits-electromenagers\/machines-cafe\/manuels\/sage-the-bambino-plus-noir\/\"]}]},{\"@type\":\"BreadcrumbList\",\"@id\":\"https:\/\/www.erresse-shop.it\/fr\/shop\/petits-electromenagers\/machines-cafe\/manuels\/sage-the-bambino-plus-noir\/#breadcrumb\",\"itemListElement\":[{\"@type\":\"ListItem\",\"position\":1,\"name\":\"Home\",\"item\":\"https:\/\/www.erresse-shop.it\/fr\/\"},{\"@type\":\"ListItem\",\"position\":2,\"name\":\"Shop\",\"item\":\"https:\/\/www.erresse-shop.it\/fr\/shop\/\"},{\"@type\":\"ListItem\",\"position\":3,\"name\":\"SAGE The Bambino Plus Noir\"}]},{\"@type\":\"WebSite\",\"@id\":\"https:\/\/www.erresse-shop.it\/fr\/#website\",\"url\":\"https:\/\/www.erresse-shop.it\/fr\/\",\"name\":\"Erresse Shop\",\"description\":\"Articoli di qualit\u00e0 per la casa\",\"potentialAction\":[{\"@type\":\"SearchAction\",\"target\":{\"@type\":\"EntryPoint\",\"urlTemplate\":\"https:\/\/www.erresse-shop.it\/fr\/?s={search_term_string}\"},\"query-input\":\"required name=search_term_string\"}],\"inLanguage\":\"fr-FR\"}]}<\/script>\n<!-- \/ Yoast SEO Premium plugin. -->","yoast_head_json":{"title":"SAGE The Bambino Plus Noir","description":"D\u00e9couvrez SAGE The Bambino Plus Noir sur ErresseShop. Qualit\u00e9, prix r\u00e9duits et achat s\u00e9curis\u00e9 \u2013 commandez d\u00e8s maintenant en ligne !","robots":{"index":"index","follow":"follow","max-snippet":"max-snippet:-1","max-image-preview":"max-image-preview:large","max-video-preview":"max-video-preview:-1"},"canonical":"https:\/\/www.erresse-shop.it\/fr\/shop\/petits-electromenagers\/machines-cafe\/manuels\/sage-the-bambino-plus-noir\/","og_locale":"fr_FR","og_type":"article","og_title":"SAGE The Bambino Plus Noir","og_description":"D\u00e9couvrez SAGE The Bambino Plus Noir sur ErresseShop. Qualit\u00e9, prix r\u00e9duits et achat s\u00e9curis\u00e9 \u2013 commandez d\u00e8s maintenant en ligne !","og_url":"https:\/\/www.erresse-shop.it\/fr\/shop\/petits-electromenagers\/machines-cafe\/manuels\/sage-the-bambino-plus-noir\/","og_site_name":"Erresse Shop","article_modified_time":"2025-01-13T15:04:44+00:00","og_image":[{"width":992,"height":992,"url":"https:\/\/www.erresse-shop.it\/wp-content\/uploads\/2021\/06\/BAMBINO-PLUS.jpg","type":"image\/jpeg"}],"twitter_card":"summary_large_image","schema":{"@context":"https:\/\/schema.org","@graph":[{"@type":"WebPage","@id":"https:\/\/www.erresse-shop.it\/fr\/shop\/petits-electromenagers\/machines-cafe\/manuels\/sage-the-bambino-plus-noir\/","url":"https:\/\/www.erresse-shop.it\/fr\/shop\/petits-electromenagers\/machines-cafe\/manuels\/sage-the-bambino-plus-noir\/","name":"SAGE The Bambino Plus Noir","isPartOf":{"@id":"https:\/\/www.erresse-shop.it\/fr\/#website"},"datePublished":"2021-06-28T09:01:59+00:00","dateModified":"2025-01-13T15:04:44+00:00","description":"D\u00e9couvrez SAGE The Bambino Plus Noir sur ErresseShop. Qualit\u00e9, prix r\u00e9duits et achat s\u00e9curis\u00e9 \u2013 commandez d\u00e8s maintenant en ligne !","breadcrumb":{"@id":"https:\/\/www.erresse-shop.it\/fr\/shop\/petits-electromenagers\/machines-cafe\/manuels\/sage-the-bambino-plus-noir\/#breadcrumb"},"inLanguage":"fr-FR","potentialAction":[{"@type":"ReadAction","target":["https:\/\/www.erresse-shop.it\/fr\/shop\/petits-electromenagers\/machines-cafe\/manuels\/sage-the-bambino-plus-noir\/"]}]},{"@type":"BreadcrumbList","@id":"https:\/\/www.erresse-shop.it\/fr\/shop\/petits-electromenagers\/machines-cafe\/manuels\/sage-the-bambino-plus-noir\/#breadcrumb","itemListElement":[{"@type":"ListItem","position":1,"name":"Home","item":"https:\/\/www.erresse-shop.it\/fr\/"},{"@type":"ListItem","position":2,"name":"Shop","item":"https:\/\/www.erresse-shop.it\/fr\/shop\/"},{"@type":"ListItem","position":3,"name":"SAGE The Bambino Plus Noir"}]},{"@type":"WebSite","@id":"https:\/\/www.erresse-shop.it\/fr\/#website","url":"https:\/\/www.erresse-shop.it\/fr\/","name":"Erresse Shop","description":"Articoli di qualit\u00e0 per la casa","potentialAction":[{"@type":"SearchAction","target":{"@type":"EntryPoint","urlTemplate":"https:\/\/www.erresse-shop.it\/fr\/?s={search_term_string}"},"query-input":"required name=search_term_string"}],"inLanguage":"fr-FR"}]}},"df_price":529.9,"df_sale_price":529.9,"df_regular_price":529.9,"df_image_link":"https:\/\/www.erresse-shop.it\/wp-content\/uploads\/2021\/06\/BAMBINO-PLUS-300x300.jpg","_links":{"self":[{"href":"https:\/\/www.erresse-shop.it\/fr\/wp-json\/wp\/v2\/product\/106686"}],"collection":[{"href":"https:\/\/www.erresse-shop.it\/fr\/wp-json\/wp\/v2\/product"}],"about":[{"href":"https:\/\/www.erresse-shop.it\/fr\/wp-json\/wp\/v2\/types\/product"}],"wp:featuredmedia":[{"embeddable":true,"href":"https:\/\/www.erresse-shop.it\/fr\/wp-json\/wp\/v2\/media\/106691"}],"wp:attachment":[{"href":"https:\/\/www.erresse-shop.it\/fr\/wp-json\/wp\/v2\/media?parent=106686"}],"wp:term":[{"taxonomy":"product_cat","embeddable":true,"href":"https:\/\/www.erresse-shop.it\/fr\/wp-json\/wp\/v2\/product_cat?post=106686"},{"taxonomy":"product_tag","embeddable":true,"href":"https:\/\/www.erresse-shop.it\/fr\/wp-json\/wp\/v2\/product_tag?post=106686"}],"curies":[{"name":"wp","href":"https:\/\/api.w.org\/{rel}","templated":true}]}}