{"id":106656,"date":"2021-06-25T14:36:42","date_gmt":"2021-06-25T14:36:44","guid":{"rendered":"https:\/\/www.erresse-shop.it\/?post_type=product&#038;p=106656"},"modified":"2025-01-13T15:04:41","modified_gmt":"2025-01-13T15:04:41","slug":"carlo-moretti-vase-singleflower-5","status":"publish","type":"product","link":"https:\/\/www.erresse-shop.it\/fr\/shop\/ameublement-maison\/vases-fr\/carlo-moretti-vase-singleflower-5\/","title":{"rendered":"CARLO MORETTI Vase Singleflower"},"content":{"rendered":"<p>Vases en cristal de Murano souffl\u00e9s \u00e0 la bouche et finis \u00e0 la main, avec des applications \u00e0 chaud de diff\u00e9rents \u00e9l\u00e9ments d\u00e9coratifs.<\/p>\n<p>Les vases Singleflower naissent du d\u00e9sir de proposer des objets de design de dimensions r\u00e9duites, mais toujours \u00e9l\u00e9gants et d&#8217;impact visuel. Gr\u00e2ce \u00e0 une hauteur de 17 centim\u00e8tres, ces vases sont aptes \u00e0 embellir n&#8217;importe quel coin de la maison en lui donnant couleur, lumi\u00e8re et \u00e9l\u00e9gance.<\/p>\n<p>Verre et cristal de Murano : des \u00e9l\u00e9ments de valeur enti\u00e8rement italiens qui trouvent leur expression maximale dans les pr\u00e9cieuses collections sign\u00e9es par Carlo Moretti, une entreprise bas\u00e9e parmi les petites \u00eeles qui composent Murano. Le prestige de cette entreprise de Murano est d\u00fb \u00e0 la grande ma\u00eetrise de l&#8217;utilisation du verre et du cristal, ce dernier ayant une plus grande r\u00e9sistance gr\u00e2ce \u00e0 l&#8217;ajout de plomb dans le m\u00e9lange.<\/p>\n<p><strong>Vase de Murano travaill\u00e9 et peint enti\u00e8rement \u00e0 la main. Chaque pi\u00e8ce est donc unique et inimitable. <\/strong><br \/>\n<strong>Commandez d&#8217;autres vases Carlo Moretti pour une collection unique.<\/strong><\/p>\n","protected":false},"excerpt":{"rendered":"<p>Vases en cristal de Murano souffl\u00e9s \u00e0 la bouche et finis \u00e0 la main, avec des applications \u00e0 chaud de<\/p>\n","protected":false},"featured_media":106661,"template":"","meta":{"_acf_changed":false,"inline_featured_image":false},"product_cat":[12738,14422],"product_tag":[25036,23910,14413,25021,24397,24680,12856,14592,13849,14424],"acf":[],"yoast_head":"<!-- This site is optimized with the Yoast SEO Premium plugin v18.6 (Yoast SEO v19.13) - https:\/\/yoast.com\/wordpress\/plugins\/seo\/ -->\n<title>CARLO MORETTI Vase Singleflower<\/title>\n<meta name=\"description\" content=\"D\u00e9couvrez CARLO MORETTI Vase Singleflower sur ErresseShop. Qualit\u00e9, prix r\u00e9duits et achat s\u00e9curis\u00e9 \u2013 commandez d\u00e8s maintenant en ligne !\" \/>\n<meta name=\"robots\" content=\"index, follow, max-snippet:-1, max-image-preview:large, max-video-preview:-1\" \/>\n<link rel=\"canonical\" href=\"https:\/\/www.erresse-shop.it\/fr\/shop\/ameublement-maison\/vases-fr\/carlo-moretti-vase-singleflower-5\/\" \/>\n<meta property=\"og:locale\" content=\"fr_FR\" \/>\n<meta property=\"og:type\" content=\"article\" \/>\n<meta property=\"og:title\" content=\"CARLO MORETTI Vase Singleflower\" \/>\n<meta property=\"og:description\" content=\"D\u00e9couvrez CARLO MORETTI Vase Singleflower sur ErresseShop. Qualit\u00e9, prix r\u00e9duits et achat s\u00e9curis\u00e9 \u2013 commandez d\u00e8s maintenant en ligne !\" \/>\n<meta property=\"og:url\" content=\"https:\/\/www.erresse-shop.it\/fr\/shop\/ameublement-maison\/vases-fr\/carlo-moretti-vase-singleflower-5\/\" \/>\n<meta property=\"og:site_name\" content=\"Erresse Shop\" \/>\n<meta property=\"article:modified_time\" content=\"2025-01-13T15:04:41+00:00\" \/>\n<meta property=\"og:image\" content=\"https:\/\/www.erresse-shop.it\/wp-content\/uploads\/2021\/06\/14.0306.4-1.jpg\" \/>\n\t<meta property=\"og:image:width\" content=\"2000\" \/>\n\t<meta property=\"og:image:height\" content=\"2000\" \/>\n\t<meta property=\"og:image:type\" content=\"image\/jpeg\" \/>\n<meta name=\"twitter:card\" content=\"summary_large_image\" \/>\n<script type=\"application\/ld+json\" class=\"yoast-schema-graph\">{\"@context\":\"https:\/\/schema.org\",\"@graph\":[{\"@type\":\"WebPage\",\"@id\":\"https:\/\/www.erresse-shop.it\/fr\/shop\/ameublement-maison\/vases-fr\/carlo-moretti-vase-singleflower-5\/\",\"url\":\"https:\/\/www.erresse-shop.it\/fr\/shop\/ameublement-maison\/vases-fr\/carlo-moretti-vase-singleflower-5\/\",\"name\":\"CARLO MORETTI Vase Singleflower\",\"isPartOf\":{\"@id\":\"https:\/\/www.erresse-shop.it\/fr\/#website\"},\"datePublished\":\"2021-06-25T14:36:44+00:00\",\"dateModified\":\"2025-01-13T15:04:41+00:00\",\"description\":\"D\u00e9couvrez CARLO MORETTI Vase Singleflower sur ErresseShop. Qualit\u00e9, prix r\u00e9duits et achat s\u00e9curis\u00e9 \u2013 commandez d\u00e8s maintenant en ligne !\",\"breadcrumb\":{\"@id\":\"https:\/\/www.erresse-shop.it\/fr\/shop\/ameublement-maison\/vases-fr\/carlo-moretti-vase-singleflower-5\/#breadcrumb\"},\"inLanguage\":\"fr-FR\",\"potentialAction\":[{\"@type\":\"ReadAction\",\"target\":[\"https:\/\/www.erresse-shop.it\/fr\/shop\/ameublement-maison\/vases-fr\/carlo-moretti-vase-singleflower-5\/\"]}]},{\"@type\":\"BreadcrumbList\",\"@id\":\"https:\/\/www.erresse-shop.it\/fr\/shop\/ameublement-maison\/vases-fr\/carlo-moretti-vase-singleflower-5\/#breadcrumb\",\"itemListElement\":[{\"@type\":\"ListItem\",\"position\":1,\"name\":\"Home\",\"item\":\"https:\/\/www.erresse-shop.it\/fr\/\"},{\"@type\":\"ListItem\",\"position\":2,\"name\":\"Shop\",\"item\":\"https:\/\/www.erresse-shop.it\/fr\/shop\/\"},{\"@type\":\"ListItem\",\"position\":3,\"name\":\"CARLO MORETTI Vase Singleflower\"}]},{\"@type\":\"WebSite\",\"@id\":\"https:\/\/www.erresse-shop.it\/fr\/#website\",\"url\":\"https:\/\/www.erresse-shop.it\/fr\/\",\"name\":\"Erresse Shop\",\"description\":\"Articoli di qualit\u00e0 per la casa\",\"potentialAction\":[{\"@type\":\"SearchAction\",\"target\":{\"@type\":\"EntryPoint\",\"urlTemplate\":\"https:\/\/www.erresse-shop.it\/fr\/?s={search_term_string}\"},\"query-input\":\"required name=search_term_string\"}],\"inLanguage\":\"fr-FR\"}]}<\/script>\n<!-- \/ Yoast SEO Premium plugin. -->","yoast_head_json":{"title":"CARLO MORETTI Vase Singleflower","description":"D\u00e9couvrez CARLO MORETTI Vase Singleflower sur ErresseShop. Qualit\u00e9, prix r\u00e9duits et achat s\u00e9curis\u00e9 \u2013 commandez d\u00e8s maintenant en ligne !","robots":{"index":"index","follow":"follow","max-snippet":"max-snippet:-1","max-image-preview":"max-image-preview:large","max-video-preview":"max-video-preview:-1"},"canonical":"https:\/\/www.erresse-shop.it\/fr\/shop\/ameublement-maison\/vases-fr\/carlo-moretti-vase-singleflower-5\/","og_locale":"fr_FR","og_type":"article","og_title":"CARLO MORETTI Vase Singleflower","og_description":"D\u00e9couvrez CARLO MORETTI Vase Singleflower sur ErresseShop. Qualit\u00e9, prix r\u00e9duits et achat s\u00e9curis\u00e9 \u2013 commandez d\u00e8s maintenant en ligne !","og_url":"https:\/\/www.erresse-shop.it\/fr\/shop\/ameublement-maison\/vases-fr\/carlo-moretti-vase-singleflower-5\/","og_site_name":"Erresse Shop","article_modified_time":"2025-01-13T15:04:41+00:00","og_image":[{"width":2000,"height":2000,"url":"https:\/\/www.erresse-shop.it\/wp-content\/uploads\/2021\/06\/14.0306.4-1.jpg","type":"image\/jpeg"}],"twitter_card":"summary_large_image","schema":{"@context":"https:\/\/schema.org","@graph":[{"@type":"WebPage","@id":"https:\/\/www.erresse-shop.it\/fr\/shop\/ameublement-maison\/vases-fr\/carlo-moretti-vase-singleflower-5\/","url":"https:\/\/www.erresse-shop.it\/fr\/shop\/ameublement-maison\/vases-fr\/carlo-moretti-vase-singleflower-5\/","name":"CARLO MORETTI Vase Singleflower","isPartOf":{"@id":"https:\/\/www.erresse-shop.it\/fr\/#website"},"datePublished":"2021-06-25T14:36:44+00:00","dateModified":"2025-01-13T15:04:41+00:00","description":"D\u00e9couvrez CARLO MORETTI Vase Singleflower sur ErresseShop. Qualit\u00e9, prix r\u00e9duits et achat s\u00e9curis\u00e9 \u2013 commandez d\u00e8s maintenant en ligne !","breadcrumb":{"@id":"https:\/\/www.erresse-shop.it\/fr\/shop\/ameublement-maison\/vases-fr\/carlo-moretti-vase-singleflower-5\/#breadcrumb"},"inLanguage":"fr-FR","potentialAction":[{"@type":"ReadAction","target":["https:\/\/www.erresse-shop.it\/fr\/shop\/ameublement-maison\/vases-fr\/carlo-moretti-vase-singleflower-5\/"]}]},{"@type":"BreadcrumbList","@id":"https:\/\/www.erresse-shop.it\/fr\/shop\/ameublement-maison\/vases-fr\/carlo-moretti-vase-singleflower-5\/#breadcrumb","itemListElement":[{"@type":"ListItem","position":1,"name":"Home","item":"https:\/\/www.erresse-shop.it\/fr\/"},{"@type":"ListItem","position":2,"name":"Shop","item":"https:\/\/www.erresse-shop.it\/fr\/shop\/"},{"@type":"ListItem","position":3,"name":"CARLO MORETTI Vase Singleflower"}]},{"@type":"WebSite","@id":"https:\/\/www.erresse-shop.it\/fr\/#website","url":"https:\/\/www.erresse-shop.it\/fr\/","name":"Erresse Shop","description":"Articoli di qualit\u00e0 per la casa","potentialAction":[{"@type":"SearchAction","target":{"@type":"EntryPoint","urlTemplate":"https:\/\/www.erresse-shop.it\/fr\/?s={search_term_string}"},"query-input":"required name=search_term_string"}],"inLanguage":"fr-FR"}]}},"df_price":123.75000000000001,"df_sale_price":123.75000000000001,"df_regular_price":225,"df_image_link":"https:\/\/www.erresse-shop.it\/wp-content\/uploads\/2021\/06\/14.0306.4-1-300x300.jpg","_links":{"self":[{"href":"https:\/\/www.erresse-shop.it\/fr\/wp-json\/wp\/v2\/product\/106656"}],"collection":[{"href":"https:\/\/www.erresse-shop.it\/fr\/wp-json\/wp\/v2\/product"}],"about":[{"href":"https:\/\/www.erresse-shop.it\/fr\/wp-json\/wp\/v2\/types\/product"}],"wp:featuredmedia":[{"embeddable":true,"href":"https:\/\/www.erresse-shop.it\/fr\/wp-json\/wp\/v2\/media\/106661"}],"wp:attachment":[{"href":"https:\/\/www.erresse-shop.it\/fr\/wp-json\/wp\/v2\/media?parent=106656"}],"wp:term":[{"taxonomy":"product_cat","embeddable":true,"href":"https:\/\/www.erresse-shop.it\/fr\/wp-json\/wp\/v2\/product_cat?post=106656"},{"taxonomy":"product_tag","embeddable":true,"href":"https:\/\/www.erresse-shop.it\/fr\/wp-json\/wp\/v2\/product_tag?post=106656"}],"curies":[{"name":"wp","href":"https:\/\/api.w.org\/{rel}","templated":true}]}}