{"id":106601,"date":"2021-06-25T13:48:25","date_gmt":"2021-06-25T13:48:27","guid":{"rendered":"https:\/\/www.erresse-shop.it\/?post_type=product&#038;p=106601"},"modified":"2025-01-13T15:04:22","modified_gmt":"2025-01-13T15:04:22","slug":"magimix-robot-multifonction-compact-3200xl-blanc-2021","status":"publish","type":"product","link":"https:\/\/www.erresse-shop.it\/fr\/shop\/petits-electromenagers\/robots-de-cuisine\/magimix-robot-multifonction-compact-3200xl-blanc-2021\/","title":{"rendered":"MAGIMIX Robot de cuisine Compact 3200XL Blanc 202"},"content":{"rendered":"<p><strong><span style=\"text-decoration: underline;\">Compatible avec tous les accessoires 4200 et 5200<\/span><\/strong><\/p>\n<p><strong>MAGIMIX.<\/strong> <u>GARANTIE ITALIENNE<\/u><\/p>\n<p>C&#8217;est en France, au centre de la Bourgogne, r\u00e9gion r\u00e9put\u00e9e pour sa gastronomie, que Magimix a invent\u00e9 le robot culinaire il y a plus de quarante ans.<br \/>\nLes appareils Magimix sont aujourd&#8217;hui la version domestique des appareils destin\u00e9s aux professionnels. Les plus grands restaurants du monde utilisent la version professionnelle de nos produits.<br \/>\nAu sein de la gamme Magimix, vous retrouverez toute la gamme du petit \u00e9lectrom\u00e9nager de cuisine.<br \/>\nToujours \u00e0 la pointe de l&#8217;innovation en cuisine, Magimix est heureux de vous pr\u00e9senter sa derni\u00e8re collection pour le plaisir de cuisiner comme un grand chef.<\/p>\n<p><strong>COMPACT 3200XL 2021. <\/strong>Avec ses 3 vasques, le Compact 3200 XL permet de cuisiner pour 4 \u00e0 5 personnes.<\/p>\n<p>3 touches pour acc\u00e9der \u00e0 toutes les fonctions. Le moteur s&#8217;adapte \u00e0 la pr\u00e9paration. Un livre de recettes pour chaque mod\u00e8le.<br \/>\nUn coffret qui permet de ranger des accessoires standards pour un encombrement r\u00e9duit.<br \/>\nPour r\u00e9pondre aux besoins de chaque recette et faire gagner du temps \u00e0 l&#8217;utilisateur, Magimix a cr\u00e9\u00e9 un petit r\u00e9cipient et un moyen r\u00e9cipient.<br \/>\nPositionn\u00e9s \u00e0 l&#8217;int\u00e9rieur du grand r\u00e9cipient, ces 3 r\u00e9cipients fonctionnent ind\u00e9pendamment et permettent de r\u00e9aliser les pr\u00e9parations les unes apr\u00e8s les autres.<br \/>\nTous les robots culinaires sont enti\u00e8rement fabriqu\u00e9s en France. Leurs moteurs professionnels, peu consommateurs d&#8217;\u00e9nergie et ultra silencieux, sont garantis 30 ans.<br \/>\nLes accessoires de pr\u00e9cision sont en acier Sabatier, fabriqu\u00e9s en France (\u00e0 Thiers) pour garantir une coupe parfaite.<br \/>\nGrand bol\u00a0\u00a0 \u00a02,6\u00a0litres<br \/>\nBassin moyen\u00a0\u00a0 \u00a0\u00a0\u00a0 \u00a02,2\u00a0litres<br \/>\nMini bassine\u00a0\u00a0 \u00a0\u00a0\u00a0 \u00a01,2 litre<br \/>\nLivre de recettes\u200b\u00a0\u00a0 \u00a040 recettes<br \/>\nSpatule\u200b\u00a0\u00a0 \u00a01<\/p>\n<p><strong>Capacit\u00e9\u00a0:<\/strong><br \/>\nBrioche\u00a0\u00a0 \u00a0500\u00a0g<br \/>\nP\u00e2te \u00e0 pain\u200b\u00a0\u00a0 \u00a0600 g<br \/>\nP\u00e2te bris\u00e9e\u200b\u00a0\u00a0 \u00a01 kg<br \/>\nSoupe velout\u00e9e\u00a0\u00a0 \u00a01 litre<br \/>\nViande hach\u00e9e\u200b\u00a0\u00a0 \u00a0750 g<br \/>\nCarottes\u00a0\u00a0 \u00a0800\u00a0g<br \/>\nBlancs d&#8217;\u0153ufs\u200b\u00a0\u00a0 \u00a05<\/p>\n<p>Mat\u00e9riau\u00a0\u00a0 \u00a00\u00a0% BPA<br \/>\nPuissance du moteur\u200b\u00a0\u00a0 \u00a0650W<br \/>\nGarantie\u00a0\u00a0 \u00a03\u00a0ans<br \/>\nGarantie moteur 30 ans<br \/>\nDimensions\u00a0\u00a0 \u00a0H395 x L190 x P225 mm<br \/>\nPoids \u00a0 \u00a09,3\u00a0kg<br \/>\nFabriqu\u00e9 en France<\/p>\n<p><span style=\"text-decoration: underline;\"><strong>Pas \u00e0 vendre en dehors de l&#8217;Europe<\/strong><\/span><\/p>\n","protected":false},"excerpt":{"rendered":"<p>Compatible avec tous les accessoires 4200 et 5200 MAGIMIX. GARANTIE ITALIENNE C&#8217;est en France, au centre de la Bourgogne, r\u00e9gion<\/p>\n","protected":false},"featured_media":489440,"template":"","meta":{"_acf_changed":false,"inline_featured_image":false},"product_cat":[12449,12768],"product_tag":[13736,23910,25021,12994,12995,13735,13004,15733,23261,23260],"acf":[],"yoast_head":"<!-- This site is optimized with the Yoast SEO Premium plugin v18.6 (Yoast SEO v19.13) - https:\/\/yoast.com\/wordpress\/plugins\/seo\/ -->\n<title>MAGIMIX Robot de cuisine Compact 3200XL Blanc 202<\/title>\n<meta name=\"description\" content=\"D\u00e9couvrez MAGIMIX Robot de cuisine Compact 3200XL Blanc 202 sur ErresseShop. Qualit\u00e9, prix r\u00e9duits et achat s\u00e9curis\u00e9 \u2013 commandez d\u00e8s maintenant en ligne !\" \/>\n<meta name=\"robots\" content=\"index, follow, max-snippet:-1, max-image-preview:large, max-video-preview:-1\" \/>\n<link rel=\"canonical\" href=\"https:\/\/www.erresse-shop.it\/fr\/shop\/petits-electromenagers\/robots-de-cuisine\/magimix-robot-multifonction-compact-3200xl-blanc-2021\/\" \/>\n<meta property=\"og:locale\" content=\"fr_FR\" \/>\n<meta property=\"og:type\" content=\"article\" \/>\n<meta property=\"og:title\" content=\"MAGIMIX Robot de cuisine Compact 3200XL Blanc 202\" \/>\n<meta property=\"og:description\" content=\"D\u00e9couvrez MAGIMIX Robot de cuisine Compact 3200XL Blanc 202 sur ErresseShop. Qualit\u00e9, prix r\u00e9duits et achat s\u00e9curis\u00e9 \u2013 commandez d\u00e8s maintenant en ligne !\" \/>\n<meta property=\"og:url\" content=\"https:\/\/www.erresse-shop.it\/fr\/shop\/petits-electromenagers\/robots-de-cuisine\/magimix-robot-multifonction-compact-3200xl-blanc-2021\/\" \/>\n<meta property=\"og:site_name\" content=\"Erresse Shop\" \/>\n<meta property=\"article:modified_time\" content=\"2025-01-13T15:04:22+00:00\" \/>\n<meta property=\"og:image\" content=\"https:\/\/www.erresse-shop.it\/wp-content\/uploads\/2021\/06\/MAGIMIX-Robot-da-cucina-Compact-3200XL-Bianco-2021.png\" \/>\n\t<meta property=\"og:image:width\" content=\"800\" \/>\n\t<meta property=\"og:image:height\" content=\"800\" \/>\n\t<meta property=\"og:image:type\" content=\"image\/png\" \/>\n<meta name=\"twitter:card\" content=\"summary_large_image\" \/>\n<script type=\"application\/ld+json\" class=\"yoast-schema-graph\">{\"@context\":\"https:\/\/schema.org\",\"@graph\":[{\"@type\":\"WebPage\",\"@id\":\"https:\/\/www.erresse-shop.it\/fr\/shop\/petits-electromenagers\/robots-de-cuisine\/magimix-robot-multifonction-compact-3200xl-blanc-2021\/\",\"url\":\"https:\/\/www.erresse-shop.it\/fr\/shop\/petits-electromenagers\/robots-de-cuisine\/magimix-robot-multifonction-compact-3200xl-blanc-2021\/\",\"name\":\"MAGIMIX Robot de cuisine Compact 3200XL Blanc 202\",\"isPartOf\":{\"@id\":\"https:\/\/www.erresse-shop.it\/fr\/#website\"},\"datePublished\":\"2021-06-25T13:48:27+00:00\",\"dateModified\":\"2025-01-13T15:04:22+00:00\",\"description\":\"D\u00e9couvrez MAGIMIX Robot de cuisine Compact 3200XL Blanc 202 sur ErresseShop. Qualit\u00e9, prix r\u00e9duits et achat s\u00e9curis\u00e9 \u2013 commandez d\u00e8s maintenant en ligne !\",\"breadcrumb\":{\"@id\":\"https:\/\/www.erresse-shop.it\/fr\/shop\/petits-electromenagers\/robots-de-cuisine\/magimix-robot-multifonction-compact-3200xl-blanc-2021\/#breadcrumb\"},\"inLanguage\":\"fr-FR\",\"potentialAction\":[{\"@type\":\"ReadAction\",\"target\":[\"https:\/\/www.erresse-shop.it\/fr\/shop\/petits-electromenagers\/robots-de-cuisine\/magimix-robot-multifonction-compact-3200xl-blanc-2021\/\"]}]},{\"@type\":\"BreadcrumbList\",\"@id\":\"https:\/\/www.erresse-shop.it\/fr\/shop\/petits-electromenagers\/robots-de-cuisine\/magimix-robot-multifonction-compact-3200xl-blanc-2021\/#breadcrumb\",\"itemListElement\":[{\"@type\":\"ListItem\",\"position\":1,\"name\":\"Home\",\"item\":\"https:\/\/www.erresse-shop.it\/fr\/\"},{\"@type\":\"ListItem\",\"position\":2,\"name\":\"Shop\",\"item\":\"https:\/\/www.erresse-shop.it\/fr\/shop\/\"},{\"@type\":\"ListItem\",\"position\":3,\"name\":\"MAGIMIX Robot de cuisine Compact 3200XL Blanc 202\"}]},{\"@type\":\"WebSite\",\"@id\":\"https:\/\/www.erresse-shop.it\/fr\/#website\",\"url\":\"https:\/\/www.erresse-shop.it\/fr\/\",\"name\":\"Erresse Shop\",\"description\":\"Articoli di qualit\u00e0 per la casa\",\"potentialAction\":[{\"@type\":\"SearchAction\",\"target\":{\"@type\":\"EntryPoint\",\"urlTemplate\":\"https:\/\/www.erresse-shop.it\/fr\/?s={search_term_string}\"},\"query-input\":\"required name=search_term_string\"}],\"inLanguage\":\"fr-FR\"}]}<\/script>\n<!-- \/ Yoast SEO Premium plugin. -->","yoast_head_json":{"title":"MAGIMIX Robot de cuisine Compact 3200XL Blanc 202","description":"D\u00e9couvrez MAGIMIX Robot de cuisine Compact 3200XL Blanc 202 sur ErresseShop. Qualit\u00e9, prix r\u00e9duits et achat s\u00e9curis\u00e9 \u2013 commandez d\u00e8s maintenant en ligne !","robots":{"index":"index","follow":"follow","max-snippet":"max-snippet:-1","max-image-preview":"max-image-preview:large","max-video-preview":"max-video-preview:-1"},"canonical":"https:\/\/www.erresse-shop.it\/fr\/shop\/petits-electromenagers\/robots-de-cuisine\/magimix-robot-multifonction-compact-3200xl-blanc-2021\/","og_locale":"fr_FR","og_type":"article","og_title":"MAGIMIX Robot de cuisine Compact 3200XL Blanc 202","og_description":"D\u00e9couvrez MAGIMIX Robot de cuisine Compact 3200XL Blanc 202 sur ErresseShop. Qualit\u00e9, prix r\u00e9duits et achat s\u00e9curis\u00e9 \u2013 commandez d\u00e8s maintenant en ligne !","og_url":"https:\/\/www.erresse-shop.it\/fr\/shop\/petits-electromenagers\/robots-de-cuisine\/magimix-robot-multifonction-compact-3200xl-blanc-2021\/","og_site_name":"Erresse Shop","article_modified_time":"2025-01-13T15:04:22+00:00","og_image":[{"width":800,"height":800,"url":"https:\/\/www.erresse-shop.it\/wp-content\/uploads\/2021\/06\/MAGIMIX-Robot-da-cucina-Compact-3200XL-Bianco-2021.png","type":"image\/png"}],"twitter_card":"summary_large_image","schema":{"@context":"https:\/\/schema.org","@graph":[{"@type":"WebPage","@id":"https:\/\/www.erresse-shop.it\/fr\/shop\/petits-electromenagers\/robots-de-cuisine\/magimix-robot-multifonction-compact-3200xl-blanc-2021\/","url":"https:\/\/www.erresse-shop.it\/fr\/shop\/petits-electromenagers\/robots-de-cuisine\/magimix-robot-multifonction-compact-3200xl-blanc-2021\/","name":"MAGIMIX Robot de cuisine Compact 3200XL Blanc 202","isPartOf":{"@id":"https:\/\/www.erresse-shop.it\/fr\/#website"},"datePublished":"2021-06-25T13:48:27+00:00","dateModified":"2025-01-13T15:04:22+00:00","description":"D\u00e9couvrez MAGIMIX Robot de cuisine Compact 3200XL Blanc 202 sur ErresseShop. Qualit\u00e9, prix r\u00e9duits et achat s\u00e9curis\u00e9 \u2013 commandez d\u00e8s maintenant en ligne !","breadcrumb":{"@id":"https:\/\/www.erresse-shop.it\/fr\/shop\/petits-electromenagers\/robots-de-cuisine\/magimix-robot-multifonction-compact-3200xl-blanc-2021\/#breadcrumb"},"inLanguage":"fr-FR","potentialAction":[{"@type":"ReadAction","target":["https:\/\/www.erresse-shop.it\/fr\/shop\/petits-electromenagers\/robots-de-cuisine\/magimix-robot-multifonction-compact-3200xl-blanc-2021\/"]}]},{"@type":"BreadcrumbList","@id":"https:\/\/www.erresse-shop.it\/fr\/shop\/petits-electromenagers\/robots-de-cuisine\/magimix-robot-multifonction-compact-3200xl-blanc-2021\/#breadcrumb","itemListElement":[{"@type":"ListItem","position":1,"name":"Home","item":"https:\/\/www.erresse-shop.it\/fr\/"},{"@type":"ListItem","position":2,"name":"Shop","item":"https:\/\/www.erresse-shop.it\/fr\/shop\/"},{"@type":"ListItem","position":3,"name":"MAGIMIX Robot de cuisine Compact 3200XL Blanc 202"}]},{"@type":"WebSite","@id":"https:\/\/www.erresse-shop.it\/fr\/#website","url":"https:\/\/www.erresse-shop.it\/fr\/","name":"Erresse Shop","description":"Articoli di qualit\u00e0 per la casa","potentialAction":[{"@type":"SearchAction","target":{"@type":"EntryPoint","urlTemplate":"https:\/\/www.erresse-shop.it\/fr\/?s={search_term_string}"},"query-input":"required name=search_term_string"}],"inLanguage":"fr-FR"}]}},"df_price":247,"df_sale_price":247,"df_regular_price":380,"df_image_link":"https:\/\/www.erresse-shop.it\/wp-content\/uploads\/2021\/06\/MAGIMIX-Robot-da-cucina-Compact-3200XL-Bianco-2021-300x300.jpg","_links":{"self":[{"href":"https:\/\/www.erresse-shop.it\/fr\/wp-json\/wp\/v2\/product\/106601"}],"collection":[{"href":"https:\/\/www.erresse-shop.it\/fr\/wp-json\/wp\/v2\/product"}],"about":[{"href":"https:\/\/www.erresse-shop.it\/fr\/wp-json\/wp\/v2\/types\/product"}],"wp:featuredmedia":[{"embeddable":true,"href":"https:\/\/www.erresse-shop.it\/fr\/wp-json\/wp\/v2\/media\/489440"}],"wp:attachment":[{"href":"https:\/\/www.erresse-shop.it\/fr\/wp-json\/wp\/v2\/media?parent=106601"}],"wp:term":[{"taxonomy":"product_cat","embeddable":true,"href":"https:\/\/www.erresse-shop.it\/fr\/wp-json\/wp\/v2\/product_cat?post=106601"},{"taxonomy":"product_tag","embeddable":true,"href":"https:\/\/www.erresse-shop.it\/fr\/wp-json\/wp\/v2\/product_tag?post=106601"}],"curies":[{"name":"wp","href":"https:\/\/api.w.org\/{rel}","templated":true}]}}