{"id":106099,"date":"2021-06-23T10:18:23","date_gmt":"2021-06-23T10:18:25","guid":{"rendered":"https:\/\/www.erresse-shop.it\/?post_type=product&#038;p=106099"},"modified":"2025-01-13T15:02:58","modified_gmt":"2025-01-13T15:02:58","slug":"carlo-moretti-verre-bora-cristal-de-murano-39","status":"publish","type":"product","link":"https:\/\/www.erresse-shop.it\/fr\/shop\/table-fr-2\/verres\/carlo-moretti-verre-bora-cristal-de-murano-39\/","title":{"rendered":"CARLO MORETTI Verre Bora Cristal de Murano"},"content":{"rendered":"<p>Verres \u00e0 section ovale irr\u00e9guli\u00e8re, inclin\u00e9e, en cristal de Murano, souffl\u00e9s \u00e0 la bouche et finis \u00e0 la main dans diff\u00e9rents motifs d\u00e9coratifs appliqu\u00e9s \u00e0 chaud : festons, taches, bandes, anneaux et spirales color\u00e9s, feuilles d&#8217;or et d&#8217;argent, couleurs transparentes et en p\u00e2te. Ils sont sign\u00e9s et dat\u00e9s.<\/p>\n<p>Les verres Bora sont produits en utilisant uniquement du cristal de Murano transparent et travaill\u00e9s de mani\u00e8re irr\u00e9guli\u00e8re et de fa\u00e7on \u00e0 cr\u00e9er un plan inclin\u00e9 reproduisant l&#8217;effet de la bora, le vent typique des r\u00e9gions du nord-est de l&#8217;Italie. Tous les verres sont faits \u00e0 la main, souffl\u00e9s \u00e0 la bouche et finis avec des motifs d\u00e9coratifs appliqu\u00e9s \u00e0 chaud de bandes, murrines, taches et anneaux.<\/p>\n<p>Verre et cristal de Murano : des \u00e9l\u00e9ments de valeur enti\u00e8rement italiens qui trouvent leur expression maximale dans les pr\u00e9cieuses collections sign\u00e9es par Carlo Moretti, une entreprise bas\u00e9e parmi les petites \u00eeles qui composent Murano. Le prestige de cette entreprise de Murano est d\u00fb \u00e0 la grande ma\u00eetrise de l&#8217;utilisation du verre et du cristal, ce dernier ayant une plus grande r\u00e9sistance gr\u00e2ce \u00e0 l&#8217;ajout de plomb dans le m\u00e9lange.<\/p>\n<p><strong>Verre de Murano travaill\u00e9 et peint enti\u00e8rement \u00e0 la main. Chaque pi\u00e8ce est donc unique et inimitable. <\/strong><br \/>\n<strong>Commandez d&#8217;autres verres Carlo Moretti pour une collection unique.<\/strong><br \/>\n<span style=\"text-decoration: underline;\"><strong>Quantit\u00e9 : 1 verre<\/strong><\/span><\/p>\n","protected":false},"excerpt":{"rendered":"<p>Verres \u00e0 section ovale irr\u00e9guli\u00e8re, inclin\u00e9e, en cristal de Murano, souffl\u00e9s \u00e0 la bouche et finis \u00e0 la main dans<\/p>\n","protected":false},"featured_media":106109,"template":"","meta":{"_acf_changed":false,"inline_featured_image":false},"product_cat":[12782,12784],"product_tag":[25036,23910,25021,24397,24680,12856,14592],"acf":[],"yoast_head":"<!-- This site is optimized with the Yoast SEO Premium plugin v18.6 (Yoast SEO v19.13) - https:\/\/yoast.com\/wordpress\/plugins\/seo\/ -->\n<title>CARLO MORETTI Verre Bora Cristal de Murano<\/title>\n<meta name=\"description\" content=\"D\u00e9couvrez CARLO MORETTI Verre Bora Cristal de Murano sur ErresseShop. Qualit\u00e9, prix r\u00e9duits et achat s\u00e9curis\u00e9 \u2013 commandez d\u00e8s maintenant en ligne !\" \/>\n<meta name=\"robots\" content=\"index, follow, max-snippet:-1, max-image-preview:large, max-video-preview:-1\" \/>\n<link rel=\"canonical\" href=\"https:\/\/www.erresse-shop.it\/fr\/shop\/table-fr-2\/verres\/carlo-moretti-verre-bora-cristal-de-murano-39\/\" \/>\n<meta property=\"og:locale\" content=\"fr_FR\" \/>\n<meta property=\"og:type\" content=\"article\" \/>\n<meta property=\"og:title\" content=\"CARLO MORETTI Verre Bora Cristal de Murano\" \/>\n<meta property=\"og:description\" content=\"D\u00e9couvrez CARLO MORETTI Verre Bora Cristal de Murano sur ErresseShop. Qualit\u00e9, prix r\u00e9duits et achat s\u00e9curis\u00e9 \u2013 commandez d\u00e8s maintenant en ligne !\" \/>\n<meta property=\"og:url\" content=\"https:\/\/www.erresse-shop.it\/fr\/shop\/table-fr-2\/verres\/carlo-moretti-verre-bora-cristal-de-murano-39\/\" \/>\n<meta property=\"og:site_name\" content=\"Erresse Shop\" \/>\n<meta property=\"article:modified_time\" content=\"2025-01-13T15:02:58+00:00\" \/>\n<meta property=\"og:image\" content=\"https:\/\/www.erresse-shop.it\/wp-content\/uploads\/2021\/06\/17.997.1.jpg\" \/>\n\t<meta property=\"og:image:width\" content=\"1000\" \/>\n\t<meta property=\"og:image:height\" content=\"1000\" \/>\n\t<meta property=\"og:image:type\" content=\"image\/jpeg\" \/>\n<meta name=\"twitter:card\" content=\"summary_large_image\" \/>\n<script type=\"application\/ld+json\" class=\"yoast-schema-graph\">{\"@context\":\"https:\/\/schema.org\",\"@graph\":[{\"@type\":\"WebPage\",\"@id\":\"https:\/\/www.erresse-shop.it\/fr\/shop\/table-fr-2\/verres\/carlo-moretti-verre-bora-cristal-de-murano-39\/\",\"url\":\"https:\/\/www.erresse-shop.it\/fr\/shop\/table-fr-2\/verres\/carlo-moretti-verre-bora-cristal-de-murano-39\/\",\"name\":\"CARLO MORETTI Verre Bora Cristal de Murano\",\"isPartOf\":{\"@id\":\"https:\/\/www.erresse-shop.it\/fr\/#website\"},\"datePublished\":\"2021-06-23T10:18:25+00:00\",\"dateModified\":\"2025-01-13T15:02:58+00:00\",\"description\":\"D\u00e9couvrez CARLO MORETTI Verre Bora Cristal de Murano sur ErresseShop. Qualit\u00e9, prix r\u00e9duits et achat s\u00e9curis\u00e9 \u2013 commandez d\u00e8s maintenant en ligne !\",\"breadcrumb\":{\"@id\":\"https:\/\/www.erresse-shop.it\/fr\/shop\/table-fr-2\/verres\/carlo-moretti-verre-bora-cristal-de-murano-39\/#breadcrumb\"},\"inLanguage\":\"fr-FR\",\"potentialAction\":[{\"@type\":\"ReadAction\",\"target\":[\"https:\/\/www.erresse-shop.it\/fr\/shop\/table-fr-2\/verres\/carlo-moretti-verre-bora-cristal-de-murano-39\/\"]}]},{\"@type\":\"BreadcrumbList\",\"@id\":\"https:\/\/www.erresse-shop.it\/fr\/shop\/table-fr-2\/verres\/carlo-moretti-verre-bora-cristal-de-murano-39\/#breadcrumb\",\"itemListElement\":[{\"@type\":\"ListItem\",\"position\":1,\"name\":\"Home\",\"item\":\"https:\/\/www.erresse-shop.it\/fr\/\"},{\"@type\":\"ListItem\",\"position\":2,\"name\":\"Shop\",\"item\":\"https:\/\/www.erresse-shop.it\/fr\/shop\/\"},{\"@type\":\"ListItem\",\"position\":3,\"name\":\"CARLO MORETTI Verre Bora Cristal de Murano\"}]},{\"@type\":\"WebSite\",\"@id\":\"https:\/\/www.erresse-shop.it\/fr\/#website\",\"url\":\"https:\/\/www.erresse-shop.it\/fr\/\",\"name\":\"Erresse Shop\",\"description\":\"Articoli di qualit\u00e0 per la casa\",\"potentialAction\":[{\"@type\":\"SearchAction\",\"target\":{\"@type\":\"EntryPoint\",\"urlTemplate\":\"https:\/\/www.erresse-shop.it\/fr\/?s={search_term_string}\"},\"query-input\":\"required name=search_term_string\"}],\"inLanguage\":\"fr-FR\"}]}<\/script>\n<!-- \/ Yoast SEO Premium plugin. -->","yoast_head_json":{"title":"CARLO MORETTI Verre Bora Cristal de Murano","description":"D\u00e9couvrez CARLO MORETTI Verre Bora Cristal de Murano sur ErresseShop. Qualit\u00e9, prix r\u00e9duits et achat s\u00e9curis\u00e9 \u2013 commandez d\u00e8s maintenant en ligne !","robots":{"index":"index","follow":"follow","max-snippet":"max-snippet:-1","max-image-preview":"max-image-preview:large","max-video-preview":"max-video-preview:-1"},"canonical":"https:\/\/www.erresse-shop.it\/fr\/shop\/table-fr-2\/verres\/carlo-moretti-verre-bora-cristal-de-murano-39\/","og_locale":"fr_FR","og_type":"article","og_title":"CARLO MORETTI Verre Bora Cristal de Murano","og_description":"D\u00e9couvrez CARLO MORETTI Verre Bora Cristal de Murano sur ErresseShop. Qualit\u00e9, prix r\u00e9duits et achat s\u00e9curis\u00e9 \u2013 commandez d\u00e8s maintenant en ligne !","og_url":"https:\/\/www.erresse-shop.it\/fr\/shop\/table-fr-2\/verres\/carlo-moretti-verre-bora-cristal-de-murano-39\/","og_site_name":"Erresse Shop","article_modified_time":"2025-01-13T15:02:58+00:00","og_image":[{"width":1000,"height":1000,"url":"https:\/\/www.erresse-shop.it\/wp-content\/uploads\/2021\/06\/17.997.1.jpg","type":"image\/jpeg"}],"twitter_card":"summary_large_image","schema":{"@context":"https:\/\/schema.org","@graph":[{"@type":"WebPage","@id":"https:\/\/www.erresse-shop.it\/fr\/shop\/table-fr-2\/verres\/carlo-moretti-verre-bora-cristal-de-murano-39\/","url":"https:\/\/www.erresse-shop.it\/fr\/shop\/table-fr-2\/verres\/carlo-moretti-verre-bora-cristal-de-murano-39\/","name":"CARLO MORETTI Verre Bora Cristal de Murano","isPartOf":{"@id":"https:\/\/www.erresse-shop.it\/fr\/#website"},"datePublished":"2021-06-23T10:18:25+00:00","dateModified":"2025-01-13T15:02:58+00:00","description":"D\u00e9couvrez CARLO MORETTI Verre Bora Cristal de Murano sur ErresseShop. Qualit\u00e9, prix r\u00e9duits et achat s\u00e9curis\u00e9 \u2013 commandez d\u00e8s maintenant en ligne !","breadcrumb":{"@id":"https:\/\/www.erresse-shop.it\/fr\/shop\/table-fr-2\/verres\/carlo-moretti-verre-bora-cristal-de-murano-39\/#breadcrumb"},"inLanguage":"fr-FR","potentialAction":[{"@type":"ReadAction","target":["https:\/\/www.erresse-shop.it\/fr\/shop\/table-fr-2\/verres\/carlo-moretti-verre-bora-cristal-de-murano-39\/"]}]},{"@type":"BreadcrumbList","@id":"https:\/\/www.erresse-shop.it\/fr\/shop\/table-fr-2\/verres\/carlo-moretti-verre-bora-cristal-de-murano-39\/#breadcrumb","itemListElement":[{"@type":"ListItem","position":1,"name":"Home","item":"https:\/\/www.erresse-shop.it\/fr\/"},{"@type":"ListItem","position":2,"name":"Shop","item":"https:\/\/www.erresse-shop.it\/fr\/shop\/"},{"@type":"ListItem","position":3,"name":"CARLO MORETTI Verre Bora Cristal de Murano"}]},{"@type":"WebSite","@id":"https:\/\/www.erresse-shop.it\/fr\/#website","url":"https:\/\/www.erresse-shop.it\/fr\/","name":"Erresse Shop","description":"Articoli di qualit\u00e0 per la casa","potentialAction":[{"@type":"SearchAction","target":{"@type":"EntryPoint","urlTemplate":"https:\/\/www.erresse-shop.it\/fr\/?s={search_term_string}"},"query-input":"required name=search_term_string"}],"inLanguage":"fr-FR"}]}},"df_price":70.95,"df_sale_price":70.95,"df_regular_price":129,"df_image_link":"https:\/\/www.erresse-shop.it\/wp-content\/uploads\/2021\/06\/17.997.1-300x300.jpg","_links":{"self":[{"href":"https:\/\/www.erresse-shop.it\/fr\/wp-json\/wp\/v2\/product\/106099"}],"collection":[{"href":"https:\/\/www.erresse-shop.it\/fr\/wp-json\/wp\/v2\/product"}],"about":[{"href":"https:\/\/www.erresse-shop.it\/fr\/wp-json\/wp\/v2\/types\/product"}],"wp:featuredmedia":[{"embeddable":true,"href":"https:\/\/www.erresse-shop.it\/fr\/wp-json\/wp\/v2\/media\/106109"}],"wp:attachment":[{"href":"https:\/\/www.erresse-shop.it\/fr\/wp-json\/wp\/v2\/media?parent=106099"}],"wp:term":[{"taxonomy":"product_cat","embeddable":true,"href":"https:\/\/www.erresse-shop.it\/fr\/wp-json\/wp\/v2\/product_cat?post=106099"},{"taxonomy":"product_tag","embeddable":true,"href":"https:\/\/www.erresse-shop.it\/fr\/wp-json\/wp\/v2\/product_tag?post=106099"}],"curies":[{"name":"wp","href":"https:\/\/api.w.org\/{rel}","templated":true}]}}