{"id":103983,"date":"2021-06-09T10:20:15","date_gmt":"2021-06-09T10:20:16","guid":{"rendered":"https:\/\/www.erresse-shop.it\/?post_type=product&#038;p=103983"},"modified":"2025-01-13T15:01:25","modified_gmt":"2025-01-13T15:01:25","slug":"seletti-colossus-table-basse-en-fibre-de-verre","status":"publish","type":"product","link":"https:\/\/www.erresse-shop.it\/fr\/shop\/ameublement-maison\/objets-de-decoration\/seletti-colossus-table-basse-en-fibre-de-verre\/","title":{"rendered":"SELETTI &#8220;Colossus&#8221; table basse en fibre de verre"},"content":{"rendered":"<p>Nouveau Antic ! Studio Job r\u00e9unit deux \u00e9lectrons libres, Job Smeets et Nynke Tynagel, reconnus pour leur mani\u00e8re rebelle et non-conformiste de cr\u00e9er un univers particulier. Avec Colossus, ils ont d\u00e9poussi\u00e9r\u00e9 l&#8217;Antiquit\u00e9 en revisitant les statues antiques de mani\u00e8re ironique. Cette table basse en fibre de verre est comme un marbre ancien qui nous est parvenu en morceaux. La fibre de verre imite parfaitement le marbre blanc. T\u00e9moignant d&#8217;une sagesse intemporelle, ce sublime fragment captive par sa gr\u00e2ce et son myst\u00e8re. Les designers de Studio Job s&#8217;approprient des fragments de l&#8217;antiquit\u00e9 classique et les font communiquer avec le pr\u00e9sent. Ils d\u00e9tournent le patrimoine culturel de l&#8217;Antiquit\u00e9 avec provocation et espi\u00e8glerie. Ce mobilier-sculpture, \u00e0 la fronti\u00e8re de l&#8217;art et du design, cr\u00e9e un univers onirique et extravagant, \u00e0 la fois provocateur, amusant et absurde. Colossus s&#8217;affiche dans nos int\u00e9rieurs \u00e0 la fois pour d\u00e9corer et pour servir de table d&#8217;appoint.<\/p>\n<p><strong>D\u00e9tails :<\/strong><\/p>\n<p>Variations : Blanc<br \/>\nMarque : Seletti<br \/>\nDesigner : Studio Job<br \/>\nCouleur : Blanc<br \/>\nMat\u00e9riau : Fibre de verre<br \/>\nDimensions : \u00d8 22 cm x H 49,5 cm &#8211; Base (en forme de pied) : L 51 x l 22 cm<br \/>\nPoids : 5 kg<br \/>\nPays de fabrication : Chine<\/p>\n","protected":false},"excerpt":{"rendered":"<p>Nouveau Antic ! Studio Job r\u00e9unit deux \u00e9lectrons libres, Job Smeets et Nynke Tynagel, reconnus pour leur mani\u00e8re rebelle et<\/p>\n","protected":false},"featured_media":103987,"template":"","meta":{"_acf_changed":false,"inline_featured_image":false},"product_cat":[12738,14441],"product_tag":[15518,25021,15520,15519,13356,13849],"acf":[],"yoast_head":"<!-- This site is optimized with the Yoast SEO Premium plugin v18.6 (Yoast SEO v19.13) - https:\/\/yoast.com\/wordpress\/plugins\/seo\/ -->\n<title>SELETTI &quot;Colossus&quot; table basse en fibre de verre<\/title>\n<meta name=\"description\" content=\"D\u00e9couvrez SELETTI &quot;Colossus&quot; table basse en fibre de verre sur ErresseShop. Qualit\u00e9, prix r\u00e9duits et achat s\u00e9curis\u00e9 \u2013 commandez d\u00e8s maintenant en ligne !\" \/>\n<meta name=\"robots\" content=\"index, follow, max-snippet:-1, max-image-preview:large, max-video-preview:-1\" \/>\n<link rel=\"canonical\" href=\"https:\/\/www.erresse-shop.it\/fr\/shop\/ameublement-maison\/objets-de-decoration\/seletti-colossus-table-basse-en-fibre-de-verre\/\" \/>\n<meta property=\"og:locale\" content=\"fr_FR\" \/>\n<meta property=\"og:type\" content=\"article\" \/>\n<meta property=\"og:title\" content=\"SELETTI &quot;Colossus&quot; table basse en fibre de verre\" \/>\n<meta property=\"og:description\" content=\"D\u00e9couvrez SELETTI &quot;Colossus&quot; table basse en fibre de verre sur ErresseShop. Qualit\u00e9, prix r\u00e9duits et achat s\u00e9curis\u00e9 \u2013 commandez d\u00e8s maintenant en ligne !\" \/>\n<meta property=\"og:url\" content=\"https:\/\/www.erresse-shop.it\/fr\/shop\/ameublement-maison\/objets-de-decoration\/seletti-colossus-table-basse-en-fibre-de-verre\/\" \/>\n<meta property=\"og:site_name\" content=\"Erresse Shop\" \/>\n<meta property=\"article:modified_time\" content=\"2025-01-13T15:01:25+00:00\" \/>\n<meta property=\"og:image\" content=\"https:\/\/www.erresse-shop.it\/wp-content\/uploads\/2021\/06\/18610.jpg\" \/>\n\t<meta property=\"og:image:width\" content=\"2308\" \/>\n\t<meta property=\"og:image:height\" content=\"2308\" \/>\n\t<meta property=\"og:image:type\" content=\"image\/jpeg\" \/>\n<meta name=\"twitter:card\" content=\"summary_large_image\" \/>\n<script type=\"application\/ld+json\" class=\"yoast-schema-graph\">{\"@context\":\"https:\/\/schema.org\",\"@graph\":[{\"@type\":\"WebPage\",\"@id\":\"https:\/\/www.erresse-shop.it\/fr\/shop\/ameublement-maison\/objets-de-decoration\/seletti-colossus-table-basse-en-fibre-de-verre\/\",\"url\":\"https:\/\/www.erresse-shop.it\/fr\/shop\/ameublement-maison\/objets-de-decoration\/seletti-colossus-table-basse-en-fibre-de-verre\/\",\"name\":\"SELETTI \\\"Colossus\\\" table basse en fibre de verre\",\"isPartOf\":{\"@id\":\"https:\/\/www.erresse-shop.it\/fr\/#website\"},\"datePublished\":\"2021-06-09T10:20:16+00:00\",\"dateModified\":\"2025-01-13T15:01:25+00:00\",\"description\":\"D\u00e9couvrez SELETTI \\\"Colossus\\\" table basse en fibre de verre sur ErresseShop. Qualit\u00e9, prix r\u00e9duits et achat s\u00e9curis\u00e9 \u2013 commandez d\u00e8s maintenant en ligne !\",\"breadcrumb\":{\"@id\":\"https:\/\/www.erresse-shop.it\/fr\/shop\/ameublement-maison\/objets-de-decoration\/seletti-colossus-table-basse-en-fibre-de-verre\/#breadcrumb\"},\"inLanguage\":\"fr-FR\",\"potentialAction\":[{\"@type\":\"ReadAction\",\"target\":[\"https:\/\/www.erresse-shop.it\/fr\/shop\/ameublement-maison\/objets-de-decoration\/seletti-colossus-table-basse-en-fibre-de-verre\/\"]}]},{\"@type\":\"BreadcrumbList\",\"@id\":\"https:\/\/www.erresse-shop.it\/fr\/shop\/ameublement-maison\/objets-de-decoration\/seletti-colossus-table-basse-en-fibre-de-verre\/#breadcrumb\",\"itemListElement\":[{\"@type\":\"ListItem\",\"position\":1,\"name\":\"Home\",\"item\":\"https:\/\/www.erresse-shop.it\/fr\/\"},{\"@type\":\"ListItem\",\"position\":2,\"name\":\"Shop\",\"item\":\"https:\/\/www.erresse-shop.it\/fr\/shop\/\"},{\"@type\":\"ListItem\",\"position\":3,\"name\":\"SELETTI &#8220;Colossus&#8221; table basse en fibre de verre\"}]},{\"@type\":\"WebSite\",\"@id\":\"https:\/\/www.erresse-shop.it\/fr\/#website\",\"url\":\"https:\/\/www.erresse-shop.it\/fr\/\",\"name\":\"Erresse Shop\",\"description\":\"Articoli di qualit\u00e0 per la casa\",\"potentialAction\":[{\"@type\":\"SearchAction\",\"target\":{\"@type\":\"EntryPoint\",\"urlTemplate\":\"https:\/\/www.erresse-shop.it\/fr\/?s={search_term_string}\"},\"query-input\":\"required name=search_term_string\"}],\"inLanguage\":\"fr-FR\"}]}<\/script>\n<!-- \/ Yoast SEO Premium plugin. -->","yoast_head_json":{"title":"SELETTI \"Colossus\" table basse en fibre de verre","description":"D\u00e9couvrez SELETTI \"Colossus\" table basse en fibre de verre sur ErresseShop. Qualit\u00e9, prix r\u00e9duits et achat s\u00e9curis\u00e9 \u2013 commandez d\u00e8s maintenant en ligne !","robots":{"index":"index","follow":"follow","max-snippet":"max-snippet:-1","max-image-preview":"max-image-preview:large","max-video-preview":"max-video-preview:-1"},"canonical":"https:\/\/www.erresse-shop.it\/fr\/shop\/ameublement-maison\/objets-de-decoration\/seletti-colossus-table-basse-en-fibre-de-verre\/","og_locale":"fr_FR","og_type":"article","og_title":"SELETTI \"Colossus\" table basse en fibre de verre","og_description":"D\u00e9couvrez SELETTI \"Colossus\" table basse en fibre de verre sur ErresseShop. Qualit\u00e9, prix r\u00e9duits et achat s\u00e9curis\u00e9 \u2013 commandez d\u00e8s maintenant en ligne !","og_url":"https:\/\/www.erresse-shop.it\/fr\/shop\/ameublement-maison\/objets-de-decoration\/seletti-colossus-table-basse-en-fibre-de-verre\/","og_site_name":"Erresse Shop","article_modified_time":"2025-01-13T15:01:25+00:00","og_image":[{"width":2308,"height":2308,"url":"https:\/\/www.erresse-shop.it\/wp-content\/uploads\/2021\/06\/18610.jpg","type":"image\/jpeg"}],"twitter_card":"summary_large_image","schema":{"@context":"https:\/\/schema.org","@graph":[{"@type":"WebPage","@id":"https:\/\/www.erresse-shop.it\/fr\/shop\/ameublement-maison\/objets-de-decoration\/seletti-colossus-table-basse-en-fibre-de-verre\/","url":"https:\/\/www.erresse-shop.it\/fr\/shop\/ameublement-maison\/objets-de-decoration\/seletti-colossus-table-basse-en-fibre-de-verre\/","name":"SELETTI \"Colossus\" table basse en fibre de verre","isPartOf":{"@id":"https:\/\/www.erresse-shop.it\/fr\/#website"},"datePublished":"2021-06-09T10:20:16+00:00","dateModified":"2025-01-13T15:01:25+00:00","description":"D\u00e9couvrez SELETTI \"Colossus\" table basse en fibre de verre sur ErresseShop. Qualit\u00e9, prix r\u00e9duits et achat s\u00e9curis\u00e9 \u2013 commandez d\u00e8s maintenant en ligne !","breadcrumb":{"@id":"https:\/\/www.erresse-shop.it\/fr\/shop\/ameublement-maison\/objets-de-decoration\/seletti-colossus-table-basse-en-fibre-de-verre\/#breadcrumb"},"inLanguage":"fr-FR","potentialAction":[{"@type":"ReadAction","target":["https:\/\/www.erresse-shop.it\/fr\/shop\/ameublement-maison\/objets-de-decoration\/seletti-colossus-table-basse-en-fibre-de-verre\/"]}]},{"@type":"BreadcrumbList","@id":"https:\/\/www.erresse-shop.it\/fr\/shop\/ameublement-maison\/objets-de-decoration\/seletti-colossus-table-basse-en-fibre-de-verre\/#breadcrumb","itemListElement":[{"@type":"ListItem","position":1,"name":"Home","item":"https:\/\/www.erresse-shop.it\/fr\/"},{"@type":"ListItem","position":2,"name":"Shop","item":"https:\/\/www.erresse-shop.it\/fr\/shop\/"},{"@type":"ListItem","position":3,"name":"SELETTI &#8220;Colossus&#8221; table basse en fibre de verre"}]},{"@type":"WebSite","@id":"https:\/\/www.erresse-shop.it\/fr\/#website","url":"https:\/\/www.erresse-shop.it\/fr\/","name":"Erresse Shop","description":"Articoli di qualit\u00e0 per la casa","potentialAction":[{"@type":"SearchAction","target":{"@type":"EntryPoint","urlTemplate":"https:\/\/www.erresse-shop.it\/fr\/?s={search_term_string}"},"query-input":"required name=search_term_string"}],"inLanguage":"fr-FR"}]}},"df_price":107.10000000000001,"df_sale_price":107.10000000000001,"df_regular_price":238,"df_image_link":"https:\/\/www.erresse-shop.it\/wp-content\/uploads\/2021\/06\/18610-300x300.jpg","_links":{"self":[{"href":"https:\/\/www.erresse-shop.it\/fr\/wp-json\/wp\/v2\/product\/103983"}],"collection":[{"href":"https:\/\/www.erresse-shop.it\/fr\/wp-json\/wp\/v2\/product"}],"about":[{"href":"https:\/\/www.erresse-shop.it\/fr\/wp-json\/wp\/v2\/types\/product"}],"wp:featuredmedia":[{"embeddable":true,"href":"https:\/\/www.erresse-shop.it\/fr\/wp-json\/wp\/v2\/media\/103987"}],"wp:attachment":[{"href":"https:\/\/www.erresse-shop.it\/fr\/wp-json\/wp\/v2\/media?parent=103983"}],"wp:term":[{"taxonomy":"product_cat","embeddable":true,"href":"https:\/\/www.erresse-shop.it\/fr\/wp-json\/wp\/v2\/product_cat?post=103983"},{"taxonomy":"product_tag","embeddable":true,"href":"https:\/\/www.erresse-shop.it\/fr\/wp-json\/wp\/v2\/product_tag?post=103983"}],"curies":[{"name":"wp","href":"https:\/\/api.w.org\/{rel}","templated":true}]}}